{"id":6402,"date":"2015-08-11T14:07:56","date_gmt":"2015-08-11T12:07:56","guid":{"rendered":"https:\/\/mdsu.se\/en\/om-oss\/"},"modified":"2026-03-24T09:01:03","modified_gmt":"2026-03-24T08:01:03","slug":"about-mdsu","status":"publish","type":"page","link":"https:\/\/mdsu.se\/en\/about-mdsu\/","title":{"rendered":"About MDSU"},"content":{"rendered":"<div class=\"wpb-content-wrapper\"><p>[vc_row][vc_column css=&#8221;.vc_custom_1689972866798{padding-right: 15px !important;padding-left: 15px !important;background-color: #ffffff !important;}&#8221;][vc_row_inner][vc_column_inner width=&#8221;1\/5&#8243;][vc_btn title=&#8221;Our brochure&#8221; style=&#8221;custom&#8221; custom_background=&#8221;#15b9ed&#8221; custom_text=&#8221;#ffffff&#8221; size=&#8221;lg&#8221; align=&#8221;center&#8221; button_block=&#8221;true&#8221; link=&#8221;url:https%3A%2F%2Fwww.sebroschyr.se%2Fmalardalensstudentkar2026%2FWebView%2F|title:brochure.en|target:_blank&#8221;][\/vc_column_inner][vc_column_inner width=&#8221;1\/5&#8243;][vc_btn title=&#8221;Union Council&#8221; style=&#8221;custom&#8221; custom_background=&#8221;#15b9ed&#8221; custom_text=&#8221;#ffffff&#8221; size=&#8221;lg&#8221; align=&#8221;center&#8221; button_block=&#8221;true&#8221; link=&#8221;url:https%3A%2F%2Fmdsu.se%2Fen%2Fabout-mdsu%2Fkarfullmaktige%2F|title:Union%20Council&#8221;][\/vc_column_inner][vc_column_inner width=&#8221;1\/5&#8243;][vc_btn title=&#8221;Union Board&#8221; style=&#8221;custom&#8221; custom_background=&#8221;#15b9ed&#8221; custom_text=&#8221;#ffffff&#8221; size=&#8221;lg&#8221; align=&#8221;center&#8221; button_block=&#8221;true&#8221; link=&#8221;url:https%3A%2F%2Fmdsu.se%2Fen%2Fabout-mdsu%2Fkarstyrelsen%2F|title:Union%20Board&#8221;][\/vc_column_inner][vc_column_inner width=&#8221;1\/5&#8243;][vc_btn title=&#8221;Doctoral council&#8221; style=&#8221;custom&#8221; custom_background=&#8221;#15b9ed&#8221; custom_text=&#8221;#ffffff&#8221; size=&#8221;lg&#8221; align=&#8221;center&#8221; button_block=&#8221;true&#8221; link=&#8221;url:https%3A%2F%2Fmdsu.se%2Fen%2Fabout-mdsu%2Fthe-doctoral-council%2F|title:Doktorandr%C3%A5det&#8221;][\/vc_column_inner][vc_column_inner width=&#8221;1\/5&#8243;][vc_btn title=&#8221;Get involved&#8221; style=&#8221;custom&#8221; custom_background=&#8221;#15b9ed&#8221; custom_text=&#8221;#ffffff&#8221; size=&#8221;lg&#8221; align=&#8221;center&#8221; button_block=&#8221;true&#8221; link=&#8221;url:https%3A%2F%2Fmdsu.se%2Fen%2Fabout-mdsu%2Fengagera-dig%2F&#8221;][\/vc_column_inner][\/vc_row_inner][vc_row_inner][vc_column_inner][vc_column_text]<\/p>\n<h1>Our mission<\/h1>\n<p>M\u00e4lardalens Student Union is a member organization and acts as the official student union at M\u00e4lardalen\u2019s University. Everyone who works at M\u00e4lardalen\u2019s Student Union is or has been a student at M\u00e4lardalen\u2019s University. Our mission is to conduct quality-assuring student influence work toward the University. Our goal is for the students\u2019 and doctoral students\u2019 time at M\u00e4lardalen\u2019s University to be as good as possible. In other words, we want our work to make our members feel safer, freer, and part of a community.<\/p>\n<h2>Student influence<\/h2>\n<p>The student union\u2019s main mission is to ensure that there is student influence at the M\u00e4lardalen\u2019s University. This is to ensure the quality of all educations from a student\u2019s perspective.<\/p>\n<p>Since M\u00e4lardalen\u2019s Student Union is the official student union at the university, it is our mission to represent all students at the university when decisions about education, study environment and other things related to the students\u2019 situation are made. The student voice at the university is represented by all the student and doctoral student representatives who sit on various councils and committees.\u00a0<em>The student union\u2019s paid area managers sit on some of these councils and committees.<\/em><\/p>\n<p>Much of our influence work is preventative and we constantly ensure that good decisions are made at the University. Examples of things that we have implemented for the benefit of students are exam-free weekends, anonymous written exams, more departures with MDU\u2019s bus between Eskilstuna and V\u00e4ster\u00e5s, the student and doctoral student ombudsman, better course evaluations and reminders for written exams.<\/p>\n<h2>Student life<\/h2>\n<p>M\u00e4lardalen\u2019s Student Union wants to keep student life in Eskilstuna and V\u00e4ster\u00e5s living by creating many different types of events. We have a student union building in V\u00e4ster\u00e5s, called \u201cK\u00e5rhuset G6\u201d, that is a meeting place for all students at the university and which has a caf\u00e9 run by the restaurant in the same building. As a student union member you of course have discounts at the caf\u00e9! In Eskilstuna, we have a student union building called \u201cK\u00e5rhuset J3\u201d where we run a caf\u00e9 and pub, where members get discounts.<br \/>\nOur union houses are run by students for students!<\/p>\n<h2>Business relations<\/h2>\n<p>M\u00e4lardalen\u2019s Student Union has its own labour market fair called H\u00f6gvarv which is organized annually. At H\u00f6gvarv, the business community and future employees meet. In other words, students are given a chance to make invaluable contacts for the future. M\u00e4lardalens Student Union is thus a contact point between education and the labor market. We also work with organizing contact-creating activities such as company meetings.[\/vc_column_text][\/vc_column_inner][\/vc_row_inner][\/vc_column][\/vc_row][vc_row height=&#8221;30px&#8221;][vc_column][vc_empty_space height=&#8221;30px&#8221;][\/vc_column][\/vc_row]<\/p>\n<\/div>","protected":false},"excerpt":{"rendered":"<p>[vc_row][vc_column css=&#8221;.vc_custom_1689972866798{padding-right: 15px !important;padding-left: 15px !important;background-color: #ffffff !important;}&#8221;][vc_row_inner][vc_column_inner width=&#8221;1\/5&#8243;][vc_btn title=&#8221;Our brochure&#8221; style=&#8221;custom&#8221; custom_background=&#8221;#15b9ed&#8221; custom_text=&#8221;#ffffff&#8221; size=&#8221;lg&#8221; align=&#8221;center&#8221; button_block=&#8221;true&#8221; link=&#8221;url:https%3A%2F%2Fwww.sebroschyr.se%2Fmalardalensstudentkar2026%2FWebView%2F|title:brochure.en|target:_blank&#8221;][\/vc_column_inner][vc_column_inner width=&#8221;1\/5&#8243;][vc_btn title=&#8221;Union Council&#8221; style=&#8221;custom&#8221; custom_background=&#8221;#15b9ed&#8221; custom_text=&#8221;#ffffff&#8221; size=&#8221;lg&#8221; align=&#8221;center&#8221; button_block=&#8221;true&#8221; link=&#8221;url:https%3A%2F%2Fmdsu.se%2Fen%2Fabout-mdsu%2Fkarfullmaktige%2F|title:Union%20Council&#8221;][\/vc_column_inner][vc_column_inner width=&#8221;1\/5&#8243;][vc_btn title=&#8221;Union&hellip;&nbsp;<a href=\"https:\/\/mdsu.se\/en\/about-mdsu\/\" class=\"\" rel=\"bookmark\">Read More &raquo;<span class=\"screen-reader-text\">About MDSU<\/span><\/a><\/p>\n","protected":false},"author":1,"featured_media":0,"parent":0,"menu_order":0,"comment_status":"closed","ping_status":"closed","template":"","meta":{"neve_meta_sidebar":"","neve_meta_container":"","neve_meta_enable_content_width":"off","neve_meta_content_width":100,"neve_meta_title_alignment":"","neve_meta_author_avatar":"","neve_post_elements_order":"","neve_meta_disable_header":"","neve_meta_disable_footer":"","neve_meta_disable_title":"","_EventAllDay":false,"_EventTimezone":"","_EventStartDate":"","_EventEndDate":"","_EventStartDateUTC":"","_EventEndDateUTC":"","_EventShowMap":false,"_EventShowMapLink":false,"_EventURL":"","_EventCost":"","_EventCostDescription":"","_EventCurrencySymbol":"","_EventCurrencyCode":"","_EventCurrencyPosition":"","_EventDateTimeSeparator":"","_EventTimeRangeSeparator":"","_EventOrganizerID":[],"_EventVenueID":[],"_OrganizerEmail":"","_OrganizerPhone":"","_OrganizerWebsite":"","_VenueAddress":"","_VenueCity":"","_VenueCountry":"","_VenueProvince":"","_VenueState":"","_VenueZip":"","_VenuePhone":"","_VenueURL":"","_VenueStateProvince":"","_VenueLat":"","_VenueLng":"","_VenueShowMap":false,"_VenueShowMapLink":false,"footnotes":""},"yoast_head":"<!-- This site is optimized with the Yoast SEO plugin v21.6 - https:\/\/yoast.com\/wordpress\/plugins\/seo\/ -->\n<title>About MDSU - M\u00e4lardalens studentk\u00e5r<\/title>\n<meta name=\"robots\" content=\"index, follow, max-snippet:-1, max-image-preview:large, max-video-preview:-1\" \/>\n<link rel=\"canonical\" href=\"https:\/\/mdsu.se\/en\/about-mdsu\/\" \/>\n<meta property=\"og:locale\" content=\"en_US\" \/>\n<meta property=\"og:type\" content=\"article\" \/>\n<meta property=\"og:title\" content=\"About MDSU - M\u00e4lardalens studentk\u00e5r\" \/>\n<meta property=\"og:description\" content=\"[vc_row][vc_column css=&#8221;.vc_custom_1689972866798{padding-right: 15px !important;padding-left: 15px !important;background-color: #ffffff !important;}&#8221;][vc_row_inner][vc_column_inner width=&#8221;1\/5&#8243;][vc_btn title=&#8221;Our brochure&#8221; style=&#8221;custom&#8221; custom_background=&#8221;#15b9ed&#8221; custom_text=&#8221;#ffffff&#8221; size=&#8221;lg&#8221; align=&#8221;center&#8221; button_block=&#8221;true&#8221; link=&#8221;url:https%3A%2F%2Fwww.sebroschyr.se%2Fmalardalensstudentkar2026%2FWebView%2F|title:brochure.en|target:_blank&#8221;][\/vc_column_inner][vc_column_inner width=&#8221;1\/5&#8243;][vc_btn title=&#8221;Union Council&#8221; style=&#8221;custom&#8221; custom_background=&#8221;#15b9ed&#8221; custom_text=&#8221;#ffffff&#8221; size=&#8221;lg&#8221; align=&#8221;center&#8221; button_block=&#8221;true&#8221; link=&#8221;url:https%3A%2F%2Fmdsu.se%2Fen%2Fabout-mdsu%2Fkarfullmaktige%2F|title:Union%20Council&#8221;][\/vc_column_inner][vc_column_inner width=&#8221;1\/5&#8243;][vc_btn title=&#8221;Union&hellip;&nbsp;Read More &raquo;About MDSU\" \/>\n<meta property=\"og:url\" content=\"https:\/\/mdsu.se\/en\/about-mdsu\/\" \/>\n<meta property=\"og:site_name\" content=\"M\u00e4lardalens studentk\u00e5r\" \/>\n<meta property=\"article:publisher\" content=\"https:\/\/www.facebook.com\/malardalens.studentkar\" \/>\n<meta property=\"article:modified_time\" content=\"2026-03-24T08:01:03+00:00\" \/>\n<meta name=\"twitter:card\" content=\"summary_large_image\" \/>\n<meta name=\"twitter:label1\" content=\"Est. reading time\" \/>\n\t<meta name=\"twitter:data1\" content=\"3 minutes\" \/>\n<script type=\"application\/ld+json\" class=\"yoast-schema-graph\">{\"@context\":\"https:\/\/schema.org\",\"@graph\":[{\"@type\":\"WebPage\",\"@id\":\"https:\/\/mdsu.se\/en\/about-mdsu\/\",\"url\":\"https:\/\/mdsu.se\/en\/about-mdsu\/\",\"name\":\"About MDSU - M\u00e4lardalens studentk\u00e5r\",\"isPartOf\":{\"@id\":\"https:\/\/mdsu.se\/#website\"},\"datePublished\":\"2015-08-11T12:07:56+00:00\",\"dateModified\":\"2026-03-24T08:01:03+00:00\",\"breadcrumb\":{\"@id\":\"https:\/\/mdsu.se\/en\/about-mdsu\/#breadcrumb\"},\"inLanguage\":\"en-US\",\"potentialAction\":[{\"@type\":\"ReadAction\",\"target\":[\"https:\/\/mdsu.se\/en\/about-mdsu\/\"]}]},{\"@type\":\"BreadcrumbList\",\"@id\":\"https:\/\/mdsu.se\/en\/about-mdsu\/#breadcrumb\",\"itemListElement\":[{\"@type\":\"ListItem\",\"position\":1,\"name\":\"Hem\",\"item\":\"https:\/\/mdsu.se\/\"},{\"@type\":\"ListItem\",\"position\":2,\"name\":\"About MDSU\"}]},{\"@type\":\"WebSite\",\"@id\":\"https:\/\/mdsu.se\/#website\",\"url\":\"https:\/\/mdsu.se\/\",\"name\":\"M\u00e4lardalens studentk\u00e5r\",\"description\":\"Den officiella studentk\u00e5ren vid M\u00e4lardalens h\u00f6gskola (MDH)\",\"publisher\":{\"@id\":\"https:\/\/mdsu.se\/#organization\"},\"potentialAction\":[{\"@type\":\"SearchAction\",\"target\":{\"@type\":\"EntryPoint\",\"urlTemplate\":\"https:\/\/mdsu.se\/?s={search_term_string}\"},\"query-input\":\"required name=search_term_string\"}],\"inLanguage\":\"en-US\"},{\"@type\":\"Organization\",\"@id\":\"https:\/\/mdsu.se\/#organization\",\"name\":\"M\u00e4lardalens Studentk\u00e5r\",\"url\":\"https:\/\/mdsu.se\/\",\"logo\":{\"@type\":\"ImageObject\",\"inLanguage\":\"en-US\",\"@id\":\"https:\/\/mdsu.se\/#\/schema\/logo\/image\/\",\"url\":\"https:\/\/mdsu.se\/wp-content\/uploads\/2019\/06\/Rektangel-standard.png\",\"contentUrl\":\"https:\/\/mdsu.se\/wp-content\/uploads\/2019\/06\/Rektangel-standard.png\",\"width\":1397,\"height\":262,\"caption\":\"M\u00e4lardalens Studentk\u00e5r\"},\"image\":{\"@id\":\"https:\/\/mdsu.se\/#\/schema\/logo\/image\/\"},\"sameAs\":[\"https:\/\/www.facebook.com\/malardalens.studentkar\",\"https:\/\/www.instagram.com\/malardalensstudentkar\/\"]}]}<\/script>\n<!-- \/ Yoast SEO plugin. -->","yoast_head_json":{"title":"About MDSU - M\u00e4lardalens studentk\u00e5r","robots":{"index":"index","follow":"follow","max-snippet":"max-snippet:-1","max-image-preview":"max-image-preview:large","max-video-preview":"max-video-preview:-1"},"canonical":"https:\/\/mdsu.se\/en\/about-mdsu\/","og_locale":"en_US","og_type":"article","og_title":"About MDSU - M\u00e4lardalens studentk\u00e5r","og_description":"[vc_row][vc_column css=&#8221;.vc_custom_1689972866798{padding-right: 15px !important;padding-left: 15px !important;background-color: #ffffff !important;}&#8221;][vc_row_inner][vc_column_inner width=&#8221;1\/5&#8243;][vc_btn title=&#8221;Our brochure&#8221; style=&#8221;custom&#8221; custom_background=&#8221;#15b9ed&#8221; custom_text=&#8221;#ffffff&#8221; size=&#8221;lg&#8221; align=&#8221;center&#8221; button_block=&#8221;true&#8221; link=&#8221;url:https%3A%2F%2Fwww.sebroschyr.se%2Fmalardalensstudentkar2026%2FWebView%2F|title:brochure.en|target:_blank&#8221;][\/vc_column_inner][vc_column_inner width=&#8221;1\/5&#8243;][vc_btn title=&#8221;Union Council&#8221; style=&#8221;custom&#8221; custom_background=&#8221;#15b9ed&#8221; custom_text=&#8221;#ffffff&#8221; size=&#8221;lg&#8221; align=&#8221;center&#8221; button_block=&#8221;true&#8221; link=&#8221;url:https%3A%2F%2Fmdsu.se%2Fen%2Fabout-mdsu%2Fkarfullmaktige%2F|title:Union%20Council&#8221;][\/vc_column_inner][vc_column_inner width=&#8221;1\/5&#8243;][vc_btn title=&#8221;Union&hellip;&nbsp;Read More &raquo;About MDSU","og_url":"https:\/\/mdsu.se\/en\/about-mdsu\/","og_site_name":"M\u00e4lardalens studentk\u00e5r","article_publisher":"https:\/\/www.facebook.com\/malardalens.studentkar","article_modified_time":"2026-03-24T08:01:03+00:00","twitter_card":"summary_large_image","twitter_misc":{"Est. reading time":"3 minutes"},"schema":{"@context":"https:\/\/schema.org","@graph":[{"@type":"WebPage","@id":"https:\/\/mdsu.se\/en\/about-mdsu\/","url":"https:\/\/mdsu.se\/en\/about-mdsu\/","name":"About MDSU - M\u00e4lardalens studentk\u00e5r","isPartOf":{"@id":"https:\/\/mdsu.se\/#website"},"datePublished":"2015-08-11T12:07:56+00:00","dateModified":"2026-03-24T08:01:03+00:00","breadcrumb":{"@id":"https:\/\/mdsu.se\/en\/about-mdsu\/#breadcrumb"},"inLanguage":"en-US","potentialAction":[{"@type":"ReadAction","target":["https:\/\/mdsu.se\/en\/about-mdsu\/"]}]},{"@type":"BreadcrumbList","@id":"https:\/\/mdsu.se\/en\/about-mdsu\/#breadcrumb","itemListElement":[{"@type":"ListItem","position":1,"name":"Hem","item":"https:\/\/mdsu.se\/"},{"@type":"ListItem","position":2,"name":"About MDSU"}]},{"@type":"WebSite","@id":"https:\/\/mdsu.se\/#website","url":"https:\/\/mdsu.se\/","name":"M\u00e4lardalens studentk\u00e5r","description":"Den officiella studentk\u00e5ren vid M\u00e4lardalens h\u00f6gskola (MDH)","publisher":{"@id":"https:\/\/mdsu.se\/#organization"},"potentialAction":[{"@type":"SearchAction","target":{"@type":"EntryPoint","urlTemplate":"https:\/\/mdsu.se\/?s={search_term_string}"},"query-input":"required name=search_term_string"}],"inLanguage":"en-US"},{"@type":"Organization","@id":"https:\/\/mdsu.se\/#organization","name":"M\u00e4lardalens Studentk\u00e5r","url":"https:\/\/mdsu.se\/","logo":{"@type":"ImageObject","inLanguage":"en-US","@id":"https:\/\/mdsu.se\/#\/schema\/logo\/image\/","url":"https:\/\/mdsu.se\/wp-content\/uploads\/2019\/06\/Rektangel-standard.png","contentUrl":"https:\/\/mdsu.se\/wp-content\/uploads\/2019\/06\/Rektangel-standard.png","width":1397,"height":262,"caption":"M\u00e4lardalens Studentk\u00e5r"},"image":{"@id":"https:\/\/mdsu.se\/#\/schema\/logo\/image\/"},"sameAs":["https:\/\/www.facebook.com\/malardalens.studentkar","https:\/\/www.instagram.com\/malardalensstudentkar\/"]}]}},"_links":{"self":[{"href":"https:\/\/mdsu.se\/en\/wp-json\/wp\/v2\/pages\/6402"}],"collection":[{"href":"https:\/\/mdsu.se\/en\/wp-json\/wp\/v2\/pages"}],"about":[{"href":"https:\/\/mdsu.se\/en\/wp-json\/wp\/v2\/types\/page"}],"author":[{"embeddable":true,"href":"https:\/\/mdsu.se\/en\/wp-json\/wp\/v2\/users\/1"}],"replies":[{"embeddable":true,"href":"https:\/\/mdsu.se\/en\/wp-json\/wp\/v2\/comments?post=6402"}],"version-history":[{"count":64,"href":"https:\/\/mdsu.se\/en\/wp-json\/wp\/v2\/pages\/6402\/revisions"}],"predecessor-version":[{"id":23001,"href":"https:\/\/mdsu.se\/en\/wp-json\/wp\/v2\/pages\/6402\/revisions\/23001"}],"wp:attachment":[{"href":"https:\/\/mdsu.se\/en\/wp-json\/wp\/v2\/media?parent=6402"}],"curies":[{"name":"wp","href":"https:\/\/api.w.org\/{rel}","templated":true}]}}