{"id":6400,"date":"2014-07-02T21:24:36","date_gmt":"2014-07-02T21:24:36","guid":{"rendered":"https:\/\/mdsu.se\/en\/frontpage-main\/"},"modified":"2026-03-31T15:27:32","modified_gmt":"2026-03-31T13:27:32","slug":"frontpage-main","status":"publish","type":"page","link":"https:\/\/mdsu.se\/en\/","title":{"rendered":"Home"},"content":{"rendered":"<div class=\"wpb-content-wrapper\"><p>[vc_row css=&#8221;.vc_custom_1739771512210{background-color: #ffffff !important;}&#8221;][vc_column][vc_single_image image=&#8221;23031&#8243; img_size=&#8221;full&#8221; alignment=&#8221;center&#8221; css=&#8221;.vc_custom_1774963650479{background-color: #f0edd8 !important;}&#8221;][vc_images_carousel images=&#8221;22197,22198,22196,22199&#8243; img_size=&#8221;full&#8221; onclick=&#8221;link_no&#8221; speed=&#8221;4100&#8243; autoplay=&#8221;yes&#8221; hide_pagination_control=&#8221;yes&#8221; hide_prev_next_buttons=&#8221;yes&#8221; wrap=&#8221;yes&#8221;][vc_btn title=&#8221;Klicka h\u00e4r f\u00f6r mer information!&#8221; style=&#8221;3d&#8221; shape=&#8221;round&#8221; color=&#8221;info&#8221; size=&#8221;lg&#8221; align=&#8221;center&#8221; link=&#8221;url:https%3A%2F%2Fmdsu.se%2Fen%2Fbusiness-alumni%2Fhogvarv%2F|&#8221;][\/vc_column][\/vc_row][vc_row css=&#8221;.vc_custom_1741179671476{background-color: #ffffff !important;}&#8221;][vc_column width=&#8221;1\/2&#8243; css=&#8221;.vc_custom_1698922223079{background-color: #ffffff !important;}&#8221;][vc_single_image image=&#8221;21466&#8243; img_size=&#8221;full&#8221; onclick=&#8221;custom_link&#8221; link=&#8221;https:\/\/mdsu.se\/en\/student\/new-student\/&#8221;][vc_column_text]<\/p>\n<h2>Har du blivit antagen till M\u00e4lardalens universitet?<\/h2>\n<p><span style=\"font-size: 14pt;\">Grattis till ett bra val och vi ser fram emot att f\u00e5 v\u00e4lkomna dig till Sveriges nyaste universitet. Vi f\u00f6rst\u00e5r att det \u00e4r mycket nytt s\u00e5 vi har sammanst\u00e4llt lite information om oss och de f\u00f6rsta veckorna av din utbildningen, den s.k Rookieperioden.\u00a0<\/span><br \/>\n<span style=\"font-size: 14pt;\">Det viktigaste av allt; studentinflytande och dina r\u00e4ttigheter. Vi finns h\u00e4r under din studietid och \u00e4r som ditt fackf\u00f6rbund genom utbildningen.\u00a0<\/span><br \/>\n<span style=\"font-size: 14pt;\">Du hittar mer info om oss och om studietiden genom att klicka p\u00e5 bilden ovanf\u00f6r.<\/span><\/p>\n<p><span style=\"font-size: 14pt;\">V\u00e4lkommen som student p\u00e5 MDU!<\/span>[\/vc_column_text][\/vc_column][vc_column width=&#8221;1\/2&#8243;][vc_column_text]<\/p>\n<h2><a href=\"https:\/\/mdsu.se\/en\/student\/your-education\/help-resources\/for-you-with-a-disability\/\">Beh\u00f6ver du extra st\u00f6d i studierna?<\/a><\/h2>\n<p>F\u00f6r dig med funktionsneds\u00e4ttning, ADHD, dyslexi, psykisk eller kronisk sjukdom som p\u00e5verkar dina studier, finns det flera hj\u00e4lpresurser att f\u00e5 i dina studier p\u00e5 MDU.<\/p>\n<p>L\u00e4s mer<a href=\"https:\/\/www.mdu.se\/student\/din-studiemiljo\/studera-med-funktionsnedsattning\"> h\u00e4r<\/a> om hur du g\u00f6r f\u00f6r att ans\u00f6ka om s\u00e4rskilt pedagogiskt st\u00f6d.[\/vc_column_text][vc_column_text]<\/p>\n<h2><a href=\"https:\/\/mdsu.se\/en\/student\/your-education\/student-influence\/\">Bli studentrepresentant!<\/a><\/h2>\n<p>Det \u00e4r din r\u00e4ttighet som student att f\u00e5 dina \u00e5sikter representerade i de beslut som tas p\u00e5 universitetet. M\u00e4lardalens Studentk\u00e5r utser d\u00e4rf\u00f6r studentrepresentanter som har i uppdrag att f\u00f6ra studenters talan vidare i olika organ p\u00e5 universitetet. Uppdraget som studentrepresentant \u00e4r ett meriterande uppdrag som inneb\u00e4r att du har ansvar f\u00f6r studenters talan. Du arvoderas 130 kr per timme som medlem i M\u00e4lardalens studentk\u00e5r.[\/vc_column_text][vc_single_image image=&#8221;22986&#8243; img_size=&#8221;full&#8221; onclick=&#8221;custom_link&#8221; img_link_target=&#8221;_blank&#8221; link=&#8221;https:\/\/www.sebroschyr.se\/malardalensstudentkar2026\/WebView\/&#8221;][\/vc_column][\/vc_row][vc_row css=&#8221;.vc_custom_1701163398550{background-color: #ffffff !important;}&#8221;][vc_column width=&#8221;1\/2&#8243;][vc_single_image image=&#8221;21342&#8243; img_size=&#8221;full&#8221; onclick=&#8221;custom_link&#8221; img_link_target=&#8221;_blank&#8221; link=&#8221;https:\/\/www.mdu.se\/student\/under-studietiden\/vagledning-och-stod-under-studietiden\/studenthalsan&#8221;][vc_empty_space height=&#8221;30px&#8221;][\/vc_column][vc_column width=&#8221;1\/2&#8243;][vc_single_image image=&#8221;21343&#8243; img_size=&#8221;full&#8221; onclick=&#8221;custom_link&#8221; img_link_target=&#8221;_blank&#8221; link=&#8221;https:\/\/www.svenskakyrkan.se\/vasteras\/universitetskyrkan&#8221;][vc_empty_space height=&#8221;30px&#8221;][\/vc_column][\/vc_row][vc_row css=&#8221;.vc_custom_1757339025349{background-color: #9bd6e8 !important;}&#8221;][vc_column][vc_column_text]<\/p>\n<h1 style=\"text-align: center;\">V\u00e5ra samarbetspartners<\/h1>\n<p>[\/vc_column_text][\/vc_column][\/vc_row][vc_row css=&#8221;.vc_custom_1690357145086{background-color: #ffffff !important;}&#8221;][vc_column width=&#8221;1\/4&#8243;][vc_single_image image=&#8221;22262&#8243; img_size=&#8221;full&#8221; alignment=&#8221;center&#8221; onclick=&#8221;custom_link&#8221; img_link_target=&#8221;_blank&#8221; link=&#8221;https:\/\/hitract.se\/&#8221;][\/vc_column][vc_column width=&#8221;1\/4&#8243;][vc_single_image image=&#8221;22258&#8243; img_size=&#8221;full&#8221; alignment=&#8221;center&#8221; onclick=&#8221;custom_link&#8221; img_link_target=&#8221;_blank&#8221; link=&#8221;https:\/\/www.victoriahem.se\/&#8221;][vc_single_image image=&#8221;22261&#8243; img_size=&#8221;full&#8221; alignment=&#8221;center&#8221; onclick=&#8221;custom_link&#8221; img_link_target=&#8221;_blank&#8221; link=&#8221;https:\/\/www.sverigesingenjorer.se\/&#8221;][\/vc_column][vc_column width=&#8221;1\/4&#8243;][vc_single_image image=&#8221;22259&#8243; img_size=&#8221;full&#8221; alignment=&#8221;center&#8221; onclick=&#8221;custom_link&#8221; img_link_target=&#8221;_blank&#8221; link=&#8221;https:\/\/www.willhem.se\/&#8221;][vc_single_image image=&#8221;22263&#8243; img_size=&#8221;full&#8221; alignment=&#8221;center&#8221; onclick=&#8221;custom_link&#8221; img_link_target=&#8221;_blank&#8221; link=&#8221;https:\/\/www.mera.se\/&#8221;][\/vc_column][vc_column width=&#8221;1\/4&#8243;][vc_single_image image=&#8221;22260&#8243; img_size=&#8221;full&#8221; alignment=&#8221;center&#8221; onclick=&#8221;custom_link&#8221; img_link_target=&#8221;_blank&#8221; link=&#8221;https:\/\/b26.se\/&#8221;][\/vc_column][\/vc_row]<\/p>\n<\/div>","protected":false},"excerpt":{"rendered":"<p>[vc_row css=&#8221;.vc_custom_1739771512210{background-color: #ffffff !important;}&#8221;][vc_column][vc_single_image image=&#8221;23031&#8243; img_size=&#8221;full&#8221; alignment=&#8221;center&#8221; css=&#8221;.vc_custom_1774963650479{background-color: #f0edd8 !important;}&#8221;][vc_images_carousel images=&#8221;22197,22198,22196,22199&#8243; img_size=&#8221;full&#8221; onclick=&#8221;link_no&#8221; speed=&#8221;4100&#8243; autoplay=&#8221;yes&#8221; hide_pagination_control=&#8221;yes&#8221; hide_prev_next_buttons=&#8221;yes&#8221; wrap=&#8221;yes&#8221;][vc_btn title=&#8221;Klicka h\u00e4r f\u00f6r mer information!&#8221; style=&#8221;3d&#8221; shape=&#8221;round&#8221; color=&#8221;info&#8221; size=&#8221;lg&#8221; align=&#8221;center&#8221; link=&#8221;url:https%3A%2F%2Fmdsu.se%2Fen%2Fbusiness-alumni%2Fhogvarv%2F|&#8221;][\/vc_column][\/vc_row][vc_row css=&#8221;.vc_custom_1741179671476{background-color:&hellip;&nbsp;<a href=\"https:\/\/mdsu.se\/en\/\" class=\"\" rel=\"bookmark\">Read More &raquo;<span class=\"screen-reader-text\">Home<\/span><\/a><\/p>\n","protected":false},"author":1,"featured_media":0,"parent":0,"menu_order":0,"comment_status":"closed","ping_status":"closed","template":"","meta":{"neve_meta_sidebar":"","neve_meta_container":"","neve_meta_enable_content_width":"off","neve_meta_content_width":100,"neve_meta_title_alignment":"","neve_meta_author_avatar":"","neve_post_elements_order":"","neve_meta_disable_header":"","neve_meta_disable_footer":"","neve_meta_disable_title":"","_EventAllDay":false,"_EventTimezone":"","_EventStartDate":"","_EventEndDate":"","_EventStartDateUTC":"","_EventEndDateUTC":"","_EventShowMap":false,"_EventShowMapLink":false,"_EventURL":"","_EventCost":"","_EventCostDescription":"","_EventCurrencySymbol":"","_EventCurrencyCode":"","_EventCurrencyPosition":"","_EventDateTimeSeparator":"","_EventTimeRangeSeparator":"","_EventOrganizerID":[],"_EventVenueID":[],"_OrganizerEmail":"","_OrganizerPhone":"","_OrganizerWebsite":"","_VenueAddress":"","_VenueCity":"","_VenueCountry":"","_VenueProvince":"","_VenueState":"","_VenueZip":"","_VenuePhone":"","_VenueURL":"","_VenueStateProvince":"","_VenueLat":"","_VenueLng":"","_VenueShowMap":false,"_VenueShowMapLink":false,"footnotes":""},"yoast_head":"<!-- This site is optimized with the Yoast SEO plugin v21.6 - https:\/\/yoast.com\/wordpress\/plugins\/seo\/ -->\n<title>Home - M\u00e4lardalens studentk\u00e5r<\/title>\n<meta name=\"robots\" content=\"index, follow, max-snippet:-1, max-image-preview:large, max-video-preview:-1\" \/>\n<link rel=\"canonical\" href=\"https:\/\/mdsu.se\/en\/\" \/>\n<meta property=\"og:locale\" content=\"en_US\" \/>\n<meta property=\"og:type\" content=\"article\" \/>\n<meta property=\"og:title\" content=\"Home - M\u00e4lardalens studentk\u00e5r\" \/>\n<meta property=\"og:description\" content=\"[vc_row css=&#8221;.vc_custom_1739771512210{background-color: #ffffff !important;}&#8221;][vc_column][vc_single_image image=&#8221;23031&#8243; img_size=&#8221;full&#8221; alignment=&#8221;center&#8221; css=&#8221;.vc_custom_1774963650479{background-color: #f0edd8 !important;}&#8221;][vc_images_carousel images=&#8221;22197,22198,22196,22199&#8243; img_size=&#8221;full&#8221; onclick=&#8221;link_no&#8221; speed=&#8221;4100&#8243; autoplay=&#8221;yes&#8221; hide_pagination_control=&#8221;yes&#8221; hide_prev_next_buttons=&#8221;yes&#8221; wrap=&#8221;yes&#8221;][vc_btn title=&#8221;Klicka h\u00e4r f\u00f6r mer information!&#8221; style=&#8221;3d&#8221; shape=&#8221;round&#8221; color=&#8221;info&#8221; size=&#8221;lg&#8221; align=&#8221;center&#8221; link=&#8221;url:https%3A%2F%2Fmdsu.se%2Fen%2Fbusiness-alumni%2Fhogvarv%2F|&#8221;][\/vc_column][\/vc_row][vc_row css=&#8221;.vc_custom_1741179671476{background-color:&hellip;&nbsp;Read More &raquo;Home\" \/>\n<meta property=\"og:url\" content=\"https:\/\/mdsu.se\/en\/\" \/>\n<meta property=\"og:site_name\" content=\"M\u00e4lardalens studentk\u00e5r\" \/>\n<meta property=\"article:publisher\" content=\"https:\/\/www.facebook.com\/malardalens.studentkar\" \/>\n<meta property=\"article:modified_time\" content=\"2026-03-31T13:27:32+00:00\" \/>\n<meta name=\"twitter:card\" content=\"summary_large_image\" \/>\n<meta name=\"twitter:label1\" content=\"Est. reading time\" \/>\n\t<meta name=\"twitter:data1\" content=\"2 minutes\" \/>\n<script type=\"application\/ld+json\" class=\"yoast-schema-graph\">{\"@context\":\"https:\/\/schema.org\",\"@graph\":[{\"@type\":\"WebPage\",\"@id\":\"https:\/\/mdsu.se\/en\/\",\"url\":\"https:\/\/mdsu.se\/en\/\",\"name\":\"Home - M\u00e4lardalens studentk\u00e5r\",\"isPartOf\":{\"@id\":\"https:\/\/mdsu.se\/#website\"},\"datePublished\":\"2014-07-02T21:24:36+00:00\",\"dateModified\":\"2026-03-31T13:27:32+00:00\",\"breadcrumb\":{\"@id\":\"https:\/\/mdsu.se\/en\/#breadcrumb\"},\"inLanguage\":\"en-US\",\"potentialAction\":[{\"@type\":\"ReadAction\",\"target\":[\"https:\/\/mdsu.se\/en\/\"]}]},{\"@type\":\"BreadcrumbList\",\"@id\":\"https:\/\/mdsu.se\/en\/#breadcrumb\",\"itemListElement\":[{\"@type\":\"ListItem\",\"position\":1,\"name\":\"Hem\",\"item\":\"https:\/\/mdsu.se\/en\/\"},{\"@type\":\"ListItem\",\"position\":2,\"name\":\"Home\"}]},{\"@type\":\"WebSite\",\"@id\":\"https:\/\/mdsu.se\/#website\",\"url\":\"https:\/\/mdsu.se\/\",\"name\":\"M\u00e4lardalens studentk\u00e5r\",\"description\":\"Den officiella studentk\u00e5ren vid M\u00e4lardalens h\u00f6gskola (MDH)\",\"publisher\":{\"@id\":\"https:\/\/mdsu.se\/#organization\"},\"potentialAction\":[{\"@type\":\"SearchAction\",\"target\":{\"@type\":\"EntryPoint\",\"urlTemplate\":\"https:\/\/mdsu.se\/?s={search_term_string}\"},\"query-input\":\"required name=search_term_string\"}],\"inLanguage\":\"en-US\"},{\"@type\":\"Organization\",\"@id\":\"https:\/\/mdsu.se\/#organization\",\"name\":\"M\u00e4lardalens Studentk\u00e5r\",\"url\":\"https:\/\/mdsu.se\/\",\"logo\":{\"@type\":\"ImageObject\",\"inLanguage\":\"en-US\",\"@id\":\"https:\/\/mdsu.se\/#\/schema\/logo\/image\/\",\"url\":\"https:\/\/mdsu.se\/wp-content\/uploads\/2019\/06\/Rektangel-standard.png\",\"contentUrl\":\"https:\/\/mdsu.se\/wp-content\/uploads\/2019\/06\/Rektangel-standard.png\",\"width\":1397,\"height\":262,\"caption\":\"M\u00e4lardalens Studentk\u00e5r\"},\"image\":{\"@id\":\"https:\/\/mdsu.se\/#\/schema\/logo\/image\/\"},\"sameAs\":[\"https:\/\/www.facebook.com\/malardalens.studentkar\",\"https:\/\/www.instagram.com\/malardalensstudentkar\/\"]}]}<\/script>\n<!-- \/ Yoast SEO plugin. -->","yoast_head_json":{"title":"Home - M\u00e4lardalens studentk\u00e5r","robots":{"index":"index","follow":"follow","max-snippet":"max-snippet:-1","max-image-preview":"max-image-preview:large","max-video-preview":"max-video-preview:-1"},"canonical":"https:\/\/mdsu.se\/en\/","og_locale":"en_US","og_type":"article","og_title":"Home - M\u00e4lardalens studentk\u00e5r","og_description":"[vc_row css=&#8221;.vc_custom_1739771512210{background-color: #ffffff !important;}&#8221;][vc_column][vc_single_image image=&#8221;23031&#8243; img_size=&#8221;full&#8221; alignment=&#8221;center&#8221; css=&#8221;.vc_custom_1774963650479{background-color: #f0edd8 !important;}&#8221;][vc_images_carousel images=&#8221;22197,22198,22196,22199&#8243; img_size=&#8221;full&#8221; onclick=&#8221;link_no&#8221; speed=&#8221;4100&#8243; autoplay=&#8221;yes&#8221; hide_pagination_control=&#8221;yes&#8221; hide_prev_next_buttons=&#8221;yes&#8221; wrap=&#8221;yes&#8221;][vc_btn title=&#8221;Klicka h\u00e4r f\u00f6r mer information!&#8221; style=&#8221;3d&#8221; shape=&#8221;round&#8221; color=&#8221;info&#8221; size=&#8221;lg&#8221; align=&#8221;center&#8221; link=&#8221;url:https%3A%2F%2Fmdsu.se%2Fen%2Fbusiness-alumni%2Fhogvarv%2F|&#8221;][\/vc_column][\/vc_row][vc_row css=&#8221;.vc_custom_1741179671476{background-color:&hellip;&nbsp;Read More &raquo;Home","og_url":"https:\/\/mdsu.se\/en\/","og_site_name":"M\u00e4lardalens studentk\u00e5r","article_publisher":"https:\/\/www.facebook.com\/malardalens.studentkar","article_modified_time":"2026-03-31T13:27:32+00:00","twitter_card":"summary_large_image","twitter_misc":{"Est. reading time":"2 minutes"},"schema":{"@context":"https:\/\/schema.org","@graph":[{"@type":"WebPage","@id":"https:\/\/mdsu.se\/en\/","url":"https:\/\/mdsu.se\/en\/","name":"Home - M\u00e4lardalens studentk\u00e5r","isPartOf":{"@id":"https:\/\/mdsu.se\/#website"},"datePublished":"2014-07-02T21:24:36+00:00","dateModified":"2026-03-31T13:27:32+00:00","breadcrumb":{"@id":"https:\/\/mdsu.se\/en\/#breadcrumb"},"inLanguage":"en-US","potentialAction":[{"@type":"ReadAction","target":["https:\/\/mdsu.se\/en\/"]}]},{"@type":"BreadcrumbList","@id":"https:\/\/mdsu.se\/en\/#breadcrumb","itemListElement":[{"@type":"ListItem","position":1,"name":"Hem","item":"https:\/\/mdsu.se\/en\/"},{"@type":"ListItem","position":2,"name":"Home"}]},{"@type":"WebSite","@id":"https:\/\/mdsu.se\/#website","url":"https:\/\/mdsu.se\/","name":"M\u00e4lardalens studentk\u00e5r","description":"Den officiella studentk\u00e5ren vid M\u00e4lardalens h\u00f6gskola (MDH)","publisher":{"@id":"https:\/\/mdsu.se\/#organization"},"potentialAction":[{"@type":"SearchAction","target":{"@type":"EntryPoint","urlTemplate":"https:\/\/mdsu.se\/?s={search_term_string}"},"query-input":"required name=search_term_string"}],"inLanguage":"en-US"},{"@type":"Organization","@id":"https:\/\/mdsu.se\/#organization","name":"M\u00e4lardalens Studentk\u00e5r","url":"https:\/\/mdsu.se\/","logo":{"@type":"ImageObject","inLanguage":"en-US","@id":"https:\/\/mdsu.se\/#\/schema\/logo\/image\/","url":"https:\/\/mdsu.se\/wp-content\/uploads\/2019\/06\/Rektangel-standard.png","contentUrl":"https:\/\/mdsu.se\/wp-content\/uploads\/2019\/06\/Rektangel-standard.png","width":1397,"height":262,"caption":"M\u00e4lardalens Studentk\u00e5r"},"image":{"@id":"https:\/\/mdsu.se\/#\/schema\/logo\/image\/"},"sameAs":["https:\/\/www.facebook.com\/malardalens.studentkar","https:\/\/www.instagram.com\/malardalensstudentkar\/"]}]}},"_links":{"self":[{"href":"https:\/\/mdsu.se\/en\/wp-json\/wp\/v2\/pages\/6400"}],"collection":[{"href":"https:\/\/mdsu.se\/en\/wp-json\/wp\/v2\/pages"}],"about":[{"href":"https:\/\/mdsu.se\/en\/wp-json\/wp\/v2\/types\/page"}],"author":[{"embeddable":true,"href":"https:\/\/mdsu.se\/en\/wp-json\/wp\/v2\/users\/1"}],"replies":[{"embeddable":true,"href":"https:\/\/mdsu.se\/en\/wp-json\/wp\/v2\/comments?post=6400"}],"version-history":[{"count":265,"href":"https:\/\/mdsu.se\/en\/wp-json\/wp\/v2\/pages\/6400\/revisions"}],"predecessor-version":[{"id":23033,"href":"https:\/\/mdsu.se\/en\/wp-json\/wp\/v2\/pages\/6400\/revisions\/23033"}],"wp:attachment":[{"href":"https:\/\/mdsu.se\/en\/wp-json\/wp\/v2\/media?parent=6400"}],"curies":[{"name":"wp","href":"https:\/\/api.w.org\/{rel}","templated":true}]}}