{"id":6396,"date":"2015-08-11T09:33:46","date_gmt":"2015-08-11T07:33:46","guid":{"rendered":"https:\/\/mdsu.se\/en\/kontakta-oss\/"},"modified":"2026-03-13T10:11:08","modified_gmt":"2026-03-13T09:11:08","slug":"contact","status":"publish","type":"page","link":"https:\/\/mdsu.se\/en\/about-mdsu\/contact\/","title":{"rendered":"Contact"},"content":{"rendered":"<div class=\"wpb-content-wrapper\"><p>[vc_row][vc_column css=&#8221;.vc_custom_1689972994157{padding-right: 15px !important;padding-left: 15px !important;background-color: #ffffff !important;}&#8221;][vc_column_text]<\/p>\n<h1 style=\"text-align: center;\">Presidium<\/h1>\n<p>[\/vc_column_text][vc_row_inner][vc_column_inner width=&#8221;1\/3&#8243;][vc_single_image image=&#8221;22413&#8243; img_size=&#8221;medium&#8221; alignment=&#8221;center&#8221; style=&#8221;vc_box_rounded&#8221;][vc_column_text]<\/p>\n<h3 style=\"text-align: center;\"><strong>LOVA LIBERT<\/strong><br \/>\nChairman<\/h3>\n<p style=\"text-align: center;\"><em>Chairman<\/em><strong><br \/>\nAsk me about:<\/strong> the organization as a whole,<br \/>\nthe council, the board, the election committee.<br \/>\n<a href=\"mailto:ordforande@mdsu.se\" target=\"_blank\" rel=\"noopener noreferrer\">ordforande@mdsu.se<\/a> \/ +4673-059 70 59[\/vc_column_text][\/vc_column_inner][vc_column_inner width=&#8221;1\/3&#8243;][vc_single_image image=&#8221;22414&#8243; img_size=&#8221;medium&#8221; alignment=&#8221;center&#8221; style=&#8221;vc_box_rounded&#8221;][vc_column_text]<\/p>\n<h3 style=\"text-align: center;\"><strong>TOUFIC EL NATOUR<\/strong><br \/>\nVice Chairman of Collaboration<\/h3>\n<p style=\"text-align: center;\"><em>Vice Chairman for Collaboration<\/em><strong><br \/>\nAsk me about<\/strong>: the organization as a whole,<br \/>\nthe council, the board, the election committee.<br \/>\n<a href=\"mailto:vice.samverkan@mdsu.se\" target=\"_blank\" rel=\"noopener noreferrer\">vice.samverkan@mdsu.se<\/a> \/ +4673-059 70 58[\/vc_column_text][\/vc_column_inner][vc_column_inner width=&#8221;1\/3&#8243;][vc_single_image image=&#8221;22415&#8243; img_size=&#8221;medium&#8221; alignment=&#8221;center&#8221; style=&#8221;vc_box_rounded&#8221;][vc_column_text]<\/p>\n<h3 style=\"text-align: center;\"><strong>FREDRIK NYG\u00c5RDS<\/strong><br \/>\nVice Chairman of Education<\/h3>\n<p style=\"text-align: center;\"><em>Vice Chairman for Education<\/em><strong><br \/>\nAsk me about<\/strong>: the organization as a whole,<br \/>\nthe council, the board, the election committee.<br \/>\n<a href=\"mailto:vice.utbildning@mdsu.se\" target=\"_blank\" rel=\"noopener noreferrer\">vice.utbildning@mdsu.se<\/a> \/ +4673-059 <span data-teams=\"true\">68 94<\/span>[\/vc_column_text][\/vc_column_inner][\/vc_row_inner][vc_row_inner][vc_column_inner][vc_column_text]<\/p>\n<h1 style=\"text-align: center;\">Area managers<\/h1>\n<p>[\/vc_column_text][\/vc_column_inner][\/vc_row_inner][vc_row_inner][vc_column_inner width=&#8221;1\/2&#8243;][vc_single_image image=&#8221;22416&#8243; img_size=&#8221;medium&#8221; alignment=&#8221;center&#8221; style=&#8221;vc_box_rounded&#8221; css=&#8221;.vc_custom_1760697146907{margin-top: 30px !important;}&#8221;][vc_column_text]<\/p>\n<h3 style=\"text-align: center;\"><strong>JONNA HOLL\u00c9N<br \/>\n<\/strong>Head of Education<\/h3>\n<p style=\"text-align: center;\"><strong>Ask me about<\/strong>: student representation, student influence, educational matters, rights, SIEC (Student Influence Education Committee).<\/p>\n<p style=\"text-align: center;\"><a href=\"mailto:utbildning@mdsu.se\">utbildning@mdsu.se<\/a> \/ +4673-059 70 81<\/p>\n<p>[\/vc_column_text][\/vc_column_inner][vc_column_inner width=&#8221;1\/2&#8243;][vc_single_image image=&#8221;22514&#8243; img_size=&#8221;medium&#8221; alignment=&#8221;center&#8221; style=&#8221;vc_box_rounded&#8221;][vc_column_text]<\/p>\n<h3 style=\"text-align: center;\"><strong>SEBASTIAN GRUNDELL<br \/>\n<\/strong>Head of Study Environment<\/h3>\n<p style=\"text-align: center;\"><strong>Ask me about<\/strong>: study environment, disciplinary issues, unfair treatment, SIEC (Student Influence Education Committee), student housing.<\/p>\n<p style=\"text-align: center;\"><a href=\"mailto:studiemiljo@mdsu.se\">studiemiljo@mdsu.se<\/a> \/ +4673-059 70 60<\/p>\n<p>[\/vc_column_text][\/vc_column_inner][\/vc_row_inner][vc_row_inner][vc_column_inner width=&#8221;1\/3&#8243;][vc_single_image image=&#8221;22417&#8243; img_size=&#8221;medium&#8221; alignment=&#8221;center&#8221; style=&#8221;vc_box_rounded&#8221; css=&#8221;.vc_custom_1759235846362{margin-top: -20px !important;}&#8221;][vc_column_text]<\/p>\n<h3 style=\"text-align: center;\"><strong>DAMLA ATES<br \/>\n<\/strong>Event Manager<\/h3>\n<p style=\"text-align: center;\"><strong>Ask me about<\/strong>: the rookie period, events, KF meetings, Generals &amp; Fadders education, KF access, booking places at campus<br \/>\n<a href=\"mailto:event@mdsu.se\" target=\"_blank\" rel=\"noopener noreferrer\">event@mdsu.se<\/a> \/ +4673-059 70 84[\/vc_column_text][\/vc_column_inner][vc_column_inner width=&#8221;1\/3&#8243;][vc_single_image image=&#8221;22418&#8243; img_size=&#8221;medium&#8221; alignment=&#8221;center&#8221; style=&#8221;vc_box_rounded&#8221; css=&#8221;.vc_custom_1760697188799{margin-top: 30px !important;}&#8221;][vc_column_text]<\/p>\n<h3 style=\"text-align: center;\"><strong>FAISAL FITRI<br \/>\n<\/strong>Business Relations Manager<\/h3>\n<p style=\"text-align: center;\"><strong>Ask me about:<\/strong> collaborations, sponsorship, showcase booking, discounts, job fairs, lectures, campaigns.<\/p>\n<p style=\"text-align: center;\"><a href=\"mailto:naringsliv@mdsu.se\" target=\"_blank\" rel=\"noopener noreferrer\">naringsliv@mdsu.se<\/a> \/ +4673-059 70 65<\/p>\n<p>[\/vc_column_text][\/vc_column_inner][vc_column_inner width=&#8221;1\/3&#8243;][vc_single_image image=&#8221;21876&#8243; img_size=&#8221;medium&#8221; alignment=&#8221;center&#8221; style=&#8221;vc_box_rounded&#8221; css=&#8221;.vc_custom_1773393051601{margin-top: -25px !important;}&#8221;][vc_column_text]<\/p>\n<h3 style=\"text-align: center;\"><strong>Vacant<br \/>\n<\/strong>Communicator<\/h3>\n<p style=\"text-align: center;\"><strong>Ask me about<\/strong>: membership, Mecenat card, website, social media, the news letter, marketing and graphic design.<\/p>\n<p style=\"text-align: center;\"><a href=\"mailto:kommunikator@mdsu.se\" target=\"_blank\" rel=\"noopener noreferrer\">kommunikator@mdsu.se<\/a> \/ +4673-059 70 68<\/p>\n<p>[\/vc_column_text][\/vc_column_inner][\/vc_row_inner][vc_row_inner][vc_column_inner][vc_column_text]<\/p>\n<h1 style=\"text-align: center;\">Employees<\/h1>\n<p>[\/vc_column_text][\/vc_column_inner][\/vc_row_inner][vc_row_inner][vc_column_inner width=&#8221;1\/3&#8243;][vc_empty_space height=&#8221;50&#8243;][vc_single_image image=&#8221;22556&#8243; img_size=&#8221;medium&#8221; alignment=&#8221;center&#8221; style=&#8221;vc_box_rounded&#8221;][vc_column_text]<\/p>\n<h3 style=\"text-align: center;\"><strong>PATRICK BLIXT<br \/>\n<\/strong>Student- and Doctoral ombud<\/h3>\n<p style=\"text-align: center;\"><strong>Ask me about: <\/strong>Guidance on rights, rules, obligations, discrimination and conflicts within your education.<\/p>\n<p style=\"text-align: center;\"><a href=\"mailto:ombud@mdsu.se\">ombud@mdsu.se<\/a> \/ +4676- 006 45 75<\/p>\n<p>[\/vc_column_text][\/vc_column_inner][vc_column_inner width=&#8221;1\/3&#8243;][vc_empty_space height=&#8221;50&#8243;][vc_single_image image=&#8221;22420&#8243; img_size=&#8221;medium&#8221; alignment=&#8221;center&#8221; style=&#8221;vc_box_rounded&#8221;][vc_column_text]<\/p>\n<h3 style=\"text-align: center;\"><strong>ENKHLUUN ENKHMANDAKH<br \/>\n<\/strong>Administration Coordinator &amp; Senior Adviser<\/h3>\n<p style=\"text-align: center;\"><strong>Ask me about<\/strong>: campusbokhandeln, reception, \u00e4skning, gift card campaign.<br \/>\n<a href=\"mailto:samordnare@mdsu.se\">samordnare@mdsu.se<\/a> \/ +4673-059 70 16[\/vc_column_text][\/vc_column_inner][vc_column_inner width=&#8221;1\/3&#8243;][vc_single_image image=&#8221;21876&#8243; img_size=&#8221;medium&#8221; alignment=&#8221;center&#8221; style=&#8221;vc_box_rounded&#8221; css=&#8221;.vc_custom_1743597232372{margin-top: 30px !important;}&#8221;][vc_column_text]<\/p>\n<h3 style=\"text-align: center;\"><strong>LIAM CAPELJAN<br \/>\n<\/strong>Accountant<\/h3>\n<p style=\"text-align: center;\"><a href=\"mailto:ekonom@mdsu.se\" target=\"_blank\" rel=\"noopener noreferrer\">ekonom@mdsu.se<\/a><\/p>\n<p>[\/vc_column_text][\/vc_column_inner][\/vc_row_inner][vc_row_inner][vc_column_inner][vc_column_text]<\/p>\n<div class=\"wpb_text_column wpb_content_element \">\n<div class=\"wpb_wrapper\">\n<h1 style=\"text-align: center;\">Council presidium<\/h1>\n<\/div>\n<\/div>\n<div class=\"wpb_text_column wpb_content_element \">\n<div class=\"wpb_wrapper\">\n<p style=\"text-align: center;\">President: Viktoria Krantz<br \/>\nVice President: Andrea Haglund<br \/>\nSecretary: Abay Kubilay<\/p>\n<p style=\"text-align: center;\">E-mail: <a href=\"mailto:karfullmaktige@mdsu.se\">karfullmaktige@mdsu.se<\/a><\/p>\n<\/div>\n<\/div>\n<p>[\/vc_column_text][\/vc_column_inner][\/vc_row_inner][vc_row_inner][vc_column_inner][vc_empty_space height=&#8221;50px&#8221;][vc_column_text css=&#8221;.vc_custom_1689680689899{background-color: #ffffff !important;}&#8221;]<strong>Do you need to talk to someone about anything<\/strong>? You can get free counseling through the Student Chapliancy. You can find their info <a href=\"https:\/\/www.svenskakyrkan.se\/vasteras\/the-student-chaplaincy-team\">here. <\/a><\/p>\n<p>Their phonenumber is +46 21 81 46 13.[\/vc_column_text][\/vc_column_inner][\/vc_row_inner][vc_row_inner][vc_column_inner width=&#8221;1\/2&#8243;][vc_column_text]<strong>Facebook:<br \/>\n<\/strong><a href=\"https:\/\/www.facebook.com\/malardalens.studentkar\" target=\"_blank\" rel=\"noopener noreferrer\">M\u00e4lardalens Studentk\u00e5r &#8211; our official site<\/a>[\/vc_column_text][\/vc_column_inner][vc_column_inner width=&#8221;1\/2&#8243;][vc_column_text]<strong>Instagram: <\/strong><br \/>\n<a href=\"https:\/\/www.instagram.com\/malardalensstudentkar\/?hl=sv\">Malardalensstudentkar &#8211; our officlal page<\/a>[\/vc_column_text][\/vc_column_inner][\/vc_row_inner][\/vc_column][\/vc_row]<\/p>\n<\/div>","protected":false},"excerpt":{"rendered":"<p>[vc_row][vc_column css=&#8221;.vc_custom_1689972994157{padding-right: 15px !important;padding-left: 15px !important;background-color: #ffffff !important;}&#8221;][vc_column_text] Presidium [\/vc_column_text][vc_row_inner][vc_column_inner width=&#8221;1\/3&#8243;][vc_single_image image=&#8221;22413&#8243; img_size=&#8221;medium&#8221; alignment=&#8221;center&#8221; style=&#8221;vc_box_rounded&#8221;][vc_column_text] LOVA LIBERT Chairman Chairman Ask me about: the organization as a whole, the council, the&hellip;&nbsp;<a href=\"https:\/\/mdsu.se\/en\/about-mdsu\/contact\/\" class=\"\" rel=\"bookmark\">Read More &raquo;<span class=\"screen-reader-text\">Contact<\/span><\/a><\/p>\n","protected":false},"author":1,"featured_media":0,"parent":6402,"menu_order":0,"comment_status":"closed","ping_status":"closed","template":"","meta":{"neve_meta_sidebar":"","neve_meta_container":"","neve_meta_enable_content_width":"off","neve_meta_content_width":100,"neve_meta_title_alignment":"","neve_meta_author_avatar":"","neve_post_elements_order":"","neve_meta_disable_header":"","neve_meta_disable_footer":"","neve_meta_disable_title":"","_EventAllDay":false,"_EventTimezone":"","_EventStartDate":"","_EventEndDate":"","_EventStartDateUTC":"","_EventEndDateUTC":"","_EventShowMap":false,"_EventShowMapLink":false,"_EventURL":"","_EventCost":"","_EventCostDescription":"","_EventCurrencySymbol":"","_EventCurrencyCode":"","_EventCurrencyPosition":"","_EventDateTimeSeparator":"","_EventTimeRangeSeparator":"","_EventOrganizerID":[],"_EventVenueID":[],"_OrganizerEmail":"","_OrganizerPhone":"","_OrganizerWebsite":"","_VenueAddress":"","_VenueCity":"","_VenueCountry":"","_VenueProvince":"","_VenueState":"","_VenueZip":"","_VenuePhone":"","_VenueURL":"","_VenueStateProvince":"","_VenueLat":"","_VenueLng":"","_VenueShowMap":false,"_VenueShowMapLink":false,"footnotes":""},"yoast_head":"<!-- This site is optimized with the Yoast SEO plugin v21.6 - https:\/\/yoast.com\/wordpress\/plugins\/seo\/ -->\n<title>Contact - M\u00e4lardalens studentk\u00e5r<\/title>\n<meta name=\"robots\" content=\"index, follow, max-snippet:-1, max-image-preview:large, max-video-preview:-1\" \/>\n<link rel=\"canonical\" href=\"https:\/\/mdsu.se\/en\/about-mdsu\/contact\/\" \/>\n<meta property=\"og:locale\" content=\"en_US\" \/>\n<meta property=\"og:type\" content=\"article\" \/>\n<meta property=\"og:title\" content=\"Contact - M\u00e4lardalens studentk\u00e5r\" \/>\n<meta property=\"og:description\" content=\"[vc_row][vc_column css=&#8221;.vc_custom_1689972994157{padding-right: 15px !important;padding-left: 15px !important;background-color: #ffffff !important;}&#8221;][vc_column_text] Presidium [\/vc_column_text][vc_row_inner][vc_column_inner width=&#8221;1\/3&#8243;][vc_single_image image=&#8221;22413&#8243; img_size=&#8221;medium&#8221; alignment=&#8221;center&#8221; style=&#8221;vc_box_rounded&#8221;][vc_column_text] LOVA LIBERT Chairman Chairman Ask me about: the organization as a whole, the council, the&hellip;&nbsp;Read More &raquo;Contact\" \/>\n<meta property=\"og:url\" content=\"https:\/\/mdsu.se\/en\/about-mdsu\/contact\/\" \/>\n<meta property=\"og:site_name\" content=\"M\u00e4lardalens studentk\u00e5r\" \/>\n<meta property=\"article:publisher\" content=\"https:\/\/www.facebook.com\/malardalens.studentkar\" \/>\n<meta property=\"article:modified_time\" content=\"2026-03-13T09:11:08+00:00\" \/>\n<meta name=\"twitter:card\" content=\"summary_large_image\" \/>\n<meta name=\"twitter:label1\" content=\"Est. reading time\" \/>\n\t<meta name=\"twitter:data1\" content=\"3 minutes\" \/>\n<script type=\"application\/ld+json\" class=\"yoast-schema-graph\">{\"@context\":\"https:\/\/schema.org\",\"@graph\":[{\"@type\":\"WebPage\",\"@id\":\"https:\/\/mdsu.se\/en\/about-mdsu\/contact\/\",\"url\":\"https:\/\/mdsu.se\/en\/about-mdsu\/contact\/\",\"name\":\"Contact - M\u00e4lardalens studentk\u00e5r\",\"isPartOf\":{\"@id\":\"https:\/\/mdsu.se\/#website\"},\"datePublished\":\"2015-08-11T07:33:46+00:00\",\"dateModified\":\"2026-03-13T09:11:08+00:00\",\"breadcrumb\":{\"@id\":\"https:\/\/mdsu.se\/en\/about-mdsu\/contact\/#breadcrumb\"},\"inLanguage\":\"en-US\",\"potentialAction\":[{\"@type\":\"ReadAction\",\"target\":[\"https:\/\/mdsu.se\/en\/about-mdsu\/contact\/\"]}]},{\"@type\":\"BreadcrumbList\",\"@id\":\"https:\/\/mdsu.se\/en\/about-mdsu\/contact\/#breadcrumb\",\"itemListElement\":[{\"@type\":\"ListItem\",\"position\":1,\"name\":\"Hem\",\"item\":\"https:\/\/mdsu.se\/\"},{\"@type\":\"ListItem\",\"position\":2,\"name\":\"About MDSU\",\"item\":\"https:\/\/mdsu.se\/en\/about-mdsu\/\"},{\"@type\":\"ListItem\",\"position\":3,\"name\":\"Contact\"}]},{\"@type\":\"WebSite\",\"@id\":\"https:\/\/mdsu.se\/#website\",\"url\":\"https:\/\/mdsu.se\/\",\"name\":\"M\u00e4lardalens studentk\u00e5r\",\"description\":\"Den officiella studentk\u00e5ren vid M\u00e4lardalens h\u00f6gskola (MDH)\",\"publisher\":{\"@id\":\"https:\/\/mdsu.se\/#organization\"},\"potentialAction\":[{\"@type\":\"SearchAction\",\"target\":{\"@type\":\"EntryPoint\",\"urlTemplate\":\"https:\/\/mdsu.se\/?s={search_term_string}\"},\"query-input\":\"required name=search_term_string\"}],\"inLanguage\":\"en-US\"},{\"@type\":\"Organization\",\"@id\":\"https:\/\/mdsu.se\/#organization\",\"name\":\"M\u00e4lardalens Studentk\u00e5r\",\"url\":\"https:\/\/mdsu.se\/\",\"logo\":{\"@type\":\"ImageObject\",\"inLanguage\":\"en-US\",\"@id\":\"https:\/\/mdsu.se\/#\/schema\/logo\/image\/\",\"url\":\"https:\/\/mdsu.se\/wp-content\/uploads\/2019\/06\/Rektangel-standard.png\",\"contentUrl\":\"https:\/\/mdsu.se\/wp-content\/uploads\/2019\/06\/Rektangel-standard.png\",\"width\":1397,\"height\":262,\"caption\":\"M\u00e4lardalens Studentk\u00e5r\"},\"image\":{\"@id\":\"https:\/\/mdsu.se\/#\/schema\/logo\/image\/\"},\"sameAs\":[\"https:\/\/www.facebook.com\/malardalens.studentkar\",\"https:\/\/www.instagram.com\/malardalensstudentkar\/\"]}]}<\/script>\n<!-- \/ Yoast SEO plugin. -->","yoast_head_json":{"title":"Contact - M\u00e4lardalens studentk\u00e5r","robots":{"index":"index","follow":"follow","max-snippet":"max-snippet:-1","max-image-preview":"max-image-preview:large","max-video-preview":"max-video-preview:-1"},"canonical":"https:\/\/mdsu.se\/en\/about-mdsu\/contact\/","og_locale":"en_US","og_type":"article","og_title":"Contact - M\u00e4lardalens studentk\u00e5r","og_description":"[vc_row][vc_column css=&#8221;.vc_custom_1689972994157{padding-right: 15px !important;padding-left: 15px !important;background-color: #ffffff !important;}&#8221;][vc_column_text] Presidium [\/vc_column_text][vc_row_inner][vc_column_inner width=&#8221;1\/3&#8243;][vc_single_image image=&#8221;22413&#8243; img_size=&#8221;medium&#8221; alignment=&#8221;center&#8221; style=&#8221;vc_box_rounded&#8221;][vc_column_text] LOVA LIBERT Chairman Chairman Ask me about: the organization as a whole, the council, the&hellip;&nbsp;Read More &raquo;Contact","og_url":"https:\/\/mdsu.se\/en\/about-mdsu\/contact\/","og_site_name":"M\u00e4lardalens studentk\u00e5r","article_publisher":"https:\/\/www.facebook.com\/malardalens.studentkar","article_modified_time":"2026-03-13T09:11:08+00:00","twitter_card":"summary_large_image","twitter_misc":{"Est. reading time":"3 minutes"},"schema":{"@context":"https:\/\/schema.org","@graph":[{"@type":"WebPage","@id":"https:\/\/mdsu.se\/en\/about-mdsu\/contact\/","url":"https:\/\/mdsu.se\/en\/about-mdsu\/contact\/","name":"Contact - M\u00e4lardalens studentk\u00e5r","isPartOf":{"@id":"https:\/\/mdsu.se\/#website"},"datePublished":"2015-08-11T07:33:46+00:00","dateModified":"2026-03-13T09:11:08+00:00","breadcrumb":{"@id":"https:\/\/mdsu.se\/en\/about-mdsu\/contact\/#breadcrumb"},"inLanguage":"en-US","potentialAction":[{"@type":"ReadAction","target":["https:\/\/mdsu.se\/en\/about-mdsu\/contact\/"]}]},{"@type":"BreadcrumbList","@id":"https:\/\/mdsu.se\/en\/about-mdsu\/contact\/#breadcrumb","itemListElement":[{"@type":"ListItem","position":1,"name":"Hem","item":"https:\/\/mdsu.se\/"},{"@type":"ListItem","position":2,"name":"About MDSU","item":"https:\/\/mdsu.se\/en\/about-mdsu\/"},{"@type":"ListItem","position":3,"name":"Contact"}]},{"@type":"WebSite","@id":"https:\/\/mdsu.se\/#website","url":"https:\/\/mdsu.se\/","name":"M\u00e4lardalens studentk\u00e5r","description":"Den officiella studentk\u00e5ren vid M\u00e4lardalens h\u00f6gskola (MDH)","publisher":{"@id":"https:\/\/mdsu.se\/#organization"},"potentialAction":[{"@type":"SearchAction","target":{"@type":"EntryPoint","urlTemplate":"https:\/\/mdsu.se\/?s={search_term_string}"},"query-input":"required name=search_term_string"}],"inLanguage":"en-US"},{"@type":"Organization","@id":"https:\/\/mdsu.se\/#organization","name":"M\u00e4lardalens Studentk\u00e5r","url":"https:\/\/mdsu.se\/","logo":{"@type":"ImageObject","inLanguage":"en-US","@id":"https:\/\/mdsu.se\/#\/schema\/logo\/image\/","url":"https:\/\/mdsu.se\/wp-content\/uploads\/2019\/06\/Rektangel-standard.png","contentUrl":"https:\/\/mdsu.se\/wp-content\/uploads\/2019\/06\/Rektangel-standard.png","width":1397,"height":262,"caption":"M\u00e4lardalens Studentk\u00e5r"},"image":{"@id":"https:\/\/mdsu.se\/#\/schema\/logo\/image\/"},"sameAs":["https:\/\/www.facebook.com\/malardalens.studentkar","https:\/\/www.instagram.com\/malardalensstudentkar\/"]}]}},"_links":{"self":[{"href":"https:\/\/mdsu.se\/en\/wp-json\/wp\/v2\/pages\/6396"}],"collection":[{"href":"https:\/\/mdsu.se\/en\/wp-json\/wp\/v2\/pages"}],"about":[{"href":"https:\/\/mdsu.se\/en\/wp-json\/wp\/v2\/types\/page"}],"author":[{"embeddable":true,"href":"https:\/\/mdsu.se\/en\/wp-json\/wp\/v2\/users\/1"}],"replies":[{"embeddable":true,"href":"https:\/\/mdsu.se\/en\/wp-json\/wp\/v2\/comments?post=6396"}],"version-history":[{"count":172,"href":"https:\/\/mdsu.se\/en\/wp-json\/wp\/v2\/pages\/6396\/revisions"}],"predecessor-version":[{"id":22942,"href":"https:\/\/mdsu.se\/en\/wp-json\/wp\/v2\/pages\/6396\/revisions\/22942"}],"up":[{"embeddable":true,"href":"https:\/\/mdsu.se\/en\/wp-json\/wp\/v2\/pages\/6402"}],"wp:attachment":[{"href":"https:\/\/mdsu.se\/en\/wp-json\/wp\/v2\/media?parent=6396"}],"curies":[{"name":"wp","href":"https:\/\/api.w.org\/{rel}","templated":true}]}}