{"id":20115,"date":"2023-11-25T19:47:03","date_gmt":"2023-11-25T18:47:03","guid":{"rendered":"https:\/\/mdsu.se\/?page_id=20115"},"modified":"2023-11-25T19:47:41","modified_gmt":"2023-11-25T18:47:41","slug":"university-church","status":"publish","type":"page","link":"https:\/\/mdsu.se\/en\/student\/student-life\/university-church\/","title":{"rendered":"University Church"},"content":{"rendered":"<div class=\"wpb-content-wrapper\"><p>[vc_row][vc_column][vc_single_image image=&#8221;11423&#8243; img_size=&#8221;990&#215;350&#8243; alignment=&#8221;center&#8221;][\/vc_column][\/vc_row][vc_row][vc_column width=&#8221;2\/3&#8243;][vc_column_text css=&#8221;.vc_custom_1639044599263{margin-left: 20px !important;border-left-width: 20px !important;padding-left: 40px !important;}&#8221;]<\/p>\n<h1>University church: counseling, creative caf\u00e9 and choir!<\/h1>\n<p>No matter what faith, background or identity you as a student or employee at M\u00e4lardalen university have you are welcome to the university church.<\/p>\n<p>At the university church you can get counseling if you need to talk to someone. You can also be creative in the creative caf\u00e9 or sing in the student choir K\u00e5renk\u00f6ren! You don&#8217;t have to be religious to get counseling or to join the activities, and everything is free of charge. The university church has professional secrecy, which means that nothing you say will be carried on.<\/p>\n<p><strong>Times for counseling:<\/strong> drop-in thursdays 12.30-14.30, or through booked appointments through e-mail or phone.<br \/>\n<strong>Creative caf\u00e9<\/strong>:\u00a0 thursdays 15.00-17.00.<br \/>\n<strong>Student choir:<\/strong> wednesdays 16.30-17.45 (fika from 16.00).<\/p>\n<p>The university church is found on the second floor in K\u00e5rhuset G6, Gustavsborgsgatan 6, 722 18 V\u00e4ster\u00e5s.<\/p>\n<p><a href=\"https:\/\/www.svenskakyrkan.se\/vasteras\/studentchaplaincy\">Read more here,<\/a> and don&#8217;t forget to <a href=\"https:\/\/www.facebook.com\/Student-Chaplaincy-V%C3%A4ster%C3%A5s-436545703204020\/\">follow them on Facebook<\/a>.[\/vc_column_text][\/vc_column][vc_column width=&#8221;1\/3&#8243;][vc_single_image image=&#8221;15251&#8243; img_size=&#8221;large&#8221; alignment=&#8221;center&#8221; style=&#8221;vc_box_rounded&#8221;][vc_column_text]<\/p>\n<p style=\"text-align: center;\"><strong>Caroline Kyhlb\u00e4ck, studentpr\u00e4st<\/strong><br \/>\nTelefon: 021-81 46 22<br \/>\nE-post: caroline.kyhlback@svenskakyrkan.se[\/vc_column_text][vc_single_image image=&#8221;15254&#8243; img_size=&#8221;large&#8221; alignment=&#8221;center&#8221; style=&#8221;vc_box_rounded&#8221;][vc_column_text]<\/p>\n<p style=\"text-align: center;\"><strong>Kristina Hyse, studentpr\u00e4st<\/strong><br \/>\nTelefon: 021-81 46 13<br \/>\nE-post: kristina.hyse@svenskakyrkan.se[\/vc_column_text][\/vc_column][\/vc_row]<\/p>\n<\/div>","protected":false},"excerpt":{"rendered":"<p>[vc_row][vc_column][vc_single_image image=&#8221;11423&#8243; img_size=&#8221;990&#215;350&#8243; alignment=&#8221;center&#8221;][\/vc_column][\/vc_row][vc_row][vc_column width=&#8221;2\/3&#8243;][vc_column_text css=&#8221;.vc_custom_1639044599263{margin-left: 20px !important;border-left-width: 20px !important;padding-left: 40px !important;}&#8221;] University church: counseling, creative caf\u00e9 and choir! No matter what faith, background or identity you as a student&hellip;&nbsp;<a href=\"https:\/\/mdsu.se\/en\/student\/student-life\/university-church\/\" class=\"\" rel=\"bookmark\">Read More &raquo;<span class=\"screen-reader-text\">University Church<\/span><\/a><\/p>\n","protected":false},"author":9,"featured_media":0,"parent":12708,"menu_order":0,"comment_status":"closed","ping_status":"closed","template":"","meta":{"neve_meta_sidebar":"","neve_meta_container":"","neve_meta_enable_content_width":"off","neve_meta_content_width":100,"neve_meta_title_alignment":"","neve_meta_author_avatar":"","neve_post_elements_order":"","neve_meta_disable_header":"","neve_meta_disable_footer":"","neve_meta_disable_title":"","_EventAllDay":false,"_EventTimezone":"","_EventStartDate":"","_EventEndDate":"","_EventStartDateUTC":"","_EventEndDateUTC":"","_EventShowMap":false,"_EventShowMapLink":false,"_EventURL":"","_EventCost":"","_EventCostDescription":"","_EventCurrencySymbol":"","_EventCurrencyCode":"","_EventCurrencyPosition":"","_EventDateTimeSeparator":"","_EventTimeRangeSeparator":"","_EventOrganizerID":[],"_EventVenueID":[],"_OrganizerEmail":"","_OrganizerPhone":"","_OrganizerWebsite":"","_VenueAddress":"","_VenueCity":"","_VenueCountry":"","_VenueProvince":"","_VenueState":"","_VenueZip":"","_VenuePhone":"","_VenueURL":"","_VenueStateProvince":"","_VenueLat":"","_VenueLng":"","_VenueShowMap":false,"_VenueShowMapLink":false,"footnotes":""},"yoast_head":"<!-- This site is optimized with the Yoast SEO plugin v21.6 - https:\/\/yoast.com\/wordpress\/plugins\/seo\/ -->\n<title>University Church - M\u00e4lardalens studentk\u00e5r<\/title>\n<meta name=\"robots\" content=\"index, follow, max-snippet:-1, max-image-preview:large, max-video-preview:-1\" \/>\n<link rel=\"canonical\" href=\"https:\/\/mdsu.se\/en\/student\/student-life\/university-church\/\" \/>\n<meta property=\"og:locale\" content=\"en_US\" \/>\n<meta property=\"og:type\" content=\"article\" \/>\n<meta property=\"og:title\" content=\"University Church - M\u00e4lardalens studentk\u00e5r\" \/>\n<meta property=\"og:description\" content=\"[vc_row][vc_column][vc_single_image image=&#8221;11423&#8243; img_size=&#8221;990&#215;350&#8243; alignment=&#8221;center&#8221;][\/vc_column][\/vc_row][vc_row][vc_column width=&#8221;2\/3&#8243;][vc_column_text css=&#8221;.vc_custom_1639044599263{margin-left: 20px !important;border-left-width: 20px !important;padding-left: 40px !important;}&#8221;] University church: counseling, creative caf\u00e9 and choir! No matter what faith, background or identity you as a student&hellip;&nbsp;Read More &raquo;University Church\" \/>\n<meta property=\"og:url\" content=\"https:\/\/mdsu.se\/en\/student\/student-life\/university-church\/\" \/>\n<meta property=\"og:site_name\" content=\"M\u00e4lardalens studentk\u00e5r\" \/>\n<meta property=\"article:publisher\" content=\"https:\/\/www.facebook.com\/malardalens.studentkar\" \/>\n<meta property=\"article:modified_time\" content=\"2023-11-25T18:47:41+00:00\" \/>\n<meta name=\"twitter:card\" content=\"summary_large_image\" \/>\n<meta name=\"twitter:label1\" content=\"Est. reading time\" \/>\n\t<meta name=\"twitter:data1\" content=\"1 minute\" \/>\n<script type=\"application\/ld+json\" class=\"yoast-schema-graph\">{\"@context\":\"https:\/\/schema.org\",\"@graph\":[{\"@type\":\"WebPage\",\"@id\":\"https:\/\/mdsu.se\/en\/student\/student-life\/university-church\/\",\"url\":\"https:\/\/mdsu.se\/en\/student\/student-life\/university-church\/\",\"name\":\"University Church - M\u00e4lardalens studentk\u00e5r\",\"isPartOf\":{\"@id\":\"https:\/\/mdsu.se\/#website\"},\"datePublished\":\"2023-11-25T18:47:03+00:00\",\"dateModified\":\"2023-11-25T18:47:41+00:00\",\"breadcrumb\":{\"@id\":\"https:\/\/mdsu.se\/en\/student\/student-life\/university-church\/#breadcrumb\"},\"inLanguage\":\"en-US\",\"potentialAction\":[{\"@type\":\"ReadAction\",\"target\":[\"https:\/\/mdsu.se\/en\/student\/student-life\/university-church\/\"]}]},{\"@type\":\"BreadcrumbList\",\"@id\":\"https:\/\/mdsu.se\/en\/student\/student-life\/university-church\/#breadcrumb\",\"itemListElement\":[{\"@type\":\"ListItem\",\"position\":1,\"name\":\"Hem\",\"item\":\"https:\/\/mdsu.se\/\"},{\"@type\":\"ListItem\",\"position\":2,\"name\":\"Student\",\"item\":\"https:\/\/mdsu.se\/en\/student\/\"},{\"@type\":\"ListItem\",\"position\":3,\"name\":\"Student life\",\"item\":\"https:\/\/mdsu.se\/en\/student\/student-life\/\"},{\"@type\":\"ListItem\",\"position\":4,\"name\":\"University Church\"}]},{\"@type\":\"WebSite\",\"@id\":\"https:\/\/mdsu.se\/#website\",\"url\":\"https:\/\/mdsu.se\/\",\"name\":\"M\u00e4lardalens studentk\u00e5r\",\"description\":\"Den officiella studentk\u00e5ren vid M\u00e4lardalens h\u00f6gskola (MDH)\",\"publisher\":{\"@id\":\"https:\/\/mdsu.se\/#organization\"},\"potentialAction\":[{\"@type\":\"SearchAction\",\"target\":{\"@type\":\"EntryPoint\",\"urlTemplate\":\"https:\/\/mdsu.se\/?s={search_term_string}\"},\"query-input\":\"required name=search_term_string\"}],\"inLanguage\":\"en-US\"},{\"@type\":\"Organization\",\"@id\":\"https:\/\/mdsu.se\/#organization\",\"name\":\"M\u00e4lardalens Studentk\u00e5r\",\"url\":\"https:\/\/mdsu.se\/\",\"logo\":{\"@type\":\"ImageObject\",\"inLanguage\":\"en-US\",\"@id\":\"https:\/\/mdsu.se\/#\/schema\/logo\/image\/\",\"url\":\"https:\/\/mdsu.se\/wp-content\/uploads\/2019\/06\/Rektangel-standard.png\",\"contentUrl\":\"https:\/\/mdsu.se\/wp-content\/uploads\/2019\/06\/Rektangel-standard.png\",\"width\":1397,\"height\":262,\"caption\":\"M\u00e4lardalens Studentk\u00e5r\"},\"image\":{\"@id\":\"https:\/\/mdsu.se\/#\/schema\/logo\/image\/\"},\"sameAs\":[\"https:\/\/www.facebook.com\/malardalens.studentkar\",\"https:\/\/www.instagram.com\/malardalensstudentkar\/\"]}]}<\/script>\n<!-- \/ Yoast SEO plugin. -->","yoast_head_json":{"title":"University Church - M\u00e4lardalens studentk\u00e5r","robots":{"index":"index","follow":"follow","max-snippet":"max-snippet:-1","max-image-preview":"max-image-preview:large","max-video-preview":"max-video-preview:-1"},"canonical":"https:\/\/mdsu.se\/en\/student\/student-life\/university-church\/","og_locale":"en_US","og_type":"article","og_title":"University Church - M\u00e4lardalens studentk\u00e5r","og_description":"[vc_row][vc_column][vc_single_image image=&#8221;11423&#8243; img_size=&#8221;990&#215;350&#8243; alignment=&#8221;center&#8221;][\/vc_column][\/vc_row][vc_row][vc_column width=&#8221;2\/3&#8243;][vc_column_text css=&#8221;.vc_custom_1639044599263{margin-left: 20px !important;border-left-width: 20px !important;padding-left: 40px !important;}&#8221;] University church: counseling, creative caf\u00e9 and choir! No matter what faith, background or identity you as a student&hellip;&nbsp;Read More &raquo;University Church","og_url":"https:\/\/mdsu.se\/en\/student\/student-life\/university-church\/","og_site_name":"M\u00e4lardalens studentk\u00e5r","article_publisher":"https:\/\/www.facebook.com\/malardalens.studentkar","article_modified_time":"2023-11-25T18:47:41+00:00","twitter_card":"summary_large_image","twitter_misc":{"Est. reading time":"1 minute"},"schema":{"@context":"https:\/\/schema.org","@graph":[{"@type":"WebPage","@id":"https:\/\/mdsu.se\/en\/student\/student-life\/university-church\/","url":"https:\/\/mdsu.se\/en\/student\/student-life\/university-church\/","name":"University Church - M\u00e4lardalens studentk\u00e5r","isPartOf":{"@id":"https:\/\/mdsu.se\/#website"},"datePublished":"2023-11-25T18:47:03+00:00","dateModified":"2023-11-25T18:47:41+00:00","breadcrumb":{"@id":"https:\/\/mdsu.se\/en\/student\/student-life\/university-church\/#breadcrumb"},"inLanguage":"en-US","potentialAction":[{"@type":"ReadAction","target":["https:\/\/mdsu.se\/en\/student\/student-life\/university-church\/"]}]},{"@type":"BreadcrumbList","@id":"https:\/\/mdsu.se\/en\/student\/student-life\/university-church\/#breadcrumb","itemListElement":[{"@type":"ListItem","position":1,"name":"Hem","item":"https:\/\/mdsu.se\/"},{"@type":"ListItem","position":2,"name":"Student","item":"https:\/\/mdsu.se\/en\/student\/"},{"@type":"ListItem","position":3,"name":"Student life","item":"https:\/\/mdsu.se\/en\/student\/student-life\/"},{"@type":"ListItem","position":4,"name":"University Church"}]},{"@type":"WebSite","@id":"https:\/\/mdsu.se\/#website","url":"https:\/\/mdsu.se\/","name":"M\u00e4lardalens studentk\u00e5r","description":"Den officiella studentk\u00e5ren vid M\u00e4lardalens h\u00f6gskola (MDH)","publisher":{"@id":"https:\/\/mdsu.se\/#organization"},"potentialAction":[{"@type":"SearchAction","target":{"@type":"EntryPoint","urlTemplate":"https:\/\/mdsu.se\/?s={search_term_string}"},"query-input":"required name=search_term_string"}],"inLanguage":"en-US"},{"@type":"Organization","@id":"https:\/\/mdsu.se\/#organization","name":"M\u00e4lardalens Studentk\u00e5r","url":"https:\/\/mdsu.se\/","logo":{"@type":"ImageObject","inLanguage":"en-US","@id":"https:\/\/mdsu.se\/#\/schema\/logo\/image\/","url":"https:\/\/mdsu.se\/wp-content\/uploads\/2019\/06\/Rektangel-standard.png","contentUrl":"https:\/\/mdsu.se\/wp-content\/uploads\/2019\/06\/Rektangel-standard.png","width":1397,"height":262,"caption":"M\u00e4lardalens Studentk\u00e5r"},"image":{"@id":"https:\/\/mdsu.se\/#\/schema\/logo\/image\/"},"sameAs":["https:\/\/www.facebook.com\/malardalens.studentkar","https:\/\/www.instagram.com\/malardalensstudentkar\/"]}]}},"_links":{"self":[{"href":"https:\/\/mdsu.se\/en\/wp-json\/wp\/v2\/pages\/20115"}],"collection":[{"href":"https:\/\/mdsu.se\/en\/wp-json\/wp\/v2\/pages"}],"about":[{"href":"https:\/\/mdsu.se\/en\/wp-json\/wp\/v2\/types\/page"}],"author":[{"embeddable":true,"href":"https:\/\/mdsu.se\/en\/wp-json\/wp\/v2\/users\/9"}],"replies":[{"embeddable":true,"href":"https:\/\/mdsu.se\/en\/wp-json\/wp\/v2\/comments?post=20115"}],"version-history":[{"count":2,"href":"https:\/\/mdsu.se\/en\/wp-json\/wp\/v2\/pages\/20115\/revisions"}],"predecessor-version":[{"id":20117,"href":"https:\/\/mdsu.se\/en\/wp-json\/wp\/v2\/pages\/20115\/revisions\/20117"}],"up":[{"embeddable":true,"href":"https:\/\/mdsu.se\/en\/wp-json\/wp\/v2\/pages\/12708"}],"wp:attachment":[{"href":"https:\/\/mdsu.se\/en\/wp-json\/wp\/v2\/media?parent=20115"}],"curies":[{"name":"wp","href":"https:\/\/api.w.org\/{rel}","templated":true}]}}