{"id":20108,"date":"2023-11-25T18:47:41","date_gmt":"2023-11-25T17:47:41","guid":{"rendered":"https:\/\/mdsu.se\/?page_id=20108"},"modified":"2026-01-20T16:05:59","modified_gmt":"2026-01-20T15:05:59","slug":"the-union-council","status":"publish","type":"page","link":"https:\/\/mdsu.se\/en\/about-mdsu\/the-union-council\/","title":{"rendered":"The Union Council"},"content":{"rendered":"<div class=\"wpb-content-wrapper\"><p>[vc_row][vc_column css=&#8221;.vc_custom_1689973570390{padding-right: 15px !important;padding-left: 15px !important;background-color: #ffffff !important;}&#8221;][vc_single_image image=&#8221;18795&#8243; img_size=&#8221;1920&#215;500&#8243; alignment=&#8221;center&#8221; style=&#8221;vc_box_rounded&#8221; css=&#8221;.vc_custom_1689973588169{margin-top: -20px !important;}&#8221;][vc_column_text]<\/p>\n<h2 style=\"text-align: center;\">Welcome to the Council&#8217;s Fall Meeting 2025<\/h2>\n<p style=\"text-align: center;\"><span style=\"font-size: 14pt;\">To participate in the meeting you must get a free ticket through the <a href=\"https:\/\/open.hitract.se\/SingleHitEvent\/12778\">event on Hitract<\/a><\/span><br \/>\n<span style=\"font-size: 10pt;\"><em>It is perfectly fine to register for the meeting even if you are not 100% sure whether you can attend<\/em><\/span><\/p>\n<p style=\"text-align: center;\"><span style=\"text-decoration: underline;\"><span style=\"font-size: 14pt;\">The last day to register is November 22nd.<\/span><\/span><\/p>\n<p style=\"text-align: center;\"><strong>NOTE<\/strong>: Powers of Attorney are not allowed.<\/p>\n<p>[\/vc_column_text][vc_row_inner][vc_column_inner width=&#8221;1\/2&#8243;][vc_column_text css=&#8221;.vc_custom_1762081737413{margin-top: 50px !important;}&#8221;]<strong>Date &amp; Time:<\/strong> November 27th, 16:15 ~ 18:00<br \/>\n<strong>Location:<\/strong> Union House G6 (V\u00e4ster\u00e5s), and Microsoft Teams (<a href=\"https:\/\/teams.microsoft.com\/l\/meetup-join\/19%3ameeting_YWMxZTVjNzctNGFjYy00NWQ0LWJmYTAtOGExZjUxMWVkMTk2%40thread.v2\/0?context=%7b%22Tid%22%3a%22cc2086c9-6985-4977-a069-ce84390e5949%22%2c%22Oid%22%3a%221f1a7628-8c1b-4232-84c5-1a64df32b788%22%7d\">link to meeting<\/a>)<\/p>\n<p><strong>NOTE:<\/strong> Powers of Attorney are not allowed.[\/vc_column_text][\/vc_column_inner][vc_column_inner width=&#8221;1\/2&#8243;][vc_zigzag][vc_column_text]At this meeting we will decide on the approval of the annual report and freedom from liability, vote on propositions and motions, and elect at least three people for the Election Committee<\/p>\n<p><strong>NOTE<\/strong>: Powers of Attorney are not allowed.[\/vc_column_text][vc_zigzag css=&#8221;.vc_custom_1744824646014{margin-top: -30px !important;}&#8221;][\/vc_column_inner][\/vc_row_inner][vc_column_text]<\/p>\n<p style=\"text-align: center;\"><span style=\"font-size: 14pt;\">To find the agenda, link to the meeting and documents related to the meeting, click on the button below<\/span><br \/>\n<span style=\"font-size: 10pt;\"><em>All documents related to the meeting will be published no later than November 20th<\/em><\/span><\/p>\n<p>[\/vc_column_text][vc_btn title=&#8221;Meeting Documents&#8221; style=&#8221;custom&#8221; custom_background=&#8221;#15b9ed&#8221; custom_text=&#8221;#ffffff&#8221; size=&#8221;lg&#8221; align=&#8221;center&#8221; i_icon_fontawesome=&#8221;far fa-file-alt&#8221; button_block=&#8221;true&#8221; add_icon=&#8221;true&#8221; link=&#8221;url:https%3A%2F%2Fdrive.google.com%2Fdrive%2Ffolders%2F1RgCNFwWXekI6eiO58LmqeI8IAHZU5Na9%3Fusp%3Dsharing&#8221;][vc_separator][vc_column_text]<span style=\"font-size: 14pt;\">The student union council is the student union\u2019s highest decision-making board. It is the council that makes decisions about the overall activities, such as the budget, business plan and other governing documents. They also act as employers for the presidium of the union board.<br \/>\nThe union council consists of all our members and those who call and lead meetings are a presidium consisting of the speaker, deputy speaker and secretary. Members are thus those who govern M\u00e4lardalen Student Union via union council meetings. You can find more information about the dates of the meetings\u00a0 on the <a href=\"https:\/\/play.google.com\/store\/apps\/details?id=se.hitract.hitract\">Hitract<\/a> app.<\/span><\/p>\n<p><span style=\"font-size: 14pt;\">You can also submit <a href=\"https:\/\/en.wikipedia.org\/wiki\/Motion_(parliamentary_procedure)\">motions<\/a> (proposals) to the union council, which will then be discussed at the next meeting.<\/span>[\/vc_column_text][vc_column_text]<\/p>\n<h2>Union Council presidium 25\/26<\/h2>\n<p>President: Viktoria Krantz<br \/>\nVice president: Andrea Haglund<br \/>\nSecretary: Abay Kubilay<\/p>\n<p>Contact:<a href=\"mailto:karfullmaktige@mdsu.se\"> karfullmaktige@mdsu.se<\/a><\/p>\n<p><strong><span style=\"font-size: 14pt;\">Documents<br \/>\n<\/span><\/strong>\u2022 <a href=\"https:\/\/mdsu.se\/wp-content\/uploads\/2026\/01\/MDSU-stadga-2025-11-27-2.pdf\">By-law (SWE)<\/a><br \/>\n\u2022 <a href=\"https:\/\/mdsu.se\/wp-content\/uploads\/2024\/05\/2024-05-20-Core-Values.pdf\">Core Values<\/a><br \/>\n\u2022 <a href=\"https:\/\/mdsu.se\/wp-content\/uploads\/2024\/05\/2024-05-20-Vision_ENG.pdf\">Vision<\/a><br \/>\n\u2022 <a href=\"https:\/\/mdsu.se\/wp-content\/uploads\/2024\/05\/2024-05-20-Organization-plan-Operational-plan.pdf\">Operational Plan<\/a><br \/>\n\u2022 <a href=\"https:\/\/mdsu.se\/wp-content\/uploads\/2024\/06\/2024-05-20-Graphic-profile.pdf\">Graphic Profile<\/a><br \/>\n\u2022 <a href=\"https:\/\/mdsu.se\/wp-content\/uploads\/2023\/11\/Template-motion.docx\">Template motion<\/a> (example <a href=\"https:\/\/mdsu.se\/wp-content\/uploads\/2023\/11\/Example-motion.pdf\">here<\/a>)<\/p>\n<p>&nbsp;<\/p>\n<h1 style=\"text-align: center;\">Protocols<\/h1>\n<p style=\"text-align: center;\"><em>Note: Protocols from 2021-12-12 and backwards are in Swedish.<\/em><\/p>\n<p>[\/vc_column_text][vc_row_inner][vc_column_inner width=&#8221;1\/4&#8243;][vc_toggle title=&#8221;2025\/2024&#8243; style=&#8221;arrow&#8221;]<a href=\"https:\/\/mdsu.se\/wp-content\/uploads\/2025\/09\/2025-05-13-protocol-council-adjusted.pdf\">2025-05-13<\/a><\/p>\n<p><a href=\"https:\/\/mdsu.se\/wp-content\/uploads\/2025\/01\/2024-11-28-protocol-council-adjusted.pdf\">2024-11-28<\/a>[\/vc_toggle][\/vc_column_inner][vc_column_inner width=&#8221;1\/4&#8243;][vc_toggle title=&#8221;2024\/2023&#8243; style=&#8221;arrow&#8221;]<a href=\"https:\/\/mdsu.se\/wp-content\/uploads\/2024\/10\/2024-05-20-protocol-council-adjusted.pdf\">2024-05-20<\/a><\/p>\n<p><a href=\"https:\/\/mdsu.se\/wp-content\/uploads\/2024\/04\/2024-02-29-protocol-council-adjusted.pdf\">2024-02-29<\/a><\/p>\n<p><a href=\"https:\/\/mdsu.se\/wp-content\/uploads\/2024\/01\/2023-11-28-protocol-council-adjusted.pdf\">2023-11-28<\/a>[\/vc_toggle][\/vc_column_inner][vc_column_inner width=&#8221;1\/4&#8243;][vc_toggle title=&#8221;2023\/2022&#8243; style=&#8221;arrow&#8221;]<a href=\"https:\/\/mdsu.se\/wp-content\/uploads\/2023\/11\/2023-06-27-protocol-council-adjusted.pdf\"><span style=\"font-size: 14pt;\">2023-06-27<\/span><\/a><\/p>\n<p><a href=\"https:\/\/mdsu.se\/wp-content\/uploads\/2023\/11\/2023-05-25-protocol-council-adjusted.pdf\"><span style=\"font-size: 14pt;\">2023-05-25<\/span><\/a><\/p>\n<p><a href=\"https:\/\/mdsu.se\/wp-content\/uploads\/2023\/11\/2023-04-27-protocol-council-adjusted.pdf\"><span style=\"font-size: 14pt;\">2023-04-27<\/span><\/a><\/p>\n<p><a href=\"https:\/\/mdsu.se\/wp-content\/uploads\/2023\/11\/2023-04-03-protocol-council-adjusted.pdf\"><span style=\"font-size: 14pt;\">2023-04-03<\/span><\/a><\/p>\n<p><span style=\"font-size: 14pt;\"><a href=\"https:\/\/mdsu.se\/wp-content\/uploads\/2023\/07\/2022-11-15-protocol-council-adjusted.pdf\">2022-11-15<\/a><\/span>[\/vc_toggle][\/vc_column_inner][vc_column_inner width=&#8221;1\/4&#8243;][vc_toggle title=&#8221;2022\/2021&#8243; style=&#8221;arrow&#8221;]<span style=\"font-size: 14pt;\"><a href=\"https:\/\/mdsu.se\/wp-content\/uploads\/2023\/07\/2022-05-25-protocol-council-adjusted.pdf\">2022-05-25<\/a><\/span><\/p>\n<p><a href=\"https:\/\/mdsu.se\/wp-content\/uploads\/2023\/07\/2021-12-12-protokoll-kfum-justerat.pdf\"><span style=\"font-size: 14pt;\">2021-12-12<\/span><\/a>[\/vc_toggle][\/vc_column_inner][\/vc_row_inner][vc_row_inner][vc_column_inner width=&#8221;1\/4&#8243;][vc_toggle title=&#8221;2021\/2020&#8243; style=&#8221;arrow&#8221;]<span style=\"font-size: 14pt;\"><a href=\"https:\/\/mdsu.se\/wp-content\/uploads\/2023\/07\/2021-05-12-protokoll-kfum-justerat.pdf\">2021-05-12<\/a><\/span><\/p>\n<p><span style=\"font-size: 14pt;\"><a href=\"https:\/\/mdsu.se\/wp-content\/uploads\/2023\/07\/2020-12-02-protokoll-kfum-justerat.pdf\">2020-12-02<\/a><\/span>[\/vc_toggle][\/vc_column_inner][vc_column_inner width=&#8221;1\/4&#8243;][vc_toggle title=&#8221;2020\/2019&#8243; style=&#8221;arrow&#8221;]<\/p>\n<p style=\"text-align: left;\"><span style=\"font-size: 14pt;\"><a href=\"https:\/\/mdsu.se\/wp-content\/uploads\/2023\/07\/2020-06-10-protokoll-kfum-justerat.pdf\">2020-06-10<\/a><\/span><\/p>\n<p style=\"text-align: left;\"><span style=\"font-size: 14pt;\"><a href=\"https:\/\/mdsu.se\/wp-content\/uploads\/2023\/07\/2020-05-12-protokoll-kfum-justerat.pdf\">2020-05-12<\/a><\/span><\/p>\n<p style=\"text-align: left;\"><span style=\"font-size: 14pt;\"><a href=\"https:\/\/mdsu.se\/wp-content\/uploads\/2023\/07\/2020-04-22-protokoll-kfum-justerat.pdf\">2020-04-22<\/a><\/span><\/p>\n<p style=\"text-align: left;\"><span style=\"font-size: 14pt;\"><a href=\"https:\/\/mdsu.se\/wp-content\/uploads\/2023\/07\/2020-04-08-protokoll-kfum-justerat.pdf\">2020-04-08<\/a><\/span><\/p>\n<p style=\"text-align: left;\"><span style=\"font-size: 14pt;\"><a href=\"https:\/\/mdsu.se\/wp-content\/uploads\/2023\/07\/2020-04-01-protokoll-kfum-justerat.pdf\">2020-04-01<\/a><\/span><\/p>\n<p style=\"text-align: left;\"><span style=\"font-size: 14pt;\"><a href=\"https:\/\/mdsu.se\/wp-content\/uploads\/2023\/07\/2020-03-25-protokoll-kfum-justerat.pdf\">2020-03-25<\/a><\/span><\/p>\n<p style=\"text-align: left;\"><span style=\"font-size: 14pt;\"><a href=\"https:\/\/mdsu.se\/wp-content\/uploads\/2023\/07\/2020-03-11-protokoll-kfum-justerat.pdf\">2020-03-11<\/a><\/span><\/p>\n<p style=\"text-align: left;\"><span style=\"font-size: 14pt;\"><a href=\"https:\/\/mdsu.se\/wp-content\/uploads\/2023\/07\/2020-02-25-protokoll-kfum-justerat.pdf\">2020-02-25<\/a><\/span><\/p>\n<p style=\"text-align: left;\"><span style=\"font-size: 14pt;\"><a href=\"https:\/\/mdsu.se\/wp-content\/uploads\/2023\/07\/2019-11-26-protokoll-kfum-justerat.pdf\">2019-11-26<\/a><\/span><\/p>\n<p style=\"text-align: left;\"><span style=\"font-size: 14pt;\"><a href=\"https:\/\/mdsu.se\/wp-content\/uploads\/2023\/07\/2019-11-12-protokoll-kfum-justerat.pdf\">2019-11-12<\/a><\/span><\/p>\n<p style=\"text-align: left;\"><a href=\"https:\/\/mdsu.se\/wp-content\/uploads\/2023\/07\/2019-10-07-protokoll-kfum-justerat.pdf\"><span style=\"font-size: 14pt;\">2019-10-07<\/span><\/a><\/p>\n<p>[\/vc_toggle][\/vc_column_inner][vc_column_inner width=&#8221;1\/4&#8243;][vc_toggle title=&#8221;2019\/2018&#8243; style=&#8221;arrow&#8221;]<span style=\"font-size: 14pt;\"><a href=\"https:\/\/mdsu.se\/wp-content\/uploads\/2023\/07\/2019-05-07-protokoll-kfum-justerat.pdf\">2019-05-07<\/a><\/span><\/p>\n<p><span style=\"font-size: 14pt;\"><a href=\"https:\/\/mdsu.se\/wp-content\/uploads\/2023\/07\/2019-04-10-protokoll-kfum-justerat.pdf\">2019-04-10<\/a><\/span><\/p>\n<p><span style=\"font-size: 14pt;\"><a href=\"https:\/\/mdsu.se\/wp-content\/uploads\/2023\/07\/2019-03-21-protokoll-kfum-justerat.pdf\">2019-03-21<\/a><\/span><\/p>\n<p><span style=\"font-size: 14pt;\"><a href=\"https:\/\/mdsu.se\/wp-content\/uploads\/2023\/07\/2018-12-12-protokoll-kfum-justerat.pdf\">2018-12-12<\/a><\/span><\/p>\n<p><span style=\"font-size: 14pt;\"><a href=\"https:\/\/mdsu.se\/wp-content\/uploads\/2023\/07\/2018-11-13-protokoll-kfum-justerat.pdf\">2018-11-13<\/a><\/span><\/p>\n<p><a href=\"https:\/\/mdsu.se\/wp-content\/uploads\/2023\/07\/2018-08-21-protokoll-kfum-justerat.pdf\"><span style=\"font-size: 14pt;\">2018-08-21<\/span><\/a>[\/vc_toggle][\/vc_column_inner][vc_column_inner width=&#8221;1\/4&#8243;][vc_toggle title=&#8221;2018\/2017&#8243; style=&#8221;arrow&#8221;]<span style=\"font-size: 14pt;\"><a href=\"https:\/\/mdsu.se\/wp-content\/uploads\/2023\/07\/2018-05-23-protokoll-kfum-justerat.pdf\">2018-05-23<\/a><\/span><\/p>\n<p><span style=\"font-size: 14pt;\"><a href=\"https:\/\/mdsu.se\/wp-content\/uploads\/2023\/07\/2018-04-10-protokoll-kfum-justerat.pdf\">2018-04-10<\/a><\/span><\/p>\n<p><span style=\"font-size: 14pt;\"><a href=\"https:\/\/mdsu.se\/wp-content\/uploads\/2023\/07\/2018-02-12-protokoll-kfum-justerat.pdf\">2018-02-12<\/a><\/span><\/p>\n<p><span style=\"font-size: 14pt;\"><a href=\"https:\/\/mdsu.se\/wp-content\/uploads\/2023\/07\/2017-12-06-protokoll-kfum-justerat.pdf\">2017-12-06<\/a><\/span><\/p>\n<p><span style=\"font-size: 14pt;\"><a href=\"https:\/\/mdsu.se\/wp-content\/uploads\/2023\/07\/2017-10-24-protokoll-kfum-justerat.pdf\">2017-10-24<\/a><\/span><\/p>\n<p><span style=\"font-size: 14pt;\"><a href=\"https:\/\/mdsu.se\/wp-content\/uploads\/2023\/07\/2017-08-15-protokoll-kfum-justerat.pdf\">2017-08-15<\/a><\/span>[\/vc_toggle][\/vc_column_inner][\/vc_row_inner][vc_row_inner][vc_column_inner width=&#8221;1\/4&#8243;][vc_toggle title=&#8221;2017\/2016&#8243; style=&#8221;arrow&#8221;]<a href=\"https:\/\/mdsu.se\/wp-content\/uploads\/2023\/07\/2017-05-18-protokoll-kfum-ej-justerat.pdf\"><span style=\"font-size: 14pt;\">2017-05-18<\/span><\/a><\/p>\n<p><a href=\"https:\/\/mdsu.se\/wp-content\/uploads\/2023\/07\/2017-05-10-protokoll-kfum-justerat.pdf\"><span style=\"font-size: 14pt;\">2017-05-10<\/span><\/a><\/p>\n<p><a href=\"https:\/\/mdsu.se\/wp-content\/uploads\/2023\/07\/2017-02-23-protokoll-kfum-ej-justerat.pdf\"><span style=\"font-size: 14pt;\">2017-02-23<\/span><\/a><\/p>\n<p><a href=\"https:\/\/mdsu.se\/wp-content\/uploads\/2023\/07\/2016-10-06-protokoll-kfum-justerat.pdf\"><span style=\"font-size: 14pt;\">2016-10-06<\/span><\/a><\/p>\n<p><a href=\"https:\/\/mdsu.se\/wp-content\/uploads\/2023\/07\/2016-09-01-protokoll-kfum-justerat.pdf\"><span style=\"font-size: 14pt;\">2016-09-01<\/span><\/a>[\/vc_toggle][\/vc_column_inner][vc_column_inner width=&#8221;1\/4&#8243;][\/vc_column_inner][vc_column_inner width=&#8221;1\/4&#8243;][\/vc_column_inner][vc_column_inner width=&#8221;1\/4&#8243;][\/vc_column_inner][\/vc_row_inner][\/vc_column][\/vc_row][vc_row height=&#8221;30px&#8221;][vc_column][vc_empty_space height=&#8221;30px&#8221;][\/vc_column][\/vc_row]<\/p>\n<\/div>","protected":false},"excerpt":{"rendered":"<p>[vc_row][vc_column css=&#8221;.vc_custom_1689973570390{padding-right: 15px !important;padding-left: 15px !important;background-color: #ffffff !important;}&#8221;][vc_single_image image=&#8221;18795&#8243; img_size=&#8221;1920&#215;500&#8243; alignment=&#8221;center&#8221; style=&#8221;vc_box_rounded&#8221; css=&#8221;.vc_custom_1689973588169{margin-top: -20px !important;}&#8221;][vc_column_text] Welcome to the Council&#8217;s Fall Meeting 2025 To participate in the meeting you must get&hellip;&nbsp;<a href=\"https:\/\/mdsu.se\/en\/about-mdsu\/the-union-council\/\" class=\"\" rel=\"bookmark\">Read More &raquo;<span class=\"screen-reader-text\">The Union Council<\/span><\/a><\/p>\n","protected":false},"author":9,"featured_media":0,"parent":6402,"menu_order":0,"comment_status":"closed","ping_status":"closed","template":"","meta":{"neve_meta_sidebar":"","neve_meta_container":"","neve_meta_enable_content_width":"off","neve_meta_content_width":100,"neve_meta_title_alignment":"","neve_meta_author_avatar":"","neve_post_elements_order":"","neve_meta_disable_header":"","neve_meta_disable_footer":"","neve_meta_disable_title":"","_EventAllDay":false,"_EventTimezone":"","_EventStartDate":"","_EventEndDate":"","_EventStartDateUTC":"","_EventEndDateUTC":"","_EventShowMap":false,"_EventShowMapLink":false,"_EventURL":"","_EventCost":"","_EventCostDescription":"","_EventCurrencySymbol":"","_EventCurrencyCode":"","_EventCurrencyPosition":"","_EventDateTimeSeparator":"","_EventTimeRangeSeparator":"","_EventOrganizerID":[],"_EventVenueID":[],"_OrganizerEmail":"","_OrganizerPhone":"","_OrganizerWebsite":"","_VenueAddress":"","_VenueCity":"","_VenueCountry":"","_VenueProvince":"","_VenueState":"","_VenueZip":"","_VenuePhone":"","_VenueURL":"","_VenueStateProvince":"","_VenueLat":"","_VenueLng":"","_VenueShowMap":false,"_VenueShowMapLink":false,"footnotes":""},"yoast_head":"<!-- This site is optimized with the Yoast SEO plugin v21.6 - https:\/\/yoast.com\/wordpress\/plugins\/seo\/ -->\n<title>The Union Council - M\u00e4lardalens studentk\u00e5r<\/title>\n<meta name=\"robots\" content=\"index, follow, max-snippet:-1, max-image-preview:large, max-video-preview:-1\" \/>\n<link rel=\"canonical\" href=\"https:\/\/mdsu.se\/en\/about-mdsu\/the-union-council\/\" \/>\n<meta property=\"og:locale\" content=\"en_US\" \/>\n<meta property=\"og:type\" content=\"article\" \/>\n<meta property=\"og:title\" content=\"The Union Council - M\u00e4lardalens studentk\u00e5r\" \/>\n<meta property=\"og:description\" content=\"[vc_row][vc_column css=&#8221;.vc_custom_1689973570390{padding-right: 15px !important;padding-left: 15px !important;background-color: #ffffff !important;}&#8221;][vc_single_image image=&#8221;18795&#8243; img_size=&#8221;1920&#215;500&#8243; alignment=&#8221;center&#8221; style=&#8221;vc_box_rounded&#8221; css=&#8221;.vc_custom_1689973588169{margin-top: -20px !important;}&#8221;][vc_column_text] Welcome to the Council&#8217;s Fall Meeting 2025 To participate in the meeting you must get&hellip;&nbsp;Read More &raquo;The Union Council\" \/>\n<meta property=\"og:url\" content=\"https:\/\/mdsu.se\/en\/about-mdsu\/the-union-council\/\" \/>\n<meta property=\"og:site_name\" content=\"M\u00e4lardalens studentk\u00e5r\" \/>\n<meta property=\"article:publisher\" content=\"https:\/\/www.facebook.com\/malardalens.studentkar\" \/>\n<meta property=\"article:modified_time\" content=\"2026-01-20T15:05:59+00:00\" \/>\n<meta name=\"twitter:card\" content=\"summary_large_image\" \/>\n<meta name=\"twitter:label1\" content=\"Est. reading time\" \/>\n\t<meta name=\"twitter:data1\" content=\"2 minutes\" \/>\n<script type=\"application\/ld+json\" class=\"yoast-schema-graph\">{\"@context\":\"https:\/\/schema.org\",\"@graph\":[{\"@type\":\"WebPage\",\"@id\":\"https:\/\/mdsu.se\/en\/about-mdsu\/the-union-council\/\",\"url\":\"https:\/\/mdsu.se\/en\/about-mdsu\/the-union-council\/\",\"name\":\"The Union Council - M\u00e4lardalens studentk\u00e5r\",\"isPartOf\":{\"@id\":\"https:\/\/mdsu.se\/#website\"},\"datePublished\":\"2023-11-25T17:47:41+00:00\",\"dateModified\":\"2026-01-20T15:05:59+00:00\",\"breadcrumb\":{\"@id\":\"https:\/\/mdsu.se\/en\/about-mdsu\/the-union-council\/#breadcrumb\"},\"inLanguage\":\"en-US\",\"potentialAction\":[{\"@type\":\"ReadAction\",\"target\":[\"https:\/\/mdsu.se\/en\/about-mdsu\/the-union-council\/\"]}]},{\"@type\":\"BreadcrumbList\",\"@id\":\"https:\/\/mdsu.se\/en\/about-mdsu\/the-union-council\/#breadcrumb\",\"itemListElement\":[{\"@type\":\"ListItem\",\"position\":1,\"name\":\"Hem\",\"item\":\"https:\/\/mdsu.se\/\"},{\"@type\":\"ListItem\",\"position\":2,\"name\":\"About MDSU\",\"item\":\"https:\/\/mdsu.se\/en\/about-mdsu\/\"},{\"@type\":\"ListItem\",\"position\":3,\"name\":\"The Union Council\"}]},{\"@type\":\"WebSite\",\"@id\":\"https:\/\/mdsu.se\/#website\",\"url\":\"https:\/\/mdsu.se\/\",\"name\":\"M\u00e4lardalens studentk\u00e5r\",\"description\":\"Den officiella studentk\u00e5ren vid M\u00e4lardalens h\u00f6gskola (MDH)\",\"publisher\":{\"@id\":\"https:\/\/mdsu.se\/#organization\"},\"potentialAction\":[{\"@type\":\"SearchAction\",\"target\":{\"@type\":\"EntryPoint\",\"urlTemplate\":\"https:\/\/mdsu.se\/?s={search_term_string}\"},\"query-input\":\"required name=search_term_string\"}],\"inLanguage\":\"en-US\"},{\"@type\":\"Organization\",\"@id\":\"https:\/\/mdsu.se\/#organization\",\"name\":\"M\u00e4lardalens Studentk\u00e5r\",\"url\":\"https:\/\/mdsu.se\/\",\"logo\":{\"@type\":\"ImageObject\",\"inLanguage\":\"en-US\",\"@id\":\"https:\/\/mdsu.se\/#\/schema\/logo\/image\/\",\"url\":\"https:\/\/mdsu.se\/wp-content\/uploads\/2019\/06\/Rektangel-standard.png\",\"contentUrl\":\"https:\/\/mdsu.se\/wp-content\/uploads\/2019\/06\/Rektangel-standard.png\",\"width\":1397,\"height\":262,\"caption\":\"M\u00e4lardalens Studentk\u00e5r\"},\"image\":{\"@id\":\"https:\/\/mdsu.se\/#\/schema\/logo\/image\/\"},\"sameAs\":[\"https:\/\/www.facebook.com\/malardalens.studentkar\",\"https:\/\/www.instagram.com\/malardalensstudentkar\/\"]}]}<\/script>\n<!-- \/ Yoast SEO plugin. -->","yoast_head_json":{"title":"The Union Council - M\u00e4lardalens studentk\u00e5r","robots":{"index":"index","follow":"follow","max-snippet":"max-snippet:-1","max-image-preview":"max-image-preview:large","max-video-preview":"max-video-preview:-1"},"canonical":"https:\/\/mdsu.se\/en\/about-mdsu\/the-union-council\/","og_locale":"en_US","og_type":"article","og_title":"The Union Council - M\u00e4lardalens studentk\u00e5r","og_description":"[vc_row][vc_column css=&#8221;.vc_custom_1689973570390{padding-right: 15px !important;padding-left: 15px !important;background-color: #ffffff !important;}&#8221;][vc_single_image image=&#8221;18795&#8243; img_size=&#8221;1920&#215;500&#8243; alignment=&#8221;center&#8221; style=&#8221;vc_box_rounded&#8221; css=&#8221;.vc_custom_1689973588169{margin-top: -20px !important;}&#8221;][vc_column_text] Welcome to the Council&#8217;s Fall Meeting 2025 To participate in the meeting you must get&hellip;&nbsp;Read More &raquo;The Union Council","og_url":"https:\/\/mdsu.se\/en\/about-mdsu\/the-union-council\/","og_site_name":"M\u00e4lardalens studentk\u00e5r","article_publisher":"https:\/\/www.facebook.com\/malardalens.studentkar","article_modified_time":"2026-01-20T15:05:59+00:00","twitter_card":"summary_large_image","twitter_misc":{"Est. reading time":"2 minutes"},"schema":{"@context":"https:\/\/schema.org","@graph":[{"@type":"WebPage","@id":"https:\/\/mdsu.se\/en\/about-mdsu\/the-union-council\/","url":"https:\/\/mdsu.se\/en\/about-mdsu\/the-union-council\/","name":"The Union Council - M\u00e4lardalens studentk\u00e5r","isPartOf":{"@id":"https:\/\/mdsu.se\/#website"},"datePublished":"2023-11-25T17:47:41+00:00","dateModified":"2026-01-20T15:05:59+00:00","breadcrumb":{"@id":"https:\/\/mdsu.se\/en\/about-mdsu\/the-union-council\/#breadcrumb"},"inLanguage":"en-US","potentialAction":[{"@type":"ReadAction","target":["https:\/\/mdsu.se\/en\/about-mdsu\/the-union-council\/"]}]},{"@type":"BreadcrumbList","@id":"https:\/\/mdsu.se\/en\/about-mdsu\/the-union-council\/#breadcrumb","itemListElement":[{"@type":"ListItem","position":1,"name":"Hem","item":"https:\/\/mdsu.se\/"},{"@type":"ListItem","position":2,"name":"About MDSU","item":"https:\/\/mdsu.se\/en\/about-mdsu\/"},{"@type":"ListItem","position":3,"name":"The Union Council"}]},{"@type":"WebSite","@id":"https:\/\/mdsu.se\/#website","url":"https:\/\/mdsu.se\/","name":"M\u00e4lardalens studentk\u00e5r","description":"Den officiella studentk\u00e5ren vid M\u00e4lardalens h\u00f6gskola (MDH)","publisher":{"@id":"https:\/\/mdsu.se\/#organization"},"potentialAction":[{"@type":"SearchAction","target":{"@type":"EntryPoint","urlTemplate":"https:\/\/mdsu.se\/?s={search_term_string}"},"query-input":"required name=search_term_string"}],"inLanguage":"en-US"},{"@type":"Organization","@id":"https:\/\/mdsu.se\/#organization","name":"M\u00e4lardalens Studentk\u00e5r","url":"https:\/\/mdsu.se\/","logo":{"@type":"ImageObject","inLanguage":"en-US","@id":"https:\/\/mdsu.se\/#\/schema\/logo\/image\/","url":"https:\/\/mdsu.se\/wp-content\/uploads\/2019\/06\/Rektangel-standard.png","contentUrl":"https:\/\/mdsu.se\/wp-content\/uploads\/2019\/06\/Rektangel-standard.png","width":1397,"height":262,"caption":"M\u00e4lardalens Studentk\u00e5r"},"image":{"@id":"https:\/\/mdsu.se\/#\/schema\/logo\/image\/"},"sameAs":["https:\/\/www.facebook.com\/malardalens.studentkar","https:\/\/www.instagram.com\/malardalensstudentkar\/"]}]}},"_links":{"self":[{"href":"https:\/\/mdsu.se\/en\/wp-json\/wp\/v2\/pages\/20108"}],"collection":[{"href":"https:\/\/mdsu.se\/en\/wp-json\/wp\/v2\/pages"}],"about":[{"href":"https:\/\/mdsu.se\/en\/wp-json\/wp\/v2\/types\/page"}],"author":[{"embeddable":true,"href":"https:\/\/mdsu.se\/en\/wp-json\/wp\/v2\/users\/9"}],"replies":[{"embeddable":true,"href":"https:\/\/mdsu.se\/en\/wp-json\/wp\/v2\/comments?post=20108"}],"version-history":[{"count":36,"href":"https:\/\/mdsu.se\/en\/wp-json\/wp\/v2\/pages\/20108\/revisions"}],"predecessor-version":[{"id":22828,"href":"https:\/\/mdsu.se\/en\/wp-json\/wp\/v2\/pages\/20108\/revisions\/22828"}],"up":[{"embeddable":true,"href":"https:\/\/mdsu.se\/en\/wp-json\/wp\/v2\/pages\/6402"}],"wp:attachment":[{"href":"https:\/\/mdsu.se\/en\/wp-json\/wp\/v2\/media?parent=20108"}],"curies":[{"name":"wp","href":"https:\/\/api.w.org\/{rel}","templated":true}]}}