{"id":20041,"date":"2023-07-31T17:55:24","date_gmt":"2023-07-31T15:55:24","guid":{"rendered":"https:\/\/mdsu.se\/hitract\/"},"modified":"2023-11-25T13:59:19","modified_gmt":"2023-11-25T12:59:19","slug":"hitract","status":"publish","type":"page","link":"https:\/\/mdsu.se\/en\/hitract\/","title":{"rendered":"Hitract"},"content":{"rendered":"<div class=\"wpb-content-wrapper\"><p>[vc_row][vc_column css=&#8221;.vc_custom_1700915955557{padding-right: 15px !important;padding-left: 15px !important;background-color: #ffffff !important;}&#8221;][vc_single_image image=&#8221;19551&#8243; img_size=&#8221;full&#8221;][vc_column_text]<\/p>\n<h1>Welcome to M\u00e4lardalen&#8217;s Student Union on hitract<\/h1>\n<h2>Everything you need gathered in one place<\/h2>\n<p>On hitract you will find M\u00e4lardalen&#8217;s Student Union&#8217;s membership, communication, events &amp; event tickets. You can also network with other students at MDU and other schools around the country.<\/p>\n<h2>On hitract you can:<\/h2>\n<p>[\/vc_column_text][vc_row_inner][vc_column_inner width=&#8221;1\/4&#8243;][vc_single_image image=&#8221;19484&#8243; img_size=&#8221;full&#8221; style=&#8221;vc_box_rounded&#8221;][vc_column_text]<\/p>\n<p style=\"text-align: center;\"><strong>Make friends with other students<\/strong><\/p>\n<p>[\/vc_column_text][\/vc_column_inner][vc_column_inner width=&#8221;1\/4&#8243;][vc_single_image image=&#8221;19485&#8243; img_size=&#8221;full&#8221; style=&#8221;vc_box_rounded&#8221;][vc_column_text]<\/p>\n<p style=\"text-align: center;\"><strong>Become a member of associations on campus<\/strong><\/p>\n<p>[\/vc_column_text][\/vc_column_inner][vc_column_inner width=&#8221;1\/4&#8243;][vc_single_image image=&#8221;19487&#8243; img_size=&#8221;full&#8221; style=&#8221;vc_box_rounded&#8221;][vc_column_text]<\/p>\n<p style=\"text-align: center;\"><strong>Find upcoming events on campus<\/strong><\/p>\n<p>[\/vc_column_text][\/vc_column_inner][vc_column_inner width=&#8221;1\/4&#8243;][vc_single_image image=&#8221;19505&#8243; img_size=&#8221;full&#8221; style=&#8221;vc_box_rounded&#8221;][vc_column_text]<\/p>\n<p style=\"text-align: center;\"><strong>Buy tickets for events<\/strong><\/p>\n<p>[\/vc_column_text][\/vc_column_inner][\/vc_row_inner][vc_row_inner][vc_column_inner width=&#8221;1\/4&#8243;][vc_single_image image=&#8221;19489&#8243; img_size=&#8221;full&#8221; style=&#8221;vc_box_rounded&#8221;][vc_column_text]<\/p>\n<p style=\"text-align: center;\"><strong>See and find your courses<\/strong><\/p>\n<p>[\/vc_column_text][\/vc_column_inner][vc_column_inner width=&#8221;1\/4&#8243;][vc_single_image image=&#8221;19492&#8243; img_size=&#8221;full&#8221; style=&#8221;vc_box_rounded&#8221;][vc_column_text]<\/p>\n<p style=\"text-align: center;\"><strong>Connect with students from all over Sweden<\/strong><\/p>\n<p>[\/vc_column_text][\/vc_column_inner][vc_column_inner width=&#8221;1\/4&#8243;][vc_single_image image=&#8221;19491&#8243; img_size=&#8221;full&#8221; style=&#8221;vc_box_rounded&#8221;][vc_column_text]<\/p>\n<p style=\"text-align: center;\"><strong>Show who you are<\/strong><\/p>\n<p>[\/vc_column_text][\/vc_column_inner][vc_column_inner width=&#8221;1\/4&#8243;][vc_single_image image=&#8221;19490&#8243; img_size=&#8221;full&#8221; style=&#8221;vc_box_rounded&#8221;][vc_column_text]<\/p>\n<p style=\"text-align: center;\"><strong>Get found by your dream employer<\/strong><\/p>\n<p>[\/vc_column_text][\/vc_column_inner][\/vc_row_inner][vc_row_inner][vc_column_inner width=&#8221;1\/2&#8243;][vc_single_image image=&#8221;19493&#8243; img_size=&#8221;Full&#8221; style=&#8221;vc_box_rounded&#8221;][\/vc_column_inner][vc_column_inner width=&#8221;1\/2&#8243;][vc_column_text]<\/p>\n<h2>Everything you need during your studies!<\/h2>\n<ul>\n<li>Find and connect with students from M\u00e4lardalen University and from other schools<\/li>\n<li>Find coursemates on campus and see all your current and upcoming courses<\/li>\n<\/ul>\n<p>[\/vc_column_text][\/vc_column_inner][\/vc_row_inner][vc_row_inner][vc_column_inner width=&#8221;1\/2&#8243;][vc_single_image image=&#8221;19494&#8243; img_size=&#8221;Full&#8221; style=&#8221;vc_box_rounded&#8221;][\/vc_column_inner][vc_column_inner width=&#8221;1\/2&#8243;][vc_column_text]<\/p>\n<h2>Find all M\u00e4lardalen&#8217;s Student Union&#8217;s events and activities!<\/h2>\n<ul>\n<li>Become a member of and follow M\u00e4lardalen&#8217;s Student Union to always keep track of our member communication, events and activities<\/li>\n<li>Find other student associations&#8217; events and buy your tickets directly in the app<\/li>\n<li>Buy merch and other products directly on hitract<\/li>\n<\/ul>\n<p>[\/vc_column_text][\/vc_column_inner][\/vc_row_inner][vc_row_inner][vc_column_inner width=&#8221;1\/2&#8243;][vc_single_image image=&#8221;19495&#8243; img_size=&#8221;Full&#8221; style=&#8221;vc_box_rounded&#8221;][\/vc_column_inner][vc_column_inner width=&#8221;1\/2&#8243;][vc_column_text]<\/p>\n<h2>Let the dream employer find you!<\/h2>\n<ul>\n<li>On hitract there are also employers who are there to connect with you based on what you study, your passions and interests<\/li>\n<li>Employers find you on hitract instead of you having to search for them. So be yourself and do your thing, and it will work out!<\/li>\n<\/ul>\n<p>[\/vc_column_text][\/vc_column_inner][\/vc_row_inner][vc_row_inner][vc_column_inner][vc_column_text]<\/p>\n<h2>How do I find M\u00e4lardalen&#8217;s Student Union on hitract?<\/h2>\n<p>1.Download the <a href=\"http:\/\/www.hitract.se\">hitract<\/a> app and create an account<\/p>\n<p><a href=\"https:\/\/mdsu.se\/wp-content\/uploads\/2023\/07\/Bild-12.png\"><img loading=\"lazy\" decoding=\"async\" class=\"alignnone size-medium wp-image-19496\" src=\"https:\/\/mdsu.se\/wp-content\/uploads\/2023\/07\/Bild-12-300x95.png\" alt=\"\" width=\"300\" height=\"95\" srcset=\"https:\/\/mdsu.se\/wp-content\/uploads\/2023\/07\/Bild-12-300x95.png 300w, https:\/\/mdsu.se\/wp-content\/uploads\/2023\/07\/Bild-12.png 501w\" sizes=\"(max-width: 300px) 100vw, 300px\" \/><\/a>\u00a0 \u00a0 <a href=\"https:\/\/mdsu.se\/wp-content\/uploads\/2023\/07\/Bild-13.png\"><img loading=\"lazy\" decoding=\"async\" class=\"alignnone size-medium wp-image-19497\" src=\"https:\/\/mdsu.se\/wp-content\/uploads\/2023\/07\/Bild-13-300x95.png\" alt=\"\" width=\"300\" height=\"95\" srcset=\"https:\/\/mdsu.se\/wp-content\/uploads\/2023\/07\/Bild-13-300x95.png 300w, https:\/\/mdsu.se\/wp-content\/uploads\/2023\/07\/Bild-13.png 501w\" sizes=\"(max-width: 300px) 100vw, 300px\" \/><\/a><\/p>\n<p>2. Find our hitClub by searching &#8220;M\u00e4lardalens Studentk\u00e5r&#8221;<\/p>\n<p>3. Become a member of M\u00e4lardalen&#8217;s Student Union<\/p>\n<h2>Do you have questions or concerns?<\/h2>\n<p>Contact hitract directly via <a href=\"mailto:info@hitract.se\">info@hitract.se<\/a> or @hitract on Instagram.[\/vc_column_text][\/vc_column_inner][\/vc_row_inner][\/vc_column][\/vc_row]<\/p>\n<\/div>","protected":false},"excerpt":{"rendered":"<p>[vc_row][vc_column css=&#8221;.vc_custom_1700915955557{padding-right: 15px !important;padding-left: 15px !important;background-color: #ffffff !important;}&#8221;][vc_single_image image=&#8221;19551&#8243; img_size=&#8221;full&#8221;][vc_column_text] Welcome to M\u00e4lardalen&#8217;s Student Union on hitract Everything you need gathered in one place On hitract you will find M\u00e4lardalen&#8217;s&hellip;&nbsp;<a href=\"https:\/\/mdsu.se\/en\/hitract\/\" class=\"\" rel=\"bookmark\">Read More &raquo;<span class=\"screen-reader-text\">Hitract<\/span><\/a><\/p>\n","protected":false},"author":9,"featured_media":0,"parent":0,"menu_order":0,"comment_status":"closed","ping_status":"closed","template":"","meta":{"neve_meta_sidebar":"","neve_meta_container":"","neve_meta_enable_content_width":"off","neve_meta_content_width":100,"neve_meta_title_alignment":"","neve_meta_author_avatar":"","neve_post_elements_order":"","neve_meta_disable_header":"","neve_meta_disable_footer":"","neve_meta_disable_title":"","_EventAllDay":false,"_EventTimezone":"","_EventStartDate":"","_EventEndDate":"","_EventStartDateUTC":"","_EventEndDateUTC":"","_EventShowMap":false,"_EventShowMapLink":false,"_EventURL":"","_EventCost":"","_EventCostDescription":"","_EventCurrencySymbol":"","_EventCurrencyCode":"","_EventCurrencyPosition":"","_EventDateTimeSeparator":"","_EventTimeRangeSeparator":"","_EventOrganizerID":[],"_EventVenueID":[],"_OrganizerEmail":"","_OrganizerPhone":"","_OrganizerWebsite":"","_VenueAddress":"","_VenueCity":"","_VenueCountry":"","_VenueProvince":"","_VenueState":"","_VenueZip":"","_VenuePhone":"","_VenueURL":"","_VenueStateProvince":"","_VenueLat":"","_VenueLng":"","_VenueShowMap":false,"_VenueShowMapLink":false,"footnotes":""},"yoast_head":"<!-- This site is optimized with the Yoast SEO plugin v21.6 - https:\/\/yoast.com\/wordpress\/plugins\/seo\/ -->\n<title>Hitract - M\u00e4lardalens studentk\u00e5r<\/title>\n<meta name=\"robots\" content=\"index, follow, max-snippet:-1, max-image-preview:large, max-video-preview:-1\" \/>\n<link rel=\"canonical\" href=\"https:\/\/mdsu.se\/en\/hitract\/\" \/>\n<meta property=\"og:locale\" content=\"en_US\" \/>\n<meta property=\"og:type\" content=\"article\" \/>\n<meta property=\"og:title\" content=\"Hitract - M\u00e4lardalens studentk\u00e5r\" \/>\n<meta property=\"og:description\" content=\"[vc_row][vc_column css=&#8221;.vc_custom_1700915955557{padding-right: 15px !important;padding-left: 15px !important;background-color: #ffffff !important;}&#8221;][vc_single_image image=&#8221;19551&#8243; img_size=&#8221;full&#8221;][vc_column_text] Welcome to M\u00e4lardalen&#8217;s Student Union on hitract Everything you need gathered in one place On hitract you will find M\u00e4lardalen&#8217;s&hellip;&nbsp;Read More &raquo;Hitract\" \/>\n<meta property=\"og:url\" content=\"https:\/\/mdsu.se\/en\/hitract\/\" \/>\n<meta property=\"og:site_name\" content=\"M\u00e4lardalens studentk\u00e5r\" \/>\n<meta property=\"article:publisher\" content=\"https:\/\/www.facebook.com\/malardalens.studentkar\" \/>\n<meta property=\"article:modified_time\" content=\"2023-11-25T12:59:19+00:00\" \/>\n<meta property=\"og:image\" content=\"https:\/\/mdsu.se\/wp-content\/uploads\/2023\/07\/Bild-12-300x95.png\" \/>\n<meta name=\"twitter:card\" content=\"summary_large_image\" \/>\n<meta name=\"twitter:label1\" content=\"Est. reading time\" \/>\n\t<meta name=\"twitter:data1\" content=\"2 minutes\" \/>\n<script type=\"application\/ld+json\" class=\"yoast-schema-graph\">{\"@context\":\"https:\/\/schema.org\",\"@graph\":[{\"@type\":\"WebPage\",\"@id\":\"https:\/\/mdsu.se\/en\/hitract\/\",\"url\":\"https:\/\/mdsu.se\/en\/hitract\/\",\"name\":\"Hitract - M\u00e4lardalens studentk\u00e5r\",\"isPartOf\":{\"@id\":\"https:\/\/mdsu.se\/#website\"},\"datePublished\":\"2023-07-31T15:55:24+00:00\",\"dateModified\":\"2023-11-25T12:59:19+00:00\",\"breadcrumb\":{\"@id\":\"https:\/\/mdsu.se\/en\/hitract\/#breadcrumb\"},\"inLanguage\":\"en-US\",\"potentialAction\":[{\"@type\":\"ReadAction\",\"target\":[\"https:\/\/mdsu.se\/en\/hitract\/\"]}]},{\"@type\":\"BreadcrumbList\",\"@id\":\"https:\/\/mdsu.se\/en\/hitract\/#breadcrumb\",\"itemListElement\":[{\"@type\":\"ListItem\",\"position\":1,\"name\":\"Hem\",\"item\":\"https:\/\/mdsu.se\/\"},{\"@type\":\"ListItem\",\"position\":2,\"name\":\"Hitract\"}]},{\"@type\":\"WebSite\",\"@id\":\"https:\/\/mdsu.se\/#website\",\"url\":\"https:\/\/mdsu.se\/\",\"name\":\"M\u00e4lardalens studentk\u00e5r\",\"description\":\"Den officiella studentk\u00e5ren vid M\u00e4lardalens h\u00f6gskola (MDH)\",\"publisher\":{\"@id\":\"https:\/\/mdsu.se\/#organization\"},\"potentialAction\":[{\"@type\":\"SearchAction\",\"target\":{\"@type\":\"EntryPoint\",\"urlTemplate\":\"https:\/\/mdsu.se\/?s={search_term_string}\"},\"query-input\":\"required name=search_term_string\"}],\"inLanguage\":\"en-US\"},{\"@type\":\"Organization\",\"@id\":\"https:\/\/mdsu.se\/#organization\",\"name\":\"M\u00e4lardalens Studentk\u00e5r\",\"url\":\"https:\/\/mdsu.se\/\",\"logo\":{\"@type\":\"ImageObject\",\"inLanguage\":\"en-US\",\"@id\":\"https:\/\/mdsu.se\/#\/schema\/logo\/image\/\",\"url\":\"https:\/\/mdsu.se\/wp-content\/uploads\/2019\/06\/Rektangel-standard.png\",\"contentUrl\":\"https:\/\/mdsu.se\/wp-content\/uploads\/2019\/06\/Rektangel-standard.png\",\"width\":1397,\"height\":262,\"caption\":\"M\u00e4lardalens Studentk\u00e5r\"},\"image\":{\"@id\":\"https:\/\/mdsu.se\/#\/schema\/logo\/image\/\"},\"sameAs\":[\"https:\/\/www.facebook.com\/malardalens.studentkar\",\"https:\/\/www.instagram.com\/malardalensstudentkar\/\"]}]}<\/script>\n<!-- \/ Yoast SEO plugin. -->","yoast_head_json":{"title":"Hitract - M\u00e4lardalens studentk\u00e5r","robots":{"index":"index","follow":"follow","max-snippet":"max-snippet:-1","max-image-preview":"max-image-preview:large","max-video-preview":"max-video-preview:-1"},"canonical":"https:\/\/mdsu.se\/en\/hitract\/","og_locale":"en_US","og_type":"article","og_title":"Hitract - M\u00e4lardalens studentk\u00e5r","og_description":"[vc_row][vc_column css=&#8221;.vc_custom_1700915955557{padding-right: 15px !important;padding-left: 15px !important;background-color: #ffffff !important;}&#8221;][vc_single_image image=&#8221;19551&#8243; img_size=&#8221;full&#8221;][vc_column_text] Welcome to M\u00e4lardalen&#8217;s Student Union on hitract Everything you need gathered in one place On hitract you will find M\u00e4lardalen&#8217;s&hellip;&nbsp;Read More &raquo;Hitract","og_url":"https:\/\/mdsu.se\/en\/hitract\/","og_site_name":"M\u00e4lardalens studentk\u00e5r","article_publisher":"https:\/\/www.facebook.com\/malardalens.studentkar","article_modified_time":"2023-11-25T12:59:19+00:00","og_image":[{"url":"https:\/\/mdsu.se\/wp-content\/uploads\/2023\/07\/Bild-12-300x95.png"}],"twitter_card":"summary_large_image","twitter_misc":{"Est. reading time":"2 minutes"},"schema":{"@context":"https:\/\/schema.org","@graph":[{"@type":"WebPage","@id":"https:\/\/mdsu.se\/en\/hitract\/","url":"https:\/\/mdsu.se\/en\/hitract\/","name":"Hitract - M\u00e4lardalens studentk\u00e5r","isPartOf":{"@id":"https:\/\/mdsu.se\/#website"},"datePublished":"2023-07-31T15:55:24+00:00","dateModified":"2023-11-25T12:59:19+00:00","breadcrumb":{"@id":"https:\/\/mdsu.se\/en\/hitract\/#breadcrumb"},"inLanguage":"en-US","potentialAction":[{"@type":"ReadAction","target":["https:\/\/mdsu.se\/en\/hitract\/"]}]},{"@type":"BreadcrumbList","@id":"https:\/\/mdsu.se\/en\/hitract\/#breadcrumb","itemListElement":[{"@type":"ListItem","position":1,"name":"Hem","item":"https:\/\/mdsu.se\/"},{"@type":"ListItem","position":2,"name":"Hitract"}]},{"@type":"WebSite","@id":"https:\/\/mdsu.se\/#website","url":"https:\/\/mdsu.se\/","name":"M\u00e4lardalens studentk\u00e5r","description":"Den officiella studentk\u00e5ren vid M\u00e4lardalens h\u00f6gskola (MDH)","publisher":{"@id":"https:\/\/mdsu.se\/#organization"},"potentialAction":[{"@type":"SearchAction","target":{"@type":"EntryPoint","urlTemplate":"https:\/\/mdsu.se\/?s={search_term_string}"},"query-input":"required name=search_term_string"}],"inLanguage":"en-US"},{"@type":"Organization","@id":"https:\/\/mdsu.se\/#organization","name":"M\u00e4lardalens Studentk\u00e5r","url":"https:\/\/mdsu.se\/","logo":{"@type":"ImageObject","inLanguage":"en-US","@id":"https:\/\/mdsu.se\/#\/schema\/logo\/image\/","url":"https:\/\/mdsu.se\/wp-content\/uploads\/2019\/06\/Rektangel-standard.png","contentUrl":"https:\/\/mdsu.se\/wp-content\/uploads\/2019\/06\/Rektangel-standard.png","width":1397,"height":262,"caption":"M\u00e4lardalens Studentk\u00e5r"},"image":{"@id":"https:\/\/mdsu.se\/#\/schema\/logo\/image\/"},"sameAs":["https:\/\/www.facebook.com\/malardalens.studentkar","https:\/\/www.instagram.com\/malardalensstudentkar\/"]}]}},"_links":{"self":[{"href":"https:\/\/mdsu.se\/en\/wp-json\/wp\/v2\/pages\/20041"}],"collection":[{"href":"https:\/\/mdsu.se\/en\/wp-json\/wp\/v2\/pages"}],"about":[{"href":"https:\/\/mdsu.se\/en\/wp-json\/wp\/v2\/types\/page"}],"author":[{"embeddable":true,"href":"https:\/\/mdsu.se\/en\/wp-json\/wp\/v2\/users\/9"}],"replies":[{"embeddable":true,"href":"https:\/\/mdsu.se\/en\/wp-json\/wp\/v2\/comments?post=20041"}],"version-history":[{"count":3,"href":"https:\/\/mdsu.se\/en\/wp-json\/wp\/v2\/pages\/20041\/revisions"}],"predecessor-version":[{"id":20045,"href":"https:\/\/mdsu.se\/en\/wp-json\/wp\/v2\/pages\/20041\/revisions\/20045"}],"wp:attachment":[{"href":"https:\/\/mdsu.se\/en\/wp-json\/wp\/v2\/media?parent=20041"}],"curies":[{"name":"wp","href":"https:\/\/api.w.org\/{rel}","templated":true}]}}