{"id":19523,"date":"2023-07-31T19:02:24","date_gmt":"2023-07-31T17:02:24","guid":{"rendered":"https:\/\/mdsu.se\/bli-medlem-2\/"},"modified":"2025-03-12T11:49:38","modified_gmt":"2025-03-12T10:49:38","slug":"membership","status":"publish","type":"page","link":"https:\/\/mdsu.se\/en\/membership\/","title":{"rendered":"Membership"},"content":{"rendered":"<div class=\"wpb-content-wrapper\"><p>[vc_row][vc_column css=&#8221;.vc_custom_1700926358578{padding-right: 15px !important;padding-left: 15px !important;background-color: #ffffff !important;}&#8221;][vc_single_image image=&#8221;21826&#8243; img_size=&#8221;full&#8221;][vc_column_text]<\/p>\n<h1>By students, for students, with students<\/h1>\n<p>[\/vc_column_text][vc_row_inner][vc_column_inner width=&#8221;1\/2&#8243;][vc_column_text]<\/p>\n<h2>Being a member of M\u00e4lardalen&#8217;s Student Union is a bit like studying for an exam: voluntary but really smart!<\/h2>\n<p><strong>What do I get as a member?<\/strong><br \/>\nWe are your workers&#8217; union during your studies and help you with questions regarding your education, study environment and student housing. In addition to helping our work to ensure quality and exerting student influence at the university, as well as creating contacts with the working life for students, you get nice discounts at our partners, buses, the union house and other things that we organize.<\/p>\n<p>We also offer our members that little extra, for example free coffee on campus sometimes and lots of other small and very good things. We are a membership organization, run by students, for students, and as a member of M\u00e4lardalen&#8217;s Student Union, you are the one who decides how our business should work! As a member, you have the right to participate in the union&#8217;s Council meetings, they are our highest decision-making body!<\/p>\n<p>Help us help you. Become a member too.<\/p>\n<h2>Support membership<\/h2>\n<p>Being a support member means that you, who are not a student, want to support the student union&#8217;s activities and our work for a better student life. As a supporting member, you are not entitled to a hitract card, but you receive a supporting membership card that gives member prices at K\u00e5rhuset G6 (not for company orders) and a discount on all student union events.<\/p>\n<p>If you want to become a support member, use this <a href=\"https:\/\/hitract.se\/hitclub\/malardalens-studentkar\/hitmemberships\">link<\/a> . If you have any questions send an email to <a href=\"mailto:info@mdsu.se\">info@mdsu.se<\/a><\/p>\n<p>Reception opening hours can be found <a href=\"https:\/\/mdsu.se\/en\/about-mdsu\/opening-hours\/\">here<\/a><\/p>\n<p>&nbsp;[\/vc_column_text][\/vc_column_inner][vc_column_inner width=&#8221;1\/2&#8243;][vc_single_image image=&#8221;19514&#8243; alignment=&#8221;center&#8221;][vc_column_text]<a href=\"https:\/\/mdsu.se\/wp-content\/uploads\/2023\/07\/apple-och-google.png\"><img loading=\"lazy\" decoding=\"async\" class=\"size-medium wp-image-19516 aligncenter\" src=\"https:\/\/mdsu.se\/wp-content\/uploads\/2023\/07\/apple-och-google-300x47.png\" alt=\"\" width=\"300\" height=\"47\" srcset=\"https:\/\/mdsu.se\/wp-content\/uploads\/2023\/07\/apple-och-google-300x47.png 300w, https:\/\/mdsu.se\/wp-content\/uploads\/2023\/07\/apple-och-google.png 330w\" sizes=\"(max-width: 300px) 100vw, 300px\" \/><\/a><\/p>\n<h3>How do I become a member?<\/h3>\n<ol>\n<li style=\"text-align: left;\">Download the Hitract app and create an account<\/li>\n<li>Find our hitClub by searching for &#8220;M\u00e4lardalens Studentk\u00e5r&#8221;<\/li>\n<li>Press on &#8220;Become a member&#8221; and follow the instructions<\/li>\n<li>Done! You are now a member!<\/li>\n<\/ol>\n<p><span style=\"font-size: 14pt;\"><strong>Are you a doctoral student or want to become a support member ?<\/strong><\/span><br \/>\n<span style=\"font-size: 14pt;\">Click <a href=\"https:\/\/hitract.se\/hitclub\/malardalens-studentkar\/hitmemberships\">here<\/a> to buy your membership<\/span>[\/vc_column_text][vc_column_text]<\/p>\n<h2>Prices<\/h2>\n<p>Three-year membership: 450 SEK<br \/>\nOne-year membership: 200 SEK<br \/>\n1 term membership: 150 SEK<br \/>\nSupport membership: 250 SEK<br \/>\nDoctoral membership: 200 SEK[\/vc_column_text][\/vc_column_inner][\/vc_row_inner][\/vc_column][\/vc_row]<\/p>\n<\/div>","protected":false},"excerpt":{"rendered":"<p>[vc_row][vc_column css=&#8221;.vc_custom_1700926358578{padding-right: 15px !important;padding-left: 15px !important;background-color: #ffffff !important;}&#8221;][vc_single_image image=&#8221;21826&#8243; img_size=&#8221;full&#8221;][vc_column_text] By students, for students, with students [\/vc_column_text][vc_row_inner][vc_column_inner width=&#8221;1\/2&#8243;][vc_column_text] Being a member of M\u00e4lardalen&#8217;s Student Union is a bit like studying&hellip;&nbsp;<a href=\"https:\/\/mdsu.se\/en\/membership\/\" class=\"\" rel=\"bookmark\">Read More &raquo;<span class=\"screen-reader-text\">Membership<\/span><\/a><\/p>\n","protected":false},"author":9,"featured_media":0,"parent":0,"menu_order":0,"comment_status":"closed","ping_status":"closed","template":"","meta":{"neve_meta_sidebar":"","neve_meta_container":"","neve_meta_enable_content_width":"off","neve_meta_content_width":100,"neve_meta_title_alignment":"","neve_meta_author_avatar":"","neve_post_elements_order":"","neve_meta_disable_header":"","neve_meta_disable_footer":"","neve_meta_disable_title":"","_EventAllDay":false,"_EventTimezone":"","_EventStartDate":"","_EventEndDate":"","_EventStartDateUTC":"","_EventEndDateUTC":"","_EventShowMap":false,"_EventShowMapLink":false,"_EventURL":"","_EventCost":"","_EventCostDescription":"","_EventCurrencySymbol":"","_EventCurrencyCode":"","_EventCurrencyPosition":"","_EventDateTimeSeparator":"","_EventTimeRangeSeparator":"","_EventOrganizerID":[],"_EventVenueID":[],"_OrganizerEmail":"","_OrganizerPhone":"","_OrganizerWebsite":"","_VenueAddress":"","_VenueCity":"","_VenueCountry":"","_VenueProvince":"","_VenueState":"","_VenueZip":"","_VenuePhone":"","_VenueURL":"","_VenueStateProvince":"","_VenueLat":"","_VenueLng":"","_VenueShowMap":false,"_VenueShowMapLink":false,"footnotes":""},"yoast_head":"<!-- This site is optimized with the Yoast SEO plugin v21.6 - https:\/\/yoast.com\/wordpress\/plugins\/seo\/ -->\n<title>Membership - M\u00e4lardalens studentk\u00e5r<\/title>\n<meta name=\"robots\" content=\"index, follow, max-snippet:-1, max-image-preview:large, max-video-preview:-1\" \/>\n<link rel=\"canonical\" href=\"https:\/\/mdsu.se\/medlemskap\/\" \/>\n<meta property=\"og:locale\" content=\"en_US\" \/>\n<meta property=\"og:type\" content=\"article\" \/>\n<meta property=\"og:title\" content=\"Membership - M\u00e4lardalens studentk\u00e5r\" \/>\n<meta property=\"og:description\" content=\"[vc_row][vc_column css=&#8221;.vc_custom_1700926358578{padding-right: 15px !important;padding-left: 15px !important;background-color: #ffffff !important;}&#8221;][vc_single_image image=&#8221;21826&#8243; img_size=&#8221;full&#8221;][vc_column_text] By students, for students, with students [\/vc_column_text][vc_row_inner][vc_column_inner width=&#8221;1\/2&#8243;][vc_column_text] Being a member of M\u00e4lardalen&#8217;s Student Union is a bit like studying&hellip;&nbsp;Read More &raquo;Membership\" \/>\n<meta property=\"og:url\" content=\"https:\/\/mdsu.se\/medlemskap\/\" \/>\n<meta property=\"og:site_name\" content=\"M\u00e4lardalens studentk\u00e5r\" \/>\n<meta property=\"article:publisher\" content=\"https:\/\/www.facebook.com\/malardalens.studentkar\" \/>\n<meta property=\"article:modified_time\" content=\"2025-03-12T10:49:38+00:00\" \/>\n<meta property=\"og:image\" content=\"https:\/\/mdsu.se\/wp-content\/uploads\/2023\/07\/apple-och-google-300x47.png\" \/>\n<meta name=\"twitter:card\" content=\"summary_large_image\" \/>\n<meta name=\"twitter:label1\" content=\"Est. reading time\" \/>\n\t<meta name=\"twitter:data1\" content=\"2 minutes\" \/>\n<script type=\"application\/ld+json\" class=\"yoast-schema-graph\">{\"@context\":\"https:\/\/schema.org\",\"@graph\":[{\"@type\":\"WebPage\",\"@id\":\"https:\/\/mdsu.se\/medlemskap\/\",\"url\":\"https:\/\/mdsu.se\/medlemskap\/\",\"name\":\"Membership - M\u00e4lardalens studentk\u00e5r\",\"isPartOf\":{\"@id\":\"https:\/\/mdsu.se\/#website\"},\"datePublished\":\"2023-07-31T17:02:24+00:00\",\"dateModified\":\"2025-03-12T10:49:38+00:00\",\"breadcrumb\":{\"@id\":\"https:\/\/mdsu.se\/medlemskap\/#breadcrumb\"},\"inLanguage\":\"en-US\",\"potentialAction\":[{\"@type\":\"ReadAction\",\"target\":[\"https:\/\/mdsu.se\/medlemskap\/\"]}]},{\"@type\":\"BreadcrumbList\",\"@id\":\"https:\/\/mdsu.se\/medlemskap\/#breadcrumb\",\"itemListElement\":[{\"@type\":\"ListItem\",\"position\":1,\"name\":\"Hem\",\"item\":\"https:\/\/mdsu.se\/\"},{\"@type\":\"ListItem\",\"position\":2,\"name\":\"Membership\"}]},{\"@type\":\"WebSite\",\"@id\":\"https:\/\/mdsu.se\/#website\",\"url\":\"https:\/\/mdsu.se\/\",\"name\":\"M\u00e4lardalens studentk\u00e5r\",\"description\":\"Den officiella studentk\u00e5ren vid M\u00e4lardalens h\u00f6gskola (MDH)\",\"publisher\":{\"@id\":\"https:\/\/mdsu.se\/#organization\"},\"potentialAction\":[{\"@type\":\"SearchAction\",\"target\":{\"@type\":\"EntryPoint\",\"urlTemplate\":\"https:\/\/mdsu.se\/?s={search_term_string}\"},\"query-input\":\"required name=search_term_string\"}],\"inLanguage\":\"en-US\"},{\"@type\":\"Organization\",\"@id\":\"https:\/\/mdsu.se\/#organization\",\"name\":\"M\u00e4lardalens Studentk\u00e5r\",\"url\":\"https:\/\/mdsu.se\/\",\"logo\":{\"@type\":\"ImageObject\",\"inLanguage\":\"en-US\",\"@id\":\"https:\/\/mdsu.se\/#\/schema\/logo\/image\/\",\"url\":\"https:\/\/mdsu.se\/wp-content\/uploads\/2019\/06\/Rektangel-standard.png\",\"contentUrl\":\"https:\/\/mdsu.se\/wp-content\/uploads\/2019\/06\/Rektangel-standard.png\",\"width\":1397,\"height\":262,\"caption\":\"M\u00e4lardalens Studentk\u00e5r\"},\"image\":{\"@id\":\"https:\/\/mdsu.se\/#\/schema\/logo\/image\/\"},\"sameAs\":[\"https:\/\/www.facebook.com\/malardalens.studentkar\",\"https:\/\/www.instagram.com\/malardalensstudentkar\/\"]}]}<\/script>\n<!-- \/ Yoast SEO plugin. -->","yoast_head_json":{"title":"Membership - M\u00e4lardalens studentk\u00e5r","robots":{"index":"index","follow":"follow","max-snippet":"max-snippet:-1","max-image-preview":"max-image-preview:large","max-video-preview":"max-video-preview:-1"},"canonical":"https:\/\/mdsu.se\/medlemskap\/","og_locale":"en_US","og_type":"article","og_title":"Membership - M\u00e4lardalens studentk\u00e5r","og_description":"[vc_row][vc_column css=&#8221;.vc_custom_1700926358578{padding-right: 15px !important;padding-left: 15px !important;background-color: #ffffff !important;}&#8221;][vc_single_image image=&#8221;21826&#8243; img_size=&#8221;full&#8221;][vc_column_text] By students, for students, with students [\/vc_column_text][vc_row_inner][vc_column_inner width=&#8221;1\/2&#8243;][vc_column_text] Being a member of M\u00e4lardalen&#8217;s Student Union is a bit like studying&hellip;&nbsp;Read More &raquo;Membership","og_url":"https:\/\/mdsu.se\/medlemskap\/","og_site_name":"M\u00e4lardalens studentk\u00e5r","article_publisher":"https:\/\/www.facebook.com\/malardalens.studentkar","article_modified_time":"2025-03-12T10:49:38+00:00","og_image":[{"url":"https:\/\/mdsu.se\/wp-content\/uploads\/2023\/07\/apple-och-google-300x47.png"}],"twitter_card":"summary_large_image","twitter_misc":{"Est. reading time":"2 minutes"},"schema":{"@context":"https:\/\/schema.org","@graph":[{"@type":"WebPage","@id":"https:\/\/mdsu.se\/medlemskap\/","url":"https:\/\/mdsu.se\/medlemskap\/","name":"Membership - M\u00e4lardalens studentk\u00e5r","isPartOf":{"@id":"https:\/\/mdsu.se\/#website"},"datePublished":"2023-07-31T17:02:24+00:00","dateModified":"2025-03-12T10:49:38+00:00","breadcrumb":{"@id":"https:\/\/mdsu.se\/medlemskap\/#breadcrumb"},"inLanguage":"en-US","potentialAction":[{"@type":"ReadAction","target":["https:\/\/mdsu.se\/medlemskap\/"]}]},{"@type":"BreadcrumbList","@id":"https:\/\/mdsu.se\/medlemskap\/#breadcrumb","itemListElement":[{"@type":"ListItem","position":1,"name":"Hem","item":"https:\/\/mdsu.se\/"},{"@type":"ListItem","position":2,"name":"Membership"}]},{"@type":"WebSite","@id":"https:\/\/mdsu.se\/#website","url":"https:\/\/mdsu.se\/","name":"M\u00e4lardalens studentk\u00e5r","description":"Den officiella studentk\u00e5ren vid M\u00e4lardalens h\u00f6gskola (MDH)","publisher":{"@id":"https:\/\/mdsu.se\/#organization"},"potentialAction":[{"@type":"SearchAction","target":{"@type":"EntryPoint","urlTemplate":"https:\/\/mdsu.se\/?s={search_term_string}"},"query-input":"required name=search_term_string"}],"inLanguage":"en-US"},{"@type":"Organization","@id":"https:\/\/mdsu.se\/#organization","name":"M\u00e4lardalens Studentk\u00e5r","url":"https:\/\/mdsu.se\/","logo":{"@type":"ImageObject","inLanguage":"en-US","@id":"https:\/\/mdsu.se\/#\/schema\/logo\/image\/","url":"https:\/\/mdsu.se\/wp-content\/uploads\/2019\/06\/Rektangel-standard.png","contentUrl":"https:\/\/mdsu.se\/wp-content\/uploads\/2019\/06\/Rektangel-standard.png","width":1397,"height":262,"caption":"M\u00e4lardalens Studentk\u00e5r"},"image":{"@id":"https:\/\/mdsu.se\/#\/schema\/logo\/image\/"},"sameAs":["https:\/\/www.facebook.com\/malardalens.studentkar","https:\/\/www.instagram.com\/malardalensstudentkar\/"]}]}},"_links":{"self":[{"href":"https:\/\/mdsu.se\/en\/wp-json\/wp\/v2\/pages\/19523"}],"collection":[{"href":"https:\/\/mdsu.se\/en\/wp-json\/wp\/v2\/pages"}],"about":[{"href":"https:\/\/mdsu.se\/en\/wp-json\/wp\/v2\/types\/page"}],"author":[{"embeddable":true,"href":"https:\/\/mdsu.se\/en\/wp-json\/wp\/v2\/users\/9"}],"replies":[{"embeddable":true,"href":"https:\/\/mdsu.se\/en\/wp-json\/wp\/v2\/comments?post=19523"}],"version-history":[{"count":17,"href":"https:\/\/mdsu.se\/en\/wp-json\/wp\/v2\/pages\/19523\/revisions"}],"predecessor-version":[{"id":21832,"href":"https:\/\/mdsu.se\/en\/wp-json\/wp\/v2\/pages\/19523\/revisions\/21832"}],"wp:attachment":[{"href":"https:\/\/mdsu.se\/en\/wp-json\/wp\/v2\/media?parent=19523"}],"curies":[{"name":"wp","href":"https:\/\/api.w.org\/{rel}","templated":true}]}}