{"id":19271,"date":"2023-07-22T15:26:37","date_gmt":"2023-07-22T13:26:37","guid":{"rendered":"https:\/\/mdsu.se\/about-mdsu\/our-structure\/lf-utskottet\/"},"modified":"2025-09-23T10:47:48","modified_gmt":"2025-09-23T08:47:48","slug":"lf-committee","status":"publish","type":"page","link":"https:\/\/mdsu.se\/en\/about-mdsu\/lf-committee\/","title":{"rendered":"LF Committee"},"content":{"rendered":"<div class=\"wpb-content-wrapper\"><p>[vc_row][vc_column css=&#8221;.vc_custom_1690032368426{padding-right: 15px !important;padding-left: 15px !important;background-color: #ffffff !important;}&#8221;][vc_single_image image=&#8221;20036&#8243; img_size=&#8221;1920&#215;500&#8243; alignment=&#8221;center&#8221; style=&#8221;vc_box_rounded&#8221; css=&#8221;.vc_custom_1700915669186{margin-top: -20px !important;}&#8221;][vc_column_text]The LF Committee consists of two bodies that operate in Eskilstuna and V\u00e4ster\u00e5s. Through the LF committee, student and program associations can influence M\u00e4lardalen&#8217;s Student Union&#8217;s activities and cooperate with each other for various activities.<\/p>\n<p>The LF committees normally meet once a month in Eskilstuna and V\u00e4ster\u00e5s, except for June. July and August.<\/p>\n<p><em>&#8220;LF&#8221; is an abbreviation for &#8220;linjef\u00f6rening&#8221; which directly translated to English is &#8220;Line association&#8221;.<br \/>\nThe word &#8220;line&#8221; is what educational programs at M\u00e4lardalen University used to be referred to as, and this wording has lived on with the student associations until this day.<\/em>[\/vc_column_text][vc_column_text]<\/p>\n<h1 style=\"text-align: center;\">Protocols<\/h1>\n<p>[\/vc_column_text][vc_row_inner css=&#8221;.vc_custom_1693390556927{padding-left: 100px !important;}&#8221;][vc_column_inner width=&#8221;1\/4&#8243;][vc_toggle title=&#8221;2025\/2024&#8243; style=&#8221;arrow&#8221;]<a href=\"https:\/\/mdsu.se\/wp-content\/uploads\/2025\/09\/LF-Protocol-Eskilstuna-2025.05.21.pdf\">Eskilstuna 2025-05-21<\/a><\/p>\n<p><a href=\"https:\/\/mdsu.se\/wp-content\/uploads\/2025\/09\/LF-Protocol-Vasteras-2025-05-19.pdf\">V\u00e4ster\u00e5s 2025-05-19<\/a><\/p>\n<p><a href=\"https:\/\/mdsu.se\/wp-content\/uploads\/2025\/05\/LF-Meeting-10.04.2025-Eskilstuna.pdf\">Eskilstuna 2025-04-10<\/a><\/p>\n<p><a href=\"https:\/\/mdsu.se\/wp-content\/uploads\/2025\/05\/LF-Meeting-07.04.2025-Vasteras.pdf\">V\u00e4ster\u00e5s 2025-04-07<\/a><\/p>\n<p><a href=\"\/Users\/Kommunikat%C3%B6r\/Downloads\/LF%20Protocol%20Eskilstuna%202025.03.11.pdf\" target=\"_blank\" rel=\"noopener\">Eskilstuna 2025-03-11<\/a><\/p>\n<p><a href=\"https:\/\/mdsu.se\/wp-content\/uploads\/2025\/04\/LF-Meeting-10-March-2025-Vasteras-1.pdf\">V\u00e4ster\u00e5s 2025-03-10<\/a><\/p>\n<p><a href=\"https:\/\/mdsu.se\/wp-content\/uploads\/2025\/04\/LF-Protocol-Vasteras-2025.02.11-1.pdf\">V\u00e4ster\u00e5s 2025-02-11<\/a><\/p>\n<p><a href=\"https:\/\/mdsu.se\/wp-content\/uploads\/2025\/03\/LF-Protocol-Eskilstuna-2025.02.10-1.pdf\">Eskilstuna 2025-02-10<\/a><\/p>\n<p><a href=\"https:\/\/mdsu.se\/wp-content\/uploads\/2025\/03\/LF-Protocol-Eskilstuna-2024.11.21-1.pdf\">Eskilstuna 2024-11-21<\/a><\/p>\n<p><a href=\"https:\/\/mdsu.se\/wp-content\/uploads\/2024\/12\/LF-Protocol-Eskilstuna-2024.09.18-1.pdf\">Eskilstuna 2024-09-18<\/a><\/p>\n<p><a href=\"https:\/\/mdsu.se\/wp-content\/uploads\/2025\/01\/LF-Protocol-Eskilstuna-2024.12.10.pdf\">Eskilstuna 2024-12-10<\/a><\/p>\n<p><a href=\"https:\/\/mdsu.se\/wp-content\/uploads\/2024\/12\/LF-Protocol-Vasteras-2024.10.21-1.pdf\">V\u00e4ster\u00e5s 2024-10-21<\/a>[\/vc_toggle][\/vc_column_inner][vc_column_inner width=&#8221;1\/4&#8243;][vc_toggle title=&#8221;2024\/2023&#8243; style=&#8221;arrow&#8221;]<a href=\"https:\/\/mdsu.se\/wp-content\/uploads\/2025\/01\/LF-Protocol-Eskilstuna-2024.05.06.pdf\">Eskilstuna 2024-05-06<\/a><\/p>\n<p><a href=\"https:\/\/mdsu.se\/wp-content\/uploads\/2024\/12\/LF-Protocol-Eskilstuna-2024.04.03-1.pdf\">Eskilstuna 2024-04-03<\/a><\/p>\n<p><a href=\"https:\/\/mdsu.se\/wp-content\/uploads\/2024\/04\/LF-Mote-Vras-2024.03.25-1.pdf\">V\u00e4ster\u00e5s 2024-03-25<\/a><\/p>\n<p><a href=\"https:\/\/mdsu.se\/wp-content\/uploads\/2025\/01\/LF-Protocol-Eskilstuna-2024.02.26.pdf\">Eskilstuna 2024-02-26<\/a><\/p>\n<p><a href=\"https:\/\/mdsu.se\/wp-content\/uploads\/2024\/03\/LF-Mote-Vras-2024.02.13.pdf\">V\u00e4ster\u00e5s 2024-02-13<\/a><\/p>\n<p><a href=\"https:\/\/mdsu.se\/wp-content\/uploads\/2024\/04\/LF-Mote-E-tuna-2024.01.29-1.pdf\">Eskilstuna 204-01-29<\/a><\/p>\n<p><a href=\"https:\/\/mdsu.se\/wp-content\/uploads\/2024\/04\/LF-Mote-E-tuna-2023-12-04.pdf\">Eskisltuna 2023-12-04<\/a><\/p>\n<p><a href=\"https:\/\/mdsu.se\/wp-content\/uploads\/2023\/11\/LF-meeting-Vras-20.11.2023.pdf\">V\u00e4ster\u00e5s 2023-11-20<\/a><\/p>\n<p><a href=\"https:\/\/mdsu.se\/wp-content\/uploads\/2023\/12\/LF-Meeting-08.11.23.pdf\">Eskilstuna 2023-11-08<\/a><\/p>\n<p><a href=\"https:\/\/mdsu.se\/wp-content\/uploads\/2023\/11\/2023-10-19-protocol-LFV-adjusted.pdf\">V\u00e4ster\u00e5s 2023-10-19<\/a><\/p>\n<p><a href=\"https:\/\/mdsu.se\/wp-content\/uploads\/2023\/11\/2023-09-19-protocol-LFV-adjusted.pdf\">V\u00e4ster\u00e5s 2023-09-19<\/a><\/p>\n<p><a href=\"https:\/\/mdsu.se\/wp-content\/uploads\/2023\/11\/2023-09-26-protocol-LFE-adjusted.pdf\">Eskilstuna 2023-09-26<\/a>[\/vc_toggle][\/vc_column_inner][vc_column_inner width=&#8221;1\/4&#8243;][vc_toggle title=&#8221;2023\/2022&#8243; style=&#8221;arrow&#8221;]<a href=\"https:\/\/mdsu.se\/wp-content\/uploads\/2024\/04\/2023-05-22-LF-Etuna-protokoll.pdf\">Eskilstuna 2023-05-22 (SWE)<\/a><\/p>\n<p><a href=\"https:\/\/mdsu.se\/wp-content\/uploads\/2024\/04\/2023-05-03-LF-Vas-protokoll.pdf\">V\u00e4ster\u00e5s 2023-05-03 (SWE)<\/a><\/p>\n<p><a href=\"https:\/\/mdsu.se\/wp-content\/uploads\/2024\/04\/2023-05-02-LF-Etuna-protokoll.pdf\">Eskilstuna 2023-05-02 (SWE)<\/a><\/p>\n<p><a href=\"https:\/\/mdsu.se\/wp-content\/uploads\/2023\/08\/LF-Etuna-protokoll_2023-03-21.pdf\">Eskilstuna 2023-03-21 (SWE)<\/a><\/p>\n<p><a href=\"https:\/\/mdsu.se\/wp-content\/uploads\/2023\/08\/LF-Vas-protokoll_2023-03-16.pdf\">V\u00e4ster\u00e5s 2023-03-16 (SWE)<\/a><\/p>\n<p><a href=\"https:\/\/mdsu.se\/wp-content\/uploads\/2024\/04\/2022-12-12-LF-Etuna-protokoll.pdf\">Eskilstuna 2022-12-12 (SWE)<\/a><\/p>\n<p><a href=\"https:\/\/mdsu.se\/wp-content\/uploads\/2023\/08\/LF-Vas-protokoll_2022-11-21.pdf\">V\u00e4ster\u00e5s 2022-11-21 (SWE)<\/a><\/p>\n<p><a href=\"https:\/\/mdsu.se\/wp-content\/uploads\/2024\/04\/2022-11-07-LF-Etuna-protokoll.pdf\">Eskilstuna 2022-11-07 (SWE)<\/a><\/p>\n<p><a href=\"https:\/\/mdsu.se\/wp-content\/uploads\/2023\/08\/LF-Vas-protokoll_2022-10-20.pdf\">V\u00e4ster\u00e5s 2022-10-20 (SWE)<\/a><\/p>\n<p><a href=\"https:\/\/mdsu.se\/wp-content\/uploads\/2024\/04\/2022-10-20-LF-Etuna-protokoll.pdf\">Eskilstuna 2022-10-20 (SWE)<\/a><\/p>\n<p><a href=\"https:\/\/mdsu.se\/wp-content\/uploads\/2024\/04\/2022-09-27-LF-Etuna-protokoll.pdf\">Eskilstuna 2022-09-27 (SWE)<\/a><\/p>\n<p><a href=\"https:\/\/mdsu.se\/wp-content\/uploads\/2023\/08\/LF-Vas-protokoll_2022-09-26.pdf\">V\u00e4ster\u00e5s 2022-09-26 (SWE)<\/a>[\/vc_toggle][\/vc_column_inner][vc_column_inner width=&#8221;1\/4&#8243;][vc_toggle title=&#8221;2022\/2021&#8243; style=&#8221;arrow&#8221;]<a href=\"https:\/\/mdsu.se\/wp-content\/uploads\/2023\/08\/LF-Vas-protokoll_2022-05-31.pdf\">V\u00e4ster\u00e5s 2022-05-31 (SWE)<\/a><\/p>\n<p><a href=\"https:\/\/mdsu.se\/wp-content\/uploads\/2023\/08\/LF-Vas-protokoll_2022-05-09.pdf\">V\u00e4ster\u00e5s 2022-05-09 (SWE)<\/a><\/p>\n<p><a href=\"https:\/\/mdsu.se\/wp-content\/uploads\/2023\/08\/LF-Vas-protokoll_2022-05-31-1.pdf\">V\u00e4ster\u00e5s 2022-05-31 (SWE)<\/a>[\/vc_toggle][\/vc_column_inner][\/vc_row_inner][vc_row_inner css=&#8221;.vc_custom_1693390556927{padding-left: 100px !important;}&#8221;][vc_column_inner width=&#8221;1\/4&#8243;][vc_toggle title=&#8221;2021\/2020&#8243; style=&#8221;arrow&#8221;][\/vc_toggle][\/vc_column_inner][vc_column_inner width=&#8221;1\/4&#8243;][vc_toggle title=&#8221;2020\/2019&#8243; style=&#8221;arrow&#8221;][\/vc_toggle][\/vc_column_inner][vc_column_inner width=&#8221;1\/4&#8243;][vc_toggle title=&#8221;2019\/2018&#8243; style=&#8221;arrow&#8221;][\/vc_toggle][\/vc_column_inner][vc_column_inner width=&#8221;1\/4&#8243;][vc_toggle title=&#8221;2018\/2017&#8243; style=&#8221;arrow&#8221;][\/vc_toggle][\/vc_column_inner][\/vc_row_inner][\/vc_column][\/vc_row][vc_row height=&#8221;30px&#8221;][vc_column][vc_empty_space height=&#8221;30px&#8221;][\/vc_column][\/vc_row]<\/p>\n<\/div>","protected":false},"excerpt":{"rendered":"<p>[vc_row][vc_column css=&#8221;.vc_custom_1690032368426{padding-right: 15px !important;padding-left: 15px !important;background-color: #ffffff !important;}&#8221;][vc_single_image image=&#8221;20036&#8243; img_size=&#8221;1920&#215;500&#8243; alignment=&#8221;center&#8221; style=&#8221;vc_box_rounded&#8221; css=&#8221;.vc_custom_1700915669186{margin-top: -20px !important;}&#8221;][vc_column_text]The LF Committee consists of two bodies that operate in Eskilstuna and V\u00e4ster\u00e5s. Through the LF&hellip;&nbsp;<a href=\"https:\/\/mdsu.se\/en\/about-mdsu\/lf-committee\/\" class=\"\" rel=\"bookmark\">Read More &raquo;<span class=\"screen-reader-text\">LF Committee<\/span><\/a><\/p>\n","protected":false},"author":9,"featured_media":0,"parent":6402,"menu_order":0,"comment_status":"closed","ping_status":"closed","template":"","meta":{"neve_meta_sidebar":"","neve_meta_container":"","neve_meta_enable_content_width":"off","neve_meta_content_width":100,"neve_meta_title_alignment":"","neve_meta_author_avatar":"","neve_post_elements_order":"","neve_meta_disable_header":"","neve_meta_disable_footer":"","neve_meta_disable_title":"","_EventAllDay":false,"_EventTimezone":"","_EventStartDate":"","_EventEndDate":"","_EventStartDateUTC":"","_EventEndDateUTC":"","_EventShowMap":false,"_EventShowMapLink":false,"_EventURL":"","_EventCost":"","_EventCostDescription":"","_EventCurrencySymbol":"","_EventCurrencyCode":"","_EventCurrencyPosition":"","_EventDateTimeSeparator":"","_EventTimeRangeSeparator":"","_EventOrganizerID":[],"_EventVenueID":[],"_OrganizerEmail":"","_OrganizerPhone":"","_OrganizerWebsite":"","_VenueAddress":"","_VenueCity":"","_VenueCountry":"","_VenueProvince":"","_VenueState":"","_VenueZip":"","_VenuePhone":"","_VenueURL":"","_VenueStateProvince":"","_VenueLat":"","_VenueLng":"","_VenueShowMap":false,"_VenueShowMapLink":false,"footnotes":""},"yoast_head":"<!-- This site is optimized with the Yoast SEO plugin v21.6 - https:\/\/yoast.com\/wordpress\/plugins\/seo\/ -->\n<title>LF Committee - M\u00e4lardalens studentk\u00e5r<\/title>\n<meta name=\"robots\" content=\"index, follow, max-snippet:-1, max-image-preview:large, max-video-preview:-1\" \/>\n<link rel=\"canonical\" href=\"https:\/\/mdsu.se\/en\/about-mdsu\/lf-committee\/\" \/>\n<meta property=\"og:locale\" content=\"en_US\" \/>\n<meta property=\"og:type\" content=\"article\" \/>\n<meta property=\"og:title\" content=\"LF Committee - M\u00e4lardalens studentk\u00e5r\" \/>\n<meta property=\"og:description\" content=\"[vc_row][vc_column css=&#8221;.vc_custom_1690032368426{padding-right: 15px !important;padding-left: 15px !important;background-color: #ffffff !important;}&#8221;][vc_single_image image=&#8221;20036&#8243; img_size=&#8221;1920&#215;500&#8243; alignment=&#8221;center&#8221; style=&#8221;vc_box_rounded&#8221; css=&#8221;.vc_custom_1700915669186{margin-top: -20px !important;}&#8221;][vc_column_text]The LF Committee consists of two bodies that operate in Eskilstuna and V\u00e4ster\u00e5s. Through the LF&hellip;&nbsp;Read More &raquo;LF Committee\" \/>\n<meta property=\"og:url\" content=\"https:\/\/mdsu.se\/en\/about-mdsu\/lf-committee\/\" \/>\n<meta property=\"og:site_name\" content=\"M\u00e4lardalens studentk\u00e5r\" \/>\n<meta property=\"article:publisher\" content=\"https:\/\/www.facebook.com\/malardalens.studentkar\" \/>\n<meta property=\"article:modified_time\" content=\"2025-09-23T08:47:48+00:00\" \/>\n<meta name=\"twitter:card\" content=\"summary_large_image\" \/>\n<meta name=\"twitter:label1\" content=\"Est. reading time\" \/>\n\t<meta name=\"twitter:data1\" content=\"2 minutes\" \/>\n<script type=\"application\/ld+json\" class=\"yoast-schema-graph\">{\"@context\":\"https:\/\/schema.org\",\"@graph\":[{\"@type\":\"WebPage\",\"@id\":\"https:\/\/mdsu.se\/en\/about-mdsu\/lf-committee\/\",\"url\":\"https:\/\/mdsu.se\/en\/about-mdsu\/lf-committee\/\",\"name\":\"LF Committee - M\u00e4lardalens studentk\u00e5r\",\"isPartOf\":{\"@id\":\"https:\/\/mdsu.se\/#website\"},\"datePublished\":\"2023-07-22T13:26:37+00:00\",\"dateModified\":\"2025-09-23T08:47:48+00:00\",\"breadcrumb\":{\"@id\":\"https:\/\/mdsu.se\/en\/about-mdsu\/lf-committee\/#breadcrumb\"},\"inLanguage\":\"en-US\",\"potentialAction\":[{\"@type\":\"ReadAction\",\"target\":[\"https:\/\/mdsu.se\/en\/about-mdsu\/lf-committee\/\"]}]},{\"@type\":\"BreadcrumbList\",\"@id\":\"https:\/\/mdsu.se\/en\/about-mdsu\/lf-committee\/#breadcrumb\",\"itemListElement\":[{\"@type\":\"ListItem\",\"position\":1,\"name\":\"Hem\",\"item\":\"https:\/\/mdsu.se\/en\/\"},{\"@type\":\"ListItem\",\"position\":2,\"name\":\"About MDSU\",\"item\":\"https:\/\/mdsu.se\/en\/about-mdsu\/\"},{\"@type\":\"ListItem\",\"position\":3,\"name\":\"LF Committee\"}]},{\"@type\":\"WebSite\",\"@id\":\"https:\/\/mdsu.se\/#website\",\"url\":\"https:\/\/mdsu.se\/\",\"name\":\"M\u00e4lardalens studentk\u00e5r\",\"description\":\"Den officiella studentk\u00e5ren vid M\u00e4lardalens h\u00f6gskola (MDH)\",\"publisher\":{\"@id\":\"https:\/\/mdsu.se\/#organization\"},\"potentialAction\":[{\"@type\":\"SearchAction\",\"target\":{\"@type\":\"EntryPoint\",\"urlTemplate\":\"https:\/\/mdsu.se\/?s={search_term_string}\"},\"query-input\":\"required name=search_term_string\"}],\"inLanguage\":\"en-US\"},{\"@type\":\"Organization\",\"@id\":\"https:\/\/mdsu.se\/#organization\",\"name\":\"M\u00e4lardalens Studentk\u00e5r\",\"url\":\"https:\/\/mdsu.se\/\",\"logo\":{\"@type\":\"ImageObject\",\"inLanguage\":\"en-US\",\"@id\":\"https:\/\/mdsu.se\/#\/schema\/logo\/image\/\",\"url\":\"https:\/\/mdsu.se\/wp-content\/uploads\/2019\/06\/Rektangel-standard.png\",\"contentUrl\":\"https:\/\/mdsu.se\/wp-content\/uploads\/2019\/06\/Rektangel-standard.png\",\"width\":1397,\"height\":262,\"caption\":\"M\u00e4lardalens Studentk\u00e5r\"},\"image\":{\"@id\":\"https:\/\/mdsu.se\/#\/schema\/logo\/image\/\"},\"sameAs\":[\"https:\/\/www.facebook.com\/malardalens.studentkar\",\"https:\/\/www.instagram.com\/malardalensstudentkar\/\"]}]}<\/script>\n<!-- \/ Yoast SEO plugin. -->","yoast_head_json":{"title":"LF Committee - M\u00e4lardalens studentk\u00e5r","robots":{"index":"index","follow":"follow","max-snippet":"max-snippet:-1","max-image-preview":"max-image-preview:large","max-video-preview":"max-video-preview:-1"},"canonical":"https:\/\/mdsu.se\/en\/about-mdsu\/lf-committee\/","og_locale":"en_US","og_type":"article","og_title":"LF Committee - M\u00e4lardalens studentk\u00e5r","og_description":"[vc_row][vc_column css=&#8221;.vc_custom_1690032368426{padding-right: 15px !important;padding-left: 15px !important;background-color: #ffffff !important;}&#8221;][vc_single_image image=&#8221;20036&#8243; img_size=&#8221;1920&#215;500&#8243; alignment=&#8221;center&#8221; style=&#8221;vc_box_rounded&#8221; css=&#8221;.vc_custom_1700915669186{margin-top: -20px !important;}&#8221;][vc_column_text]The LF Committee consists of two bodies that operate in Eskilstuna and V\u00e4ster\u00e5s. Through the LF&hellip;&nbsp;Read More &raquo;LF Committee","og_url":"https:\/\/mdsu.se\/en\/about-mdsu\/lf-committee\/","og_site_name":"M\u00e4lardalens studentk\u00e5r","article_publisher":"https:\/\/www.facebook.com\/malardalens.studentkar","article_modified_time":"2025-09-23T08:47:48+00:00","twitter_card":"summary_large_image","twitter_misc":{"Est. reading time":"2 minutes"},"schema":{"@context":"https:\/\/schema.org","@graph":[{"@type":"WebPage","@id":"https:\/\/mdsu.se\/en\/about-mdsu\/lf-committee\/","url":"https:\/\/mdsu.se\/en\/about-mdsu\/lf-committee\/","name":"LF Committee - M\u00e4lardalens studentk\u00e5r","isPartOf":{"@id":"https:\/\/mdsu.se\/#website"},"datePublished":"2023-07-22T13:26:37+00:00","dateModified":"2025-09-23T08:47:48+00:00","breadcrumb":{"@id":"https:\/\/mdsu.se\/en\/about-mdsu\/lf-committee\/#breadcrumb"},"inLanguage":"en-US","potentialAction":[{"@type":"ReadAction","target":["https:\/\/mdsu.se\/en\/about-mdsu\/lf-committee\/"]}]},{"@type":"BreadcrumbList","@id":"https:\/\/mdsu.se\/en\/about-mdsu\/lf-committee\/#breadcrumb","itemListElement":[{"@type":"ListItem","position":1,"name":"Hem","item":"https:\/\/mdsu.se\/en\/"},{"@type":"ListItem","position":2,"name":"About MDSU","item":"https:\/\/mdsu.se\/en\/about-mdsu\/"},{"@type":"ListItem","position":3,"name":"LF Committee"}]},{"@type":"WebSite","@id":"https:\/\/mdsu.se\/#website","url":"https:\/\/mdsu.se\/","name":"M\u00e4lardalens studentk\u00e5r","description":"Den officiella studentk\u00e5ren vid M\u00e4lardalens h\u00f6gskola (MDH)","publisher":{"@id":"https:\/\/mdsu.se\/#organization"},"potentialAction":[{"@type":"SearchAction","target":{"@type":"EntryPoint","urlTemplate":"https:\/\/mdsu.se\/?s={search_term_string}"},"query-input":"required name=search_term_string"}],"inLanguage":"en-US"},{"@type":"Organization","@id":"https:\/\/mdsu.se\/#organization","name":"M\u00e4lardalens Studentk\u00e5r","url":"https:\/\/mdsu.se\/","logo":{"@type":"ImageObject","inLanguage":"en-US","@id":"https:\/\/mdsu.se\/#\/schema\/logo\/image\/","url":"https:\/\/mdsu.se\/wp-content\/uploads\/2019\/06\/Rektangel-standard.png","contentUrl":"https:\/\/mdsu.se\/wp-content\/uploads\/2019\/06\/Rektangel-standard.png","width":1397,"height":262,"caption":"M\u00e4lardalens Studentk\u00e5r"},"image":{"@id":"https:\/\/mdsu.se\/#\/schema\/logo\/image\/"},"sameAs":["https:\/\/www.facebook.com\/malardalens.studentkar","https:\/\/www.instagram.com\/malardalensstudentkar\/"]}]}},"_links":{"self":[{"href":"https:\/\/mdsu.se\/en\/wp-json\/wp\/v2\/pages\/19271"}],"collection":[{"href":"https:\/\/mdsu.se\/en\/wp-json\/wp\/v2\/pages"}],"about":[{"href":"https:\/\/mdsu.se\/en\/wp-json\/wp\/v2\/types\/page"}],"author":[{"embeddable":true,"href":"https:\/\/mdsu.se\/en\/wp-json\/wp\/v2\/users\/9"}],"replies":[{"embeddable":true,"href":"https:\/\/mdsu.se\/en\/wp-json\/wp\/v2\/comments?post=19271"}],"version-history":[{"count":22,"href":"https:\/\/mdsu.se\/en\/wp-json\/wp\/v2\/pages\/19271\/revisions"}],"predecessor-version":[{"id":22374,"href":"https:\/\/mdsu.se\/en\/wp-json\/wp\/v2\/pages\/19271\/revisions\/22374"}],"up":[{"embeddable":true,"href":"https:\/\/mdsu.se\/en\/wp-json\/wp\/v2\/pages\/6402"}],"wp:attachment":[{"href":"https:\/\/mdsu.se\/en\/wp-json\/wp\/v2\/media?parent=19271"}],"curies":[{"name":"wp","href":"https:\/\/api.w.org\/{rel}","templated":true}]}}