{"id":19252,"date":"2023-07-22T15:07:43","date_gmt":"2023-07-22T13:07:43","guid":{"rendered":"https:\/\/mdsu.se\/about-mdsu\/our-structure\/siec\/"},"modified":"2024-12-10T12:57:07","modified_gmt":"2024-12-10T11:57:07","slug":"siec","status":"publish","type":"page","link":"https:\/\/mdsu.se\/en\/about-mdsu\/siec\/","title":{"rendered":"SIEC"},"content":{"rendered":"<div class=\"wpb-content-wrapper\"><p>[vc_row][vc_column css=&#8221;.vc_custom_1690031199792{padding-right: 15px !important;padding-left: 15px !important;background-color: #ffffff !important;}&#8221;][vc_single_image image=&#8221;21445&#8243; img_size=&#8221;full&#8221;][vc_column_text]<span data-contrast=\"auto\">Please note that this iste is under construction and more information will come soon. <\/span><\/p>\n<p><span style=\"font-size: 14pt;\">Student representative is one of the main and crucial aspects of our organization. Student Influence Education Committee (SIEC) was created in October 2022 to improve our influence and impact on M\u00e4lardalen University (MDU).\u00a0 \u00a0<\/span><br \/>\n<span style=\"font-size: 14pt;\">\u00a0<\/span><br \/>\n<span style=\"font-size: 14pt;\">The main goal for this committee is to have the opportunity to inform all student representatives about an issue that can be brought up in multiple councils so that we as students can collectively push a certain issue together and have more influence over our education. It is also to improve the insight that the union, students, and program associations have on the university\u2019s student influence process.\u00a0\u00a0<\/span><\/p>\n<p><span style=\"font-size: 14pt;\">The meeting is for all active student representatives at MDU as well as all the program associations\u2019 head of education. The meetings are held by our vice chairman for education, head of education and head of study environment once a month.\u00a0\u00a0<\/span><\/p>\n<p><span style=\"font-size: 14pt;\">We strongly believe this committee will act as a platform to collect students\u2019 opinions on university\/education issues as well as an opportunity for us at the union to identify injustice or mistreatment towards students at MDU.\u00a0\u00a0<\/span><\/p>\n<p><span style=\"font-size: 14pt;\">If you want to read more about student influence or study environment etc. please read here: <a href=\"https:\/\/mdsu.se\/en\/student\/your-education\/\">Your education<\/a><\/span><br \/>\n<span style=\"font-size: 14pt;\">\u00a0<\/span><br \/>\n<span style=\"font-size: 14pt;\" data-contrast=\"auto\">If you have any questions regarding SIEC or student influence, please contact our <a href=\"https:\/\/mdsu.se\/en\/about-mdsu\/contact\/\">Head of Education<\/a><\/span><\/p>\n<p><span style=\"font-size: 14pt;\" data-contrast=\"auto\">If you have interest in becoming a student representative, read more<a href=\"https:\/\/mdsu.se\/en\/student\/your-education\/student-influence\/\"> here\u00a0<\/a><\/span>[\/vc_column_text][\/vc_column][\/vc_row][vc_row height=&#8221;30px&#8221;][vc_column][vc_empty_space height=&#8221;30px&#8221;][\/vc_column][\/vc_row]<\/p>\n<\/div>","protected":false},"excerpt":{"rendered":"<p>[vc_row][vc_column css=&#8221;.vc_custom_1690031199792{padding-right: 15px !important;padding-left: 15px !important;background-color: #ffffff !important;}&#8221;][vc_single_image image=&#8221;21445&#8243; img_size=&#8221;full&#8221;][vc_column_text]Please note that this iste is under construction and more information will come soon. Student representative is one of the main&hellip;&nbsp;<a href=\"https:\/\/mdsu.se\/en\/about-mdsu\/siec\/\" class=\"\" rel=\"bookmark\">Read More &raquo;<span class=\"screen-reader-text\">SIEC<\/span><\/a><\/p>\n","protected":false},"author":9,"featured_media":0,"parent":6402,"menu_order":0,"comment_status":"closed","ping_status":"closed","template":"","meta":{"neve_meta_sidebar":"","neve_meta_container":"","neve_meta_enable_content_width":"off","neve_meta_content_width":100,"neve_meta_title_alignment":"","neve_meta_author_avatar":"","neve_post_elements_order":"","neve_meta_disable_header":"","neve_meta_disable_footer":"","neve_meta_disable_title":"","_EventAllDay":false,"_EventTimezone":"","_EventStartDate":"","_EventEndDate":"","_EventStartDateUTC":"","_EventEndDateUTC":"","_EventShowMap":false,"_EventShowMapLink":false,"_EventURL":"","_EventCost":"","_EventCostDescription":"","_EventCurrencySymbol":"","_EventCurrencyCode":"","_EventCurrencyPosition":"","_EventDateTimeSeparator":"","_EventTimeRangeSeparator":"","_EventOrganizerID":[],"_EventVenueID":[],"_OrganizerEmail":"","_OrganizerPhone":"","_OrganizerWebsite":"","_VenueAddress":"","_VenueCity":"","_VenueCountry":"","_VenueProvince":"","_VenueState":"","_VenueZip":"","_VenuePhone":"","_VenueURL":"","_VenueStateProvince":"","_VenueLat":"","_VenueLng":"","_VenueShowMap":false,"_VenueShowMapLink":false,"footnotes":""},"yoast_head":"<!-- This site is optimized with the Yoast SEO plugin v21.6 - https:\/\/yoast.com\/wordpress\/plugins\/seo\/ -->\n<title>SIEC - M\u00e4lardalens studentk\u00e5r<\/title>\n<meta name=\"robots\" content=\"index, follow, max-snippet:-1, max-image-preview:large, max-video-preview:-1\" \/>\n<link rel=\"canonical\" href=\"https:\/\/mdsu.se\/om-mdsu\/siec\/\" \/>\n<meta property=\"og:locale\" content=\"en_US\" \/>\n<meta property=\"og:type\" content=\"article\" \/>\n<meta property=\"og:title\" content=\"SIEC - M\u00e4lardalens studentk\u00e5r\" \/>\n<meta property=\"og:description\" content=\"[vc_row][vc_column css=&#8221;.vc_custom_1690031199792{padding-right: 15px !important;padding-left: 15px !important;background-color: #ffffff !important;}&#8221;][vc_single_image image=&#8221;21445&#8243; img_size=&#8221;full&#8221;][vc_column_text]Please note that this iste is under construction and more information will come soon. Student representative is one of the main&hellip;&nbsp;Read More &raquo;SIEC\" \/>\n<meta property=\"og:url\" content=\"https:\/\/mdsu.se\/om-mdsu\/siec\/\" \/>\n<meta property=\"og:site_name\" content=\"M\u00e4lardalens studentk\u00e5r\" \/>\n<meta property=\"article:publisher\" content=\"https:\/\/www.facebook.com\/malardalens.studentkar\" \/>\n<meta property=\"article:modified_time\" content=\"2024-12-10T11:57:07+00:00\" \/>\n<meta name=\"twitter:card\" content=\"summary_large_image\" \/>\n<meta name=\"twitter:label1\" content=\"Est. reading time\" \/>\n\t<meta name=\"twitter:data1\" content=\"1 minute\" \/>\n<script type=\"application\/ld+json\" class=\"yoast-schema-graph\">{\"@context\":\"https:\/\/schema.org\",\"@graph\":[{\"@type\":\"WebPage\",\"@id\":\"https:\/\/mdsu.se\/om-mdsu\/siec\/\",\"url\":\"https:\/\/mdsu.se\/om-mdsu\/siec\/\",\"name\":\"SIEC - M\u00e4lardalens studentk\u00e5r\",\"isPartOf\":{\"@id\":\"https:\/\/mdsu.se\/#website\"},\"datePublished\":\"2023-07-22T13:07:43+00:00\",\"dateModified\":\"2024-12-10T11:57:07+00:00\",\"breadcrumb\":{\"@id\":\"https:\/\/mdsu.se\/om-mdsu\/siec\/#breadcrumb\"},\"inLanguage\":\"en-US\",\"potentialAction\":[{\"@type\":\"ReadAction\",\"target\":[\"https:\/\/mdsu.se\/om-mdsu\/siec\/\"]}]},{\"@type\":\"BreadcrumbList\",\"@id\":\"https:\/\/mdsu.se\/om-mdsu\/siec\/#breadcrumb\",\"itemListElement\":[{\"@type\":\"ListItem\",\"position\":1,\"name\":\"Hem\",\"item\":\"https:\/\/mdsu.se\/en\/\"},{\"@type\":\"ListItem\",\"position\":2,\"name\":\"About MDSU\",\"item\":\"https:\/\/mdsu.se\/en\/about-mdsu\/\"},{\"@type\":\"ListItem\",\"position\":3,\"name\":\"SIEC\"}]},{\"@type\":\"WebSite\",\"@id\":\"https:\/\/mdsu.se\/#website\",\"url\":\"https:\/\/mdsu.se\/\",\"name\":\"M\u00e4lardalens studentk\u00e5r\",\"description\":\"Den officiella studentk\u00e5ren vid M\u00e4lardalens h\u00f6gskola (MDH)\",\"publisher\":{\"@id\":\"https:\/\/mdsu.se\/#organization\"},\"potentialAction\":[{\"@type\":\"SearchAction\",\"target\":{\"@type\":\"EntryPoint\",\"urlTemplate\":\"https:\/\/mdsu.se\/?s={search_term_string}\"},\"query-input\":\"required name=search_term_string\"}],\"inLanguage\":\"en-US\"},{\"@type\":\"Organization\",\"@id\":\"https:\/\/mdsu.se\/#organization\",\"name\":\"M\u00e4lardalens Studentk\u00e5r\",\"url\":\"https:\/\/mdsu.se\/\",\"logo\":{\"@type\":\"ImageObject\",\"inLanguage\":\"en-US\",\"@id\":\"https:\/\/mdsu.se\/#\/schema\/logo\/image\/\",\"url\":\"https:\/\/mdsu.se\/wp-content\/uploads\/2019\/06\/Rektangel-standard.png\",\"contentUrl\":\"https:\/\/mdsu.se\/wp-content\/uploads\/2019\/06\/Rektangel-standard.png\",\"width\":1397,\"height\":262,\"caption\":\"M\u00e4lardalens Studentk\u00e5r\"},\"image\":{\"@id\":\"https:\/\/mdsu.se\/#\/schema\/logo\/image\/\"},\"sameAs\":[\"https:\/\/www.facebook.com\/malardalens.studentkar\",\"https:\/\/www.instagram.com\/malardalensstudentkar\/\"]}]}<\/script>\n<!-- \/ Yoast SEO plugin. -->","yoast_head_json":{"title":"SIEC - M\u00e4lardalens studentk\u00e5r","robots":{"index":"index","follow":"follow","max-snippet":"max-snippet:-1","max-image-preview":"max-image-preview:large","max-video-preview":"max-video-preview:-1"},"canonical":"https:\/\/mdsu.se\/om-mdsu\/siec\/","og_locale":"en_US","og_type":"article","og_title":"SIEC - M\u00e4lardalens studentk\u00e5r","og_description":"[vc_row][vc_column css=&#8221;.vc_custom_1690031199792{padding-right: 15px !important;padding-left: 15px !important;background-color: #ffffff !important;}&#8221;][vc_single_image image=&#8221;21445&#8243; img_size=&#8221;full&#8221;][vc_column_text]Please note that this iste is under construction and more information will come soon. Student representative is one of the main&hellip;&nbsp;Read More &raquo;SIEC","og_url":"https:\/\/mdsu.se\/om-mdsu\/siec\/","og_site_name":"M\u00e4lardalens studentk\u00e5r","article_publisher":"https:\/\/www.facebook.com\/malardalens.studentkar","article_modified_time":"2024-12-10T11:57:07+00:00","twitter_card":"summary_large_image","twitter_misc":{"Est. reading time":"1 minute"},"schema":{"@context":"https:\/\/schema.org","@graph":[{"@type":"WebPage","@id":"https:\/\/mdsu.se\/om-mdsu\/siec\/","url":"https:\/\/mdsu.se\/om-mdsu\/siec\/","name":"SIEC - M\u00e4lardalens studentk\u00e5r","isPartOf":{"@id":"https:\/\/mdsu.se\/#website"},"datePublished":"2023-07-22T13:07:43+00:00","dateModified":"2024-12-10T11:57:07+00:00","breadcrumb":{"@id":"https:\/\/mdsu.se\/om-mdsu\/siec\/#breadcrumb"},"inLanguage":"en-US","potentialAction":[{"@type":"ReadAction","target":["https:\/\/mdsu.se\/om-mdsu\/siec\/"]}]},{"@type":"BreadcrumbList","@id":"https:\/\/mdsu.se\/om-mdsu\/siec\/#breadcrumb","itemListElement":[{"@type":"ListItem","position":1,"name":"Hem","item":"https:\/\/mdsu.se\/en\/"},{"@type":"ListItem","position":2,"name":"About MDSU","item":"https:\/\/mdsu.se\/en\/about-mdsu\/"},{"@type":"ListItem","position":3,"name":"SIEC"}]},{"@type":"WebSite","@id":"https:\/\/mdsu.se\/#website","url":"https:\/\/mdsu.se\/","name":"M\u00e4lardalens studentk\u00e5r","description":"Den officiella studentk\u00e5ren vid M\u00e4lardalens h\u00f6gskola (MDH)","publisher":{"@id":"https:\/\/mdsu.se\/#organization"},"potentialAction":[{"@type":"SearchAction","target":{"@type":"EntryPoint","urlTemplate":"https:\/\/mdsu.se\/?s={search_term_string}"},"query-input":"required name=search_term_string"}],"inLanguage":"en-US"},{"@type":"Organization","@id":"https:\/\/mdsu.se\/#organization","name":"M\u00e4lardalens Studentk\u00e5r","url":"https:\/\/mdsu.se\/","logo":{"@type":"ImageObject","inLanguage":"en-US","@id":"https:\/\/mdsu.se\/#\/schema\/logo\/image\/","url":"https:\/\/mdsu.se\/wp-content\/uploads\/2019\/06\/Rektangel-standard.png","contentUrl":"https:\/\/mdsu.se\/wp-content\/uploads\/2019\/06\/Rektangel-standard.png","width":1397,"height":262,"caption":"M\u00e4lardalens Studentk\u00e5r"},"image":{"@id":"https:\/\/mdsu.se\/#\/schema\/logo\/image\/"},"sameAs":["https:\/\/www.facebook.com\/malardalens.studentkar","https:\/\/www.instagram.com\/malardalensstudentkar\/"]}]}},"_links":{"self":[{"href":"https:\/\/mdsu.se\/en\/wp-json\/wp\/v2\/pages\/19252"}],"collection":[{"href":"https:\/\/mdsu.se\/en\/wp-json\/wp\/v2\/pages"}],"about":[{"href":"https:\/\/mdsu.se\/en\/wp-json\/wp\/v2\/types\/page"}],"author":[{"embeddable":true,"href":"https:\/\/mdsu.se\/en\/wp-json\/wp\/v2\/users\/9"}],"replies":[{"embeddable":true,"href":"https:\/\/mdsu.se\/en\/wp-json\/wp\/v2\/comments?post=19252"}],"version-history":[{"count":3,"href":"https:\/\/mdsu.se\/en\/wp-json\/wp\/v2\/pages\/19252\/revisions"}],"predecessor-version":[{"id":21446,"href":"https:\/\/mdsu.se\/en\/wp-json\/wp\/v2\/pages\/19252\/revisions\/21446"}],"up":[{"embeddable":true,"href":"https:\/\/mdsu.se\/en\/wp-json\/wp\/v2\/pages\/6402"}],"wp:attachment":[{"href":"https:\/\/mdsu.se\/en\/wp-json\/wp\/v2\/media?parent=19252"}],"curies":[{"name":"wp","href":"https:\/\/api.w.org\/{rel}","templated":true}]}}