{"id":19178,"date":"2023-07-12T15:57:34","date_gmt":"2023-07-12T13:57:34","guid":{"rendered":"https:\/\/mdsu.se\/business-relations\/lunchforelasning\/"},"modified":"2024-08-21T15:11:59","modified_gmt":"2024-08-21T13:11:59","slug":"lunch-lecture","status":"publish","type":"page","link":"https:\/\/mdsu.se\/en\/business-alumni\/lunch-lecture\/","title":{"rendered":"Lunch lecture"},"content":{"rendered":"<div class=\"wpb-content-wrapper\"><p>[vc_row][vc_column css=&#8221;.vc_custom_1689170233561{padding-right: 15px !important;padding-left: 15px !important;background-color: #ffffff !important;}&#8221;][vc_column_text]<\/p>\n<h1>Lunchtime lecture<\/h1>\n<p id=\"tw-target-text\" class=\"tw-data-text tw-text-large tw-ta\" dir=\"ltr\" data-placeholder=\"\u00d6vers\u00e4ttning\" aria-label=\"\u00d6versatt text\" data-ved=\"2ahUKEwjytdqXlIaIAxW1QVUIHZbAFkQQ3ewLegQIBxAU\"><span class=\"Y2IQFc\" lang=\"en\">Are you a company or lecturer? You are warmly welcome to hold a lunchtime lecture at MDU. A lunch lecture can be about your company, perhaps you want to talk about a new innovation project or what it&#8217;s like to work as an ambulance paramedic? Perhaps you are a workers union that wants to show that you are there for the students when they are in the middle of working life? Invite the students to lunch and tell them about you.<br \/>\nBook a lunchtime lecture by contacting the Business Relations manager. We can also help you with catering options for your lecture.<\/span><\/p>\n<p><a href=\"https:\/\/mdsu.se\/wp-content\/uploads\/2024\/07\/faisal_edited.png\"><img loading=\"lazy\" decoding=\"async\" class=\"wp-image-20934 size-medium aligncenter\" src=\"https:\/\/mdsu.se\/wp-content\/uploads\/2024\/07\/faisal_edited-244x300.png\" alt=\"\" width=\"244\" height=\"300\" srcset=\"https:\/\/mdsu.se\/wp-content\/uploads\/2024\/07\/faisal_edited-244x300.png 244w, https:\/\/mdsu.se\/wp-content\/uploads\/2024\/07\/faisal_edited-833x1024.png 833w, https:\/\/mdsu.se\/wp-content\/uploads\/2024\/07\/faisal_edited-768x944.png 768w, https:\/\/mdsu.se\/wp-content\/uploads\/2024\/07\/faisal_edited-1250x1536.png 1250w, https:\/\/mdsu.se\/wp-content\/uploads\/2024\/07\/faisal_edited-1667x2048.png 1667w, https:\/\/mdsu.se\/wp-content\/uploads\/2024\/07\/faisal_edited.png 1874w\" sizes=\"(max-width: 244px) 100vw, 244px\" \/><\/a><\/p>\n<p style=\"text-align: center;\"><strong>Faisal Fitri\u00a0<\/strong><\/p>\n<p style=\"text-align: center;\">Business Relations manager<br \/>\n<a href=\"mailto:naringsliv@mdsu.se\">naringsliv@mdsu.se<\/a> \/ 073-059 70 65<\/p>\n<p>[\/vc_column_text][\/vc_column][\/vc_row][vc_row][vc_column][vc_empty_space height=&#8221;30px&#8221;][\/vc_column][\/vc_row]<\/p>\n<\/div>","protected":false},"excerpt":{"rendered":"<p>[vc_row][vc_column css=&#8221;.vc_custom_1689170233561{padding-right: 15px !important;padding-left: 15px !important;background-color: #ffffff !important;}&#8221;][vc_column_text] Lunchtime lecture Are you a company or lecturer? You are warmly welcome to hold a lunchtime lecture at MDU. A lunch lecture&hellip;&nbsp;<a href=\"https:\/\/mdsu.se\/en\/business-alumni\/lunch-lecture\/\" class=\"\" rel=\"bookmark\">Read More &raquo;<span class=\"screen-reader-text\">Lunch lecture<\/span><\/a><\/p>\n","protected":false},"author":9,"featured_media":0,"parent":12223,"menu_order":0,"comment_status":"closed","ping_status":"closed","template":"","meta":{"neve_meta_sidebar":"","neve_meta_container":"","neve_meta_enable_content_width":"off","neve_meta_content_width":100,"neve_meta_title_alignment":"","neve_meta_author_avatar":"","neve_post_elements_order":"","neve_meta_disable_header":"","neve_meta_disable_footer":"","neve_meta_disable_title":"","_EventAllDay":false,"_EventTimezone":"","_EventStartDate":"","_EventEndDate":"","_EventStartDateUTC":"","_EventEndDateUTC":"","_EventShowMap":false,"_EventShowMapLink":false,"_EventURL":"","_EventCost":"","_EventCostDescription":"","_EventCurrencySymbol":"","_EventCurrencyCode":"","_EventCurrencyPosition":"","_EventDateTimeSeparator":"","_EventTimeRangeSeparator":"","_EventOrganizerID":[],"_EventVenueID":[],"_OrganizerEmail":"","_OrganizerPhone":"","_OrganizerWebsite":"","_VenueAddress":"","_VenueCity":"","_VenueCountry":"","_VenueProvince":"","_VenueState":"","_VenueZip":"","_VenuePhone":"","_VenueURL":"","_VenueStateProvince":"","_VenueLat":"","_VenueLng":"","_VenueShowMap":false,"_VenueShowMapLink":false,"footnotes":""},"yoast_head":"<!-- This site is optimized with the Yoast SEO plugin v21.6 - https:\/\/yoast.com\/wordpress\/plugins\/seo\/ -->\n<title>Lunch lecture - M\u00e4lardalens studentk\u00e5r<\/title>\n<meta name=\"robots\" content=\"index, follow, max-snippet:-1, max-image-preview:large, max-video-preview:-1\" \/>\n<link rel=\"canonical\" href=\"https:\/\/mdsu.se\/foretag-alumner\/lunchforelasning\/\" \/>\n<meta property=\"og:locale\" content=\"en_US\" \/>\n<meta property=\"og:type\" content=\"article\" \/>\n<meta property=\"og:title\" content=\"Lunch lecture - M\u00e4lardalens studentk\u00e5r\" \/>\n<meta property=\"og:description\" content=\"[vc_row][vc_column css=&#8221;.vc_custom_1689170233561{padding-right: 15px !important;padding-left: 15px !important;background-color: #ffffff !important;}&#8221;][vc_column_text] Lunchtime lecture Are you a company or lecturer? You are warmly welcome to hold a lunchtime lecture at MDU. A lunch lecture&hellip;&nbsp;Read More &raquo;Lunch lecture\" \/>\n<meta property=\"og:url\" content=\"https:\/\/mdsu.se\/foretag-alumner\/lunchforelasning\/\" \/>\n<meta property=\"og:site_name\" content=\"M\u00e4lardalens studentk\u00e5r\" \/>\n<meta property=\"article:publisher\" content=\"https:\/\/www.facebook.com\/malardalens.studentkar\" \/>\n<meta property=\"article:modified_time\" content=\"2024-08-21T13:11:59+00:00\" \/>\n<meta property=\"og:image\" content=\"https:\/\/mdsu.se\/wp-content\/uploads\/2024\/07\/faisal_edited-244x300.png\" \/>\n<meta name=\"twitter:card\" content=\"summary_large_image\" \/>\n<meta name=\"twitter:label1\" content=\"Est. reading time\" \/>\n\t<meta name=\"twitter:data1\" content=\"1 minute\" \/>\n<script type=\"application\/ld+json\" class=\"yoast-schema-graph\">{\"@context\":\"https:\/\/schema.org\",\"@graph\":[{\"@type\":\"WebPage\",\"@id\":\"https:\/\/mdsu.se\/foretag-alumner\/lunchforelasning\/\",\"url\":\"https:\/\/mdsu.se\/foretag-alumner\/lunchforelasning\/\",\"name\":\"Lunch lecture - M\u00e4lardalens studentk\u00e5r\",\"isPartOf\":{\"@id\":\"https:\/\/mdsu.se\/#website\"},\"datePublished\":\"2023-07-12T13:57:34+00:00\",\"dateModified\":\"2024-08-21T13:11:59+00:00\",\"breadcrumb\":{\"@id\":\"https:\/\/mdsu.se\/foretag-alumner\/lunchforelasning\/#breadcrumb\"},\"inLanguage\":\"en-US\",\"potentialAction\":[{\"@type\":\"ReadAction\",\"target\":[\"https:\/\/mdsu.se\/foretag-alumner\/lunchforelasning\/\"]}]},{\"@type\":\"BreadcrumbList\",\"@id\":\"https:\/\/mdsu.se\/foretag-alumner\/lunchforelasning\/#breadcrumb\",\"itemListElement\":[{\"@type\":\"ListItem\",\"position\":1,\"name\":\"Hem\",\"item\":\"https:\/\/mdsu.se\/\"},{\"@type\":\"ListItem\",\"position\":2,\"name\":\"Businesses &#038; Alumni\",\"item\":\"https:\/\/mdsu.se\/en\/business-alumni\/\"},{\"@type\":\"ListItem\",\"position\":3,\"name\":\"Lunch lecture\"}]},{\"@type\":\"WebSite\",\"@id\":\"https:\/\/mdsu.se\/#website\",\"url\":\"https:\/\/mdsu.se\/\",\"name\":\"M\u00e4lardalens studentk\u00e5r\",\"description\":\"Den officiella studentk\u00e5ren vid M\u00e4lardalens h\u00f6gskola (MDH)\",\"publisher\":{\"@id\":\"https:\/\/mdsu.se\/#organization\"},\"potentialAction\":[{\"@type\":\"SearchAction\",\"target\":{\"@type\":\"EntryPoint\",\"urlTemplate\":\"https:\/\/mdsu.se\/?s={search_term_string}\"},\"query-input\":\"required name=search_term_string\"}],\"inLanguage\":\"en-US\"},{\"@type\":\"Organization\",\"@id\":\"https:\/\/mdsu.se\/#organization\",\"name\":\"M\u00e4lardalens Studentk\u00e5r\",\"url\":\"https:\/\/mdsu.se\/\",\"logo\":{\"@type\":\"ImageObject\",\"inLanguage\":\"en-US\",\"@id\":\"https:\/\/mdsu.se\/#\/schema\/logo\/image\/\",\"url\":\"https:\/\/mdsu.se\/wp-content\/uploads\/2019\/06\/Rektangel-standard.png\",\"contentUrl\":\"https:\/\/mdsu.se\/wp-content\/uploads\/2019\/06\/Rektangel-standard.png\",\"width\":1397,\"height\":262,\"caption\":\"M\u00e4lardalens Studentk\u00e5r\"},\"image\":{\"@id\":\"https:\/\/mdsu.se\/#\/schema\/logo\/image\/\"},\"sameAs\":[\"https:\/\/www.facebook.com\/malardalens.studentkar\",\"https:\/\/www.instagram.com\/malardalensstudentkar\/\"]}]}<\/script>\n<!-- \/ Yoast SEO plugin. -->","yoast_head_json":{"title":"Lunch lecture - M\u00e4lardalens studentk\u00e5r","robots":{"index":"index","follow":"follow","max-snippet":"max-snippet:-1","max-image-preview":"max-image-preview:large","max-video-preview":"max-video-preview:-1"},"canonical":"https:\/\/mdsu.se\/foretag-alumner\/lunchforelasning\/","og_locale":"en_US","og_type":"article","og_title":"Lunch lecture - M\u00e4lardalens studentk\u00e5r","og_description":"[vc_row][vc_column css=&#8221;.vc_custom_1689170233561{padding-right: 15px !important;padding-left: 15px !important;background-color: #ffffff !important;}&#8221;][vc_column_text] Lunchtime lecture Are you a company or lecturer? You are warmly welcome to hold a lunchtime lecture at MDU. A lunch lecture&hellip;&nbsp;Read More &raquo;Lunch lecture","og_url":"https:\/\/mdsu.se\/foretag-alumner\/lunchforelasning\/","og_site_name":"M\u00e4lardalens studentk\u00e5r","article_publisher":"https:\/\/www.facebook.com\/malardalens.studentkar","article_modified_time":"2024-08-21T13:11:59+00:00","og_image":[{"url":"https:\/\/mdsu.se\/wp-content\/uploads\/2024\/07\/faisal_edited-244x300.png"}],"twitter_card":"summary_large_image","twitter_misc":{"Est. reading time":"1 minute"},"schema":{"@context":"https:\/\/schema.org","@graph":[{"@type":"WebPage","@id":"https:\/\/mdsu.se\/foretag-alumner\/lunchforelasning\/","url":"https:\/\/mdsu.se\/foretag-alumner\/lunchforelasning\/","name":"Lunch lecture - M\u00e4lardalens studentk\u00e5r","isPartOf":{"@id":"https:\/\/mdsu.se\/#website"},"datePublished":"2023-07-12T13:57:34+00:00","dateModified":"2024-08-21T13:11:59+00:00","breadcrumb":{"@id":"https:\/\/mdsu.se\/foretag-alumner\/lunchforelasning\/#breadcrumb"},"inLanguage":"en-US","potentialAction":[{"@type":"ReadAction","target":["https:\/\/mdsu.se\/foretag-alumner\/lunchforelasning\/"]}]},{"@type":"BreadcrumbList","@id":"https:\/\/mdsu.se\/foretag-alumner\/lunchforelasning\/#breadcrumb","itemListElement":[{"@type":"ListItem","position":1,"name":"Hem","item":"https:\/\/mdsu.se\/"},{"@type":"ListItem","position":2,"name":"Businesses &#038; Alumni","item":"https:\/\/mdsu.se\/en\/business-alumni\/"},{"@type":"ListItem","position":3,"name":"Lunch lecture"}]},{"@type":"WebSite","@id":"https:\/\/mdsu.se\/#website","url":"https:\/\/mdsu.se\/","name":"M\u00e4lardalens studentk\u00e5r","description":"Den officiella studentk\u00e5ren vid M\u00e4lardalens h\u00f6gskola (MDH)","publisher":{"@id":"https:\/\/mdsu.se\/#organization"},"potentialAction":[{"@type":"SearchAction","target":{"@type":"EntryPoint","urlTemplate":"https:\/\/mdsu.se\/?s={search_term_string}"},"query-input":"required name=search_term_string"}],"inLanguage":"en-US"},{"@type":"Organization","@id":"https:\/\/mdsu.se\/#organization","name":"M\u00e4lardalens Studentk\u00e5r","url":"https:\/\/mdsu.se\/","logo":{"@type":"ImageObject","inLanguage":"en-US","@id":"https:\/\/mdsu.se\/#\/schema\/logo\/image\/","url":"https:\/\/mdsu.se\/wp-content\/uploads\/2019\/06\/Rektangel-standard.png","contentUrl":"https:\/\/mdsu.se\/wp-content\/uploads\/2019\/06\/Rektangel-standard.png","width":1397,"height":262,"caption":"M\u00e4lardalens Studentk\u00e5r"},"image":{"@id":"https:\/\/mdsu.se\/#\/schema\/logo\/image\/"},"sameAs":["https:\/\/www.facebook.com\/malardalens.studentkar","https:\/\/www.instagram.com\/malardalensstudentkar\/"]}]}},"_links":{"self":[{"href":"https:\/\/mdsu.se\/en\/wp-json\/wp\/v2\/pages\/19178"}],"collection":[{"href":"https:\/\/mdsu.se\/en\/wp-json\/wp\/v2\/pages"}],"about":[{"href":"https:\/\/mdsu.se\/en\/wp-json\/wp\/v2\/types\/page"}],"author":[{"embeddable":true,"href":"https:\/\/mdsu.se\/en\/wp-json\/wp\/v2\/users\/9"}],"replies":[{"embeddable":true,"href":"https:\/\/mdsu.se\/en\/wp-json\/wp\/v2\/comments?post=19178"}],"version-history":[{"count":2,"href":"https:\/\/mdsu.se\/en\/wp-json\/wp\/v2\/pages\/19178\/revisions"}],"predecessor-version":[{"id":21028,"href":"https:\/\/mdsu.se\/en\/wp-json\/wp\/v2\/pages\/19178\/revisions\/21028"}],"up":[{"embeddable":true,"href":"https:\/\/mdsu.se\/en\/wp-json\/wp\/v2\/pages\/12223"}],"wp:attachment":[{"href":"https:\/\/mdsu.se\/en\/wp-json\/wp\/v2\/media?parent=19178"}],"curies":[{"name":"wp","href":"https:\/\/api.w.org\/{rel}","templated":true}]}}