{"id":19175,"date":"2023-07-12T15:56:07","date_gmt":"2023-07-12T13:56:07","guid":{"rendered":"https:\/\/mdsu.se\/business-relations\/sta-pa-campus\/"},"modified":"2023-07-21T22:50:23","modified_gmt":"2023-07-21T20:50:23","slug":"stand-on-campus","status":"publish","type":"page","link":"https:\/\/mdsu.se\/en\/business-alumni\/stand-on-campus\/","title":{"rendered":"Stand on campus"},"content":{"rendered":"<div class=\"wpb-content-wrapper\"><p>[vc_row][vc_column css=&#8221;.vc_custom_1689170158289{padding-right: 15px !important;padding-left: 15px !important;background-color: #ffffff !important;}&#8221;][vc_column_text]<\/p>\n<div class=\"wpb_text_column wpb_content_element \">\n<div class=\"wpb_wrapper\">\n<p>&nbsp;<\/p>\n<p>&nbsp;<\/p>\n<\/div>\n<\/div>\n<div class=\"vc_toggle vc_toggle_arrow vc_toggle_color_default vc_toggle_size_md\">\n<div class=\"vc_toggle_title\">\n<p>M\u00e4lardalen&#8217;s Student Union wants to be able to give the students at M\u00e4lardalen University as many chances as possible to make contacts for the future. For you as a company, this means that it is possible to book various forms of events and activities through us.<\/p>\n<p><strong>Booth spaces<\/strong> On campuses in Eskilstuna and V\u00e4ster\u00e5s, we have our K\u00e5rtorg which companies can rent. In connection with a visit, you can choose any tables, chairs and also order coffee or fika from our caf\u00e9 to your stand.<\/p>\n<p><strong>Lunch Lectures<\/strong> The most requested type of event we offer are lunch lectures. It has long been known that students love free. In connection with a lecture or a company presentation, we therefore offer tasty and filling lunch baguettes from our own caf\u00e9. The event is held over lunch and therefore rarely clashes with other lectures or seminars.<\/p>\n<p><strong>Events in the Union House<\/strong> There are several different opportunities in our Union House. If, for example, you would like to organize a case evening with a taco buffet, a presentation or a larger event with stage possibilities, we have unique premises that are suitable for both smaller and larger events.<\/p>\n<\/div>\n<\/div>\n<p>[\/vc_column_text][\/vc_column][\/vc_row][vc_row][vc_column][vc_empty_space height=&#8221;30px&#8221;][\/vc_column][\/vc_row]<\/p>\n<\/div>","protected":false},"excerpt":{"rendered":"<p>[vc_row][vc_column css=&#8221;.vc_custom_1689170158289{padding-right: 15px !important;padding-left: 15px !important;background-color: #ffffff !important;}&#8221;][vc_column_text] &nbsp; &nbsp; M\u00e4lardalen&#8217;s Student Union wants to be able to give the students at M\u00e4lardalen University as many chances as possible to&hellip;&nbsp;<a href=\"https:\/\/mdsu.se\/en\/business-alumni\/stand-on-campus\/\" class=\"\" rel=\"bookmark\">Read More &raquo;<span class=\"screen-reader-text\">Stand on campus<\/span><\/a><\/p>\n","protected":false},"author":9,"featured_media":0,"parent":12223,"menu_order":0,"comment_status":"closed","ping_status":"closed","template":"","meta":{"neve_meta_sidebar":"","neve_meta_container":"","neve_meta_enable_content_width":"off","neve_meta_content_width":100,"neve_meta_title_alignment":"","neve_meta_author_avatar":"","neve_post_elements_order":"","neve_meta_disable_header":"","neve_meta_disable_footer":"","neve_meta_disable_title":"","_EventAllDay":false,"_EventTimezone":"","_EventStartDate":"","_EventEndDate":"","_EventStartDateUTC":"","_EventEndDateUTC":"","_EventShowMap":false,"_EventShowMapLink":false,"_EventURL":"","_EventCost":"","_EventCostDescription":"","_EventCurrencySymbol":"","_EventCurrencyCode":"","_EventCurrencyPosition":"","_EventDateTimeSeparator":"","_EventTimeRangeSeparator":"","_EventOrganizerID":[],"_EventVenueID":[],"_OrganizerEmail":"","_OrganizerPhone":"","_OrganizerWebsite":"","_VenueAddress":"","_VenueCity":"","_VenueCountry":"","_VenueProvince":"","_VenueState":"","_VenueZip":"","_VenuePhone":"","_VenueURL":"","_VenueStateProvince":"","_VenueLat":"","_VenueLng":"","_VenueShowMap":false,"_VenueShowMapLink":false,"footnotes":""},"yoast_head":"<!-- This site is optimized with the Yoast SEO plugin v21.6 - https:\/\/yoast.com\/wordpress\/plugins\/seo\/ -->\n<title>Stand on campus - M\u00e4lardalens studentk\u00e5r<\/title>\n<meta name=\"robots\" content=\"index, follow, max-snippet:-1, max-image-preview:large, max-video-preview:-1\" \/>\n<link rel=\"canonical\" href=\"https:\/\/mdsu.se\/en\/business-alumni\/stand-on-campus\/\" \/>\n<meta property=\"og:locale\" content=\"en_US\" \/>\n<meta property=\"og:type\" content=\"article\" \/>\n<meta property=\"og:title\" content=\"Stand on campus - M\u00e4lardalens studentk\u00e5r\" \/>\n<meta property=\"og:description\" content=\"[vc_row][vc_column css=&#8221;.vc_custom_1689170158289{padding-right: 15px !important;padding-left: 15px !important;background-color: #ffffff !important;}&#8221;][vc_column_text] &nbsp; &nbsp; M\u00e4lardalen&#8217;s Student Union wants to be able to give the students at M\u00e4lardalen University as many chances as possible to&hellip;&nbsp;Read More &raquo;Stand on campus\" \/>\n<meta property=\"og:url\" content=\"https:\/\/mdsu.se\/en\/business-alumni\/stand-on-campus\/\" \/>\n<meta property=\"og:site_name\" content=\"M\u00e4lardalens studentk\u00e5r\" \/>\n<meta property=\"article:publisher\" content=\"https:\/\/www.facebook.com\/malardalens.studentkar\" \/>\n<meta property=\"article:modified_time\" content=\"2023-07-21T20:50:23+00:00\" \/>\n<meta name=\"twitter:card\" content=\"summary_large_image\" \/>\n<meta name=\"twitter:label1\" content=\"Est. reading time\" \/>\n\t<meta name=\"twitter:data1\" content=\"2 minutes\" \/>\n<script type=\"application\/ld+json\" class=\"yoast-schema-graph\">{\"@context\":\"https:\/\/schema.org\",\"@graph\":[{\"@type\":\"WebPage\",\"@id\":\"https:\/\/mdsu.se\/en\/business-alumni\/stand-on-campus\/\",\"url\":\"https:\/\/mdsu.se\/en\/business-alumni\/stand-on-campus\/\",\"name\":\"Stand on campus - M\u00e4lardalens studentk\u00e5r\",\"isPartOf\":{\"@id\":\"https:\/\/mdsu.se\/#website\"},\"datePublished\":\"2023-07-12T13:56:07+00:00\",\"dateModified\":\"2023-07-21T20:50:23+00:00\",\"breadcrumb\":{\"@id\":\"https:\/\/mdsu.se\/en\/business-alumni\/stand-on-campus\/#breadcrumb\"},\"inLanguage\":\"en-US\",\"potentialAction\":[{\"@type\":\"ReadAction\",\"target\":[\"https:\/\/mdsu.se\/en\/business-alumni\/stand-on-campus\/\"]}]},{\"@type\":\"BreadcrumbList\",\"@id\":\"https:\/\/mdsu.se\/en\/business-alumni\/stand-on-campus\/#breadcrumb\",\"itemListElement\":[{\"@type\":\"ListItem\",\"position\":1,\"name\":\"Hem\",\"item\":\"https:\/\/mdsu.se\/\"},{\"@type\":\"ListItem\",\"position\":2,\"name\":\"Businesses &#038; Alumni\",\"item\":\"https:\/\/mdsu.se\/en\/business-alumni\/\"},{\"@type\":\"ListItem\",\"position\":3,\"name\":\"Stand on campus\"}]},{\"@type\":\"WebSite\",\"@id\":\"https:\/\/mdsu.se\/#website\",\"url\":\"https:\/\/mdsu.se\/\",\"name\":\"M\u00e4lardalens studentk\u00e5r\",\"description\":\"Den officiella studentk\u00e5ren vid M\u00e4lardalens h\u00f6gskola (MDH)\",\"publisher\":{\"@id\":\"https:\/\/mdsu.se\/#organization\"},\"potentialAction\":[{\"@type\":\"SearchAction\",\"target\":{\"@type\":\"EntryPoint\",\"urlTemplate\":\"https:\/\/mdsu.se\/?s={search_term_string}\"},\"query-input\":\"required name=search_term_string\"}],\"inLanguage\":\"en-US\"},{\"@type\":\"Organization\",\"@id\":\"https:\/\/mdsu.se\/#organization\",\"name\":\"M\u00e4lardalens Studentk\u00e5r\",\"url\":\"https:\/\/mdsu.se\/\",\"logo\":{\"@type\":\"ImageObject\",\"inLanguage\":\"en-US\",\"@id\":\"https:\/\/mdsu.se\/#\/schema\/logo\/image\/\",\"url\":\"https:\/\/mdsu.se\/wp-content\/uploads\/2019\/06\/Rektangel-standard.png\",\"contentUrl\":\"https:\/\/mdsu.se\/wp-content\/uploads\/2019\/06\/Rektangel-standard.png\",\"width\":1397,\"height\":262,\"caption\":\"M\u00e4lardalens Studentk\u00e5r\"},\"image\":{\"@id\":\"https:\/\/mdsu.se\/#\/schema\/logo\/image\/\"},\"sameAs\":[\"https:\/\/www.facebook.com\/malardalens.studentkar\",\"https:\/\/www.instagram.com\/malardalensstudentkar\/\"]}]}<\/script>\n<!-- \/ Yoast SEO plugin. -->","yoast_head_json":{"title":"Stand on campus - M\u00e4lardalens studentk\u00e5r","robots":{"index":"index","follow":"follow","max-snippet":"max-snippet:-1","max-image-preview":"max-image-preview:large","max-video-preview":"max-video-preview:-1"},"canonical":"https:\/\/mdsu.se\/en\/business-alumni\/stand-on-campus\/","og_locale":"en_US","og_type":"article","og_title":"Stand on campus - M\u00e4lardalens studentk\u00e5r","og_description":"[vc_row][vc_column css=&#8221;.vc_custom_1689170158289{padding-right: 15px !important;padding-left: 15px !important;background-color: #ffffff !important;}&#8221;][vc_column_text] &nbsp; &nbsp; M\u00e4lardalen&#8217;s Student Union wants to be able to give the students at M\u00e4lardalen University as many chances as possible to&hellip;&nbsp;Read More &raquo;Stand on campus","og_url":"https:\/\/mdsu.se\/en\/business-alumni\/stand-on-campus\/","og_site_name":"M\u00e4lardalens studentk\u00e5r","article_publisher":"https:\/\/www.facebook.com\/malardalens.studentkar","article_modified_time":"2023-07-21T20:50:23+00:00","twitter_card":"summary_large_image","twitter_misc":{"Est. reading time":"2 minutes"},"schema":{"@context":"https:\/\/schema.org","@graph":[{"@type":"WebPage","@id":"https:\/\/mdsu.se\/en\/business-alumni\/stand-on-campus\/","url":"https:\/\/mdsu.se\/en\/business-alumni\/stand-on-campus\/","name":"Stand on campus - M\u00e4lardalens studentk\u00e5r","isPartOf":{"@id":"https:\/\/mdsu.se\/#website"},"datePublished":"2023-07-12T13:56:07+00:00","dateModified":"2023-07-21T20:50:23+00:00","breadcrumb":{"@id":"https:\/\/mdsu.se\/en\/business-alumni\/stand-on-campus\/#breadcrumb"},"inLanguage":"en-US","potentialAction":[{"@type":"ReadAction","target":["https:\/\/mdsu.se\/en\/business-alumni\/stand-on-campus\/"]}]},{"@type":"BreadcrumbList","@id":"https:\/\/mdsu.se\/en\/business-alumni\/stand-on-campus\/#breadcrumb","itemListElement":[{"@type":"ListItem","position":1,"name":"Hem","item":"https:\/\/mdsu.se\/"},{"@type":"ListItem","position":2,"name":"Businesses &#038; Alumni","item":"https:\/\/mdsu.se\/en\/business-alumni\/"},{"@type":"ListItem","position":3,"name":"Stand on campus"}]},{"@type":"WebSite","@id":"https:\/\/mdsu.se\/#website","url":"https:\/\/mdsu.se\/","name":"M\u00e4lardalens studentk\u00e5r","description":"Den officiella studentk\u00e5ren vid M\u00e4lardalens h\u00f6gskola (MDH)","publisher":{"@id":"https:\/\/mdsu.se\/#organization"},"potentialAction":[{"@type":"SearchAction","target":{"@type":"EntryPoint","urlTemplate":"https:\/\/mdsu.se\/?s={search_term_string}"},"query-input":"required name=search_term_string"}],"inLanguage":"en-US"},{"@type":"Organization","@id":"https:\/\/mdsu.se\/#organization","name":"M\u00e4lardalens Studentk\u00e5r","url":"https:\/\/mdsu.se\/","logo":{"@type":"ImageObject","inLanguage":"en-US","@id":"https:\/\/mdsu.se\/#\/schema\/logo\/image\/","url":"https:\/\/mdsu.se\/wp-content\/uploads\/2019\/06\/Rektangel-standard.png","contentUrl":"https:\/\/mdsu.se\/wp-content\/uploads\/2019\/06\/Rektangel-standard.png","width":1397,"height":262,"caption":"M\u00e4lardalens Studentk\u00e5r"},"image":{"@id":"https:\/\/mdsu.se\/#\/schema\/logo\/image\/"},"sameAs":["https:\/\/www.facebook.com\/malardalens.studentkar","https:\/\/www.instagram.com\/malardalensstudentkar\/"]}]}},"_links":{"self":[{"href":"https:\/\/mdsu.se\/en\/wp-json\/wp\/v2\/pages\/19175"}],"collection":[{"href":"https:\/\/mdsu.se\/en\/wp-json\/wp\/v2\/pages"}],"about":[{"href":"https:\/\/mdsu.se\/en\/wp-json\/wp\/v2\/types\/page"}],"author":[{"embeddable":true,"href":"https:\/\/mdsu.se\/en\/wp-json\/wp\/v2\/users\/9"}],"replies":[{"embeddable":true,"href":"https:\/\/mdsu.se\/en\/wp-json\/wp\/v2\/comments?post=19175"}],"version-history":[{"count":2,"href":"https:\/\/mdsu.se\/en\/wp-json\/wp\/v2\/pages\/19175\/revisions"}],"predecessor-version":[{"id":19212,"href":"https:\/\/mdsu.se\/en\/wp-json\/wp\/v2\/pages\/19175\/revisions\/19212"}],"up":[{"embeddable":true,"href":"https:\/\/mdsu.se\/en\/wp-json\/wp\/v2\/pages\/12223"}],"wp:attachment":[{"href":"https:\/\/mdsu.se\/en\/wp-json\/wp\/v2\/media?parent=19175"}],"curies":[{"name":"wp","href":"https:\/\/api.w.org\/{rel}","templated":true}]}}