{"id":19172,"date":"2023-07-12T15:54:47","date_gmt":"2023-07-12T13:54:47","guid":{"rendered":"https:\/\/mdsu.se\/business-relations\/bli-rabattgivare\/"},"modified":"2024-08-21T15:00:36","modified_gmt":"2024-08-21T13:00:36","slug":"discount-provider","status":"publish","type":"page","link":"https:\/\/mdsu.se\/en\/business-alumni\/discount-provider\/","title":{"rendered":"Become a discount provider"},"content":{"rendered":"<div class=\"wpb-content-wrapper\"><p>[vc_row][vc_column css=&#8221;.vc_custom_1689170070062{padding-right: 15px !important;padding-left: 15px !important;background-color: #ffffff !important;}&#8221;][vc_single_image image=&#8221;19426&#8243; img_size=&#8221;1920&#215;500&#8243; alignment=&#8221;center&#8221; style=&#8221;vc_box_rounded&#8221; css=&#8221;.vc_custom_1690201655424{margin-top: -20px !important;}&#8221;][vc_column_text]<\/p>\n<p style=\"text-align: center;\">You as a discount provider are important to us at M\u00e4lardalen&#8217;s Student Union, together with you we make student life both richer and more fun.<\/p>\n<p style=\"text-align: center;\"><strong>Why should you give our members discounts?<\/strong><\/p>\n<p style=\"text-align: center;\">It benefits you as you reach out to a large customer base and can create lifelong loyalty<\/p>\n<p style=\"text-align: center;\">It benefits the students, who get the wonderful discount and their money to last a little longer<\/p>\n<p style=\"text-align: center;\">It benefits us as a student union as we can attract more members and exercise increased student influence<\/p>\n<p style=\"text-align: center;\"><strong>Interested in becoming a discount provider?<\/strong><\/p>\n<p style=\"text-align: center;\">Contact <a href=\"mailto:naringsliv@mdsu.se\">naringsliv@mdsu.se<\/a><\/p>\n<p>[\/vc_column_text][vc_column_text]<a href=\"https:\/\/mdsu.se\/wp-content\/uploads\/2024\/07\/faisal_edited-1.png\"><img loading=\"lazy\" decoding=\"async\" class=\"aligncenter wp-image-20946 size-medium\" src=\"https:\/\/mdsu.se\/wp-content\/uploads\/2024\/07\/faisal_edited-1-244x300.png\" alt=\"\" width=\"244\" height=\"300\" srcset=\"https:\/\/mdsu.se\/wp-content\/uploads\/2024\/07\/faisal_edited-1-244x300.png 244w, https:\/\/mdsu.se\/wp-content\/uploads\/2024\/07\/faisal_edited-1-833x1024.png 833w, https:\/\/mdsu.se\/wp-content\/uploads\/2024\/07\/faisal_edited-1-768x944.png 768w, https:\/\/mdsu.se\/wp-content\/uploads\/2024\/07\/faisal_edited-1-1250x1536.png 1250w, https:\/\/mdsu.se\/wp-content\/uploads\/2024\/07\/faisal_edited-1-1667x2048.png 1667w, https:\/\/mdsu.se\/wp-content\/uploads\/2024\/07\/faisal_edited-1.png 1874w\" sizes=\"(max-width: 244px) 100vw, 244px\" \/><\/a><\/p>\n<p style=\"text-align: center;\"><span style=\"font-family: 'arial black', sans-serif;\"><strong>Faisal Fitri<\/strong><\/span><\/p>\n<p style=\"text-align: center;\"><span style=\"font-family: arial, helvetica, sans-serif;\"><strong>Business Relations Manager\u00a0<\/strong><\/span><\/p>\n<p style=\"text-align: center;\"><span style=\"font-family: arial, helvetica, sans-serif;\"><strong><a href=\"mailto:naringsliv@mdsu.se\">naringsliv@mdsu.se<\/a> \/ +4673-059 70 65<\/strong><\/span><\/p>\n<p>[\/vc_column_text][\/vc_column][\/vc_row][vc_row][vc_column][vc_empty_space height=&#8221;30px&#8221;][\/vc_column][\/vc_row]<\/p>\n<\/div>","protected":false},"excerpt":{"rendered":"<p>[vc_row][vc_column css=&#8221;.vc_custom_1689170070062{padding-right: 15px !important;padding-left: 15px !important;background-color: #ffffff !important;}&#8221;][vc_single_image image=&#8221;19426&#8243; img_size=&#8221;1920&#215;500&#8243; alignment=&#8221;center&#8221; style=&#8221;vc_box_rounded&#8221; css=&#8221;.vc_custom_1690201655424{margin-top: -20px !important;}&#8221;][vc_column_text] You as a discount provider are important to us at M\u00e4lardalen&#8217;s Student Union, together with&hellip;&nbsp;<a href=\"https:\/\/mdsu.se\/en\/business-alumni\/discount-provider\/\" class=\"\" rel=\"bookmark\">Read More &raquo;<span class=\"screen-reader-text\">Become a discount provider<\/span><\/a><\/p>\n","protected":false},"author":9,"featured_media":0,"parent":12223,"menu_order":0,"comment_status":"closed","ping_status":"closed","template":"","meta":{"neve_meta_sidebar":"","neve_meta_container":"","neve_meta_enable_content_width":"off","neve_meta_content_width":100,"neve_meta_title_alignment":"","neve_meta_author_avatar":"","neve_post_elements_order":"","neve_meta_disable_header":"","neve_meta_disable_footer":"","neve_meta_disable_title":"","_EventAllDay":false,"_EventTimezone":"","_EventStartDate":"","_EventEndDate":"","_EventStartDateUTC":"","_EventEndDateUTC":"","_EventShowMap":false,"_EventShowMapLink":false,"_EventURL":"","_EventCost":"","_EventCostDescription":"","_EventCurrencySymbol":"","_EventCurrencyCode":"","_EventCurrencyPosition":"","_EventDateTimeSeparator":"","_EventTimeRangeSeparator":"","_EventOrganizerID":[],"_EventVenueID":[],"_OrganizerEmail":"","_OrganizerPhone":"","_OrganizerWebsite":"","_VenueAddress":"","_VenueCity":"","_VenueCountry":"","_VenueProvince":"","_VenueState":"","_VenueZip":"","_VenuePhone":"","_VenueURL":"","_VenueStateProvince":"","_VenueLat":"","_VenueLng":"","_VenueShowMap":false,"_VenueShowMapLink":false,"footnotes":""},"yoast_head":"<!-- This site is optimized with the Yoast SEO plugin v21.6 - https:\/\/yoast.com\/wordpress\/plugins\/seo\/ -->\n<title>Become a discount provider - M\u00e4lardalens studentk\u00e5r<\/title>\n<meta name=\"robots\" content=\"index, follow, max-snippet:-1, max-image-preview:large, max-video-preview:-1\" \/>\n<link rel=\"canonical\" href=\"https:\/\/mdsu.se\/foretag-alumner\/bli-rabattgivare\/\" \/>\n<meta property=\"og:locale\" content=\"en_US\" \/>\n<meta property=\"og:type\" content=\"article\" \/>\n<meta property=\"og:title\" content=\"Become a discount provider - M\u00e4lardalens studentk\u00e5r\" \/>\n<meta property=\"og:description\" content=\"[vc_row][vc_column css=&#8221;.vc_custom_1689170070062{padding-right: 15px !important;padding-left: 15px !important;background-color: #ffffff !important;}&#8221;][vc_single_image image=&#8221;19426&#8243; img_size=&#8221;1920&#215;500&#8243; alignment=&#8221;center&#8221; style=&#8221;vc_box_rounded&#8221; css=&#8221;.vc_custom_1690201655424{margin-top: -20px !important;}&#8221;][vc_column_text] You as a discount provider are important to us at M\u00e4lardalen&#8217;s Student Union, together with&hellip;&nbsp;Read More &raquo;Become a discount provider\" \/>\n<meta property=\"og:url\" content=\"https:\/\/mdsu.se\/foretag-alumner\/bli-rabattgivare\/\" \/>\n<meta property=\"og:site_name\" content=\"M\u00e4lardalens studentk\u00e5r\" \/>\n<meta property=\"article:publisher\" content=\"https:\/\/www.facebook.com\/malardalens.studentkar\" \/>\n<meta property=\"article:modified_time\" content=\"2024-08-21T13:00:36+00:00\" \/>\n<meta property=\"og:image\" content=\"https:\/\/mdsu.se\/wp-content\/uploads\/2024\/07\/faisal_edited-1-244x300.png\" \/>\n<meta name=\"twitter:card\" content=\"summary_large_image\" \/>\n<meta name=\"twitter:label1\" content=\"Est. reading time\" \/>\n\t<meta name=\"twitter:data1\" content=\"1 minute\" \/>\n<script type=\"application\/ld+json\" class=\"yoast-schema-graph\">{\"@context\":\"https:\/\/schema.org\",\"@graph\":[{\"@type\":\"WebPage\",\"@id\":\"https:\/\/mdsu.se\/foretag-alumner\/bli-rabattgivare\/\",\"url\":\"https:\/\/mdsu.se\/foretag-alumner\/bli-rabattgivare\/\",\"name\":\"Become a discount provider - M\u00e4lardalens studentk\u00e5r\",\"isPartOf\":{\"@id\":\"https:\/\/mdsu.se\/#website\"},\"datePublished\":\"2023-07-12T13:54:47+00:00\",\"dateModified\":\"2024-08-21T13:00:36+00:00\",\"breadcrumb\":{\"@id\":\"https:\/\/mdsu.se\/foretag-alumner\/bli-rabattgivare\/#breadcrumb\"},\"inLanguage\":\"en-US\",\"potentialAction\":[{\"@type\":\"ReadAction\",\"target\":[\"https:\/\/mdsu.se\/foretag-alumner\/bli-rabattgivare\/\"]}]},{\"@type\":\"BreadcrumbList\",\"@id\":\"https:\/\/mdsu.se\/foretag-alumner\/bli-rabattgivare\/#breadcrumb\",\"itemListElement\":[{\"@type\":\"ListItem\",\"position\":1,\"name\":\"Hem\",\"item\":\"https:\/\/mdsu.se\/\"},{\"@type\":\"ListItem\",\"position\":2,\"name\":\"Businesses &#038; Alumni\",\"item\":\"https:\/\/mdsu.se\/en\/business-alumni\/\"},{\"@type\":\"ListItem\",\"position\":3,\"name\":\"Become a discount provider\"}]},{\"@type\":\"WebSite\",\"@id\":\"https:\/\/mdsu.se\/#website\",\"url\":\"https:\/\/mdsu.se\/\",\"name\":\"M\u00e4lardalens studentk\u00e5r\",\"description\":\"Den officiella studentk\u00e5ren vid M\u00e4lardalens h\u00f6gskola (MDH)\",\"publisher\":{\"@id\":\"https:\/\/mdsu.se\/#organization\"},\"potentialAction\":[{\"@type\":\"SearchAction\",\"target\":{\"@type\":\"EntryPoint\",\"urlTemplate\":\"https:\/\/mdsu.se\/?s={search_term_string}\"},\"query-input\":\"required name=search_term_string\"}],\"inLanguage\":\"en-US\"},{\"@type\":\"Organization\",\"@id\":\"https:\/\/mdsu.se\/#organization\",\"name\":\"M\u00e4lardalens Studentk\u00e5r\",\"url\":\"https:\/\/mdsu.se\/\",\"logo\":{\"@type\":\"ImageObject\",\"inLanguage\":\"en-US\",\"@id\":\"https:\/\/mdsu.se\/#\/schema\/logo\/image\/\",\"url\":\"https:\/\/mdsu.se\/wp-content\/uploads\/2019\/06\/Rektangel-standard.png\",\"contentUrl\":\"https:\/\/mdsu.se\/wp-content\/uploads\/2019\/06\/Rektangel-standard.png\",\"width\":1397,\"height\":262,\"caption\":\"M\u00e4lardalens Studentk\u00e5r\"},\"image\":{\"@id\":\"https:\/\/mdsu.se\/#\/schema\/logo\/image\/\"},\"sameAs\":[\"https:\/\/www.facebook.com\/malardalens.studentkar\",\"https:\/\/www.instagram.com\/malardalensstudentkar\/\"]}]}<\/script>\n<!-- \/ Yoast SEO plugin. -->","yoast_head_json":{"title":"Become a discount provider - M\u00e4lardalens studentk\u00e5r","robots":{"index":"index","follow":"follow","max-snippet":"max-snippet:-1","max-image-preview":"max-image-preview:large","max-video-preview":"max-video-preview:-1"},"canonical":"https:\/\/mdsu.se\/foretag-alumner\/bli-rabattgivare\/","og_locale":"en_US","og_type":"article","og_title":"Become a discount provider - M\u00e4lardalens studentk\u00e5r","og_description":"[vc_row][vc_column css=&#8221;.vc_custom_1689170070062{padding-right: 15px !important;padding-left: 15px !important;background-color: #ffffff !important;}&#8221;][vc_single_image image=&#8221;19426&#8243; img_size=&#8221;1920&#215;500&#8243; alignment=&#8221;center&#8221; style=&#8221;vc_box_rounded&#8221; css=&#8221;.vc_custom_1690201655424{margin-top: -20px !important;}&#8221;][vc_column_text] You as a discount provider are important to us at M\u00e4lardalen&#8217;s Student Union, together with&hellip;&nbsp;Read More &raquo;Become a discount provider","og_url":"https:\/\/mdsu.se\/foretag-alumner\/bli-rabattgivare\/","og_site_name":"M\u00e4lardalens studentk\u00e5r","article_publisher":"https:\/\/www.facebook.com\/malardalens.studentkar","article_modified_time":"2024-08-21T13:00:36+00:00","og_image":[{"url":"https:\/\/mdsu.se\/wp-content\/uploads\/2024\/07\/faisal_edited-1-244x300.png"}],"twitter_card":"summary_large_image","twitter_misc":{"Est. reading time":"1 minute"},"schema":{"@context":"https:\/\/schema.org","@graph":[{"@type":"WebPage","@id":"https:\/\/mdsu.se\/foretag-alumner\/bli-rabattgivare\/","url":"https:\/\/mdsu.se\/foretag-alumner\/bli-rabattgivare\/","name":"Become a discount provider - M\u00e4lardalens studentk\u00e5r","isPartOf":{"@id":"https:\/\/mdsu.se\/#website"},"datePublished":"2023-07-12T13:54:47+00:00","dateModified":"2024-08-21T13:00:36+00:00","breadcrumb":{"@id":"https:\/\/mdsu.se\/foretag-alumner\/bli-rabattgivare\/#breadcrumb"},"inLanguage":"en-US","potentialAction":[{"@type":"ReadAction","target":["https:\/\/mdsu.se\/foretag-alumner\/bli-rabattgivare\/"]}]},{"@type":"BreadcrumbList","@id":"https:\/\/mdsu.se\/foretag-alumner\/bli-rabattgivare\/#breadcrumb","itemListElement":[{"@type":"ListItem","position":1,"name":"Hem","item":"https:\/\/mdsu.se\/"},{"@type":"ListItem","position":2,"name":"Businesses &#038; Alumni","item":"https:\/\/mdsu.se\/en\/business-alumni\/"},{"@type":"ListItem","position":3,"name":"Become a discount provider"}]},{"@type":"WebSite","@id":"https:\/\/mdsu.se\/#website","url":"https:\/\/mdsu.se\/","name":"M\u00e4lardalens studentk\u00e5r","description":"Den officiella studentk\u00e5ren vid M\u00e4lardalens h\u00f6gskola (MDH)","publisher":{"@id":"https:\/\/mdsu.se\/#organization"},"potentialAction":[{"@type":"SearchAction","target":{"@type":"EntryPoint","urlTemplate":"https:\/\/mdsu.se\/?s={search_term_string}"},"query-input":"required name=search_term_string"}],"inLanguage":"en-US"},{"@type":"Organization","@id":"https:\/\/mdsu.se\/#organization","name":"M\u00e4lardalens Studentk\u00e5r","url":"https:\/\/mdsu.se\/","logo":{"@type":"ImageObject","inLanguage":"en-US","@id":"https:\/\/mdsu.se\/#\/schema\/logo\/image\/","url":"https:\/\/mdsu.se\/wp-content\/uploads\/2019\/06\/Rektangel-standard.png","contentUrl":"https:\/\/mdsu.se\/wp-content\/uploads\/2019\/06\/Rektangel-standard.png","width":1397,"height":262,"caption":"M\u00e4lardalens Studentk\u00e5r"},"image":{"@id":"https:\/\/mdsu.se\/#\/schema\/logo\/image\/"},"sameAs":["https:\/\/www.facebook.com\/malardalens.studentkar","https:\/\/www.instagram.com\/malardalensstudentkar\/"]}]}},"_links":{"self":[{"href":"https:\/\/mdsu.se\/en\/wp-json\/wp\/v2\/pages\/19172"}],"collection":[{"href":"https:\/\/mdsu.se\/en\/wp-json\/wp\/v2\/pages"}],"about":[{"href":"https:\/\/mdsu.se\/en\/wp-json\/wp\/v2\/types\/page"}],"author":[{"embeddable":true,"href":"https:\/\/mdsu.se\/en\/wp-json\/wp\/v2\/users\/9"}],"replies":[{"embeddable":true,"href":"https:\/\/mdsu.se\/en\/wp-json\/wp\/v2\/comments?post=19172"}],"version-history":[{"count":5,"href":"https:\/\/mdsu.se\/en\/wp-json\/wp\/v2\/pages\/19172\/revisions"}],"predecessor-version":[{"id":21026,"href":"https:\/\/mdsu.se\/en\/wp-json\/wp\/v2\/pages\/19172\/revisions\/21026"}],"up":[{"embeddable":true,"href":"https:\/\/mdsu.se\/en\/wp-json\/wp\/v2\/pages\/12223"}],"wp:attachment":[{"href":"https:\/\/mdsu.se\/en\/wp-json\/wp\/v2\/media?parent=19172"}],"curies":[{"name":"wp","href":"https:\/\/api.w.org\/{rel}","templated":true}]}}