{"id":18981,"date":"2023-07-12T13:43:44","date_gmt":"2023-07-12T11:43:44","guid":{"rendered":"https:\/\/mdsu.se\/student\/your-education\/help-resources\/akademiskt-skrivande\/"},"modified":"2023-07-17T19:32:07","modified_gmt":"2023-07-17T17:32:07","slug":"academic-writing","status":"publish","type":"page","link":"https:\/\/mdsu.se\/en\/student\/your-education\/help-resources\/academic-writing\/","title":{"rendered":"Academic writing"},"content":{"rendered":"<div class=\"wpb-content-wrapper\"><p>[vc_row][vc_column css=&#8221;.vc_custom_1689173778163{padding-right: 15px !important;padding-left: 15px !important;background-color: #ffffff !important;}&#8221;][vc_single_image image=&#8221;18799&#8243; img_size=&#8221;1920&#215;500&#8243; alignment=&#8221;center&#8221; style=&#8221;vc_box_rounded&#8221; css=&#8221;.vc_custom_1689615125394{margin-top: -20px !important;}&#8221;][vc_column_text]<\/p>\n<h4>Academic writing can sometimes be a challenge, but there are resources to help you along the way!<\/h4>\n<p>[\/vc_column_text][vc_row_inner][vc_column_inner][vc_column_text]<a href=\"https:\/\/mdsu.se\/wp-content\/uploads\/2023\/07\/MDU-logo-ENG-984x625-1.png\"><img loading=\"lazy\" decoding=\"async\" class=\"alignnone wp-image-18862\" src=\"https:\/\/mdsu.se\/wp-content\/uploads\/2023\/07\/MDU-logo-ENG-984x625-1-300x191.png\" alt=\"\" width=\"157\" height=\"100\" srcset=\"https:\/\/mdsu.se\/wp-content\/uploads\/2023\/07\/MDU-logo-ENG-984x625-1-300x191.png 300w, https:\/\/mdsu.se\/wp-content\/uploads\/2023\/07\/MDU-logo-ENG-984x625-1-768x488.png 768w, https:\/\/mdsu.se\/wp-content\/uploads\/2023\/07\/MDU-logo-ENG-984x625-1.png 984w\" sizes=\"(max-width: 157px) 100vw, 157px\" \/><\/a><br \/>\nMDU has their <a href=\"https:\/\/www.mdu.se\/en\/malardalen-university\/student\/the-student-centre\/academic-writing\">own page<\/a> to help you improve your academic writing skills<\/p>\n<p><a href=\"https:\/\/www.lub.lu.se\/en\/services-and-support\/student-support\/academic-writing\/open-online-courses-academic-writing?q=services-and-activities\/student-support\/academic-writing\/open-online-courses\"><img loading=\"lazy\" decoding=\"async\" class=\"alignnone wp-image-18800\" src=\"https:\/\/mdsu.se\/wp-content\/uploads\/2023\/07\/Lund-university-logotext-586x782-1-225x300.png\" alt=\"\" width=\"112\" height=\"150\" srcset=\"https:\/\/mdsu.se\/wp-content\/uploads\/2023\/07\/Lund-university-logotext-586x782-1-225x300.png 225w, https:\/\/mdsu.se\/wp-content\/uploads\/2023\/07\/Lund-university-logotext-586x782-1.png 586w\" sizes=\"(max-width: 112px) 100vw, 112px\" \/><\/a><br \/>\nLund University has a <a href=\"https:\/\/www.lub.lu.se\/en\/services-and-support\/student-support\/academic-writing\/open-online-courses-academic-writing?q=services-and-activities\/student-support\/academic-writing\/open-online-courses\">MOOC<\/a> course that teaches you how to write academic English.<\/p>\n<p><a href=\"https:\/\/writingguide.se\/\"><img loading=\"lazy\" decoding=\"async\" class=\"alignnone wp-image-18984 size-medium\" src=\"https:\/\/mdsu.se\/wp-content\/uploads\/2023\/07\/writing-guide-logotext-498x91-1-300x55.png\" alt=\"\" width=\"300\" height=\"55\" srcset=\"https:\/\/mdsu.se\/wp-content\/uploads\/2023\/07\/writing-guide-logotext-498x91-1-300x55.png 300w, https:\/\/mdsu.se\/wp-content\/uploads\/2023\/07\/writing-guide-logotext-498x91-1.png 498w\" sizes=\"(max-width: 300px) 100vw, 300px\" \/><\/a><br \/>\nThe writing guide is especially good when you need help with <a href=\"https:\/\/writingguide.se\/writing\/the-structure-of-the-academic-text\/\">essay structure<\/a>.[\/vc_column_text][\/vc_column_inner][\/vc_row_inner][\/vc_column][\/vc_row][vc_row][vc_column][vc_empty_space height=&#8221;30px&#8221;][\/vc_column][\/vc_row]<\/p>\n<\/div>","protected":false},"excerpt":{"rendered":"<p>[vc_row][vc_column css=&#8221;.vc_custom_1689173778163{padding-right: 15px !important;padding-left: 15px !important;background-color: #ffffff !important;}&#8221;][vc_single_image image=&#8221;18799&#8243; img_size=&#8221;1920&#215;500&#8243; alignment=&#8221;center&#8221; style=&#8221;vc_box_rounded&#8221; css=&#8221;.vc_custom_1689615125394{margin-top: -20px !important;}&#8221;][vc_column_text] Academic writing can sometimes be a challenge, but there are resources to help you along&hellip;&nbsp;<a href=\"https:\/\/mdsu.se\/en\/student\/your-education\/help-resources\/academic-writing\/\" class=\"\" rel=\"bookmark\">Read More &raquo;<span class=\"screen-reader-text\">Academic writing<\/span><\/a><\/p>\n","protected":false},"author":9,"featured_media":0,"parent":18962,"menu_order":0,"comment_status":"closed","ping_status":"closed","template":"","meta":{"neve_meta_sidebar":"","neve_meta_container":"","neve_meta_enable_content_width":"off","neve_meta_content_width":100,"neve_meta_title_alignment":"","neve_meta_author_avatar":"","neve_post_elements_order":"","neve_meta_disable_header":"","neve_meta_disable_footer":"","neve_meta_disable_title":"","_EventAllDay":false,"_EventTimezone":"","_EventStartDate":"","_EventEndDate":"","_EventStartDateUTC":"","_EventEndDateUTC":"","_EventShowMap":false,"_EventShowMapLink":false,"_EventURL":"","_EventCost":"","_EventCostDescription":"","_EventCurrencySymbol":"","_EventCurrencyCode":"","_EventCurrencyPosition":"","_EventDateTimeSeparator":"","_EventTimeRangeSeparator":"","_EventOrganizerID":[],"_EventVenueID":[],"_OrganizerEmail":"","_OrganizerPhone":"","_OrganizerWebsite":"","_VenueAddress":"","_VenueCity":"","_VenueCountry":"","_VenueProvince":"","_VenueState":"","_VenueZip":"","_VenuePhone":"","_VenueURL":"","_VenueStateProvince":"","_VenueLat":"","_VenueLng":"","_VenueShowMap":false,"_VenueShowMapLink":false,"footnotes":""},"yoast_head":"<!-- This site is optimized with the Yoast SEO plugin v21.6 - https:\/\/yoast.com\/wordpress\/plugins\/seo\/ -->\n<title>Academic writing - M\u00e4lardalens studentk\u00e5r<\/title>\n<meta name=\"robots\" content=\"index, follow, max-snippet:-1, max-image-preview:large, max-video-preview:-1\" \/>\n<link rel=\"canonical\" href=\"https:\/\/mdsu.se\/student\/din-utbildning\/hjalpresurser\/akademiskt-skrivande\/\" \/>\n<meta property=\"og:locale\" content=\"en_US\" \/>\n<meta property=\"og:type\" content=\"article\" \/>\n<meta property=\"og:title\" content=\"Academic writing - M\u00e4lardalens studentk\u00e5r\" \/>\n<meta property=\"og:description\" content=\"[vc_row][vc_column css=&#8221;.vc_custom_1689173778163{padding-right: 15px !important;padding-left: 15px !important;background-color: #ffffff !important;}&#8221;][vc_single_image image=&#8221;18799&#8243; img_size=&#8221;1920&#215;500&#8243; alignment=&#8221;center&#8221; style=&#8221;vc_box_rounded&#8221; css=&#8221;.vc_custom_1689615125394{margin-top: -20px !important;}&#8221;][vc_column_text] Academic writing can sometimes be a challenge, but there are resources to help you along&hellip;&nbsp;Read More &raquo;Academic writing\" \/>\n<meta property=\"og:url\" content=\"https:\/\/mdsu.se\/student\/din-utbildning\/hjalpresurser\/akademiskt-skrivande\/\" \/>\n<meta property=\"og:site_name\" content=\"M\u00e4lardalens studentk\u00e5r\" \/>\n<meta property=\"article:publisher\" content=\"https:\/\/www.facebook.com\/malardalens.studentkar\" \/>\n<meta property=\"article:modified_time\" content=\"2023-07-17T17:32:07+00:00\" \/>\n<meta property=\"og:image\" content=\"https:\/\/mdsu.se\/wp-content\/uploads\/2023\/07\/MDU-logo-ENG-984x625-1-300x191.png\" \/>\n<meta name=\"twitter:card\" content=\"summary_large_image\" \/>\n<meta name=\"twitter:label1\" content=\"Est. reading time\" \/>\n\t<meta name=\"twitter:data1\" content=\"1 minute\" \/>\n<script type=\"application\/ld+json\" class=\"yoast-schema-graph\">{\"@context\":\"https:\/\/schema.org\",\"@graph\":[{\"@type\":\"WebPage\",\"@id\":\"https:\/\/mdsu.se\/student\/din-utbildning\/hjalpresurser\/akademiskt-skrivande\/\",\"url\":\"https:\/\/mdsu.se\/student\/din-utbildning\/hjalpresurser\/akademiskt-skrivande\/\",\"name\":\"Academic writing - M\u00e4lardalens studentk\u00e5r\",\"isPartOf\":{\"@id\":\"https:\/\/mdsu.se\/#website\"},\"datePublished\":\"2023-07-12T11:43:44+00:00\",\"dateModified\":\"2023-07-17T17:32:07+00:00\",\"breadcrumb\":{\"@id\":\"https:\/\/mdsu.se\/student\/din-utbildning\/hjalpresurser\/akademiskt-skrivande\/#breadcrumb\"},\"inLanguage\":\"en-US\",\"potentialAction\":[{\"@type\":\"ReadAction\",\"target\":[\"https:\/\/mdsu.se\/student\/din-utbildning\/hjalpresurser\/akademiskt-skrivande\/\"]}]},{\"@type\":\"BreadcrumbList\",\"@id\":\"https:\/\/mdsu.se\/student\/din-utbildning\/hjalpresurser\/akademiskt-skrivande\/#breadcrumb\",\"itemListElement\":[{\"@type\":\"ListItem\",\"position\":1,\"name\":\"Hem\",\"item\":\"https:\/\/mdsu.se\/\"},{\"@type\":\"ListItem\",\"position\":2,\"name\":\"Student\",\"item\":\"https:\/\/mdsu.se\/en\/student\/\"},{\"@type\":\"ListItem\",\"position\":3,\"name\":\"Your Education\",\"item\":\"https:\/\/mdsu.se\/en\/student\/your-education\/\"},{\"@type\":\"ListItem\",\"position\":4,\"name\":\"Help resources\",\"item\":\"https:\/\/mdsu.se\/student\/din-utbildning\/hjalpresurser\/\"},{\"@type\":\"ListItem\",\"position\":5,\"name\":\"Academic writing\"}]},{\"@type\":\"WebSite\",\"@id\":\"https:\/\/mdsu.se\/#website\",\"url\":\"https:\/\/mdsu.se\/\",\"name\":\"M\u00e4lardalens studentk\u00e5r\",\"description\":\"Den officiella studentk\u00e5ren vid M\u00e4lardalens h\u00f6gskola (MDH)\",\"publisher\":{\"@id\":\"https:\/\/mdsu.se\/#organization\"},\"potentialAction\":[{\"@type\":\"SearchAction\",\"target\":{\"@type\":\"EntryPoint\",\"urlTemplate\":\"https:\/\/mdsu.se\/?s={search_term_string}\"},\"query-input\":\"required name=search_term_string\"}],\"inLanguage\":\"en-US\"},{\"@type\":\"Organization\",\"@id\":\"https:\/\/mdsu.se\/#organization\",\"name\":\"M\u00e4lardalens Studentk\u00e5r\",\"url\":\"https:\/\/mdsu.se\/\",\"logo\":{\"@type\":\"ImageObject\",\"inLanguage\":\"en-US\",\"@id\":\"https:\/\/mdsu.se\/#\/schema\/logo\/image\/\",\"url\":\"https:\/\/mdsu.se\/wp-content\/uploads\/2019\/06\/Rektangel-standard.png\",\"contentUrl\":\"https:\/\/mdsu.se\/wp-content\/uploads\/2019\/06\/Rektangel-standard.png\",\"width\":1397,\"height\":262,\"caption\":\"M\u00e4lardalens Studentk\u00e5r\"},\"image\":{\"@id\":\"https:\/\/mdsu.se\/#\/schema\/logo\/image\/\"},\"sameAs\":[\"https:\/\/www.facebook.com\/malardalens.studentkar\",\"https:\/\/www.instagram.com\/malardalensstudentkar\/\"]}]}<\/script>\n<!-- \/ Yoast SEO plugin. -->","yoast_head_json":{"title":"Academic writing - M\u00e4lardalens studentk\u00e5r","robots":{"index":"index","follow":"follow","max-snippet":"max-snippet:-1","max-image-preview":"max-image-preview:large","max-video-preview":"max-video-preview:-1"},"canonical":"https:\/\/mdsu.se\/student\/din-utbildning\/hjalpresurser\/akademiskt-skrivande\/","og_locale":"en_US","og_type":"article","og_title":"Academic writing - M\u00e4lardalens studentk\u00e5r","og_description":"[vc_row][vc_column css=&#8221;.vc_custom_1689173778163{padding-right: 15px !important;padding-left: 15px !important;background-color: #ffffff !important;}&#8221;][vc_single_image image=&#8221;18799&#8243; img_size=&#8221;1920&#215;500&#8243; alignment=&#8221;center&#8221; style=&#8221;vc_box_rounded&#8221; css=&#8221;.vc_custom_1689615125394{margin-top: -20px !important;}&#8221;][vc_column_text] Academic writing can sometimes be a challenge, but there are resources to help you along&hellip;&nbsp;Read More &raquo;Academic writing","og_url":"https:\/\/mdsu.se\/student\/din-utbildning\/hjalpresurser\/akademiskt-skrivande\/","og_site_name":"M\u00e4lardalens studentk\u00e5r","article_publisher":"https:\/\/www.facebook.com\/malardalens.studentkar","article_modified_time":"2023-07-17T17:32:07+00:00","og_image":[{"url":"https:\/\/mdsu.se\/wp-content\/uploads\/2023\/07\/MDU-logo-ENG-984x625-1-300x191.png"}],"twitter_card":"summary_large_image","twitter_misc":{"Est. reading time":"1 minute"},"schema":{"@context":"https:\/\/schema.org","@graph":[{"@type":"WebPage","@id":"https:\/\/mdsu.se\/student\/din-utbildning\/hjalpresurser\/akademiskt-skrivande\/","url":"https:\/\/mdsu.se\/student\/din-utbildning\/hjalpresurser\/akademiskt-skrivande\/","name":"Academic writing - M\u00e4lardalens studentk\u00e5r","isPartOf":{"@id":"https:\/\/mdsu.se\/#website"},"datePublished":"2023-07-12T11:43:44+00:00","dateModified":"2023-07-17T17:32:07+00:00","breadcrumb":{"@id":"https:\/\/mdsu.se\/student\/din-utbildning\/hjalpresurser\/akademiskt-skrivande\/#breadcrumb"},"inLanguage":"en-US","potentialAction":[{"@type":"ReadAction","target":["https:\/\/mdsu.se\/student\/din-utbildning\/hjalpresurser\/akademiskt-skrivande\/"]}]},{"@type":"BreadcrumbList","@id":"https:\/\/mdsu.se\/student\/din-utbildning\/hjalpresurser\/akademiskt-skrivande\/#breadcrumb","itemListElement":[{"@type":"ListItem","position":1,"name":"Hem","item":"https:\/\/mdsu.se\/"},{"@type":"ListItem","position":2,"name":"Student","item":"https:\/\/mdsu.se\/en\/student\/"},{"@type":"ListItem","position":3,"name":"Your Education","item":"https:\/\/mdsu.se\/en\/student\/your-education\/"},{"@type":"ListItem","position":4,"name":"Help resources","item":"https:\/\/mdsu.se\/student\/din-utbildning\/hjalpresurser\/"},{"@type":"ListItem","position":5,"name":"Academic writing"}]},{"@type":"WebSite","@id":"https:\/\/mdsu.se\/#website","url":"https:\/\/mdsu.se\/","name":"M\u00e4lardalens studentk\u00e5r","description":"Den officiella studentk\u00e5ren vid M\u00e4lardalens h\u00f6gskola (MDH)","publisher":{"@id":"https:\/\/mdsu.se\/#organization"},"potentialAction":[{"@type":"SearchAction","target":{"@type":"EntryPoint","urlTemplate":"https:\/\/mdsu.se\/?s={search_term_string}"},"query-input":"required name=search_term_string"}],"inLanguage":"en-US"},{"@type":"Organization","@id":"https:\/\/mdsu.se\/#organization","name":"M\u00e4lardalens Studentk\u00e5r","url":"https:\/\/mdsu.se\/","logo":{"@type":"ImageObject","inLanguage":"en-US","@id":"https:\/\/mdsu.se\/#\/schema\/logo\/image\/","url":"https:\/\/mdsu.se\/wp-content\/uploads\/2019\/06\/Rektangel-standard.png","contentUrl":"https:\/\/mdsu.se\/wp-content\/uploads\/2019\/06\/Rektangel-standard.png","width":1397,"height":262,"caption":"M\u00e4lardalens Studentk\u00e5r"},"image":{"@id":"https:\/\/mdsu.se\/#\/schema\/logo\/image\/"},"sameAs":["https:\/\/www.facebook.com\/malardalens.studentkar","https:\/\/www.instagram.com\/malardalensstudentkar\/"]}]}},"_links":{"self":[{"href":"https:\/\/mdsu.se\/en\/wp-json\/wp\/v2\/pages\/18981"}],"collection":[{"href":"https:\/\/mdsu.se\/en\/wp-json\/wp\/v2\/pages"}],"about":[{"href":"https:\/\/mdsu.se\/en\/wp-json\/wp\/v2\/types\/page"}],"author":[{"embeddable":true,"href":"https:\/\/mdsu.se\/en\/wp-json\/wp\/v2\/users\/9"}],"replies":[{"embeddable":true,"href":"https:\/\/mdsu.se\/en\/wp-json\/wp\/v2\/comments?post=18981"}],"version-history":[{"count":5,"href":"https:\/\/mdsu.se\/en\/wp-json\/wp\/v2\/pages\/18981\/revisions"}],"predecessor-version":[{"id":18987,"href":"https:\/\/mdsu.se\/en\/wp-json\/wp\/v2\/pages\/18981\/revisions\/18987"}],"up":[{"embeddable":true,"href":"https:\/\/mdsu.se\/en\/wp-json\/wp\/v2\/pages\/18962"}],"wp:attachment":[{"href":"https:\/\/mdsu.se\/en\/wp-json\/wp\/v2\/media?parent=18981"}],"curies":[{"name":"wp","href":"https:\/\/api.w.org\/{rel}","templated":true}]}}