{"id":18969,"date":"2023-07-12T13:42:35","date_gmt":"2023-07-12T11:42:35","guid":{"rendered":"https:\/\/mdsu.se\/student\/your-education\/help-resources\/for-dig-med-funktionsnedsattning\/"},"modified":"2023-11-25T16:17:12","modified_gmt":"2023-11-25T15:17:12","slug":"for-you-with-a-disability","status":"publish","type":"page","link":"https:\/\/mdsu.se\/en\/student\/your-education\/help-resources\/for-you-with-a-disability\/","title":{"rendered":"For you with a disability"},"content":{"rendered":"<div class=\"wpb-content-wrapper\"><p>[vc_row][vc_column css=&#8221;.vc_custom_1689173456143{padding-right: 15px !important;padding-left: 15px !important;background-color: #ffffff !important;}&#8221;][vc_column_text]<\/p>\n<h2>Special educational support<\/h2>\n<p>A disability should not be perceived as an obstacle to studying at university. Therefore, M\u00e4lardalen University offers various types of support and help so that you can study on the same terms as other students. There is special educational support for those who have a lasting disability, such as dyslexia, ADHD or chronic illnesses that affect your study situation. The support is designed individually based on your needs and can consist of, for example, note-taking support, extended time on exams, a mentor or pre-recorded literature.<\/p>\n<p>In order to take part in the support offered, you must make an application.<br \/>\n<strong>Read more about how to apply by clicking <a href=\"https:\/\/www.mdu.se\/en\/malardalen-university\/student\/study-environment\/studying-with-disabilities\">here<\/a><\/strong><\/p>\n<p>The university has a coordinator of special educational support who has their office at the Student Centre in both Eskilstuna and V\u00e4ster\u00e5s, you can find their contact details below<\/p>\n<p><strong>Coordinator V\u00e4ster\u00e5s:<\/strong><\/p>\n<p>Marie Bergman<\/p>\n<p><a href=\"tel:021-10 73 96\">021-10 73 96<\/a><\/p>\n<p><a href=\"mailto:marie.bergman@mdu.se\">marie.bergman@mdu.se<\/a><\/p>\n<p><strong>Coordinator Eskilstuna:<\/strong><\/p>\n<p>Matilda Shahnawazi<\/p>\n<p><a href=\"tel:016-15 32 98\">016-15 32 98<\/a><\/p>\n<p><a href=\"mailto:matilda.shahnawazi@mdu.se\">matilda.shahnawazi@mdu.se<\/a>[\/vc_column_text][\/vc_column][\/vc_row]<\/p>\n<\/div>","protected":false},"excerpt":{"rendered":"<p>[vc_row][vc_column css=&#8221;.vc_custom_1689173456143{padding-right: 15px !important;padding-left: 15px !important;background-color: #ffffff !important;}&#8221;][vc_column_text] Special educational support A disability should not be perceived as an obstacle to studying at university. Therefore, M\u00e4lardalen University offers various types&hellip;&nbsp;<a href=\"https:\/\/mdsu.se\/en\/student\/your-education\/help-resources\/for-you-with-a-disability\/\" class=\"\" rel=\"bookmark\">Read More &raquo;<span class=\"screen-reader-text\">For you with a disability<\/span><\/a><\/p>\n","protected":false},"author":9,"featured_media":0,"parent":18962,"menu_order":0,"comment_status":"closed","ping_status":"closed","template":"","meta":{"neve_meta_sidebar":"","neve_meta_container":"","neve_meta_enable_content_width":"off","neve_meta_content_width":100,"neve_meta_title_alignment":"","neve_meta_author_avatar":"","neve_post_elements_order":"","neve_meta_disable_header":"","neve_meta_disable_footer":"","neve_meta_disable_title":"","_EventAllDay":false,"_EventTimezone":"","_EventStartDate":"","_EventEndDate":"","_EventStartDateUTC":"","_EventEndDateUTC":"","_EventShowMap":false,"_EventShowMapLink":false,"_EventURL":"","_EventCost":"","_EventCostDescription":"","_EventCurrencySymbol":"","_EventCurrencyCode":"","_EventCurrencyPosition":"","_EventDateTimeSeparator":"","_EventTimeRangeSeparator":"","_EventOrganizerID":[],"_EventVenueID":[],"_OrganizerEmail":"","_OrganizerPhone":"","_OrganizerWebsite":"","_VenueAddress":"","_VenueCity":"","_VenueCountry":"","_VenueProvince":"","_VenueState":"","_VenueZip":"","_VenuePhone":"","_VenueURL":"","_VenueStateProvince":"","_VenueLat":"","_VenueLng":"","_VenueShowMap":false,"_VenueShowMapLink":false,"footnotes":""},"yoast_head":"<!-- This site is optimized with the Yoast SEO plugin v21.6 - https:\/\/yoast.com\/wordpress\/plugins\/seo\/ -->\n<title>For you with a disability - M\u00e4lardalens studentk\u00e5r<\/title>\n<meta name=\"robots\" content=\"index, follow, max-snippet:-1, max-image-preview:large, max-video-preview:-1\" \/>\n<link rel=\"canonical\" href=\"https:\/\/mdsu.se\/student\/din-utbildning\/hjalpresurser\/for-dig-med-funktionsnedsattning\/\" \/>\n<meta property=\"og:locale\" content=\"en_US\" \/>\n<meta property=\"og:type\" content=\"article\" \/>\n<meta property=\"og:title\" content=\"For you with a disability - M\u00e4lardalens studentk\u00e5r\" \/>\n<meta property=\"og:description\" content=\"[vc_row][vc_column css=&#8221;.vc_custom_1689173456143{padding-right: 15px !important;padding-left: 15px !important;background-color: #ffffff !important;}&#8221;][vc_column_text] Special educational support A disability should not be perceived as an obstacle to studying at university. Therefore, M\u00e4lardalen University offers various types&hellip;&nbsp;Read More &raquo;For you with a disability\" \/>\n<meta property=\"og:url\" content=\"https:\/\/mdsu.se\/student\/din-utbildning\/hjalpresurser\/for-dig-med-funktionsnedsattning\/\" \/>\n<meta property=\"og:site_name\" content=\"M\u00e4lardalens studentk\u00e5r\" \/>\n<meta property=\"article:publisher\" content=\"https:\/\/www.facebook.com\/malardalens.studentkar\" \/>\n<meta property=\"article:modified_time\" content=\"2023-11-25T15:17:12+00:00\" \/>\n<meta name=\"twitter:card\" content=\"summary_large_image\" \/>\n<meta name=\"twitter:label1\" content=\"Est. reading time\" \/>\n\t<meta name=\"twitter:data1\" content=\"1 minute\" \/>\n<script type=\"application\/ld+json\" class=\"yoast-schema-graph\">{\"@context\":\"https:\/\/schema.org\",\"@graph\":[{\"@type\":\"WebPage\",\"@id\":\"https:\/\/mdsu.se\/student\/din-utbildning\/hjalpresurser\/for-dig-med-funktionsnedsattning\/\",\"url\":\"https:\/\/mdsu.se\/student\/din-utbildning\/hjalpresurser\/for-dig-med-funktionsnedsattning\/\",\"name\":\"For you with a disability - M\u00e4lardalens studentk\u00e5r\",\"isPartOf\":{\"@id\":\"https:\/\/mdsu.se\/#website\"},\"datePublished\":\"2023-07-12T11:42:35+00:00\",\"dateModified\":\"2023-11-25T15:17:12+00:00\",\"breadcrumb\":{\"@id\":\"https:\/\/mdsu.se\/student\/din-utbildning\/hjalpresurser\/for-dig-med-funktionsnedsattning\/#breadcrumb\"},\"inLanguage\":\"en-US\",\"potentialAction\":[{\"@type\":\"ReadAction\",\"target\":[\"https:\/\/mdsu.se\/student\/din-utbildning\/hjalpresurser\/for-dig-med-funktionsnedsattning\/\"]}]},{\"@type\":\"BreadcrumbList\",\"@id\":\"https:\/\/mdsu.se\/student\/din-utbildning\/hjalpresurser\/for-dig-med-funktionsnedsattning\/#breadcrumb\",\"itemListElement\":[{\"@type\":\"ListItem\",\"position\":1,\"name\":\"Hem\",\"item\":\"https:\/\/mdsu.se\/\"},{\"@type\":\"ListItem\",\"position\":2,\"name\":\"Student\",\"item\":\"https:\/\/mdsu.se\/en\/student\/\"},{\"@type\":\"ListItem\",\"position\":3,\"name\":\"Your Education\",\"item\":\"https:\/\/mdsu.se\/en\/student\/your-education\/\"},{\"@type\":\"ListItem\",\"position\":4,\"name\":\"Help resources\",\"item\":\"https:\/\/mdsu.se\/student\/din-utbildning\/hjalpresurser\/\"},{\"@type\":\"ListItem\",\"position\":5,\"name\":\"For you with a disability\"}]},{\"@type\":\"WebSite\",\"@id\":\"https:\/\/mdsu.se\/#website\",\"url\":\"https:\/\/mdsu.se\/\",\"name\":\"M\u00e4lardalens studentk\u00e5r\",\"description\":\"Den officiella studentk\u00e5ren vid M\u00e4lardalens h\u00f6gskola (MDH)\",\"publisher\":{\"@id\":\"https:\/\/mdsu.se\/#organization\"},\"potentialAction\":[{\"@type\":\"SearchAction\",\"target\":{\"@type\":\"EntryPoint\",\"urlTemplate\":\"https:\/\/mdsu.se\/?s={search_term_string}\"},\"query-input\":\"required name=search_term_string\"}],\"inLanguage\":\"en-US\"},{\"@type\":\"Organization\",\"@id\":\"https:\/\/mdsu.se\/#organization\",\"name\":\"M\u00e4lardalens Studentk\u00e5r\",\"url\":\"https:\/\/mdsu.se\/\",\"logo\":{\"@type\":\"ImageObject\",\"inLanguage\":\"en-US\",\"@id\":\"https:\/\/mdsu.se\/#\/schema\/logo\/image\/\",\"url\":\"https:\/\/mdsu.se\/wp-content\/uploads\/2019\/06\/Rektangel-standard.png\",\"contentUrl\":\"https:\/\/mdsu.se\/wp-content\/uploads\/2019\/06\/Rektangel-standard.png\",\"width\":1397,\"height\":262,\"caption\":\"M\u00e4lardalens Studentk\u00e5r\"},\"image\":{\"@id\":\"https:\/\/mdsu.se\/#\/schema\/logo\/image\/\"},\"sameAs\":[\"https:\/\/www.facebook.com\/malardalens.studentkar\",\"https:\/\/www.instagram.com\/malardalensstudentkar\/\"]}]}<\/script>\n<!-- \/ Yoast SEO plugin. -->","yoast_head_json":{"title":"For you with a disability - M\u00e4lardalens studentk\u00e5r","robots":{"index":"index","follow":"follow","max-snippet":"max-snippet:-1","max-image-preview":"max-image-preview:large","max-video-preview":"max-video-preview:-1"},"canonical":"https:\/\/mdsu.se\/student\/din-utbildning\/hjalpresurser\/for-dig-med-funktionsnedsattning\/","og_locale":"en_US","og_type":"article","og_title":"For you with a disability - M\u00e4lardalens studentk\u00e5r","og_description":"[vc_row][vc_column css=&#8221;.vc_custom_1689173456143{padding-right: 15px !important;padding-left: 15px !important;background-color: #ffffff !important;}&#8221;][vc_column_text] Special educational support A disability should not be perceived as an obstacle to studying at university. Therefore, M\u00e4lardalen University offers various types&hellip;&nbsp;Read More &raquo;For you with a disability","og_url":"https:\/\/mdsu.se\/student\/din-utbildning\/hjalpresurser\/for-dig-med-funktionsnedsattning\/","og_site_name":"M\u00e4lardalens studentk\u00e5r","article_publisher":"https:\/\/www.facebook.com\/malardalens.studentkar","article_modified_time":"2023-11-25T15:17:12+00:00","twitter_card":"summary_large_image","twitter_misc":{"Est. reading time":"1 minute"},"schema":{"@context":"https:\/\/schema.org","@graph":[{"@type":"WebPage","@id":"https:\/\/mdsu.se\/student\/din-utbildning\/hjalpresurser\/for-dig-med-funktionsnedsattning\/","url":"https:\/\/mdsu.se\/student\/din-utbildning\/hjalpresurser\/for-dig-med-funktionsnedsattning\/","name":"For you with a disability - M\u00e4lardalens studentk\u00e5r","isPartOf":{"@id":"https:\/\/mdsu.se\/#website"},"datePublished":"2023-07-12T11:42:35+00:00","dateModified":"2023-11-25T15:17:12+00:00","breadcrumb":{"@id":"https:\/\/mdsu.se\/student\/din-utbildning\/hjalpresurser\/for-dig-med-funktionsnedsattning\/#breadcrumb"},"inLanguage":"en-US","potentialAction":[{"@type":"ReadAction","target":["https:\/\/mdsu.se\/student\/din-utbildning\/hjalpresurser\/for-dig-med-funktionsnedsattning\/"]}]},{"@type":"BreadcrumbList","@id":"https:\/\/mdsu.se\/student\/din-utbildning\/hjalpresurser\/for-dig-med-funktionsnedsattning\/#breadcrumb","itemListElement":[{"@type":"ListItem","position":1,"name":"Hem","item":"https:\/\/mdsu.se\/"},{"@type":"ListItem","position":2,"name":"Student","item":"https:\/\/mdsu.se\/en\/student\/"},{"@type":"ListItem","position":3,"name":"Your Education","item":"https:\/\/mdsu.se\/en\/student\/your-education\/"},{"@type":"ListItem","position":4,"name":"Help resources","item":"https:\/\/mdsu.se\/student\/din-utbildning\/hjalpresurser\/"},{"@type":"ListItem","position":5,"name":"For you with a disability"}]},{"@type":"WebSite","@id":"https:\/\/mdsu.se\/#website","url":"https:\/\/mdsu.se\/","name":"M\u00e4lardalens studentk\u00e5r","description":"Den officiella studentk\u00e5ren vid M\u00e4lardalens h\u00f6gskola (MDH)","publisher":{"@id":"https:\/\/mdsu.se\/#organization"},"potentialAction":[{"@type":"SearchAction","target":{"@type":"EntryPoint","urlTemplate":"https:\/\/mdsu.se\/?s={search_term_string}"},"query-input":"required name=search_term_string"}],"inLanguage":"en-US"},{"@type":"Organization","@id":"https:\/\/mdsu.se\/#organization","name":"M\u00e4lardalens Studentk\u00e5r","url":"https:\/\/mdsu.se\/","logo":{"@type":"ImageObject","inLanguage":"en-US","@id":"https:\/\/mdsu.se\/#\/schema\/logo\/image\/","url":"https:\/\/mdsu.se\/wp-content\/uploads\/2019\/06\/Rektangel-standard.png","contentUrl":"https:\/\/mdsu.se\/wp-content\/uploads\/2019\/06\/Rektangel-standard.png","width":1397,"height":262,"caption":"M\u00e4lardalens Studentk\u00e5r"},"image":{"@id":"https:\/\/mdsu.se\/#\/schema\/logo\/image\/"},"sameAs":["https:\/\/www.facebook.com\/malardalens.studentkar","https:\/\/www.instagram.com\/malardalensstudentkar\/"]}]}},"_links":{"self":[{"href":"https:\/\/mdsu.se\/en\/wp-json\/wp\/v2\/pages\/18969"}],"collection":[{"href":"https:\/\/mdsu.se\/en\/wp-json\/wp\/v2\/pages"}],"about":[{"href":"https:\/\/mdsu.se\/en\/wp-json\/wp\/v2\/types\/page"}],"author":[{"embeddable":true,"href":"https:\/\/mdsu.se\/en\/wp-json\/wp\/v2\/users\/9"}],"replies":[{"embeddable":true,"href":"https:\/\/mdsu.se\/en\/wp-json\/wp\/v2\/comments?post=18969"}],"version-history":[{"count":5,"href":"https:\/\/mdsu.se\/en\/wp-json\/wp\/v2\/pages\/18969\/revisions"}],"predecessor-version":[{"id":20059,"href":"https:\/\/mdsu.se\/en\/wp-json\/wp\/v2\/pages\/18969\/revisions\/20059"}],"up":[{"embeddable":true,"href":"https:\/\/mdsu.se\/en\/wp-json\/wp\/v2\/pages\/18962"}],"wp:attachment":[{"href":"https:\/\/mdsu.se\/en\/wp-json\/wp\/v2\/media?parent=18969"}],"curies":[{"name":"wp","href":"https:\/\/api.w.org\/{rel}","templated":true}]}}