{"id":18962,"date":"2023-07-12T13:40:57","date_gmt":"2023-07-12T11:40:57","guid":{"rendered":"https:\/\/mdsu.se\/student\/your-education\/hjalpresurser\/"},"modified":"2024-04-22T13:39:08","modified_gmt":"2024-04-22T11:39:08","slug":"help-resources","status":"publish","type":"page","link":"https:\/\/mdsu.se\/en\/student\/your-education\/help-resources\/","title":{"rendered":"Help resources"},"content":{"rendered":"<div class=\"wpb-content-wrapper\"><p>[vc_row][vc_column css=&#8221;.vc_custom_1689174433577{padding-right: 15px !important;padding-left: 15px !important;background-color: #ffffff !important;}&#8221;][vc_single_image image=&#8221;18797&#8243; img_size=&#8221;1920&#215;500&#8243; alignment=&#8221;center&#8221; style=&#8221;vc_box_rounded&#8221; css=&#8221;.vc_custom_1689613324132{margin-top: -20px !important;}&#8221;][vc_row_inner][vc_column_inner width=&#8221;1\/4&#8243;][vc_btn title=&#8221;For you with a disability&#8221; style=&#8221;custom&#8221; custom_background=&#8221;#15b9ed&#8221; custom_text=&#8221;#ffffff&#8221; size=&#8221;lg&#8221; align=&#8221;center&#8221; button_block=&#8221;true&#8221; link=&#8221;url:https%3A%2F%2Fmdsu.se%2Fen%2Fstudent%2Fyour-education%2Fhelp-resources%2Ffor-you-with-a-disability%2F|title:For%20you%20with%20a%20disability&#8221;][\/vc_column_inner][vc_column_inner width=&#8221;1\/4&#8243;][vc_btn title=&#8221;Academic writing&#8221; style=&#8221;custom&#8221; custom_background=&#8221;#15b9ed&#8221; custom_text=&#8221;#ffffff&#8221; size=&#8221;lg&#8221; align=&#8221;center&#8221; button_block=&#8221;true&#8221; link=&#8221;url:https%3A%2F%2Fmdsu.se%2Fen%2Fstudent%2Fyour-education%2Fhelp-resources%2Facademic-writing%2F|title:Academic%20writing&#8221;][\/vc_column_inner][vc_column_inner width=&#8221;1\/4&#8243;][vc_btn title=&#8221;Meet a librarian&#8221; style=&#8221;custom&#8221; custom_background=&#8221;#15b9ed&#8221; custom_text=&#8221;#ffffff&#8221; size=&#8221;lg&#8221; align=&#8221;center&#8221; i_icon_fontawesome=&#8221;fas fa-external-link-alt&#8221; button_block=&#8221;true&#8221; add_icon=&#8221;true&#8221; link=&#8221;url:https%3A%2F%2Fwww.mdu.se%2Fen%2Fmalardalen-university%2Fthe-university-library%2Fmeet-the-library%2Fmeet-a-librarian|title:Meet%20a%20librarian&#8221;][\/vc_column_inner][vc_column_inner width=&#8221;1\/4&#8243;][vc_btn title=&#8221;Study technique&#8221; style=&#8221;custom&#8221; custom_background=&#8221;#15b9ed&#8221; custom_text=&#8221;#ffffff&#8221; size=&#8221;lg&#8221; align=&#8221;center&#8221; i_icon_fontawesome=&#8221;fas fa-external-link-alt&#8221; button_block=&#8221;true&#8221; add_icon=&#8221;true&#8221; link=&#8221;url:https%3A%2F%2Fwww.mdu.se%2Fen%2Fmalardalen-university%2Fstudent%2Fthe-student-centre%2Fstudy-technique|title:Study%20technique&#8221;][\/vc_column_inner][\/vc_row_inner][vc_column_text]On this page you can find things that can help you with your studies.<\/p>\n<p>The following lists contain online resources for various areas:[\/vc_column_text][vc_row_inner][vc_column_inner width=&#8221;1\/2&#8243;][vc_toggle title=&#8221;Economy&#8221; style=&#8221;arrow&#8221;]<a href=\"https:\/\/www.khanacademy.org\/economics-finance-domain\"><img loading=\"lazy\" decoding=\"async\" class=\"alignnone wp-image-18683 size-medium\" src=\"https:\/\/mdsu.se\/wp-content\/uploads\/2023\/07\/Khan-Academy-logotext-469x76-1-300x49.png\" alt=\"\" width=\"300\" height=\"49\" srcset=\"https:\/\/mdsu.se\/wp-content\/uploads\/2023\/07\/Khan-Academy-logotext-469x76-1-300x49.png 300w, https:\/\/mdsu.se\/wp-content\/uploads\/2023\/07\/Khan-Academy-logotext-469x76-1.png 469w\" sizes=\"(max-width: 300px) 100vw, 300px\" \/><\/a><\/p>\n<p><a href=\"https:\/\/ocw.mit.edu\/search\/?t=Finance\"><img loading=\"lazy\" decoding=\"async\" class=\"alignnone wp-image-18733 size-medium\" src=\"https:\/\/mdsu.se\/wp-content\/uploads\/2023\/07\/MIT-opencourseware-logotext-1280x148-1-300x35.png\" alt=\"\" width=\"300\" height=\"35\" srcset=\"https:\/\/mdsu.se\/wp-content\/uploads\/2023\/07\/MIT-opencourseware-logotext-1280x148-1-300x35.png 300w, https:\/\/mdsu.se\/wp-content\/uploads\/2023\/07\/MIT-opencourseware-logotext-1280x148-1-1024x118.png 1024w, https:\/\/mdsu.se\/wp-content\/uploads\/2023\/07\/MIT-opencourseware-logotext-1280x148-1-768x89.png 768w, https:\/\/mdsu.se\/wp-content\/uploads\/2023\/07\/MIT-opencourseware-logotext-1280x148-1.png 1280w\" sizes=\"(max-width: 300px) 100vw, 300px\" \/><\/a>[\/vc_toggle][\/vc_column_inner][vc_column_inner width=&#8221;1\/2&#8243;][vc_toggle title=&#8221;Electronics&#8221; style=&#8221;arrow&#8221;]<a href=\"https:\/\/www.edx.org\/search?tab=course&amp;subject=Electronics\"><img loading=\"lazy\" decoding=\"async\" class=\"alignnone wp-image-18784\" src=\"https:\/\/mdsu.se\/wp-content\/uploads\/2023\/07\/edX-logotext-400x209-1-300x157.png\" alt=\"\" width=\"163\" height=\"85\" srcset=\"https:\/\/mdsu.se\/wp-content\/uploads\/2023\/07\/edX-logotext-400x209-1-300x157.png 300w, https:\/\/mdsu.se\/wp-content\/uploads\/2023\/07\/edX-logotext-400x209-1.png 400w\" sizes=\"(max-width: 163px) 100vw, 163px\" \/><\/a><\/p>\n<p><a href=\"https:\/\/www.khanacademy.org\/science\/electrical-engineering\"><img loading=\"lazy\" decoding=\"async\" class=\"alignnone wp-image-18683 size-medium\" src=\"https:\/\/mdsu.se\/wp-content\/uploads\/2023\/07\/Khan-Academy-logotext-469x76-1-300x49.png\" alt=\"\" width=\"300\" height=\"49\" srcset=\"https:\/\/mdsu.se\/wp-content\/uploads\/2023\/07\/Khan-Academy-logotext-469x76-1-300x49.png 300w, https:\/\/mdsu.se\/wp-content\/uploads\/2023\/07\/Khan-Academy-logotext-469x76-1.png 469w\" sizes=\"(max-width: 300px) 100vw, 300px\" \/><\/a><\/p>\n<p><a href=\"https:\/\/ocw.mit.edu\/search\/?t=Electrical+Engineering\"><img loading=\"lazy\" decoding=\"async\" class=\"alignnone wp-image-18733 size-medium\" src=\"https:\/\/mdsu.se\/wp-content\/uploads\/2023\/07\/MIT-opencourseware-logotext-1280x148-1-300x35.png\" alt=\"\" width=\"300\" height=\"35\" srcset=\"https:\/\/mdsu.se\/wp-content\/uploads\/2023\/07\/MIT-opencourseware-logotext-1280x148-1-300x35.png 300w, https:\/\/mdsu.se\/wp-content\/uploads\/2023\/07\/MIT-opencourseware-logotext-1280x148-1-1024x118.png 1024w, https:\/\/mdsu.se\/wp-content\/uploads\/2023\/07\/MIT-opencourseware-logotext-1280x148-1-768x89.png 768w, https:\/\/mdsu.se\/wp-content\/uploads\/2023\/07\/MIT-opencourseware-logotext-1280x148-1.png 1280w\" sizes=\"(max-width: 300px) 100vw, 300px\" \/><\/a>[\/vc_toggle][\/vc_column_inner][\/vc_row_inner][vc_row_inner][vc_column_inner width=&#8221;1\/2&#8243;][vc_toggle title=&#8221;Physics&#8221; style=&#8221;arrow&#8221;]<a href=\"https:\/\/www.khanacademy.org\/science\"><img loading=\"lazy\" decoding=\"async\" class=\"alignnone wp-image-18683 size-medium\" src=\"https:\/\/mdsu.se\/wp-content\/uploads\/2023\/07\/Khan-Academy-logotext-469x76-1-300x49.png\" alt=\"\" width=\"300\" height=\"49\" srcset=\"https:\/\/mdsu.se\/wp-content\/uploads\/2023\/07\/Khan-Academy-logotext-469x76-1-300x49.png 300w, https:\/\/mdsu.se\/wp-content\/uploads\/2023\/07\/Khan-Academy-logotext-469x76-1.png 469w\" sizes=\"(max-width: 300px) 100vw, 300px\" \/><\/a><\/p>\n<p><a href=\"https:\/\/ocw.mit.edu\/search\/?t=Physics\"><img loading=\"lazy\" decoding=\"async\" class=\"alignnone wp-image-18733 size-medium\" src=\"https:\/\/mdsu.se\/wp-content\/uploads\/2023\/07\/MIT-opencourseware-logotext-1280x148-1-300x35.png\" alt=\"\" width=\"300\" height=\"35\" srcset=\"https:\/\/mdsu.se\/wp-content\/uploads\/2023\/07\/MIT-opencourseware-logotext-1280x148-1-300x35.png 300w, https:\/\/mdsu.se\/wp-content\/uploads\/2023\/07\/MIT-opencourseware-logotext-1280x148-1-1024x118.png 1024w, https:\/\/mdsu.se\/wp-content\/uploads\/2023\/07\/MIT-opencourseware-logotext-1280x148-1-768x89.png 768w, https:\/\/mdsu.se\/wp-content\/uploads\/2023\/07\/MIT-opencourseware-logotext-1280x148-1.png 1280w\" sizes=\"(max-width: 300px) 100vw, 300px\" \/><\/a>[\/vc_toggle][\/vc_column_inner][vc_column_inner width=&#8221;1\/2&#8243;][vc_toggle title=&#8221;Mathematics&#8221; style=&#8221;arrow&#8221;]<a href=\"https:\/\/www.khanacademy.org\/math\"><img loading=\"lazy\" decoding=\"async\" class=\"alignnone wp-image-18683 size-medium\" src=\"https:\/\/mdsu.se\/wp-content\/uploads\/2023\/07\/Khan-Academy-logotext-469x76-1-300x49.png\" alt=\"\" width=\"300\" height=\"49\" srcset=\"https:\/\/mdsu.se\/wp-content\/uploads\/2023\/07\/Khan-Academy-logotext-469x76-1-300x49.png 300w, https:\/\/mdsu.se\/wp-content\/uploads\/2023\/07\/Khan-Academy-logotext-469x76-1.png 469w\" sizes=\"(max-width: 300px) 100vw, 300px\" \/><\/a><\/p>\n<p><a href=\"https:\/\/ocw.mit.edu\/search\/?t=Mathematics\"><img loading=\"lazy\" decoding=\"async\" class=\"alignnone wp-image-18733 size-medium\" src=\"https:\/\/mdsu.se\/wp-content\/uploads\/2023\/07\/MIT-opencourseware-logotext-1280x148-1-300x35.png\" alt=\"\" width=\"300\" height=\"35\" srcset=\"https:\/\/mdsu.se\/wp-content\/uploads\/2023\/07\/MIT-opencourseware-logotext-1280x148-1-300x35.png 300w, https:\/\/mdsu.se\/wp-content\/uploads\/2023\/07\/MIT-opencourseware-logotext-1280x148-1-1024x118.png 1024w, https:\/\/mdsu.se\/wp-content\/uploads\/2023\/07\/MIT-opencourseware-logotext-1280x148-1-768x89.png 768w, https:\/\/mdsu.se\/wp-content\/uploads\/2023\/07\/MIT-opencourseware-logotext-1280x148-1.png 1280w\" sizes=\"(max-width: 300px) 100vw, 300px\" \/><\/a><\/p>\n<p>Tips from students:<\/p>\n<ul>\n<li>Learn the unit circle by heart:<br \/>\n<a href=\"https:\/\/mdsu.se\/wp-content\/uploads\/2023\/07\/unit-circle-coordinate-1240x1150-1.png\"><img loading=\"lazy\" decoding=\"async\" class=\"alignnone wp-image-18715 size-thumbnail\" src=\"https:\/\/mdsu.se\/wp-content\/uploads\/2023\/07\/unit-circle-coordinate-1240x1150-1-150x150.png\" alt=\"\" width=\"150\" height=\"150\" \/><\/a><a href=\"https:\/\/mdsu.se\/wp-content\/uploads\/2023\/07\/unit-circle-angles-682x670-1.png\"><img loading=\"lazy\" decoding=\"async\" class=\"alignnone wp-image-18717 size-thumbnail\" src=\"https:\/\/mdsu.se\/wp-content\/uploads\/2023\/07\/unit-circle-angles-682x670-1-150x150.png\" alt=\"\" width=\"150\" height=\"150\" \/><\/a><\/li>\n<\/ul>\n<p>[\/vc_toggle][\/vc_column_inner][\/vc_row_inner][vc_row_inner][vc_column_inner width=&#8221;1\/2&#8243;][vc_toggle title=&#8221;Programming&#8221; style=&#8221;arrow&#8221;]<a href=\"https:\/\/www.codecademy.com\/\"><img loading=\"lazy\" decoding=\"async\" class=\"alignnone wp-image-18726 size-medium\" src=\"https:\/\/mdsu.se\/wp-content\/uploads\/2023\/07\/codecademy-logotext-760x164-1-300x65.png\" alt=\"\" width=\"300\" height=\"65\" srcset=\"https:\/\/mdsu.se\/wp-content\/uploads\/2023\/07\/codecademy-logotext-760x164-1-300x65.png 300w, https:\/\/mdsu.se\/wp-content\/uploads\/2023\/07\/codecademy-logotext-760x164-1.png 760w\" sizes=\"(max-width: 300px) 100vw, 300px\" \/><\/a><br \/>\n<span style=\"font-size: 10pt;\"><em>(Bash, C, C++, C#, HTML &amp; CSS, Java, JavaScript, PHP, Python, SQL, etc.)<\/em><\/span><\/p>\n<p><a href=\"https:\/\/www.khanacademy.org\/computing\"><img loading=\"lazy\" decoding=\"async\" class=\"alignnone wp-image-18683 size-medium\" src=\"https:\/\/mdsu.se\/wp-content\/uploads\/2023\/07\/Khan-Academy-logotext-469x76-1-300x49.png\" alt=\"\" width=\"300\" height=\"49\" srcset=\"https:\/\/mdsu.se\/wp-content\/uploads\/2023\/07\/Khan-Academy-logotext-469x76-1-300x49.png 300w, https:\/\/mdsu.se\/wp-content\/uploads\/2023\/07\/Khan-Academy-logotext-469x76-1.png 469w\" sizes=\"(max-width: 300px) 100vw, 300px\" \/><\/a><br \/>\n<span style=\"font-size: 10pt;\"><em>(JavaScript, HTML &amp; CSS, SQL, algorithms, etc. )<\/em><\/span><\/p>\n<p><a href=\"https:\/\/ocw.mit.edu\/search\/?t=Programming+Languages\"><img loading=\"lazy\" decoding=\"async\" class=\"alignnone wp-image-18733 size-medium\" src=\"https:\/\/mdsu.se\/wp-content\/uploads\/2023\/07\/MIT-opencourseware-logotext-1280x148-1-300x35.png\" alt=\"\" width=\"300\" height=\"35\" srcset=\"https:\/\/mdsu.se\/wp-content\/uploads\/2023\/07\/MIT-opencourseware-logotext-1280x148-1-300x35.png 300w, https:\/\/mdsu.se\/wp-content\/uploads\/2023\/07\/MIT-opencourseware-logotext-1280x148-1-1024x118.png 1024w, https:\/\/mdsu.se\/wp-content\/uploads\/2023\/07\/MIT-opencourseware-logotext-1280x148-1-768x89.png 768w, https:\/\/mdsu.se\/wp-content\/uploads\/2023\/07\/MIT-opencourseware-logotext-1280x148-1.png 1280w\" sizes=\"(max-width: 300px) 100vw, 300px\" \/><\/a><br \/>\n<span style=\"font-size: 10pt;\"><em>(C, C++, Java, MATLAB, Python, etc.)<\/em><\/span><\/p>\n<p><a href=\"https:\/\/www.sololearn.com\/\"><img loading=\"lazy\" decoding=\"async\" class=\"alignnone wp-image-18729 size-medium\" src=\"https:\/\/mdsu.se\/wp-content\/uploads\/2023\/07\/SoloLearn-logotext-1280x243-1-300x57.png\" alt=\"\" width=\"300\" height=\"57\" srcset=\"https:\/\/mdsu.se\/wp-content\/uploads\/2023\/07\/SoloLearn-logotext-1280x243-1-300x57.png 300w, https:\/\/mdsu.se\/wp-content\/uploads\/2023\/07\/SoloLearn-logotext-1280x243-1-1024x194.png 1024w, https:\/\/mdsu.se\/wp-content\/uploads\/2023\/07\/SoloLearn-logotext-1280x243-1-768x146.png 768w, https:\/\/mdsu.se\/wp-content\/uploads\/2023\/07\/SoloLearn-logotext-1280x243-1.png 1280w\" sizes=\"(max-width: 300px) 100vw, 300px\" \/><\/a><br \/>\n<span style=\"font-size: 10pt;\"><em>(C, C++, C#, HTML &amp; CSS, Java, JavaScript, Kotlin, PHP, Python, SQL, Swift)<\/em><\/span><\/p>\n<p>&nbsp;<\/p>\n<p><a href=\"https:\/\/bestcodingbootcamps.com\/advice\/from-the-start-introducing-coding-to-young-minds\/\"><img loading=\"lazy\" decoding=\"async\" class=\"alignleft wp-image-20831 size-full\" src=\"https:\/\/mdsu.se\/wp-content\/uploads\/2024\/04\/Screenshot-2024-04-22-133601-1.png\" alt=\"\" width=\"223\" height=\"68\" \/><\/a>[\/vc_toggle][\/vc_column_inner][vc_column_inner width=&#8221;1\/2&#8243;][\/vc_column_inner][\/vc_row_inner][vc_column_text]<em>Do you have any suggestions for online resources you think would fit in here? Email to <a href=\"mailto:info@mdsu.se\">info@mdsu.se<\/a><\/em>[\/vc_column_text][\/vc_column][\/vc_row]<\/p>\n<\/div>","protected":false},"excerpt":{"rendered":"<p>[vc_row][vc_column css=&#8221;.vc_custom_1689174433577{padding-right: 15px !important;padding-left: 15px !important;background-color: #ffffff !important;}&#8221;][vc_single_image image=&#8221;18797&#8243; img_size=&#8221;1920&#215;500&#8243; alignment=&#8221;center&#8221; style=&#8221;vc_box_rounded&#8221; css=&#8221;.vc_custom_1689613324132{margin-top: -20px !important;}&#8221;][vc_row_inner][vc_column_inner width=&#8221;1\/4&#8243;][vc_btn title=&#8221;For you with a disability&#8221; style=&#8221;custom&#8221; custom_background=&#8221;#15b9ed&#8221; custom_text=&#8221;#ffffff&#8221; size=&#8221;lg&#8221; align=&#8221;center&#8221; button_block=&#8221;true&#8221; link=&#8221;url:https%3A%2F%2Fmdsu.se%2Fen%2Fstudent%2Fyour-education%2Fhelp-resources%2Ffor-you-with-a-disability%2F|title:For%20you%20with%20a%20disability&#8221;][\/vc_column_inner][vc_column_inner width=&#8221;1\/4&#8243;][vc_btn title=&#8221;Academic&hellip;&nbsp;<a href=\"https:\/\/mdsu.se\/en\/student\/your-education\/help-resources\/\" class=\"\" rel=\"bookmark\">Read More &raquo;<span class=\"screen-reader-text\">Help resources<\/span><\/a><\/p>\n","protected":false},"author":9,"featured_media":0,"parent":18895,"menu_order":0,"comment_status":"closed","ping_status":"closed","template":"","meta":{"neve_meta_sidebar":"","neve_meta_container":"","neve_meta_enable_content_width":"off","neve_meta_content_width":100,"neve_meta_title_alignment":"","neve_meta_author_avatar":"","neve_post_elements_order":"","neve_meta_disable_header":"","neve_meta_disable_footer":"","neve_meta_disable_title":"","_EventAllDay":false,"_EventTimezone":"","_EventStartDate":"","_EventEndDate":"","_EventStartDateUTC":"","_EventEndDateUTC":"","_EventShowMap":false,"_EventShowMapLink":false,"_EventURL":"","_EventCost":"","_EventCostDescription":"","_EventCurrencySymbol":"","_EventCurrencyCode":"","_EventCurrencyPosition":"","_EventDateTimeSeparator":"","_EventTimeRangeSeparator":"","_EventOrganizerID":[],"_EventVenueID":[],"_OrganizerEmail":"","_OrganizerPhone":"","_OrganizerWebsite":"","_VenueAddress":"","_VenueCity":"","_VenueCountry":"","_VenueProvince":"","_VenueState":"","_VenueZip":"","_VenuePhone":"","_VenueURL":"","_VenueStateProvince":"","_VenueLat":"","_VenueLng":"","_VenueShowMap":false,"_VenueShowMapLink":false,"footnotes":""},"yoast_head":"<!-- This site is optimized with the Yoast SEO plugin v21.6 - https:\/\/yoast.com\/wordpress\/plugins\/seo\/ -->\n<title>Help resources - M\u00e4lardalens studentk\u00e5r<\/title>\n<meta name=\"robots\" content=\"index, follow, max-snippet:-1, max-image-preview:large, max-video-preview:-1\" \/>\n<link rel=\"canonical\" href=\"https:\/\/mdsu.se\/student\/din-utbildning\/hjalpresurser\/\" \/>\n<meta property=\"og:locale\" content=\"en_US\" \/>\n<meta property=\"og:type\" content=\"article\" \/>\n<meta property=\"og:title\" content=\"Help resources - M\u00e4lardalens studentk\u00e5r\" \/>\n<meta property=\"og:description\" content=\"[vc_row][vc_column css=&#8221;.vc_custom_1689174433577{padding-right: 15px !important;padding-left: 15px !important;background-color: #ffffff !important;}&#8221;][vc_single_image image=&#8221;18797&#8243; img_size=&#8221;1920&#215;500&#8243; alignment=&#8221;center&#8221; style=&#8221;vc_box_rounded&#8221; css=&#8221;.vc_custom_1689613324132{margin-top: -20px !important;}&#8221;][vc_row_inner][vc_column_inner width=&#8221;1\/4&#8243;][vc_btn title=&#8221;For you with a disability&#8221; style=&#8221;custom&#8221; custom_background=&#8221;#15b9ed&#8221; custom_text=&#8221;#ffffff&#8221; size=&#8221;lg&#8221; align=&#8221;center&#8221; button_block=&#8221;true&#8221; link=&#8221;url:https%3A%2F%2Fmdsu.se%2Fen%2Fstudent%2Fyour-education%2Fhelp-resources%2Ffor-you-with-a-disability%2F|title:For%20you%20with%20a%20disability&#8221;][\/vc_column_inner][vc_column_inner width=&#8221;1\/4&#8243;][vc_btn title=&#8221;Academic&hellip;&nbsp;Read More &raquo;Help resources\" \/>\n<meta property=\"og:url\" content=\"https:\/\/mdsu.se\/student\/din-utbildning\/hjalpresurser\/\" \/>\n<meta property=\"og:site_name\" content=\"M\u00e4lardalens studentk\u00e5r\" \/>\n<meta property=\"article:publisher\" content=\"https:\/\/www.facebook.com\/malardalens.studentkar\" \/>\n<meta property=\"article:modified_time\" content=\"2024-04-22T11:39:08+00:00\" \/>\n<meta property=\"og:image\" content=\"https:\/\/mdsu.se\/wp-content\/uploads\/2023\/07\/Khan-Academy-logotext-469x76-1-300x49.png\" \/>\n<meta name=\"twitter:card\" content=\"summary_large_image\" \/>\n<meta name=\"twitter:label1\" content=\"Est. reading time\" \/>\n\t<meta name=\"twitter:data1\" content=\"4 minutes\" \/>\n<script type=\"application\/ld+json\" class=\"yoast-schema-graph\">{\"@context\":\"https:\/\/schema.org\",\"@graph\":[{\"@type\":\"WebPage\",\"@id\":\"https:\/\/mdsu.se\/student\/din-utbildning\/hjalpresurser\/\",\"url\":\"https:\/\/mdsu.se\/student\/din-utbildning\/hjalpresurser\/\",\"name\":\"Help resources - M\u00e4lardalens studentk\u00e5r\",\"isPartOf\":{\"@id\":\"https:\/\/mdsu.se\/#website\"},\"datePublished\":\"2023-07-12T11:40:57+00:00\",\"dateModified\":\"2024-04-22T11:39:08+00:00\",\"breadcrumb\":{\"@id\":\"https:\/\/mdsu.se\/student\/din-utbildning\/hjalpresurser\/#breadcrumb\"},\"inLanguage\":\"en-US\",\"potentialAction\":[{\"@type\":\"ReadAction\",\"target\":[\"https:\/\/mdsu.se\/student\/din-utbildning\/hjalpresurser\/\"]}]},{\"@type\":\"BreadcrumbList\",\"@id\":\"https:\/\/mdsu.se\/student\/din-utbildning\/hjalpresurser\/#breadcrumb\",\"itemListElement\":[{\"@type\":\"ListItem\",\"position\":1,\"name\":\"Hem\",\"item\":\"https:\/\/mdsu.se\/\"},{\"@type\":\"ListItem\",\"position\":2,\"name\":\"Student\",\"item\":\"https:\/\/mdsu.se\/en\/student\/\"},{\"@type\":\"ListItem\",\"position\":3,\"name\":\"Your Education\",\"item\":\"https:\/\/mdsu.se\/en\/student\/your-education\/\"},{\"@type\":\"ListItem\",\"position\":4,\"name\":\"Help resources\"}]},{\"@type\":\"WebSite\",\"@id\":\"https:\/\/mdsu.se\/#website\",\"url\":\"https:\/\/mdsu.se\/\",\"name\":\"M\u00e4lardalens studentk\u00e5r\",\"description\":\"Den officiella studentk\u00e5ren vid M\u00e4lardalens h\u00f6gskola (MDH)\",\"publisher\":{\"@id\":\"https:\/\/mdsu.se\/#organization\"},\"potentialAction\":[{\"@type\":\"SearchAction\",\"target\":{\"@type\":\"EntryPoint\",\"urlTemplate\":\"https:\/\/mdsu.se\/?s={search_term_string}\"},\"query-input\":\"required name=search_term_string\"}],\"inLanguage\":\"en-US\"},{\"@type\":\"Organization\",\"@id\":\"https:\/\/mdsu.se\/#organization\",\"name\":\"M\u00e4lardalens Studentk\u00e5r\",\"url\":\"https:\/\/mdsu.se\/\",\"logo\":{\"@type\":\"ImageObject\",\"inLanguage\":\"en-US\",\"@id\":\"https:\/\/mdsu.se\/#\/schema\/logo\/image\/\",\"url\":\"https:\/\/mdsu.se\/wp-content\/uploads\/2019\/06\/Rektangel-standard.png\",\"contentUrl\":\"https:\/\/mdsu.se\/wp-content\/uploads\/2019\/06\/Rektangel-standard.png\",\"width\":1397,\"height\":262,\"caption\":\"M\u00e4lardalens Studentk\u00e5r\"},\"image\":{\"@id\":\"https:\/\/mdsu.se\/#\/schema\/logo\/image\/\"},\"sameAs\":[\"https:\/\/www.facebook.com\/malardalens.studentkar\",\"https:\/\/www.instagram.com\/malardalensstudentkar\/\"]}]}<\/script>\n<!-- \/ Yoast SEO plugin. -->","yoast_head_json":{"title":"Help resources - M\u00e4lardalens studentk\u00e5r","robots":{"index":"index","follow":"follow","max-snippet":"max-snippet:-1","max-image-preview":"max-image-preview:large","max-video-preview":"max-video-preview:-1"},"canonical":"https:\/\/mdsu.se\/student\/din-utbildning\/hjalpresurser\/","og_locale":"en_US","og_type":"article","og_title":"Help resources - M\u00e4lardalens studentk\u00e5r","og_description":"[vc_row][vc_column css=&#8221;.vc_custom_1689174433577{padding-right: 15px !important;padding-left: 15px !important;background-color: #ffffff !important;}&#8221;][vc_single_image image=&#8221;18797&#8243; img_size=&#8221;1920&#215;500&#8243; alignment=&#8221;center&#8221; style=&#8221;vc_box_rounded&#8221; css=&#8221;.vc_custom_1689613324132{margin-top: -20px !important;}&#8221;][vc_row_inner][vc_column_inner width=&#8221;1\/4&#8243;][vc_btn title=&#8221;For you with a disability&#8221; style=&#8221;custom&#8221; custom_background=&#8221;#15b9ed&#8221; custom_text=&#8221;#ffffff&#8221; size=&#8221;lg&#8221; align=&#8221;center&#8221; button_block=&#8221;true&#8221; link=&#8221;url:https%3A%2F%2Fmdsu.se%2Fen%2Fstudent%2Fyour-education%2Fhelp-resources%2Ffor-you-with-a-disability%2F|title:For%20you%20with%20a%20disability&#8221;][\/vc_column_inner][vc_column_inner width=&#8221;1\/4&#8243;][vc_btn title=&#8221;Academic&hellip;&nbsp;Read More &raquo;Help resources","og_url":"https:\/\/mdsu.se\/student\/din-utbildning\/hjalpresurser\/","og_site_name":"M\u00e4lardalens studentk\u00e5r","article_publisher":"https:\/\/www.facebook.com\/malardalens.studentkar","article_modified_time":"2024-04-22T11:39:08+00:00","og_image":[{"url":"https:\/\/mdsu.se\/wp-content\/uploads\/2023\/07\/Khan-Academy-logotext-469x76-1-300x49.png"}],"twitter_card":"summary_large_image","twitter_misc":{"Est. reading time":"4 minutes"},"schema":{"@context":"https:\/\/schema.org","@graph":[{"@type":"WebPage","@id":"https:\/\/mdsu.se\/student\/din-utbildning\/hjalpresurser\/","url":"https:\/\/mdsu.se\/student\/din-utbildning\/hjalpresurser\/","name":"Help resources - M\u00e4lardalens studentk\u00e5r","isPartOf":{"@id":"https:\/\/mdsu.se\/#website"},"datePublished":"2023-07-12T11:40:57+00:00","dateModified":"2024-04-22T11:39:08+00:00","breadcrumb":{"@id":"https:\/\/mdsu.se\/student\/din-utbildning\/hjalpresurser\/#breadcrumb"},"inLanguage":"en-US","potentialAction":[{"@type":"ReadAction","target":["https:\/\/mdsu.se\/student\/din-utbildning\/hjalpresurser\/"]}]},{"@type":"BreadcrumbList","@id":"https:\/\/mdsu.se\/student\/din-utbildning\/hjalpresurser\/#breadcrumb","itemListElement":[{"@type":"ListItem","position":1,"name":"Hem","item":"https:\/\/mdsu.se\/"},{"@type":"ListItem","position":2,"name":"Student","item":"https:\/\/mdsu.se\/en\/student\/"},{"@type":"ListItem","position":3,"name":"Your Education","item":"https:\/\/mdsu.se\/en\/student\/your-education\/"},{"@type":"ListItem","position":4,"name":"Help resources"}]},{"@type":"WebSite","@id":"https:\/\/mdsu.se\/#website","url":"https:\/\/mdsu.se\/","name":"M\u00e4lardalens studentk\u00e5r","description":"Den officiella studentk\u00e5ren vid M\u00e4lardalens h\u00f6gskola (MDH)","publisher":{"@id":"https:\/\/mdsu.se\/#organization"},"potentialAction":[{"@type":"SearchAction","target":{"@type":"EntryPoint","urlTemplate":"https:\/\/mdsu.se\/?s={search_term_string}"},"query-input":"required name=search_term_string"}],"inLanguage":"en-US"},{"@type":"Organization","@id":"https:\/\/mdsu.se\/#organization","name":"M\u00e4lardalens Studentk\u00e5r","url":"https:\/\/mdsu.se\/","logo":{"@type":"ImageObject","inLanguage":"en-US","@id":"https:\/\/mdsu.se\/#\/schema\/logo\/image\/","url":"https:\/\/mdsu.se\/wp-content\/uploads\/2019\/06\/Rektangel-standard.png","contentUrl":"https:\/\/mdsu.se\/wp-content\/uploads\/2019\/06\/Rektangel-standard.png","width":1397,"height":262,"caption":"M\u00e4lardalens Studentk\u00e5r"},"image":{"@id":"https:\/\/mdsu.se\/#\/schema\/logo\/image\/"},"sameAs":["https:\/\/www.facebook.com\/malardalens.studentkar","https:\/\/www.instagram.com\/malardalensstudentkar\/"]}]}},"_links":{"self":[{"href":"https:\/\/mdsu.se\/en\/wp-json\/wp\/v2\/pages\/18962"}],"collection":[{"href":"https:\/\/mdsu.se\/en\/wp-json\/wp\/v2\/pages"}],"about":[{"href":"https:\/\/mdsu.se\/en\/wp-json\/wp\/v2\/types\/page"}],"author":[{"embeddable":true,"href":"https:\/\/mdsu.se\/en\/wp-json\/wp\/v2\/users\/9"}],"replies":[{"embeddable":true,"href":"https:\/\/mdsu.se\/en\/wp-json\/wp\/v2\/comments?post=18962"}],"version-history":[{"count":8,"href":"https:\/\/mdsu.se\/en\/wp-json\/wp\/v2\/pages\/18962\/revisions"}],"predecessor-version":[{"id":20832,"href":"https:\/\/mdsu.se\/en\/wp-json\/wp\/v2\/pages\/18962\/revisions\/20832"}],"up":[{"embeddable":true,"href":"https:\/\/mdsu.se\/en\/wp-json\/wp\/v2\/pages\/18895"}],"wp:attachment":[{"href":"https:\/\/mdsu.se\/en\/wp-json\/wp\/v2\/media?parent=18962"}],"curies":[{"name":"wp","href":"https:\/\/api.w.org\/{rel}","templated":true}]}}