{"id":18883,"date":"2023-06-06T15:21:07","date_gmt":"2023-06-06T13:21:07","guid":{"rendered":"https:\/\/mdsu.se\/student\/new-student\/rookieperioden\/"},"modified":"2026-01-19T11:48:54","modified_gmt":"2026-01-19T10:48:54","slug":"rookie-period","status":"publish","type":"page","link":"https:\/\/mdsu.se\/en\/student\/new-student\/rookie-period\/","title":{"rendered":"The Rookie Period"},"content":{"rendered":"<div class=\"wpb-content-wrapper\"><p>[vc_row css=&#8221;.vc_custom_1689155737879{background-color: #ffffff !important;}&#8221;][vc_column css=&#8221;.vc_custom_1689170972091{padding-right: 15px !important;padding-left: 15px !important;background-color: #ffffff !important;}&#8221;][vc_column_text]<\/p>\n<h1>Rookieperiod Spring term 2026<\/h1>\n<p><span style=\"font-size: 14pt;\">The rookie-period is the first weeks of the rest of your student life at MDU! During these weeks there will be a lot of activities for you as a new student, so your start will be as lovely as possible. make sure to get to know both the students at your program but also students from other programs at the common events.<\/span><\/p>\n<p><span style=\"font-size: 14pt;\">We start of the rookie-period with\u00a0 <a href=\"https:\/\/www.mdu.se\/student\/under-studietiden\/the-welcoming\">T<strong>he Welcoming<\/strong><\/a> that is arranged by MDU.<\/span><\/p>\n<p><span style=\"font-size: 14pt;\">We wanna wish you a very warm welcome to your new life as a student!<\/span>[\/vc_column_text][vc_row_inner][vc_column_inner][vc_column_text]<\/p>\n<h3>Rookie policy<\/h3>\n<p><em>\u00a0If you participate in the rookie-period it is of high importance to know that we have a policy document with rules, guidelines and policies\u00a0 regarding rookieperiod and its attendees. This exists to create a safe and welcoming rookie-period for you as a new student. You can read the document <a href=\"https:\/\/mdsu.se\/wp-content\/uploads\/2025\/05\/Policydokument-for-rookieperiod-1.pdf\">here.<\/a><br \/>\nYou can also ask your fadders or the student union if unsure. Anyone breaking the policy is at risk of being expelled from rookie-period.<\/em>[\/vc_column_text][\/vc_column_inner][\/vc_row_inner][vc_column_text]<\/p>\n<h2>Rookieschedule<\/h2>\n<p>Down below is the rookie schedule for spring term 2026. If you have any questions regarding any event , please contact the event arranger. For events hosted by MDSU you will need tickets, which you can find on the hitract- app. For events arranged by Sexm\u00e4steriet you need the Sexet-pass.<br \/>\nThis is only the events during rookie period that is open for all or many association, check with your association for exclusive events.<\/p>\n<p>Please note that changes may occur.[\/vc_column_text][vc_row_inner][vc_column_inner width=&#8221;1\/4&#8243;][vc_column_text]<a href=\"https:\/\/mdsu.se\/wp-content\/uploads\/2026\/01\/ROOKIEPSCHEMA-6-1.pdf\">Rookie Period Schedule VT26 Eskilstuna<\/a>[\/vc_column_text][\/vc_column_inner][vc_column_inner width=&#8221;1\/4&#8243;][vc_column_text]<a href=\"https:\/\/mdsu.se\/wp-content\/uploads\/2026\/01\/ROOKIEPSCHEMA-4-1-1.pdf\">Rookie Period Schedule VT26 V\u00e4ster\u00e5s\u00a0<\/a>[\/vc_column_text][\/vc_column_inner][\/vc_row_inner][\/vc_column][\/vc_row][vc_row][vc_column][vc_empty_space height=&#8221;30px&#8221;][\/vc_column][\/vc_row]<\/p>\n<\/div>","protected":false},"excerpt":{"rendered":"<p>[vc_row css=&#8221;.vc_custom_1689155737879{background-color: #ffffff !important;}&#8221;][vc_column css=&#8221;.vc_custom_1689170972091{padding-right: 15px !important;padding-left: 15px !important;background-color: #ffffff !important;}&#8221;][vc_column_text] Rookieperiod Spring term 2026 The rookie-period is the first weeks of the rest of your student life at MDU!&hellip;&nbsp;<a href=\"https:\/\/mdsu.se\/en\/student\/new-student\/rookie-period\/\" class=\"\" rel=\"bookmark\">Read More &raquo;<span class=\"screen-reader-text\">The Rookie Period<\/span><\/a><\/p>\n","protected":false},"author":27,"featured_media":0,"parent":17915,"menu_order":0,"comment_status":"closed","ping_status":"closed","template":"","meta":{"neve_meta_sidebar":"","neve_meta_container":"","neve_meta_enable_content_width":"off","neve_meta_content_width":100,"neve_meta_title_alignment":"","neve_meta_author_avatar":"","neve_post_elements_order":"","neve_meta_disable_header":"","neve_meta_disable_footer":"","neve_meta_disable_title":"","_EventAllDay":false,"_EventTimezone":"","_EventStartDate":"","_EventEndDate":"","_EventStartDateUTC":"","_EventEndDateUTC":"","_EventShowMap":false,"_EventShowMapLink":false,"_EventURL":"","_EventCost":"","_EventCostDescription":"","_EventCurrencySymbol":"","_EventCurrencyCode":"","_EventCurrencyPosition":"","_EventDateTimeSeparator":"","_EventTimeRangeSeparator":"","_EventOrganizerID":[],"_EventVenueID":[],"_OrganizerEmail":"","_OrganizerPhone":"","_OrganizerWebsite":"","_VenueAddress":"","_VenueCity":"","_VenueCountry":"","_VenueProvince":"","_VenueState":"","_VenueZip":"","_VenuePhone":"","_VenueURL":"","_VenueStateProvince":"","_VenueLat":"","_VenueLng":"","_VenueShowMap":false,"_VenueShowMapLink":false,"footnotes":""},"yoast_head":"<!-- This site is optimized with the Yoast SEO plugin v21.6 - https:\/\/yoast.com\/wordpress\/plugins\/seo\/ -->\n<title>The Rookie Period - M\u00e4lardalens studentk\u00e5r<\/title>\n<meta name=\"robots\" content=\"index, follow, max-snippet:-1, max-image-preview:large, max-video-preview:-1\" \/>\n<link rel=\"canonical\" href=\"https:\/\/mdsu.se\/en\/student\/new-student\/rookie-period\/\" \/>\n<meta property=\"og:locale\" content=\"en_US\" \/>\n<meta property=\"og:type\" content=\"article\" \/>\n<meta property=\"og:title\" content=\"The Rookie Period - M\u00e4lardalens studentk\u00e5r\" \/>\n<meta property=\"og:description\" content=\"[vc_row css=&#8221;.vc_custom_1689155737879{background-color: #ffffff !important;}&#8221;][vc_column css=&#8221;.vc_custom_1689170972091{padding-right: 15px !important;padding-left: 15px !important;background-color: #ffffff !important;}&#8221;][vc_column_text] Rookieperiod Spring term 2026 The rookie-period is the first weeks of the rest of your student life at MDU!&hellip;&nbsp;Read More &raquo;The Rookie Period\" \/>\n<meta property=\"og:url\" content=\"https:\/\/mdsu.se\/en\/student\/new-student\/rookie-period\/\" \/>\n<meta property=\"og:site_name\" content=\"M\u00e4lardalens studentk\u00e5r\" \/>\n<meta property=\"article:publisher\" content=\"https:\/\/www.facebook.com\/malardalens.studentkar\" \/>\n<meta property=\"article:modified_time\" content=\"2026-01-19T10:48:54+00:00\" \/>\n<meta name=\"twitter:card\" content=\"summary_large_image\" \/>\n<meta name=\"twitter:label1\" content=\"Est. reading time\" \/>\n\t<meta name=\"twitter:data1\" content=\"2 minutes\" \/>\n<script type=\"application\/ld+json\" class=\"yoast-schema-graph\">{\"@context\":\"https:\/\/schema.org\",\"@graph\":[{\"@type\":\"WebPage\",\"@id\":\"https:\/\/mdsu.se\/en\/student\/new-student\/rookie-period\/\",\"url\":\"https:\/\/mdsu.se\/en\/student\/new-student\/rookie-period\/\",\"name\":\"The Rookie Period - M\u00e4lardalens studentk\u00e5r\",\"isPartOf\":{\"@id\":\"https:\/\/mdsu.se\/#website\"},\"datePublished\":\"2023-06-06T13:21:07+00:00\",\"dateModified\":\"2026-01-19T10:48:54+00:00\",\"breadcrumb\":{\"@id\":\"https:\/\/mdsu.se\/en\/student\/new-student\/rookie-period\/#breadcrumb\"},\"inLanguage\":\"en-US\",\"potentialAction\":[{\"@type\":\"ReadAction\",\"target\":[\"https:\/\/mdsu.se\/en\/student\/new-student\/rookie-period\/\"]}]},{\"@type\":\"BreadcrumbList\",\"@id\":\"https:\/\/mdsu.se\/en\/student\/new-student\/rookie-period\/#breadcrumb\",\"itemListElement\":[{\"@type\":\"ListItem\",\"position\":1,\"name\":\"Hem\",\"item\":\"https:\/\/mdsu.se\/\"},{\"@type\":\"ListItem\",\"position\":2,\"name\":\"Student\",\"item\":\"https:\/\/mdsu.se\/en\/student\/\"},{\"@type\":\"ListItem\",\"position\":3,\"name\":\"New student\",\"item\":\"https:\/\/mdsu.se\/student\/ny-student\/\"},{\"@type\":\"ListItem\",\"position\":4,\"name\":\"The Rookie Period\"}]},{\"@type\":\"WebSite\",\"@id\":\"https:\/\/mdsu.se\/#website\",\"url\":\"https:\/\/mdsu.se\/\",\"name\":\"M\u00e4lardalens studentk\u00e5r\",\"description\":\"Den officiella studentk\u00e5ren vid M\u00e4lardalens h\u00f6gskola (MDH)\",\"publisher\":{\"@id\":\"https:\/\/mdsu.se\/#organization\"},\"potentialAction\":[{\"@type\":\"SearchAction\",\"target\":{\"@type\":\"EntryPoint\",\"urlTemplate\":\"https:\/\/mdsu.se\/?s={search_term_string}\"},\"query-input\":\"required name=search_term_string\"}],\"inLanguage\":\"en-US\"},{\"@type\":\"Organization\",\"@id\":\"https:\/\/mdsu.se\/#organization\",\"name\":\"M\u00e4lardalens Studentk\u00e5r\",\"url\":\"https:\/\/mdsu.se\/\",\"logo\":{\"@type\":\"ImageObject\",\"inLanguage\":\"en-US\",\"@id\":\"https:\/\/mdsu.se\/#\/schema\/logo\/image\/\",\"url\":\"https:\/\/mdsu.se\/wp-content\/uploads\/2019\/06\/Rektangel-standard.png\",\"contentUrl\":\"https:\/\/mdsu.se\/wp-content\/uploads\/2019\/06\/Rektangel-standard.png\",\"width\":1397,\"height\":262,\"caption\":\"M\u00e4lardalens Studentk\u00e5r\"},\"image\":{\"@id\":\"https:\/\/mdsu.se\/#\/schema\/logo\/image\/\"},\"sameAs\":[\"https:\/\/www.facebook.com\/malardalens.studentkar\",\"https:\/\/www.instagram.com\/malardalensstudentkar\/\"]}]}<\/script>\n<!-- \/ Yoast SEO plugin. -->","yoast_head_json":{"title":"The Rookie Period - M\u00e4lardalens studentk\u00e5r","robots":{"index":"index","follow":"follow","max-snippet":"max-snippet:-1","max-image-preview":"max-image-preview:large","max-video-preview":"max-video-preview:-1"},"canonical":"https:\/\/mdsu.se\/en\/student\/new-student\/rookie-period\/","og_locale":"en_US","og_type":"article","og_title":"The Rookie Period - M\u00e4lardalens studentk\u00e5r","og_description":"[vc_row css=&#8221;.vc_custom_1689155737879{background-color: #ffffff !important;}&#8221;][vc_column css=&#8221;.vc_custom_1689170972091{padding-right: 15px !important;padding-left: 15px !important;background-color: #ffffff !important;}&#8221;][vc_column_text] Rookieperiod Spring term 2026 The rookie-period is the first weeks of the rest of your student life at MDU!&hellip;&nbsp;Read More &raquo;The Rookie Period","og_url":"https:\/\/mdsu.se\/en\/student\/new-student\/rookie-period\/","og_site_name":"M\u00e4lardalens studentk\u00e5r","article_publisher":"https:\/\/www.facebook.com\/malardalens.studentkar","article_modified_time":"2026-01-19T10:48:54+00:00","twitter_card":"summary_large_image","twitter_misc":{"Est. reading time":"2 minutes"},"schema":{"@context":"https:\/\/schema.org","@graph":[{"@type":"WebPage","@id":"https:\/\/mdsu.se\/en\/student\/new-student\/rookie-period\/","url":"https:\/\/mdsu.se\/en\/student\/new-student\/rookie-period\/","name":"The Rookie Period - M\u00e4lardalens studentk\u00e5r","isPartOf":{"@id":"https:\/\/mdsu.se\/#website"},"datePublished":"2023-06-06T13:21:07+00:00","dateModified":"2026-01-19T10:48:54+00:00","breadcrumb":{"@id":"https:\/\/mdsu.se\/en\/student\/new-student\/rookie-period\/#breadcrumb"},"inLanguage":"en-US","potentialAction":[{"@type":"ReadAction","target":["https:\/\/mdsu.se\/en\/student\/new-student\/rookie-period\/"]}]},{"@type":"BreadcrumbList","@id":"https:\/\/mdsu.se\/en\/student\/new-student\/rookie-period\/#breadcrumb","itemListElement":[{"@type":"ListItem","position":1,"name":"Hem","item":"https:\/\/mdsu.se\/"},{"@type":"ListItem","position":2,"name":"Student","item":"https:\/\/mdsu.se\/en\/student\/"},{"@type":"ListItem","position":3,"name":"New student","item":"https:\/\/mdsu.se\/student\/ny-student\/"},{"@type":"ListItem","position":4,"name":"The Rookie Period"}]},{"@type":"WebSite","@id":"https:\/\/mdsu.se\/#website","url":"https:\/\/mdsu.se\/","name":"M\u00e4lardalens studentk\u00e5r","description":"Den officiella studentk\u00e5ren vid M\u00e4lardalens h\u00f6gskola (MDH)","publisher":{"@id":"https:\/\/mdsu.se\/#organization"},"potentialAction":[{"@type":"SearchAction","target":{"@type":"EntryPoint","urlTemplate":"https:\/\/mdsu.se\/?s={search_term_string}"},"query-input":"required name=search_term_string"}],"inLanguage":"en-US"},{"@type":"Organization","@id":"https:\/\/mdsu.se\/#organization","name":"M\u00e4lardalens Studentk\u00e5r","url":"https:\/\/mdsu.se\/","logo":{"@type":"ImageObject","inLanguage":"en-US","@id":"https:\/\/mdsu.se\/#\/schema\/logo\/image\/","url":"https:\/\/mdsu.se\/wp-content\/uploads\/2019\/06\/Rektangel-standard.png","contentUrl":"https:\/\/mdsu.se\/wp-content\/uploads\/2019\/06\/Rektangel-standard.png","width":1397,"height":262,"caption":"M\u00e4lardalens Studentk\u00e5r"},"image":{"@id":"https:\/\/mdsu.se\/#\/schema\/logo\/image\/"},"sameAs":["https:\/\/www.facebook.com\/malardalens.studentkar","https:\/\/www.instagram.com\/malardalensstudentkar\/"]}]}},"_links":{"self":[{"href":"https:\/\/mdsu.se\/en\/wp-json\/wp\/v2\/pages\/18883"}],"collection":[{"href":"https:\/\/mdsu.se\/en\/wp-json\/wp\/v2\/pages"}],"about":[{"href":"https:\/\/mdsu.se\/en\/wp-json\/wp\/v2\/types\/page"}],"author":[{"embeddable":true,"href":"https:\/\/mdsu.se\/en\/wp-json\/wp\/v2\/users\/27"}],"replies":[{"embeddable":true,"href":"https:\/\/mdsu.se\/en\/wp-json\/wp\/v2\/comments?post=18883"}],"version-history":[{"count":58,"href":"https:\/\/mdsu.se\/en\/wp-json\/wp\/v2\/pages\/18883\/revisions"}],"predecessor-version":[{"id":22818,"href":"https:\/\/mdsu.se\/en\/wp-json\/wp\/v2\/pages\/18883\/revisions\/22818"}],"up":[{"embeddable":true,"href":"https:\/\/mdsu.se\/en\/wp-json\/wp\/v2\/pages\/17915"}],"wp:attachment":[{"href":"https:\/\/mdsu.se\/en\/wp-json\/wp\/v2\/media?parent=18883"}],"curies":[{"name":"wp","href":"https:\/\/api.w.org\/{rel}","templated":true}]}}