{"id":17915,"date":"2023-04-27T10:24:33","date_gmt":"2023-04-27T08:24:33","guid":{"rendered":"https:\/\/mdsu.se\/?page_id=17915"},"modified":"2024-12-10T12:22:27","modified_gmt":"2024-12-10T11:22:27","slug":"new-student","status":"publish","type":"page","link":"https:\/\/mdsu.se\/en\/student\/new-student\/","title":{"rendered":"New student"},"content":{"rendered":"<div class=\"wpb-content-wrapper\"><p>[vc_row][vc_column css=&#8221;.vc_custom_1689170559259{padding-right: 15px !important;padding-left: 15px !important;background-color: #ffffff !important;}&#8221;][vc_row_inner][vc_column_inner][vc_single_image image=&#8221;21432&#8243; img_size=&#8221;1920&#215;500&#8243; alignment=&#8221;center&#8221; style=&#8221;vc_box_rounded&#8221; css=&#8221;.vc_custom_1733829422069{margin-top: -20px !important;}&#8221;][vc_column_text]<span style=\"font-size: 14pt;\">Congratulations to you who have been accepted to M\u00e4lardalen University, and a warm welcome to M\u00e4lardalen&#8217;s Student Union!<\/span><br \/>\n<span style=\"font-size: 14pt;\">This page contains all the information you may need to prepare for your life as a student.<\/span>[\/vc_column_text][\/vc_column_inner][\/vc_row_inner][vc_row_inner][vc_column_inner width=&#8221;2\/3&#8243;][vc_column_text]M\u00e4lardalen&#8217;s Student Union is the <strong>&#8220;workers&#8217; union&#8221;<\/strong> for students at MDU, and as a student at MDU you have the right to exercise <strong>student influence<\/strong> through M\u00e4lardalen&#8217;s Student Union.<\/p>\n<p>As a university student, you are no longer just a recipient of knowledge, you are not just a passenger on an educational journey. You are one of the main characters who can make a difference. <strong>Your voice matters and your ideas matter.<\/strong><\/p>\n<p>Student influence is about us students being able to participate and influence our own educations. It is about us being allowed to take part in decision-making processes concerning our educations and our study environments. <strong>It&#8217;s about us being able to take part in shaping the future we want.<\/strong><\/p>\n<p>Us students are not too young or too inexperienced to make an impact. We have knowledge, we have thoughts, we have dreams.<br \/>\n<strong>We have the ability to change the world by changing our educations.<\/strong>[\/vc_column_text][\/vc_column_inner][vc_column_inner width=&#8221;1\/3&#8243;][vc_column_text]<\/p>\n<h3 style=\"text-align: center;\">Become a member and influence your future!<\/h3>\n<p>[\/vc_column_text][vc_btn title=&#8221;Become a member&#8221; style=&#8221;custom&#8221; custom_background=&#8221;#15b9ed&#8221; custom_text=&#8221;#ffffff&#8221; size=&#8221;lg&#8221; align=&#8221;center&#8221; i_type=&#8221;linecons&#8221; i_icon_linecons=&#8221;vc_li vc_li-like&#8221; button_block=&#8221;true&#8221; add_icon=&#8221;true&#8221; link=&#8221;url:https%3A%2F%2Fmdsu.se%2Fen%2Fmembership%2F|title:Membership&#8221;][vc_btn title=&#8221;Membership terms&#8221; style=&#8221;custom&#8221; custom_background=&#8221;#15b9ed&#8221; custom_text=&#8221;#ffffff&#8221; size=&#8221;lg&#8221; align=&#8221;center&#8221; button_block=&#8221;true&#8221; link=&#8221;url:https%3A%2F%2Fmdsu.se%2Fen%2Fmembership%2Fmembership-terms%2F|title:Membership%20terms&#8221;][vc_btn title=&#8221;Contact Us&#8221; style=&#8221;custom&#8221; custom_background=&#8221;#15b9ed&#8221; custom_text=&#8221;#ffffff&#8221; size=&#8221;lg&#8221; align=&#8221;center&#8221; button_block=&#8221;true&#8221; link=&#8221;url:https%3A%2F%2Fmdsu.se%2Fen%2Fabout-mdsu%2Fcontact%2F|title:Contact&#8221;][\/vc_column_inner][\/vc_row_inner][vc_row_inner][vc_column_inner][vc_column_text]<\/p>\n<h2>To-do list for new students<\/h2>\n<p>[\/vc_column_text][\/vc_column_inner][\/vc_row_inner][vc_row_inner][vc_column_inner width=&#8221;1\/2&#8243;][vc_column_text]<strong>1. Become a student<\/strong><br \/>\nFollow <a href=\"https:\/\/www.mdu.se\/en\/malardalen-university\/student\/new-student\">MDU&#8217;s Checklist<\/a> to get ready for your studies!<\/p>\n<p><strong>2. Learn about <a href=\"https:\/\/mdsu.se\/en\/student\/your-education\/student-influence\/\">student influence<\/a><\/strong><\/p>\n<p><strong>3. Join <a href=\"https:\/\/www.mdu.se\/en\/malardalen-university\/calendar\/archive\/2024-10-22-the-welcoming-winter-edition\">The Welcoming<\/a><\/strong>[\/vc_column_text][vc_single_image image=&#8221;18044&#8243; img_size=&#8221;837&#215;257&#8243;][vc_column_text]The Welcoming is an event at the start of the semester for all students at MDU, new and old! Here, a festival feel is mixed with food stations, and fun and informative acts on stage. Inside the campus, there will be a fair where you can meet both companies and different parts of MDU. All exhibitors are there because they have something to offer you as a student.[\/vc_column_text][\/vc_column_inner][vc_column_inner width=&#8221;1\/2&#8243;][vc_column_text]<strong>5. Participate in the <a href=\"https:\/\/mdsu.se\/en\/student\/new-student\/rookie-period\/\">Rookie period<\/a><\/strong><br \/>\nDuring the Rookie Period, there is something for everyone: Parties, sittings, competitions, pub crawls, movie and game nights, karaoke and <a href=\"https:\/\/en.wikipedia.org\/wiki\/Br%C3%A4nnboll\">br\u00e4nnboll<\/a> are just a few examples!<\/p>\n<p>Join the Rookie Period and create unforgettable memories!<br \/>\n<em>At some of the activities, fees for participation may be charged, but of course as a member you always get discounted prices!<\/em><\/p>\n<p><strong>6. Download the <a href=\"https:\/\/mdsu.se\/en\/hitract\/\">Hitract<\/a> app and become a member<br \/>\n<\/strong><span class=\"Y2IQFc\" lang=\"en\">On the Hitract app you will find all the events we organize, this is also where you buy your tickets and find your membership card in M\u00e4lardalen&#8217;s student union. Become a member of the student union to give us students the best opportunity to shape our futures. At the student union, we exercise student influence, establish contacts with businesses and ensure that our student social lives are active Read more about Hitract and how to buy your membership<a href=\"https:\/\/mdsu.se\/en\/hitract\/\"> here<\/a><\/span>[\/vc_column_text][vc_single_image image=&#8221;18097&#8243; img_size=&#8221;large&#8221; add_caption=&#8221;yes&#8221; alignment=&#8221;center&#8221;][\/vc_column_inner][\/vc_row_inner][\/vc_column][\/vc_row][vc_row][vc_column][vc_empty_space height=&#8221;30px&#8221;][\/vc_column][\/vc_row]<\/p>\n<\/div>","protected":false},"excerpt":{"rendered":"<p>[vc_row][vc_column css=&#8221;.vc_custom_1689170559259{padding-right: 15px !important;padding-left: 15px !important;background-color: #ffffff !important;}&#8221;][vc_row_inner][vc_column_inner][vc_single_image image=&#8221;21432&#8243; img_size=&#8221;1920&#215;500&#8243; alignment=&#8221;center&#8221; style=&#8221;vc_box_rounded&#8221; css=&#8221;.vc_custom_1733829422069{margin-top: -20px !important;}&#8221;][vc_column_text]Congratulations to you who have been accepted to M\u00e4lardalen University, and a warm welcome to M\u00e4lardalen&#8217;s&hellip;&nbsp;<a href=\"https:\/\/mdsu.se\/en\/student\/new-student\/\" class=\"\" rel=\"bookmark\">Read More &raquo;<span class=\"screen-reader-text\">New student<\/span><\/a><\/p>\n","protected":false},"author":27,"featured_media":0,"parent":18873,"menu_order":0,"comment_status":"closed","ping_status":"closed","template":"","meta":{"neve_meta_sidebar":"","neve_meta_container":"","neve_meta_enable_content_width":"off","neve_meta_content_width":100,"neve_meta_title_alignment":"","neve_meta_author_avatar":"","neve_post_elements_order":"","neve_meta_disable_header":"","neve_meta_disable_footer":"","neve_meta_disable_title":"","_EventAllDay":false,"_EventTimezone":"","_EventStartDate":"","_EventEndDate":"","_EventStartDateUTC":"","_EventEndDateUTC":"","_EventShowMap":false,"_EventShowMapLink":false,"_EventURL":"","_EventCost":"","_EventCostDescription":"","_EventCurrencySymbol":"","_EventCurrencyCode":"","_EventCurrencyPosition":"","_EventDateTimeSeparator":"","_EventTimeRangeSeparator":"","_EventOrganizerID":[],"_EventVenueID":[],"_OrganizerEmail":"","_OrganizerPhone":"","_OrganizerWebsite":"","_VenueAddress":"","_VenueCity":"","_VenueCountry":"","_VenueProvince":"","_VenueState":"","_VenueZip":"","_VenuePhone":"","_VenueURL":"","_VenueStateProvince":"","_VenueLat":"","_VenueLng":"","_VenueShowMap":false,"_VenueShowMapLink":false,"footnotes":""},"yoast_head":"<!-- This site is optimized with the Yoast SEO plugin v21.6 - https:\/\/yoast.com\/wordpress\/plugins\/seo\/ -->\n<title>New student - M\u00e4lardalens studentk\u00e5r<\/title>\n<meta name=\"robots\" content=\"index, follow, max-snippet:-1, max-image-preview:large, max-video-preview:-1\" \/>\n<link rel=\"canonical\" href=\"https:\/\/mdsu.se\/student\/ny-student\/\" \/>\n<meta property=\"og:locale\" content=\"en_US\" \/>\n<meta property=\"og:type\" content=\"article\" \/>\n<meta property=\"og:title\" content=\"New student - M\u00e4lardalens studentk\u00e5r\" \/>\n<meta property=\"og:description\" content=\"[vc_row][vc_column css=&#8221;.vc_custom_1689170559259{padding-right: 15px !important;padding-left: 15px !important;background-color: #ffffff !important;}&#8221;][vc_row_inner][vc_column_inner][vc_single_image image=&#8221;21432&#8243; img_size=&#8221;1920&#215;500&#8243; alignment=&#8221;center&#8221; style=&#8221;vc_box_rounded&#8221; css=&#8221;.vc_custom_1733829422069{margin-top: -20px !important;}&#8221;][vc_column_text]Congratulations to you who have been accepted to M\u00e4lardalen University, and a warm welcome to M\u00e4lardalen&#8217;s&hellip;&nbsp;Read More &raquo;New student\" \/>\n<meta property=\"og:url\" content=\"https:\/\/mdsu.se\/student\/ny-student\/\" \/>\n<meta property=\"og:site_name\" content=\"M\u00e4lardalens studentk\u00e5r\" \/>\n<meta property=\"article:publisher\" content=\"https:\/\/www.facebook.com\/malardalens.studentkar\" \/>\n<meta property=\"article:modified_time\" content=\"2024-12-10T11:22:27+00:00\" \/>\n<meta name=\"twitter:card\" content=\"summary_large_image\" \/>\n<meta name=\"twitter:label1\" content=\"Est. reading time\" \/>\n\t<meta name=\"twitter:data1\" content=\"3 minutes\" \/>\n<script type=\"application\/ld+json\" class=\"yoast-schema-graph\">{\"@context\":\"https:\/\/schema.org\",\"@graph\":[{\"@type\":\"WebPage\",\"@id\":\"https:\/\/mdsu.se\/student\/ny-student\/\",\"url\":\"https:\/\/mdsu.se\/student\/ny-student\/\",\"name\":\"New student - M\u00e4lardalens studentk\u00e5r\",\"isPartOf\":{\"@id\":\"https:\/\/mdsu.se\/#website\"},\"datePublished\":\"2023-04-27T08:24:33+00:00\",\"dateModified\":\"2024-12-10T11:22:27+00:00\",\"breadcrumb\":{\"@id\":\"https:\/\/mdsu.se\/student\/ny-student\/#breadcrumb\"},\"inLanguage\":\"en-US\",\"potentialAction\":[{\"@type\":\"ReadAction\",\"target\":[\"https:\/\/mdsu.se\/student\/ny-student\/\"]}]},{\"@type\":\"BreadcrumbList\",\"@id\":\"https:\/\/mdsu.se\/student\/ny-student\/#breadcrumb\",\"itemListElement\":[{\"@type\":\"ListItem\",\"position\":1,\"name\":\"Hem\",\"item\":\"https:\/\/mdsu.se\/\"},{\"@type\":\"ListItem\",\"position\":2,\"name\":\"Student\",\"item\":\"https:\/\/mdsu.se\/en\/student\/\"},{\"@type\":\"ListItem\",\"position\":3,\"name\":\"New student\"}]},{\"@type\":\"WebSite\",\"@id\":\"https:\/\/mdsu.se\/#website\",\"url\":\"https:\/\/mdsu.se\/\",\"name\":\"M\u00e4lardalens studentk\u00e5r\",\"description\":\"Den officiella studentk\u00e5ren vid M\u00e4lardalens h\u00f6gskola (MDH)\",\"publisher\":{\"@id\":\"https:\/\/mdsu.se\/#organization\"},\"potentialAction\":[{\"@type\":\"SearchAction\",\"target\":{\"@type\":\"EntryPoint\",\"urlTemplate\":\"https:\/\/mdsu.se\/?s={search_term_string}\"},\"query-input\":\"required name=search_term_string\"}],\"inLanguage\":\"en-US\"},{\"@type\":\"Organization\",\"@id\":\"https:\/\/mdsu.se\/#organization\",\"name\":\"M\u00e4lardalens Studentk\u00e5r\",\"url\":\"https:\/\/mdsu.se\/\",\"logo\":{\"@type\":\"ImageObject\",\"inLanguage\":\"en-US\",\"@id\":\"https:\/\/mdsu.se\/#\/schema\/logo\/image\/\",\"url\":\"https:\/\/mdsu.se\/wp-content\/uploads\/2019\/06\/Rektangel-standard.png\",\"contentUrl\":\"https:\/\/mdsu.se\/wp-content\/uploads\/2019\/06\/Rektangel-standard.png\",\"width\":1397,\"height\":262,\"caption\":\"M\u00e4lardalens Studentk\u00e5r\"},\"image\":{\"@id\":\"https:\/\/mdsu.se\/#\/schema\/logo\/image\/\"},\"sameAs\":[\"https:\/\/www.facebook.com\/malardalens.studentkar\",\"https:\/\/www.instagram.com\/malardalensstudentkar\/\"]}]}<\/script>\n<!-- \/ Yoast SEO plugin. -->","yoast_head_json":{"title":"New student - M\u00e4lardalens studentk\u00e5r","robots":{"index":"index","follow":"follow","max-snippet":"max-snippet:-1","max-image-preview":"max-image-preview:large","max-video-preview":"max-video-preview:-1"},"canonical":"https:\/\/mdsu.se\/student\/ny-student\/","og_locale":"en_US","og_type":"article","og_title":"New student - M\u00e4lardalens studentk\u00e5r","og_description":"[vc_row][vc_column css=&#8221;.vc_custom_1689170559259{padding-right: 15px !important;padding-left: 15px !important;background-color: #ffffff !important;}&#8221;][vc_row_inner][vc_column_inner][vc_single_image image=&#8221;21432&#8243; img_size=&#8221;1920&#215;500&#8243; alignment=&#8221;center&#8221; style=&#8221;vc_box_rounded&#8221; css=&#8221;.vc_custom_1733829422069{margin-top: -20px !important;}&#8221;][vc_column_text]Congratulations to you who have been accepted to M\u00e4lardalen University, and a warm welcome to M\u00e4lardalen&#8217;s&hellip;&nbsp;Read More &raquo;New student","og_url":"https:\/\/mdsu.se\/student\/ny-student\/","og_site_name":"M\u00e4lardalens studentk\u00e5r","article_publisher":"https:\/\/www.facebook.com\/malardalens.studentkar","article_modified_time":"2024-12-10T11:22:27+00:00","twitter_card":"summary_large_image","twitter_misc":{"Est. reading time":"3 minutes"},"schema":{"@context":"https:\/\/schema.org","@graph":[{"@type":"WebPage","@id":"https:\/\/mdsu.se\/student\/ny-student\/","url":"https:\/\/mdsu.se\/student\/ny-student\/","name":"New student - M\u00e4lardalens studentk\u00e5r","isPartOf":{"@id":"https:\/\/mdsu.se\/#website"},"datePublished":"2023-04-27T08:24:33+00:00","dateModified":"2024-12-10T11:22:27+00:00","breadcrumb":{"@id":"https:\/\/mdsu.se\/student\/ny-student\/#breadcrumb"},"inLanguage":"en-US","potentialAction":[{"@type":"ReadAction","target":["https:\/\/mdsu.se\/student\/ny-student\/"]}]},{"@type":"BreadcrumbList","@id":"https:\/\/mdsu.se\/student\/ny-student\/#breadcrumb","itemListElement":[{"@type":"ListItem","position":1,"name":"Hem","item":"https:\/\/mdsu.se\/"},{"@type":"ListItem","position":2,"name":"Student","item":"https:\/\/mdsu.se\/en\/student\/"},{"@type":"ListItem","position":3,"name":"New student"}]},{"@type":"WebSite","@id":"https:\/\/mdsu.se\/#website","url":"https:\/\/mdsu.se\/","name":"M\u00e4lardalens studentk\u00e5r","description":"Den officiella studentk\u00e5ren vid M\u00e4lardalens h\u00f6gskola (MDH)","publisher":{"@id":"https:\/\/mdsu.se\/#organization"},"potentialAction":[{"@type":"SearchAction","target":{"@type":"EntryPoint","urlTemplate":"https:\/\/mdsu.se\/?s={search_term_string}"},"query-input":"required name=search_term_string"}],"inLanguage":"en-US"},{"@type":"Organization","@id":"https:\/\/mdsu.se\/#organization","name":"M\u00e4lardalens Studentk\u00e5r","url":"https:\/\/mdsu.se\/","logo":{"@type":"ImageObject","inLanguage":"en-US","@id":"https:\/\/mdsu.se\/#\/schema\/logo\/image\/","url":"https:\/\/mdsu.se\/wp-content\/uploads\/2019\/06\/Rektangel-standard.png","contentUrl":"https:\/\/mdsu.se\/wp-content\/uploads\/2019\/06\/Rektangel-standard.png","width":1397,"height":262,"caption":"M\u00e4lardalens Studentk\u00e5r"},"image":{"@id":"https:\/\/mdsu.se\/#\/schema\/logo\/image\/"},"sameAs":["https:\/\/www.facebook.com\/malardalens.studentkar","https:\/\/www.instagram.com\/malardalensstudentkar\/"]}]}},"_links":{"self":[{"href":"https:\/\/mdsu.se\/en\/wp-json\/wp\/v2\/pages\/17915"}],"collection":[{"href":"https:\/\/mdsu.se\/en\/wp-json\/wp\/v2\/pages"}],"about":[{"href":"https:\/\/mdsu.se\/en\/wp-json\/wp\/v2\/types\/page"}],"author":[{"embeddable":true,"href":"https:\/\/mdsu.se\/en\/wp-json\/wp\/v2\/users\/27"}],"replies":[{"embeddable":true,"href":"https:\/\/mdsu.se\/en\/wp-json\/wp\/v2\/comments?post=17915"}],"version-history":[{"count":18,"href":"https:\/\/mdsu.se\/en\/wp-json\/wp\/v2\/pages\/17915\/revisions"}],"predecessor-version":[{"id":21434,"href":"https:\/\/mdsu.se\/en\/wp-json\/wp\/v2\/pages\/17915\/revisions\/21434"}],"up":[{"embeddable":true,"href":"https:\/\/mdsu.se\/en\/wp-json\/wp\/v2\/pages\/18873"}],"wp:attachment":[{"href":"https:\/\/mdsu.se\/en\/wp-json\/wp\/v2\/media?parent=17915"}],"curies":[{"name":"wp","href":"https:\/\/api.w.org\/{rel}","templated":true}]}}