{"id":17878,"date":"2023-04-25T15:38:36","date_gmt":"2023-04-25T13:38:36","guid":{"rendered":"https:\/\/mdsu.se\/?page_id=17878"},"modified":"2026-03-12T10:03:05","modified_gmt":"2026-03-12T09:03:05","slug":"union-board","status":"publish","type":"page","link":"https:\/\/mdsu.se\/en\/about-mdsu\/union-board\/","title":{"rendered":"The Union Board"},"content":{"rendered":"<div class=\"wpb-content-wrapper\"><p>[vc_row][vc_column css=&#8221;.vc_custom_1689974952894{padding-right: 15px !important;padding-left: 15px !important;background-color: #ffffff !important;}&#8221;][vc_single_image image=&#8221;18801&#8243; img_size=&#8221;1920&#215;500&#8243; alignment=&#8221;center&#8221; style=&#8221;vc_box_rounded&#8221; css=&#8221;.vc_custom_1689974969862{margin-top: -20px !important;}&#8221;][vc_column_text]The Union Board is the executive body of the Student Union. They ensure that decisions made by the union council are implemented and select suitable candidates for paid assignments at the student union.<\/p>\n<p>There are five positions students can apply for in the union board in addition to the presidium. The application opens in March each year. As a member of the board, you sit for a full financial year, from July to June. The union board meets about once a month and then ensures that the student union\u2019s activities flow smoothly. To apply to the board, you need to be a member of the student union.<\/p>\n<p>The board consists of\u00a0<a href=\"https:\/\/mdsu.se\/en\/about-mdsu\/contact-us\/\">the student union\u2019s presidium<\/a>, the president of the union council, the chairman of the docotoral council and five student representatives.[\/vc_column_text][vc_column_text]<\/p>\n<h2>Union Board 25\/26<\/h2>\n<p>[\/vc_column_text][\/vc_column][\/vc_row][vc_row][vc_column css=&#8221;.vc_custom_1689974830872{padding-right: 150px !important;padding-left: 150px !important;background-color: #ffffff !important;}&#8221;][vc_row_inner][vc_column_inner width=&#8221;1\/2&#8243;][vc_column_text]<\/p>\n<p style=\"text-align: center;\"><strong>Chairman:<br \/>\n<\/strong>Lova Libert<br \/>\n<a href=\"mailto:ordforande@mdsu.se\">ordforande@mdsu.se<\/a>[\/vc_column_text][\/vc_column_inner][vc_column_inner width=&#8221;1\/2&#8243;][vc_column_text]<\/p>\n<p style=\"text-align: center;\"><strong>Vice chairman Collaboration:<br \/>\n<\/strong>Toufic El Natour<br \/>\n<a href=\"mailto:vice.samverkan@mdsu.se\">vice.samverkan@mdsu.se<\/a><\/p>\n<p>[\/vc_column_text][\/vc_column_inner][\/vc_row_inner][vc_row_inner][vc_column_inner width=&#8221;1\/2&#8243;][vc_column_text]<\/p>\n<p style=\"text-align: center;\"><strong>Vice chairman Education:<br \/>\n<\/strong>Fredrik Nyg\u00e5rds<br \/>\n<a href=\"mailto:vice.utbildning@mdsu.se\">vice.utbildning@mdsu.se<\/a>[\/vc_column_text][\/vc_column_inner][vc_column_inner width=&#8221;1\/2&#8243;][vc_column_text]<\/p>\n<p style=\"text-align: center;\"><strong>President:<br \/>\n<\/strong>Viktoria Krantz<br \/>\n<a href=\"mailto:karfullmaktige@mdsu.se\">karfullmaktige@mdsu.se<\/a><\/p>\n<p>[\/vc_column_text][\/vc_column_inner][\/vc_row_inner][vc_row_inner][vc_column_inner width=&#8221;1\/2&#8243;][vc_column_text]<\/p>\n<p style=\"text-align: center;\"><strong>Chairman of the <a href=\"https:\/\/mdsu.se\/en\/about-mdsu\/organisation\/the-doctoral-council\/\">Doctoral Student Council<\/a>:<br \/>\n<\/strong>Liza Johansson<br \/>\ndoktorandradet@mdsu.se<\/p>\n<p>[\/vc_column_text][\/vc_column_inner][vc_column_inner width=&#8221;1\/2&#8243;][vc_column_text]<\/p>\n<p style=\"text-align: center;\"><strong>Board member:<\/strong><br \/>\nGustav Persson<\/p>\n<p>[\/vc_column_text][\/vc_column_inner][\/vc_row_inner][vc_row_inner][vc_column_inner width=&#8221;1\/2&#8243;][vc_column_text]<\/p>\n<p style=\"text-align: center;\"><strong>Board member:<\/strong><br \/>\nMalin Sundmark<\/p>\n<p>[\/vc_column_text][\/vc_column_inner][vc_column_inner width=&#8221;1\/2&#8243;][vc_column_text]<\/p>\n<p style=\"text-align: center;\"><strong>Board member:<\/strong><br \/>\nMoa Fransson<\/p>\n<p>[\/vc_column_text][\/vc_column_inner][\/vc_row_inner][vc_row_inner][vc_column_inner width=&#8221;1\/2&#8243;][vc_column_text]<\/p>\n<p style=\"text-align: center;\"><strong>Board member:<\/strong><br \/>\nJosefin Kas<\/p>\n<p>[\/vc_column_text][\/vc_column_inner][vc_column_inner width=&#8221;1\/2&#8243;][vc_column_text]<\/p>\n<p style=\"text-align: center;\"><strong>Board member:<\/strong><br \/>\nVilma Andersson<\/p>\n<p>[\/vc_column_text][\/vc_column_inner][\/vc_row_inner][\/vc_column][\/vc_row][vc_row][vc_column][vc_empty_space height=&#8221;30px&#8221;][\/vc_column][\/vc_row][vc_row css=&#8221;.vc_custom_1690063972939{margin-top: -50px !important;}&#8221;][vc_column css=&#8221;.vc_custom_1690063996079{padding-right: 15px !important;padding-left: 15px !important;background-color: #ffffff !important;}&#8221;][vc_column_text]<\/p>\n<h1 style=\"text-align: center;\">Protocols<\/h1>\n<p>[\/vc_column_text][vc_row_inner css=&#8221;.vc_custom_1690064007436{padding-left: 100px !important;}&#8221;][vc_column_inner width=&#8221;1\/4&#8243;][vc_toggle title=&#8221;2025\/2024&#8243; style=&#8221;arrow&#8221;]<a href=\"https:\/\/mdsu.se\/wp-content\/uploads\/2025\/06\/no.8-adjusted.pdf\">2025-05-14<\/a><\/p>\n<p><a href=\"https:\/\/mdsu.se\/wp-content\/uploads\/2025\/06\/250408-MDSU-Board-protocol.pdf\">2025-04-08<\/a><\/p>\n<p><a href=\"https:\/\/mdsu.se\/wp-content\/uploads\/2025\/06\/no.7-adjusted.pdf\">2025-03-25<\/a><\/p>\n<p><a href=\"https:\/\/mdsu.se\/wp-content\/uploads\/2025\/06\/adjusted-250313-MDSU-Board-protocol-nr.-6.pdf\">2025-03-13<\/a><\/p>\n<p><a href=\"https:\/\/mdsu.se\/wp-content\/uploads\/2025\/06\/Board-protocol-241107-adjusted.pdf\">2025-02-13<\/a><\/p>\n<p><a href=\"https:\/\/mdsu.se\/wp-content\/uploads\/2025\/02\/MDSU-board-meeting.241205-1.pdf\">2024-12-05<\/a><\/p>\n<p><a href=\"https:\/\/mdsu.se\/wp-content\/uploads\/2025\/02\/MDSU-Protocol-board-meeting-nr.3_241107-1.pdf\">2024-11-07<\/a><\/p>\n<p><a href=\"https:\/\/mdsu.se\/wp-content\/uploads\/2025\/02\/MDSU-Protocol-board-meeting-nr.2_241010-1.pdf\">2024-10-10<\/a>[\/vc_toggle][\/vc_column_inner][vc_column_inner width=&#8221;1\/4&#8243;][vc_toggle title=&#8221;2024\/2023&#8243; style=&#8221;arrow&#8221;]<a href=\"https:\/\/mdsu.se\/wp-content\/uploads\/2024\/11\/MDSU-Protocol-board-meeting-nr.11_240524-1.pdf\">2024-05-24<\/a><\/p>\n<p><a href=\"https:\/\/mdsu.se\/wp-content\/uploads\/2024\/11\/MDSU-Protocol-board-meeting-nr.10_240507-1.pdf\">2024-05-07<\/a><\/p>\n<p><a href=\"https:\/\/mdsu.se\/wp-content\/uploads\/2024\/11\/MDSU-Protocol-board-meeting-nr.9_240423-1.pdf\">2024-04-23<\/a><\/p>\n<p><a href=\"https:\/\/mdsu.se\/wp-content\/uploads\/2024\/11\/MDSU-Protocol-board-meeting-nr.8_230326-1.pdf\">2024-03-26<\/a><\/p>\n<p><a href=\"https:\/\/mdsu.se\/wp-content\/uploads\/2024\/03\/MDSU-board-meeting-protocol-nr.7-27-02-24-1.pdf\">2024-02-24<\/a><\/p>\n<p><a href=\"https:\/\/mdsu.se\/wp-content\/uploads\/2024\/03\/MDSU-Protocol-boardmeeting-no.6-30-012024.pdf\">2024-01-30<\/a><\/p>\n<p><a href=\"https:\/\/mdsu.se\/wp-content\/uploads\/2024\/01\/MDSU-board-meeting-protocol-nr.5-2023-12-07.pdf\">2023-12-07<\/a><\/p>\n<p><a href=\"https:\/\/mdsu.se\/wp-content\/uploads\/2024\/01\/MDSU-Protocol-board-meeting-no.4-2023-11-07.pdf\">2023-11-07<\/a><\/p>\n<p><a href=\"https:\/\/mdsu.se\/wp-content\/uploads\/2024\/01\/MDSU-Protocol-board-meeting-no.4-2023-11-07.pdf\">2023-10-10<\/a><\/p>\n<p><a href=\"https:\/\/mdsu.se\/wp-content\/uploads\/2023\/11\/2023-09-28-protocol-board-adjusted.pdf\">2023-09-28<\/a><\/p>\n<p><em>2023-08-14 (canceled)<\/em>[\/vc_toggle][\/vc_column_inner][vc_column_inner width=&#8221;1\/4&#8243;][vc_toggle title=&#8221;2023\/2022&#8243; style=&#8221;arrow&#8221;]<a href=\"https:\/\/mdsu.se\/wp-content\/uploads\/2023\/11\/2023-06-07-protocol-board-adjusted.pdf\">2023-06-07<\/a><\/p>\n<p><a href=\"https:\/\/mdsu.se\/wp-content\/uploads\/2023\/11\/2023-05-09-protocol-board-adjusted.pdf\">2023-05-09<\/a><\/p>\n<p><a href=\"https:\/\/mdsu.se\/wp-content\/uploads\/2023\/11\/2023-04-25-protocol-board-adjusted.pdf\">2023-04-25<\/a><\/p>\n<p><a href=\"https:\/\/mdsu.se\/wp-content\/uploads\/2023\/11\/2023-04-11-protocol-board-adjusted.pdf\">2023-04-11<\/a><\/p>\n<p><a href=\"https:\/\/mdsu.se\/wp-content\/uploads\/2023\/11\/2023-03-29-protocol-board-adjusted.pdf\">2023-03-29<\/a><\/p>\n<p><a href=\"https:\/\/mdsu.se\/wp-content\/uploads\/2023\/11\/2023-03-09-protocol-board-adjusted.pdf\">2023-03-09<\/a><\/p>\n<p><a href=\"https:\/\/mdsu.se\/wp-content\/uploads\/2023\/11\/2023-01-26-protocol-board-adjusted.pdf\">2023-01-26<\/a><\/p>\n<p><a href=\"https:\/\/mdsu.se\/wp-content\/uploads\/2023\/11\/2022-11-22-protocol-board-adjusted.pdf\">2022-11-22<\/a><\/p>\n<p><a href=\"https:\/\/mdsu.se\/wp-content\/uploads\/2023\/11\/2022-10-26-protocol-board-adjusted.pdf\">2022-10-26<\/a><\/p>\n<p><a href=\"https:\/\/mdsu.se\/wp-content\/uploads\/2023\/11\/2022-10-06-protocol-board-adjusted.pdf\">2022-10-06<\/a><\/p>\n<p><a href=\"https:\/\/mdsu.se\/wp-content\/uploads\/2023\/11\/2022-09-22-protocol-board-adjusted.pdf\">2022-09-22<\/a><\/p>\n<p><a href=\"https:\/\/mdsu.se\/wp-content\/uploads\/2023\/11\/2022-08-02-protocol-board-adjusted.pdf\">2022-08-02<\/a>[\/vc_toggle][\/vc_column_inner][vc_column_inner width=&#8221;1\/4&#8243;][vc_toggle title=&#8221;2022\/2021&#8243; style=&#8221;arrow&#8221;][\/vc_toggle][\/vc_column_inner][\/vc_row_inner][vc_row_inner css=&#8221;.vc_custom_1690064016101{padding-left: 100px !important;}&#8221;][vc_column_inner width=&#8221;1\/4&#8243;][vc_toggle title=&#8221;2021\/2020&#8243; style=&#8221;arrow&#8221;][\/vc_toggle][\/vc_column_inner][vc_column_inner width=&#8221;1\/4&#8243;][vc_toggle title=&#8221;2020\/2019&#8243; style=&#8221;arrow&#8221;][\/vc_toggle][\/vc_column_inner][vc_column_inner width=&#8221;1\/4&#8243;][vc_toggle title=&#8221;2019\/2018&#8243; style=&#8221;arrow&#8221;][\/vc_toggle][\/vc_column_inner][vc_column_inner width=&#8221;1\/4&#8243;][vc_toggle title=&#8221;2018\/2017&#8243; style=&#8221;arrow&#8221;][\/vc_toggle][\/vc_column_inner][\/vc_row_inner][vc_row_inner css=&#8221;.vc_custom_1690064016101{padding-left: 100px !important;}&#8221;][vc_column_inner width=&#8221;1\/4&#8243;][vc_toggle title=&#8221;2017\/2016&#8243; style=&#8221;arrow&#8221;][\/vc_toggle][\/vc_column_inner][vc_column_inner width=&#8221;1\/4&#8243;][\/vc_column_inner][vc_column_inner width=&#8221;1\/4&#8243;][\/vc_column_inner][vc_column_inner width=&#8221;1\/4&#8243;][\/vc_column_inner][\/vc_row_inner][\/vc_column][\/vc_row]<\/p>\n<\/div>","protected":false},"excerpt":{"rendered":"<p>[vc_row][vc_column css=&#8221;.vc_custom_1689974952894{padding-right: 15px !important;padding-left: 15px !important;background-color: #ffffff !important;}&#8221;][vc_single_image image=&#8221;18801&#8243; img_size=&#8221;1920&#215;500&#8243; alignment=&#8221;center&#8221; style=&#8221;vc_box_rounded&#8221; css=&#8221;.vc_custom_1689974969862{margin-top: -20px !important;}&#8221;][vc_column_text]The Union Board is the executive body of the Student Union. They ensure that decisions made&hellip;&nbsp;<a href=\"https:\/\/mdsu.se\/en\/about-mdsu\/union-board\/\" class=\"\" rel=\"bookmark\">Read More &raquo;<span class=\"screen-reader-text\">The Union Board<\/span><\/a><\/p>\n","protected":false},"author":27,"featured_media":0,"parent":6402,"menu_order":0,"comment_status":"closed","ping_status":"closed","template":"","meta":{"neve_meta_sidebar":"","neve_meta_container":"","neve_meta_enable_content_width":"off","neve_meta_content_width":100,"neve_meta_title_alignment":"","neve_meta_author_avatar":"","neve_post_elements_order":"","neve_meta_disable_header":"","neve_meta_disable_footer":"","neve_meta_disable_title":"","_EventAllDay":false,"_EventTimezone":"","_EventStartDate":"","_EventEndDate":"","_EventStartDateUTC":"","_EventEndDateUTC":"","_EventShowMap":false,"_EventShowMapLink":false,"_EventURL":"","_EventCost":"","_EventCostDescription":"","_EventCurrencySymbol":"","_EventCurrencyCode":"","_EventCurrencyPosition":"","_EventDateTimeSeparator":"","_EventTimeRangeSeparator":"","_EventOrganizerID":[],"_EventVenueID":[],"_OrganizerEmail":"","_OrganizerPhone":"","_OrganizerWebsite":"","_VenueAddress":"","_VenueCity":"","_VenueCountry":"","_VenueProvince":"","_VenueState":"","_VenueZip":"","_VenuePhone":"","_VenueURL":"","_VenueStateProvince":"","_VenueLat":"","_VenueLng":"","_VenueShowMap":false,"_VenueShowMapLink":false,"footnotes":""},"yoast_head":"<!-- This site is optimized with the Yoast SEO plugin v21.6 - https:\/\/yoast.com\/wordpress\/plugins\/seo\/ -->\n<title>The Union Board - M\u00e4lardalens studentk\u00e5r<\/title>\n<meta name=\"robots\" content=\"index, follow, max-snippet:-1, max-image-preview:large, max-video-preview:-1\" \/>\n<link rel=\"canonical\" href=\"https:\/\/mdsu.se\/en\/about-mdsu\/union-board\/\" \/>\n<meta property=\"og:locale\" content=\"en_US\" \/>\n<meta property=\"og:type\" content=\"article\" \/>\n<meta property=\"og:title\" content=\"The Union Board - M\u00e4lardalens studentk\u00e5r\" \/>\n<meta property=\"og:description\" content=\"[vc_row][vc_column css=&#8221;.vc_custom_1689974952894{padding-right: 15px !important;padding-left: 15px !important;background-color: #ffffff !important;}&#8221;][vc_single_image image=&#8221;18801&#8243; img_size=&#8221;1920&#215;500&#8243; alignment=&#8221;center&#8221; style=&#8221;vc_box_rounded&#8221; css=&#8221;.vc_custom_1689974969862{margin-top: -20px !important;}&#8221;][vc_column_text]The Union Board is the executive body of the Student Union. They ensure that decisions made&hellip;&nbsp;Read More &raquo;The Union Board\" \/>\n<meta property=\"og:url\" content=\"https:\/\/mdsu.se\/en\/about-mdsu\/union-board\/\" \/>\n<meta property=\"og:site_name\" content=\"M\u00e4lardalens studentk\u00e5r\" \/>\n<meta property=\"article:publisher\" content=\"https:\/\/www.facebook.com\/malardalens.studentkar\" \/>\n<meta property=\"article:modified_time\" content=\"2026-03-12T09:03:05+00:00\" \/>\n<meta name=\"twitter:card\" content=\"summary_large_image\" \/>\n<meta name=\"twitter:label1\" content=\"Est. reading time\" \/>\n\t<meta name=\"twitter:data1\" content=\"2 minutes\" \/>\n<script type=\"application\/ld+json\" class=\"yoast-schema-graph\">{\"@context\":\"https:\/\/schema.org\",\"@graph\":[{\"@type\":\"WebPage\",\"@id\":\"https:\/\/mdsu.se\/en\/about-mdsu\/union-board\/\",\"url\":\"https:\/\/mdsu.se\/en\/about-mdsu\/union-board\/\",\"name\":\"The Union Board - M\u00e4lardalens studentk\u00e5r\",\"isPartOf\":{\"@id\":\"https:\/\/mdsu.se\/#website\"},\"datePublished\":\"2023-04-25T13:38:36+00:00\",\"dateModified\":\"2026-03-12T09:03:05+00:00\",\"breadcrumb\":{\"@id\":\"https:\/\/mdsu.se\/en\/about-mdsu\/union-board\/#breadcrumb\"},\"inLanguage\":\"en-US\",\"potentialAction\":[{\"@type\":\"ReadAction\",\"target\":[\"https:\/\/mdsu.se\/en\/about-mdsu\/union-board\/\"]}]},{\"@type\":\"BreadcrumbList\",\"@id\":\"https:\/\/mdsu.se\/en\/about-mdsu\/union-board\/#breadcrumb\",\"itemListElement\":[{\"@type\":\"ListItem\",\"position\":1,\"name\":\"Hem\",\"item\":\"https:\/\/mdsu.se\/en\/\"},{\"@type\":\"ListItem\",\"position\":2,\"name\":\"About MDSU\",\"item\":\"https:\/\/mdsu.se\/en\/about-mdsu\/\"},{\"@type\":\"ListItem\",\"position\":3,\"name\":\"The Union Board\"}]},{\"@type\":\"WebSite\",\"@id\":\"https:\/\/mdsu.se\/#website\",\"url\":\"https:\/\/mdsu.se\/\",\"name\":\"M\u00e4lardalens studentk\u00e5r\",\"description\":\"Den officiella studentk\u00e5ren vid M\u00e4lardalens h\u00f6gskola (MDH)\",\"publisher\":{\"@id\":\"https:\/\/mdsu.se\/#organization\"},\"potentialAction\":[{\"@type\":\"SearchAction\",\"target\":{\"@type\":\"EntryPoint\",\"urlTemplate\":\"https:\/\/mdsu.se\/?s={search_term_string}\"},\"query-input\":\"required name=search_term_string\"}],\"inLanguage\":\"en-US\"},{\"@type\":\"Organization\",\"@id\":\"https:\/\/mdsu.se\/#organization\",\"name\":\"M\u00e4lardalens Studentk\u00e5r\",\"url\":\"https:\/\/mdsu.se\/\",\"logo\":{\"@type\":\"ImageObject\",\"inLanguage\":\"en-US\",\"@id\":\"https:\/\/mdsu.se\/#\/schema\/logo\/image\/\",\"url\":\"https:\/\/mdsu.se\/wp-content\/uploads\/2019\/06\/Rektangel-standard.png\",\"contentUrl\":\"https:\/\/mdsu.se\/wp-content\/uploads\/2019\/06\/Rektangel-standard.png\",\"width\":1397,\"height\":262,\"caption\":\"M\u00e4lardalens Studentk\u00e5r\"},\"image\":{\"@id\":\"https:\/\/mdsu.se\/#\/schema\/logo\/image\/\"},\"sameAs\":[\"https:\/\/www.facebook.com\/malardalens.studentkar\",\"https:\/\/www.instagram.com\/malardalensstudentkar\/\"]}]}<\/script>\n<!-- \/ Yoast SEO plugin. -->","yoast_head_json":{"title":"The Union Board - M\u00e4lardalens studentk\u00e5r","robots":{"index":"index","follow":"follow","max-snippet":"max-snippet:-1","max-image-preview":"max-image-preview:large","max-video-preview":"max-video-preview:-1"},"canonical":"https:\/\/mdsu.se\/en\/about-mdsu\/union-board\/","og_locale":"en_US","og_type":"article","og_title":"The Union Board - M\u00e4lardalens studentk\u00e5r","og_description":"[vc_row][vc_column css=&#8221;.vc_custom_1689974952894{padding-right: 15px !important;padding-left: 15px !important;background-color: #ffffff !important;}&#8221;][vc_single_image image=&#8221;18801&#8243; img_size=&#8221;1920&#215;500&#8243; alignment=&#8221;center&#8221; style=&#8221;vc_box_rounded&#8221; css=&#8221;.vc_custom_1689974969862{margin-top: -20px !important;}&#8221;][vc_column_text]The Union Board is the executive body of the Student Union. They ensure that decisions made&hellip;&nbsp;Read More &raquo;The Union Board","og_url":"https:\/\/mdsu.se\/en\/about-mdsu\/union-board\/","og_site_name":"M\u00e4lardalens studentk\u00e5r","article_publisher":"https:\/\/www.facebook.com\/malardalens.studentkar","article_modified_time":"2026-03-12T09:03:05+00:00","twitter_card":"summary_large_image","twitter_misc":{"Est. reading time":"2 minutes"},"schema":{"@context":"https:\/\/schema.org","@graph":[{"@type":"WebPage","@id":"https:\/\/mdsu.se\/en\/about-mdsu\/union-board\/","url":"https:\/\/mdsu.se\/en\/about-mdsu\/union-board\/","name":"The Union Board - M\u00e4lardalens studentk\u00e5r","isPartOf":{"@id":"https:\/\/mdsu.se\/#website"},"datePublished":"2023-04-25T13:38:36+00:00","dateModified":"2026-03-12T09:03:05+00:00","breadcrumb":{"@id":"https:\/\/mdsu.se\/en\/about-mdsu\/union-board\/#breadcrumb"},"inLanguage":"en-US","potentialAction":[{"@type":"ReadAction","target":["https:\/\/mdsu.se\/en\/about-mdsu\/union-board\/"]}]},{"@type":"BreadcrumbList","@id":"https:\/\/mdsu.se\/en\/about-mdsu\/union-board\/#breadcrumb","itemListElement":[{"@type":"ListItem","position":1,"name":"Hem","item":"https:\/\/mdsu.se\/en\/"},{"@type":"ListItem","position":2,"name":"About MDSU","item":"https:\/\/mdsu.se\/en\/about-mdsu\/"},{"@type":"ListItem","position":3,"name":"The Union Board"}]},{"@type":"WebSite","@id":"https:\/\/mdsu.se\/#website","url":"https:\/\/mdsu.se\/","name":"M\u00e4lardalens studentk\u00e5r","description":"Den officiella studentk\u00e5ren vid M\u00e4lardalens h\u00f6gskola (MDH)","publisher":{"@id":"https:\/\/mdsu.se\/#organization"},"potentialAction":[{"@type":"SearchAction","target":{"@type":"EntryPoint","urlTemplate":"https:\/\/mdsu.se\/?s={search_term_string}"},"query-input":"required name=search_term_string"}],"inLanguage":"en-US"},{"@type":"Organization","@id":"https:\/\/mdsu.se\/#organization","name":"M\u00e4lardalens Studentk\u00e5r","url":"https:\/\/mdsu.se\/","logo":{"@type":"ImageObject","inLanguage":"en-US","@id":"https:\/\/mdsu.se\/#\/schema\/logo\/image\/","url":"https:\/\/mdsu.se\/wp-content\/uploads\/2019\/06\/Rektangel-standard.png","contentUrl":"https:\/\/mdsu.se\/wp-content\/uploads\/2019\/06\/Rektangel-standard.png","width":1397,"height":262,"caption":"M\u00e4lardalens Studentk\u00e5r"},"image":{"@id":"https:\/\/mdsu.se\/#\/schema\/logo\/image\/"},"sameAs":["https:\/\/www.facebook.com\/malardalens.studentkar","https:\/\/www.instagram.com\/malardalensstudentkar\/"]}]}},"_links":{"self":[{"href":"https:\/\/mdsu.se\/en\/wp-json\/wp\/v2\/pages\/17878"}],"collection":[{"href":"https:\/\/mdsu.se\/en\/wp-json\/wp\/v2\/pages"}],"about":[{"href":"https:\/\/mdsu.se\/en\/wp-json\/wp\/v2\/types\/page"}],"author":[{"embeddable":true,"href":"https:\/\/mdsu.se\/en\/wp-json\/wp\/v2\/users\/27"}],"replies":[{"embeddable":true,"href":"https:\/\/mdsu.se\/en\/wp-json\/wp\/v2\/comments?post=17878"}],"version-history":[{"count":34,"href":"https:\/\/mdsu.se\/en\/wp-json\/wp\/v2\/pages\/17878\/revisions"}],"predecessor-version":[{"id":22940,"href":"https:\/\/mdsu.se\/en\/wp-json\/wp\/v2\/pages\/17878\/revisions\/22940"}],"up":[{"embeddable":true,"href":"https:\/\/mdsu.se\/en\/wp-json\/wp\/v2\/pages\/6402"}],"wp:attachment":[{"href":"https:\/\/mdsu.se\/en\/wp-json\/wp\/v2\/media?parent=17878"}],"curies":[{"name":"wp","href":"https:\/\/api.w.org\/{rel}","templated":true}]}}