{"id":17645,"date":"2023-04-07T17:45:11","date_gmt":"2023-04-07T15:45:11","guid":{"rendered":"https:\/\/mdsu.se\/?page_id=17645"},"modified":"2023-04-07T19:41:22","modified_gmt":"2023-04-07T17:41:22","slug":"history","status":"publish","type":"page","link":"https:\/\/mdsu.se\/en\/history\/","title":{"rendered":"Our history"},"content":{"rendered":"<div class=\"wpb-content-wrapper\">\r\n\r\n\r\n\r\n<p>[vc_column_text]<\/p>\n<div style=\"text-align: justify;\">\n<p style=\"text-align: left;\">M\u00e4lardalens Student Union was founded in 1979, which was two years after Eskilstuna V\u00e4ster\u00e5s University had been formed. At that time, the student union was called Eskilstuna\/V\u00e4ster\u00e5s Studentk\u00e5r. From the beginning, the student union was made up of a board of directors and various underlying branches that were active where the college conducted its activities. At that time, for example, there were two branches in V\u00e4ster\u00e5s and one in Eskilstuna. In 1981, an evaluation of the organization was carried out, with the result that the entire organization was revised.<\/p>\n<p style=\"text-align: left;\">As a result of the 1981 evaluation, an organizational change began in 1983. At that time, the use of committees and two bureau was established, one in each locality. Until 1983, it was voluntary to join the student union. That changed when Sweden introduced a compulsory student union. In 1989, the university changed its name to M\u00e4lardalen University, which was due to the fact that there were university branches in Ludvika, Katrineholm and Nyk\u00f6ping. In connection with the university&#8217;s name change, the student union changed its name to M\u00e4lardalens Student Union.<\/p>\n<\/div>\n<p>[\/vc_column_text]<\/p>\n\r\n\r\n<p>[vc_row_inner][vc_column_inner width=&#8221;1\/3&#8243;][vc_toggle title=&#8221;1990s&#8221; style=&#8221;arrow&#8221;]M\u00e4lardalens Student Union started the 1990s by establishing the labour market fair H\u00f6gvarv in 1990. During the fair, all focus is on making contacts between students and working life. Even today, H\u00f6gvarv is one of the student union&#8217;s most popular events and annually attracts about fifty companies that want to get in touch with the workforce of the future. In addition, it gives the career-hungry students the opportunity to create their future already during their studies. During the 1990s, the student union also organized another grand event called the Union Train every year. The relay, which consisted of cycling, canoeing and running, stretched between V\u00e4ster\u00e5s and Eskilstuna. At its peak, the competition attracted about 600 people who either competed or participated as officials. For a long time, the student union had only half-time salaries in the various positions.\u00a0 This changed in the second half of the nineties when several paid people switched to working full-time. Changes also took place within the student union&#8217;s education monitoring, which went from being divided into HSV (Humanities \/ Social Sciences \/ Care) and NT (Natural Sciences \/ Technology) to being managed by one and the same board member. For a long time, the student union had difficulty establishing its activities in the smaller towns. In 1997, the problem was solved by the university closing all branches to focus on the two locations of Eskilstuna and V\u00e4ster\u00e5s. In 1997, the student union also abolished its large meetings, which until then had been the highest decision-making body, and instead the union council that exists today was established. In connection with the university&#8217;s introduction of academies (HVV, UKK, EST and IDT), the student union&#8217;s council and board were also adapted to optimally achieve an even distribution in the academies&#8217; influence in the student union&#8217;s activities. In 1997, the new union building in V\u00e4ster\u00e5s was completed, which had taken four years to realize. Until the mid-nineties, the university&#8217;s premises in V\u00e4ster\u00e5s were located in the center, where V\u00e4xhuset today has its premises. Until this moment, the union building had also had its premises in the center at Kopparbergsv\u00e4gen 13. There had long been discussion about a new union house, as the premises at the time were considered too small. When the university moved from the center, the student union also chose to build a new union building on campus. It is this union house that is still used by the student union today. Sadly, 1997 was also the last year that the Union Train was arranged. Around the same time as the new union building in V\u00e4ster\u00e5s was built, the student union began to look for a new building for the union building in Eskilstuna because it was considered that the student union also needed larger premises there. In Eskilstuna, the new union building in Studenternas hus was inaugurated in 1999 in connection with the student union&#8217;s twentieth anniversary. After a vote among the members, M\u00e4lardalens Student Union joined the students&#8217; central organization Sweden&#8217;s United Student Unions (SFS) in 1999. At the same time, the student union also joined OSS, which is a network within SFS consisting of small and medium-sized student unions.\u00a0Since joining, the Student Union has hosted an autumn conference for SFS and two OSS meetings.[\/vc_toggle][\/vc_column_inner][vc_column_inner width=&#8221;1\/3&#8243;][vc_toggle title=&#8221;2000s&#8221; style=&#8221;arrow&#8221;]The E4 was formed as an association between M\u00e4lardalens Student Union, S\u00f6dert\u00f6rn&#8217;s student union, Malm\u00f6&#8217;s student union and J\u00f6nk\u00f6ping&#8217;s student union in the early 2000s. The main idea of the collaboration was for the student unions to meet every semester and exchange ideas, thoughts and experiences before the SFS council, which is arranged every year. This is in order to build consensus and thereby have greater influence at national level. In the autumn of 2000, the Student Olympiad event was organized for the first time. The competition, which still exists today, is aimed at new students at the university. The competition is based on various games in the center of V\u00e4ster\u00e5s. The goal of the event is to establish long-term contacts and get good work started between students, society and business. In the autumn of 2006, the Student Olympiad was organized for the first time also in Eskilstuna and was there an annual event until 2009. In 2008, the student union got new premises in Eskilstuna that were adjacent to the university&#8217;s buildings. The construction, which was a rebuild of an old building, started in October 2007 and was completed in the summer of 2008. In those premises was the student restaurant Dek\u00e5r, which had both day and evening activities. In connection with this, the student union&#8217;s office moved to the so-called &#8220;Q-building&#8221;, where we had offices until 2021. Unfortunately, due to financial difficulties, the business was closed down in 2010.[\/vc_toggle][\/vc_column_inner][vc_column_inner width=&#8221;1\/3&#8243;][vc_toggle title=&#8221;2010s&#8221; style=&#8221;arrow&#8221;]In connection with the abolition of the compulsory student union in 2010 and the financial consequences that came with the abolition, the student union&#8217;s organization was revised and most paid assignments disappeared. Thus, the organizational structure with committees was also removed. In 2010, the Student Olympiad in Eskilstuna was replaced by the Evening Assignment. The competition is an annual event organized by the student union for the new students at M\u00e4lardalen University. The event consists of a team competition where the new students together with their line associations compete to get around a number of stations in the fastest time. The purpose is to create a community between the students who study the same education and welcome them to Eskilstuna. During the time the students compete, they also have time to get to know the center core. The evening usually ends with a pub evening at one of the taverns in Eskilstuna. Eskilstuna and V\u00e4ster\u00e5s were named Student City of the Year by SFS in 2012. The reason for the decision was the outstanding cooperation that was conducted between the university, the municipalities and the student union. On the third to fifth of May 2013, the student union hosted the SFS council meeting with about 300 union representatives from all over the country. The Student Union was also one of five student unions in Sweden that in 2013 were chosen to run the project How it works. The project was about accessibility of both the physical environment and information in the union world. For the implementation of the project, M\u00e4lardalens Student Union was awarded the Wahl\u00e9nska Prize, a prize that the SFS office annually awards to those who have been a great support for them. In the spring of 2015, M\u00e4lardalens Student Union, together with nine other student unions and nations, was part of an additional project called Best Party. The project is an initiative taken by SFS and IQ and aims to create a student life where alcohol can be included but is not in focus. In 2015, Gefle Student Union also joined the E4.[\/vc_toggle][\/vc_column_inner][\/vc_row_inner]<\/p>\n\r\n\r\n\r\n<p>[vc_row_inner][vc_column_inner width=&#8221;1\/2&#8243;][vc_hoverbox image=&#8221;9481&#8243; primary_title=&#8221;&#8221; hover_title=&#8221;H\u00f6gvarv&#8221; hover_background_color=&#8221;custom&#8221; hover_custom_background=&#8221;#e8df92&#8243;]In 1990, the labour market fair H\u00f6gvarv was arranged for the first time and even today it is arranged in V\u00e4ster\u00e5s. This picture is taken from when the fair was arranged in 2017.[\/vc_hoverbox][\/vc_column_inner][vc_column_inner width=&#8221;1\/2&#8243;][vc_hoverbox image=&#8221;9475&#8243; primary_title=&#8221;&#8221; hover_title=&#8221;Union building in V\u00e4ster\u00e5s&#8221; hover_background_color=&#8221;custom&#8221; hover_custom_background=&#8221;#a6dbed&#8221;]In 1997, the student union got a new union building on campus in V\u00e4ster\u00e5s. The building took four years to realize and to this day the student union&#8217;s restaurant operates there under the name K\u00e5rhuset G6.[\/vc_hoverbox][\/vc_column_inner][\/vc_row_inner][vc_row_inner][vc_column_inner width=&#8221;1\/2&#8243;][vc_hoverbox image=&#8221;9479&#8243; primary_title=&#8221;&#8221; hover_title=&#8221;Evening mission&#8221; hover_background_color=&#8221;custom&#8221; hover_custom_background=&#8221;#efb3d6&#8243;]In 2010, the Evening Mission took place for the first time. This picture is taken from one of the branches that was featured in 2016.[\/vc_hoverbox][\/vc_column_inner][vc_column_inner width=&#8221;1\/2&#8243;][vc_hoverbox image=&#8221;9545&#8243; primary_title=&#8221;&#8221; hover_title=&#8221;Student city 2012\/2013&#8243; hover_background_color=&#8221;custom&#8221; hover_custom_background=&#8221;#b8ea8a&#8221;]In 2012\/2013, Eskilstuna and V\u00e4ster\u00e5s were named student city of the year. The reason for the decision was the outstanding cooperation that was conducted between the university, the municipalities, and the Student Union.[\/vc_hoverbox][\/vc_column_inner][\/vc_row_inner]<\/p>\r\n<\/div>","protected":false},"excerpt":{"rendered":"<p>[vc_row_inner][vc_column_inner width=&#8221;1\/2&#8243;][vc_hoverbox image=&#8221;9481&#8243; primary_title=&#8221;&#8221; hover_title=&#8221;H\u00f6gvarv&#8221; hover_background_color=&#8221;custom&#8221; hover_custom_background=&#8221;#e8df92&#8243;]In 1990, the labour market fair H\u00f6gvarv was arranged for the first time and even today it is arranged in V\u00e4ster\u00e5s. This picture is&hellip;&nbsp;<a href=\"https:\/\/mdsu.se\/en\/history\/\" class=\"\" rel=\"bookmark\">Read More &raquo;<span class=\"screen-reader-text\">Our history<\/span><\/a><\/p>\n","protected":false},"author":27,"featured_media":0,"parent":0,"menu_order":0,"comment_status":"closed","ping_status":"closed","template":"","meta":{"neve_meta_sidebar":"","neve_meta_container":"","neve_meta_enable_content_width":"","neve_meta_content_width":0,"neve_meta_title_alignment":"","neve_meta_author_avatar":"","neve_post_elements_order":"","neve_meta_disable_header":"","neve_meta_disable_footer":"","neve_meta_disable_title":"","_EventAllDay":false,"_EventTimezone":"","_EventStartDate":"","_EventEndDate":"","_EventStartDateUTC":"","_EventEndDateUTC":"","_EventShowMap":false,"_EventShowMapLink":false,"_EventURL":"","_EventCost":"","_EventCostDescription":"","_EventCurrencySymbol":"","_EventCurrencyCode":"","_EventCurrencyPosition":"","_EventDateTimeSeparator":"","_EventTimeRangeSeparator":"","_EventOrganizerID":[],"_EventVenueID":[],"_OrganizerEmail":"","_OrganizerPhone":"","_OrganizerWebsite":"","_VenueAddress":"","_VenueCity":"","_VenueCountry":"","_VenueProvince":"","_VenueState":"","_VenueZip":"","_VenuePhone":"","_VenueURL":"","_VenueStateProvince":"","_VenueLat":"","_VenueLng":"","_VenueShowMap":false,"_VenueShowMapLink":false,"footnotes":""},"yoast_head":"<!-- This site is optimized with the Yoast SEO plugin v21.6 - https:\/\/yoast.com\/wordpress\/plugins\/seo\/ -->\n<title>Our history - M\u00e4lardalens studentk\u00e5r<\/title>\n<meta name=\"robots\" content=\"index, follow, max-snippet:-1, max-image-preview:large, max-video-preview:-1\" \/>\n<link rel=\"canonical\" href=\"https:\/\/mdsu.se\/en\/history\/\" \/>\n<meta property=\"og:locale\" content=\"en_US\" \/>\n<meta property=\"og:type\" content=\"article\" \/>\n<meta property=\"og:title\" content=\"Our history - M\u00e4lardalens studentk\u00e5r\" \/>\n<meta property=\"og:description\" content=\"[vc_row_inner][vc_column_inner width=&#8221;1\/2&#8243;][vc_hoverbox image=&#8221;9481&#8243; primary_title=&#8221;&#8221; hover_title=&#8221;H\u00f6gvarv&#8221; hover_background_color=&#8221;custom&#8221; hover_custom_background=&#8221;#e8df92&#8243;]In 1990, the labour market fair H\u00f6gvarv was arranged for the first time and even today it is arranged in V\u00e4ster\u00e5s. This picture is&hellip;&nbsp;Read More &raquo;Our history\" \/>\n<meta property=\"og:url\" content=\"https:\/\/mdsu.se\/en\/history\/\" \/>\n<meta property=\"og:site_name\" content=\"M\u00e4lardalens studentk\u00e5r\" \/>\n<meta property=\"article:publisher\" content=\"https:\/\/www.facebook.com\/malardalens.studentkar\" \/>\n<meta property=\"article:modified_time\" content=\"2023-04-07T17:41:22+00:00\" \/>\n<meta name=\"twitter:card\" content=\"summary_large_image\" \/>\n<meta name=\"twitter:label1\" content=\"Est. reading time\" \/>\n\t<meta name=\"twitter:data1\" content=\"8 minutes\" \/>\n<script type=\"application\/ld+json\" class=\"yoast-schema-graph\">{\"@context\":\"https:\/\/schema.org\",\"@graph\":[{\"@type\":\"WebPage\",\"@id\":\"https:\/\/mdsu.se\/en\/history\/\",\"url\":\"https:\/\/mdsu.se\/en\/history\/\",\"name\":\"Our history - M\u00e4lardalens studentk\u00e5r\",\"isPartOf\":{\"@id\":\"https:\/\/mdsu.se\/#website\"},\"datePublished\":\"2023-04-07T15:45:11+00:00\",\"dateModified\":\"2023-04-07T17:41:22+00:00\",\"breadcrumb\":{\"@id\":\"https:\/\/mdsu.se\/en\/history\/#breadcrumb\"},\"inLanguage\":\"en-US\",\"potentialAction\":[{\"@type\":\"ReadAction\",\"target\":[\"https:\/\/mdsu.se\/en\/history\/\"]}]},{\"@type\":\"BreadcrumbList\",\"@id\":\"https:\/\/mdsu.se\/en\/history\/#breadcrumb\",\"itemListElement\":[{\"@type\":\"ListItem\",\"position\":1,\"name\":\"Hem\",\"item\":\"https:\/\/mdsu.se\/en\/\"},{\"@type\":\"ListItem\",\"position\":2,\"name\":\"Our history\"}]},{\"@type\":\"WebSite\",\"@id\":\"https:\/\/mdsu.se\/#website\",\"url\":\"https:\/\/mdsu.se\/\",\"name\":\"M\u00e4lardalens studentk\u00e5r\",\"description\":\"Den officiella studentk\u00e5ren vid M\u00e4lardalens h\u00f6gskola (MDH)\",\"publisher\":{\"@id\":\"https:\/\/mdsu.se\/#organization\"},\"potentialAction\":[{\"@type\":\"SearchAction\",\"target\":{\"@type\":\"EntryPoint\",\"urlTemplate\":\"https:\/\/mdsu.se\/?s={search_term_string}\"},\"query-input\":\"required name=search_term_string\"}],\"inLanguage\":\"en-US\"},{\"@type\":\"Organization\",\"@id\":\"https:\/\/mdsu.se\/#organization\",\"name\":\"M\u00e4lardalens Studentk\u00e5r\",\"url\":\"https:\/\/mdsu.se\/\",\"logo\":{\"@type\":\"ImageObject\",\"inLanguage\":\"en-US\",\"@id\":\"https:\/\/mdsu.se\/#\/schema\/logo\/image\/\",\"url\":\"https:\/\/mdsu.se\/wp-content\/uploads\/2019\/06\/Rektangel-standard.png\",\"contentUrl\":\"https:\/\/mdsu.se\/wp-content\/uploads\/2019\/06\/Rektangel-standard.png\",\"width\":1397,\"height\":262,\"caption\":\"M\u00e4lardalens Studentk\u00e5r\"},\"image\":{\"@id\":\"https:\/\/mdsu.se\/#\/schema\/logo\/image\/\"},\"sameAs\":[\"https:\/\/www.facebook.com\/malardalens.studentkar\",\"https:\/\/www.instagram.com\/malardalensstudentkar\/\"]}]}<\/script>\n<!-- \/ Yoast SEO plugin. -->","yoast_head_json":{"title":"Our history - M\u00e4lardalens studentk\u00e5r","robots":{"index":"index","follow":"follow","max-snippet":"max-snippet:-1","max-image-preview":"max-image-preview:large","max-video-preview":"max-video-preview:-1"},"canonical":"https:\/\/mdsu.se\/en\/history\/","og_locale":"en_US","og_type":"article","og_title":"Our history - M\u00e4lardalens studentk\u00e5r","og_description":"[vc_row_inner][vc_column_inner width=&#8221;1\/2&#8243;][vc_hoverbox image=&#8221;9481&#8243; primary_title=&#8221;&#8221; hover_title=&#8221;H\u00f6gvarv&#8221; hover_background_color=&#8221;custom&#8221; hover_custom_background=&#8221;#e8df92&#8243;]In 1990, the labour market fair H\u00f6gvarv was arranged for the first time and even today it is arranged in V\u00e4ster\u00e5s. This picture is&hellip;&nbsp;Read More &raquo;Our history","og_url":"https:\/\/mdsu.se\/en\/history\/","og_site_name":"M\u00e4lardalens studentk\u00e5r","article_publisher":"https:\/\/www.facebook.com\/malardalens.studentkar","article_modified_time":"2023-04-07T17:41:22+00:00","twitter_card":"summary_large_image","twitter_misc":{"Est. reading time":"8 minutes"},"schema":{"@context":"https:\/\/schema.org","@graph":[{"@type":"WebPage","@id":"https:\/\/mdsu.se\/en\/history\/","url":"https:\/\/mdsu.se\/en\/history\/","name":"Our history - M\u00e4lardalens studentk\u00e5r","isPartOf":{"@id":"https:\/\/mdsu.se\/#website"},"datePublished":"2023-04-07T15:45:11+00:00","dateModified":"2023-04-07T17:41:22+00:00","breadcrumb":{"@id":"https:\/\/mdsu.se\/en\/history\/#breadcrumb"},"inLanguage":"en-US","potentialAction":[{"@type":"ReadAction","target":["https:\/\/mdsu.se\/en\/history\/"]}]},{"@type":"BreadcrumbList","@id":"https:\/\/mdsu.se\/en\/history\/#breadcrumb","itemListElement":[{"@type":"ListItem","position":1,"name":"Hem","item":"https:\/\/mdsu.se\/en\/"},{"@type":"ListItem","position":2,"name":"Our history"}]},{"@type":"WebSite","@id":"https:\/\/mdsu.se\/#website","url":"https:\/\/mdsu.se\/","name":"M\u00e4lardalens studentk\u00e5r","description":"Den officiella studentk\u00e5ren vid M\u00e4lardalens h\u00f6gskola (MDH)","publisher":{"@id":"https:\/\/mdsu.se\/#organization"},"potentialAction":[{"@type":"SearchAction","target":{"@type":"EntryPoint","urlTemplate":"https:\/\/mdsu.se\/?s={search_term_string}"},"query-input":"required name=search_term_string"}],"inLanguage":"en-US"},{"@type":"Organization","@id":"https:\/\/mdsu.se\/#organization","name":"M\u00e4lardalens Studentk\u00e5r","url":"https:\/\/mdsu.se\/","logo":{"@type":"ImageObject","inLanguage":"en-US","@id":"https:\/\/mdsu.se\/#\/schema\/logo\/image\/","url":"https:\/\/mdsu.se\/wp-content\/uploads\/2019\/06\/Rektangel-standard.png","contentUrl":"https:\/\/mdsu.se\/wp-content\/uploads\/2019\/06\/Rektangel-standard.png","width":1397,"height":262,"caption":"M\u00e4lardalens Studentk\u00e5r"},"image":{"@id":"https:\/\/mdsu.se\/#\/schema\/logo\/image\/"},"sameAs":["https:\/\/www.facebook.com\/malardalens.studentkar","https:\/\/www.instagram.com\/malardalensstudentkar\/"]}]}},"_links":{"self":[{"href":"https:\/\/mdsu.se\/en\/wp-json\/wp\/v2\/pages\/17645"}],"collection":[{"href":"https:\/\/mdsu.se\/en\/wp-json\/wp\/v2\/pages"}],"about":[{"href":"https:\/\/mdsu.se\/en\/wp-json\/wp\/v2\/types\/page"}],"author":[{"embeddable":true,"href":"https:\/\/mdsu.se\/en\/wp-json\/wp\/v2\/users\/27"}],"replies":[{"embeddable":true,"href":"https:\/\/mdsu.se\/en\/wp-json\/wp\/v2\/comments?post=17645"}],"version-history":[{"count":6,"href":"https:\/\/mdsu.se\/en\/wp-json\/wp\/v2\/pages\/17645\/revisions"}],"predecessor-version":[{"id":17688,"href":"https:\/\/mdsu.se\/en\/wp-json\/wp\/v2\/pages\/17645\/revisions\/17688"}],"wp:attachment":[{"href":"https:\/\/mdsu.se\/en\/wp-json\/wp\/v2\/media?parent=17645"}],"curies":[{"name":"wp","href":"https:\/\/api.w.org\/{rel}","templated":true}]}}