{"id":14644,"date":"2021-06-29T10:18:58","date_gmt":"2021-06-29T08:18:58","guid":{"rendered":"https:\/\/mdsu.se\/?page_id=14644"},"modified":"2023-11-25T17:50:06","modified_gmt":"2023-11-25T16:50:06","slug":"membership-terms","status":"publish","type":"page","link":"https:\/\/mdsu.se\/en\/membership\/membership-terms\/","title":{"rendered":"Membership terms"},"content":{"rendered":"<div class=\"wpb-content-wrapper\"><p>[vc_row][vc_column css=&#8221;.vc_custom_1689970991097{padding-right: 15px !important;padding-left: 15px !important;background-color: #ffffff !important;}&#8221;][vc_row_inner][vc_column_inner width=&#8221;2\/3&#8243;][vc_column_text]<\/p>\n<div style=\"text-align: justify;\">\n<h1>Membership terms<\/h1>\n<p>By paying the membership fee through the website, www.karen.nu you sign up to become a member at the student union, org.nr. 878000-7533. Only those who are admitted as a student or doctoral student at M\u00e4lardalen University (according to the Student Union Ordinance (2009:769) Section 4) have the right to become a ordinary member. Other people can support M\u00e4lardalens Student Union by becoming a support member.<\/p>\n<p>The person who signs a membership does not receive full proof of membership until it has been verified by the M\u00e4lardalens Student Union that the student has been admitted at M\u00e4lardalens University. Once verification has been done, the membership will be transferred to a full membership and the student can download Mecenat&#8217;s app for the membership card.<\/p>\n<p>Before the membership of M\u00e4lardalens Student Union is paid, all pre-printed data must be checked. Please contact M\u00e4lardalens Student Union if any information is not correct.<\/p>\n<p>Membership is received when payment to M\u00e4lardalens Studentk\u00e5r has been received. The membership card, which acts as student ID and as proof of full membership, is available to download as an app to the mobile phone and can be ordered as a plastic card via Mecenat after the membership fee has been paid.<\/p>\n<p>Paid membership fees will not be refunded.<\/p>\n<p>By signing up for membership, you agree that data is processed and obtained by the M\u00e4lardalens Student Union. Data about members is processed in accordance with the new General Data Protection Regulation (GDPR). If a member wishes information about what data is processed by the M\u00e4lardalens Student Union, please contact M\u00e4lardalens Student Union. A member may request correction of incorrect information.<\/p>\n<p>M\u00e4lardalens Student Union reserves the right to use the member&#8217;s information after signing a membership for statutory activities, the provision of services, administration, invoicing, customer service, analysis, development, information, marketing and for the fulfilment of obligations under law, agreement, or government decision.<\/p>\n<p>When the member has completed his studies at M\u00e4lardalens University, he\/she does not need to notify M\u00e4lardalens Student Union about this. After completing his studies, the member may choose to become a support member of the M\u00e4lardalens Student Union, which means that he\/she continues to support the activities of the M\u00e4lardalens Student Union even though he is no longer studying.<\/p>\n<p>By paying the membership fee, I agree that the information I provide is transferred to Mecenat AB for the purpose of sending my Mecenat and membership card as well as information about student-related discounts and benefits.<\/p>\n<p>By paying the membership fee, I agree that the information I provide is used by M\u00e4lardalens Student Union&#8217;s partners who provide discounts and\/or benefits to members of the M\u00e4lardalens Student Union.<\/p>\n<\/div>\n<p>[\/vc_column_text][\/vc_column_inner][vc_column_inner width=&#8221;1\/3&#8243;][vc_btn title=&#8221;Buy membership&#8221; style=&#8221;custom&#8221; custom_background=&#8221;#15b9ed&#8221; custom_text=&#8221;#ffffff&#8221; size=&#8221;lg&#8221; align=&#8221;center&#8221; i_type=&#8221;linecons&#8221; i_icon_linecons=&#8221;vc_li vc_li-like&#8221; button_block=&#8221;true&#8221; add_icon=&#8221;true&#8221; link=&#8221;url:https%3A%2F%2Fmdsu.se%2Fen%2Fmembership%2F|title:Membership&#8221;][vc_btn title=&#8221;Discounts&#8221; style=&#8221;custom&#8221; custom_background=&#8221;#15b9ed&#8221; custom_text=&#8221;#ffffff&#8221; size=&#8221;lg&#8221; align=&#8221;center&#8221; button_block=&#8221;true&#8221; link=&#8221;url:https%3A%2F%2Fmdsu.se%2Fen%2Fmembership%2Fmember-discounts%2F|title:Member%20discounts&#8221;][vc_column_text]<\/p>\n<div><em>Note: You get your membership card in your phone in the Mecenat app when you are registered at your education. You can order a physical card from Mecenat.<\/em><\/div>\n<p>[\/vc_column_text][\/vc_column_inner][\/vc_row_inner][\/vc_column][\/vc_row][vc_row height=&#8221;30px&#8221;][vc_column][vc_empty_space height=&#8221;30px&#8221;][\/vc_column][\/vc_row]<\/p>\n<\/div>","protected":false},"excerpt":{"rendered":"<p>[vc_row][vc_column css=&#8221;.vc_custom_1689970991097{padding-right: 15px !important;padding-left: 15px !important;background-color: #ffffff !important;}&#8221;][vc_row_inner][vc_column_inner width=&#8221;2\/3&#8243;][vc_column_text] Membership terms By paying the membership fee through the website, www.karen.nu you sign up to become a member at the student&hellip;&nbsp;<a href=\"https:\/\/mdsu.se\/en\/membership\/membership-terms\/\" class=\"\" rel=\"bookmark\">Read More &raquo;<span class=\"screen-reader-text\">Membership terms<\/span><\/a><\/p>\n","protected":false},"author":9,"featured_media":0,"parent":19523,"menu_order":0,"comment_status":"closed","ping_status":"closed","template":"","meta":{"neve_meta_sidebar":"","neve_meta_container":"","neve_meta_enable_content_width":"off","neve_meta_content_width":100,"neve_meta_title_alignment":"","neve_meta_author_avatar":"","neve_post_elements_order":"","neve_meta_disable_header":"","neve_meta_disable_footer":"","neve_meta_disable_title":"","_EventAllDay":false,"_EventTimezone":"","_EventStartDate":"","_EventEndDate":"","_EventStartDateUTC":"","_EventEndDateUTC":"","_EventShowMap":false,"_EventShowMapLink":false,"_EventURL":"","_EventCost":"","_EventCostDescription":"","_EventCurrencySymbol":"","_EventCurrencyCode":"","_EventCurrencyPosition":"","_EventDateTimeSeparator":"","_EventTimeRangeSeparator":"","_EventOrganizerID":[],"_EventVenueID":[],"_OrganizerEmail":"","_OrganizerPhone":"","_OrganizerWebsite":"","_VenueAddress":"","_VenueCity":"","_VenueCountry":"","_VenueProvince":"","_VenueState":"","_VenueZip":"","_VenuePhone":"","_VenueURL":"","_VenueStateProvince":"","_VenueLat":"","_VenueLng":"","_VenueShowMap":false,"_VenueShowMapLink":false,"footnotes":""},"yoast_head":"<!-- This site is optimized with the Yoast SEO plugin v21.6 - https:\/\/yoast.com\/wordpress\/plugins\/seo\/ -->\n<title>Membership terms - M\u00e4lardalens studentk\u00e5r<\/title>\n<meta name=\"robots\" content=\"index, follow, max-snippet:-1, max-image-preview:large, max-video-preview:-1\" \/>\n<link rel=\"canonical\" href=\"https:\/\/mdsu.se\/medlemskap\/medlemsvillkor\/\" \/>\n<meta property=\"og:locale\" content=\"en_US\" \/>\n<meta property=\"og:type\" content=\"article\" \/>\n<meta property=\"og:title\" content=\"Membership terms - M\u00e4lardalens studentk\u00e5r\" \/>\n<meta property=\"og:description\" content=\"[vc_row][vc_column css=&#8221;.vc_custom_1689970991097{padding-right: 15px !important;padding-left: 15px !important;background-color: #ffffff !important;}&#8221;][vc_row_inner][vc_column_inner width=&#8221;2\/3&#8243;][vc_column_text] Membership terms By paying the membership fee through the website, www.karen.nu you sign up to become a member at the student&hellip;&nbsp;Read More &raquo;Membership terms\" \/>\n<meta property=\"og:url\" content=\"https:\/\/mdsu.se\/medlemskap\/medlemsvillkor\/\" \/>\n<meta property=\"og:site_name\" content=\"M\u00e4lardalens studentk\u00e5r\" \/>\n<meta property=\"article:publisher\" content=\"https:\/\/www.facebook.com\/malardalens.studentkar\" \/>\n<meta property=\"article:modified_time\" content=\"2023-11-25T16:50:06+00:00\" \/>\n<meta name=\"twitter:card\" content=\"summary_large_image\" \/>\n<meta name=\"twitter:label1\" content=\"Est. reading time\" \/>\n\t<meta name=\"twitter:data1\" content=\"3 minutes\" \/>\n<script type=\"application\/ld+json\" class=\"yoast-schema-graph\">{\"@context\":\"https:\/\/schema.org\",\"@graph\":[{\"@type\":\"WebPage\",\"@id\":\"https:\/\/mdsu.se\/medlemskap\/medlemsvillkor\/\",\"url\":\"https:\/\/mdsu.se\/medlemskap\/medlemsvillkor\/\",\"name\":\"Membership terms - M\u00e4lardalens studentk\u00e5r\",\"isPartOf\":{\"@id\":\"https:\/\/mdsu.se\/#website\"},\"datePublished\":\"2021-06-29T08:18:58+00:00\",\"dateModified\":\"2023-11-25T16:50:06+00:00\",\"breadcrumb\":{\"@id\":\"https:\/\/mdsu.se\/medlemskap\/medlemsvillkor\/#breadcrumb\"},\"inLanguage\":\"en-US\",\"potentialAction\":[{\"@type\":\"ReadAction\",\"target\":[\"https:\/\/mdsu.se\/medlemskap\/medlemsvillkor\/\"]}]},{\"@type\":\"BreadcrumbList\",\"@id\":\"https:\/\/mdsu.se\/medlemskap\/medlemsvillkor\/#breadcrumb\",\"itemListElement\":[{\"@type\":\"ListItem\",\"position\":1,\"name\":\"Hem\",\"item\":\"https:\/\/mdsu.se\/\"},{\"@type\":\"ListItem\",\"position\":2,\"name\":\"Membership\",\"item\":\"https:\/\/mdsu.se\/medlemskap\/\"},{\"@type\":\"ListItem\",\"position\":3,\"name\":\"Membership terms\"}]},{\"@type\":\"WebSite\",\"@id\":\"https:\/\/mdsu.se\/#website\",\"url\":\"https:\/\/mdsu.se\/\",\"name\":\"M\u00e4lardalens studentk\u00e5r\",\"description\":\"Den officiella studentk\u00e5ren vid M\u00e4lardalens h\u00f6gskola (MDH)\",\"publisher\":{\"@id\":\"https:\/\/mdsu.se\/#organization\"},\"potentialAction\":[{\"@type\":\"SearchAction\",\"target\":{\"@type\":\"EntryPoint\",\"urlTemplate\":\"https:\/\/mdsu.se\/?s={search_term_string}\"},\"query-input\":\"required name=search_term_string\"}],\"inLanguage\":\"en-US\"},{\"@type\":\"Organization\",\"@id\":\"https:\/\/mdsu.se\/#organization\",\"name\":\"M\u00e4lardalens Studentk\u00e5r\",\"url\":\"https:\/\/mdsu.se\/\",\"logo\":{\"@type\":\"ImageObject\",\"inLanguage\":\"en-US\",\"@id\":\"https:\/\/mdsu.se\/#\/schema\/logo\/image\/\",\"url\":\"https:\/\/mdsu.se\/wp-content\/uploads\/2019\/06\/Rektangel-standard.png\",\"contentUrl\":\"https:\/\/mdsu.se\/wp-content\/uploads\/2019\/06\/Rektangel-standard.png\",\"width\":1397,\"height\":262,\"caption\":\"M\u00e4lardalens Studentk\u00e5r\"},\"image\":{\"@id\":\"https:\/\/mdsu.se\/#\/schema\/logo\/image\/\"},\"sameAs\":[\"https:\/\/www.facebook.com\/malardalens.studentkar\",\"https:\/\/www.instagram.com\/malardalensstudentkar\/\"]}]}<\/script>\n<!-- \/ Yoast SEO plugin. -->","yoast_head_json":{"title":"Membership terms - M\u00e4lardalens studentk\u00e5r","robots":{"index":"index","follow":"follow","max-snippet":"max-snippet:-1","max-image-preview":"max-image-preview:large","max-video-preview":"max-video-preview:-1"},"canonical":"https:\/\/mdsu.se\/medlemskap\/medlemsvillkor\/","og_locale":"en_US","og_type":"article","og_title":"Membership terms - M\u00e4lardalens studentk\u00e5r","og_description":"[vc_row][vc_column css=&#8221;.vc_custom_1689970991097{padding-right: 15px !important;padding-left: 15px !important;background-color: #ffffff !important;}&#8221;][vc_row_inner][vc_column_inner width=&#8221;2\/3&#8243;][vc_column_text] Membership terms By paying the membership fee through the website, www.karen.nu you sign up to become a member at the student&hellip;&nbsp;Read More &raquo;Membership terms","og_url":"https:\/\/mdsu.se\/medlemskap\/medlemsvillkor\/","og_site_name":"M\u00e4lardalens studentk\u00e5r","article_publisher":"https:\/\/www.facebook.com\/malardalens.studentkar","article_modified_time":"2023-11-25T16:50:06+00:00","twitter_card":"summary_large_image","twitter_misc":{"Est. reading time":"3 minutes"},"schema":{"@context":"https:\/\/schema.org","@graph":[{"@type":"WebPage","@id":"https:\/\/mdsu.se\/medlemskap\/medlemsvillkor\/","url":"https:\/\/mdsu.se\/medlemskap\/medlemsvillkor\/","name":"Membership terms - M\u00e4lardalens studentk\u00e5r","isPartOf":{"@id":"https:\/\/mdsu.se\/#website"},"datePublished":"2021-06-29T08:18:58+00:00","dateModified":"2023-11-25T16:50:06+00:00","breadcrumb":{"@id":"https:\/\/mdsu.se\/medlemskap\/medlemsvillkor\/#breadcrumb"},"inLanguage":"en-US","potentialAction":[{"@type":"ReadAction","target":["https:\/\/mdsu.se\/medlemskap\/medlemsvillkor\/"]}]},{"@type":"BreadcrumbList","@id":"https:\/\/mdsu.se\/medlemskap\/medlemsvillkor\/#breadcrumb","itemListElement":[{"@type":"ListItem","position":1,"name":"Hem","item":"https:\/\/mdsu.se\/"},{"@type":"ListItem","position":2,"name":"Membership","item":"https:\/\/mdsu.se\/medlemskap\/"},{"@type":"ListItem","position":3,"name":"Membership terms"}]},{"@type":"WebSite","@id":"https:\/\/mdsu.se\/#website","url":"https:\/\/mdsu.se\/","name":"M\u00e4lardalens studentk\u00e5r","description":"Den officiella studentk\u00e5ren vid M\u00e4lardalens h\u00f6gskola (MDH)","publisher":{"@id":"https:\/\/mdsu.se\/#organization"},"potentialAction":[{"@type":"SearchAction","target":{"@type":"EntryPoint","urlTemplate":"https:\/\/mdsu.se\/?s={search_term_string}"},"query-input":"required name=search_term_string"}],"inLanguage":"en-US"},{"@type":"Organization","@id":"https:\/\/mdsu.se\/#organization","name":"M\u00e4lardalens Studentk\u00e5r","url":"https:\/\/mdsu.se\/","logo":{"@type":"ImageObject","inLanguage":"en-US","@id":"https:\/\/mdsu.se\/#\/schema\/logo\/image\/","url":"https:\/\/mdsu.se\/wp-content\/uploads\/2019\/06\/Rektangel-standard.png","contentUrl":"https:\/\/mdsu.se\/wp-content\/uploads\/2019\/06\/Rektangel-standard.png","width":1397,"height":262,"caption":"M\u00e4lardalens Studentk\u00e5r"},"image":{"@id":"https:\/\/mdsu.se\/#\/schema\/logo\/image\/"},"sameAs":["https:\/\/www.facebook.com\/malardalens.studentkar","https:\/\/www.instagram.com\/malardalensstudentkar\/"]}]}},"_links":{"self":[{"href":"https:\/\/mdsu.se\/en\/wp-json\/wp\/v2\/pages\/14644"}],"collection":[{"href":"https:\/\/mdsu.se\/en\/wp-json\/wp\/v2\/pages"}],"about":[{"href":"https:\/\/mdsu.se\/en\/wp-json\/wp\/v2\/types\/page"}],"author":[{"embeddable":true,"href":"https:\/\/mdsu.se\/en\/wp-json\/wp\/v2\/users\/9"}],"replies":[{"embeddable":true,"href":"https:\/\/mdsu.se\/en\/wp-json\/wp\/v2\/comments?post=14644"}],"version-history":[{"count":8,"href":"https:\/\/mdsu.se\/en\/wp-json\/wp\/v2\/pages\/14644\/revisions"}],"predecessor-version":[{"id":20096,"href":"https:\/\/mdsu.se\/en\/wp-json\/wp\/v2\/pages\/14644\/revisions\/20096"}],"up":[{"embeddable":true,"href":"https:\/\/mdsu.se\/en\/wp-json\/wp\/v2\/pages\/19523"}],"wp:attachment":[{"href":"https:\/\/mdsu.se\/en\/wp-json\/wp\/v2\/media?parent=14644"}],"curies":[{"name":"wp","href":"https:\/\/api.w.org\/{rel}","templated":true}]}}