{"id":12708,"date":"2020-09-16T11:05:20","date_gmt":"2020-09-16T09:05:20","guid":{"rendered":"https:\/\/mdsu.se\/?page_id=12708"},"modified":"2026-01-12T14:14:42","modified_gmt":"2026-01-12T13:14:42","slug":"student-life","status":"publish","type":"page","link":"https:\/\/mdsu.se\/en\/student\/student-life\/","title":{"rendered":"Student life"},"content":{"rendered":"<div class=\"wpb-content-wrapper\"><p>[vc_row][vc_column css=&#8221;.vc_custom_1689618109737{padding-right: 15px !important;padding-left: 15px !important;background-color: #ffffff !important;}&#8221;][vc_single_image image=&#8221;21438&#8243; img_size=&#8221;1920&#215;500&#8243; alignment=&#8221;center&#8221; style=&#8221;vc_box_rounded&#8221; css=&#8221;.vc_custom_1733830654065{margin-top: -20px !important;}&#8221;][vc_row_inner][vc_column_inner width=&#8221;1\/5&#8243;][vc_btn title=&#8221;New student&#8221; style=&#8221;custom&#8221; custom_background=&#8221;#15b9ed&#8221; custom_text=&#8221;#ffffff&#8221; size=&#8221;lg&#8221; align=&#8221;center&#8221; button_block=&#8221;true&#8221; link=&#8221;url:https%3A%2F%2Fmdsu.se%2Fen%2Fstudent%2Fnew-student%2F|title:New%20student&#8221;][\/vc_column_inner][vc_column_inner width=&#8221;1\/5&#8243;][vc_btn title=&#8221;Associations in Eskilstuna&#8221; style=&#8221;custom&#8221; custom_background=&#8221;#15b9ed&#8221; custom_text=&#8221;#ffffff&#8221; size=&#8221;lg&#8221; align=&#8221;center&#8221; button_block=&#8221;true&#8221; link=&#8221;url:https%3A%2F%2Fmdsu.se%2Fen%2Fstudent%2Fstudent-life%2Fassociations-eskilstuna%2F|title:Associations%20in%20Eskilstuna&#8221;][\/vc_column_inner][vc_column_inner width=&#8221;1\/5&#8243;][vc_btn title=&#8221;Associations in V\u00e4ster\u00e5s&#8221; style=&#8221;custom&#8221; custom_background=&#8221;#15b9ed&#8221; custom_text=&#8221;#ffffff&#8221; size=&#8221;lg&#8221; align=&#8221;center&#8221; button_block=&#8221;true&#8221; link=&#8221;url:https%3A%2F%2Fmdsu.se%2Fen%2Fstudent%2Fstudent-life%2Fassociations-vasteras%2F|title:Associations%20in%20V%C3%A4ster%C3%A5s&#8221;][\/vc_column_inner][vc_column_inner width=&#8221;1\/5&#8243;][vc_btn title=&#8221;Member discounts&#8221; style=&#8221;custom&#8221; custom_background=&#8221;#15b9ed&#8221; custom_text=&#8221;#ffffff&#8221; size=&#8221;lg&#8221; align=&#8221;center&#8221; button_block=&#8221;true&#8221; link=&#8221;url:https%3A%2F%2Fmdsu.se%2Fen%2Fmembership%2Fmember-discounts%2F|title:Member%20discounts&#8221;][\/vc_column_inner][vc_column_inner width=&#8221;1\/5&#8243;][vc_btn title=&#8221;Student in Skellefte\u00e5&#8221; style=&#8221;custom&#8221; custom_background=&#8221;#15b9ed&#8221; custom_text=&#8221;#ffffff&#8221; size=&#8221;lg&#8221; align=&#8221;center&#8221; button_block=&#8221;true&#8221; link=&#8221;url:https%3A%2F%2Fnollep.studentforeningen.se%2F|title:Student%20in%20Skellefte%C3%A5|target:_blank&#8221;][\/vc_column_inner][\/vc_row_inner][vc_row_inner][vc_column_inner][vc_column_text]<\/p>\n<h2>Student culture at MDU<\/h2>\n<p>Here you can find information that may be useful for your student life at M\u00e4lardalen University.[\/vc_column_text][vc_column_text]<\/p>\n<h2>Rookieperiod<\/h2>\n<p>The rookieperiod is the first weeks of each semester, where the line associations together with MDSU and MDU welcomes the new students.<\/p>\n<p>Here you can read the <a href=\"https:\/\/mdsu.se\/wp-content\/uploads\/2026\/01\/Rookie-policy-.pdf\">Rookiepolicy\u00a0 <\/a>(Scroll down the document for English version).<\/p>\n<p><a href=\"https:\/\/www.mdu.se\/en\/malardalen-university\/student\/during-your-studies\/the-welcoming\">The welcoming <\/a>is the beginning of the Rookieperiod on the 29th of August time: 13.00 at campus V\u00e4ster\u00e5s.[\/vc_column_text][\/vc_column_inner][\/vc_row_inner][vc_row_inner][vc_column_inner width=&#8221;1\/3&#8243;][vc_column_text]<\/p>\n<h2>Student terms<\/h2>\n<p style=\"text-align: left;\">Here you will find some terms that are relevant for your time as a student at M\u00e4lardalen university.<\/p>\n<p>[\/vc_column_text][vc_toggle title=&#8221;Ovve&#8221; style=&#8221;arrow&#8221;]<\/p>\n<p style=\"text-align: left;\">The ovve (student overalls) is a symbol for the student life. It follows along on events and parties \u201cabroad\u201d. The ovve\u00a0must not be machine washed, but carries with it all your good and not so good memories. The only way to wash the ovve is to wear it while bathing or showering. A lot of students collect different patches that show what adventures they\u2019ve been on.<\/p>\n<p>[\/vc_toggle][vc_toggle title=&#8221;Rookie symbols&#8221; style=&#8221;arrow&#8221;]<\/p>\n<p style=\"text-align: left;\">During the rookie period (introduction weeks) all new students wear a symbol that show which educational program they belong to.\u00a0This makes it easier to recognize new students, and for <a href=\"https:\/\/en.wikipedia.org\/wiki\/Mentorship\">faddrar<\/a> (<em>older students that act as mentors<\/em>) to more easily ensure that all new students get the best possible start.<\/p>\n<p>[\/vc_toggle][vc_toggle title=&#8221;Lambo&#8221; style=&#8221;arrow&#8221;]Lambo is a drinking game where students call up another student to drink their drink to a song. The song continues as long as the student drink their drink. The game is voluntary and works as a fun thing in teams of good friends.[\/vc_toggle][vc_toggle title=&#8221;Mascots&#8221; style=&#8221;arrow&#8221;]<\/p>\n<div>Each program association has a mascot. It often reflects the approach and culture within the association. During the rookie period, rookies are usually challenged to steal mascots from other program associations. If a rookie succeeds, the program association from which the mascot was stolen usually performs a <a href=\"https:\/\/en.wikipedia.org\/wiki\/Spex_(theatre)\">spex<\/a> to get it back.<\/div>\n<div><em>Sexm\u00e4steriet has a mascot called Nubbe, who is not up for grabs.<\/em><\/div>\n<p>[\/vc_toggle][vc_toggle title=&#8221;Sitting&#8221; style=&#8221;arrow&#8221;]<\/p>\n<div style=\"text-align: justify;\">There are sittings that are both formal and casual. The casual sittings allow you to wear your ovve and the food is often simple, the formal sittings usually require suit and is a fine dining.<\/div>\n<p>[\/vc_toggle][vc_toggle title=&#8221;Abroad party&#8221; style=&#8221;arrow&#8221;]<\/p>\n<div style=\"text-align: justify;\">Even though it\u2019s called an abroad party, it\u2019s not always abroad. Most of the time it means that it is in another city, for example Absolut Gotland and Syndafloden. At M\u00e4lardalen university the Eskilstuna Winter Games is arranged, and students from other cities travel here to join.<\/div>\n<p>[\/vc_toggle][\/vc_column_inner][vc_column_inner width=&#8221;1\/3&#8243;][vc_column_text]<\/p>\n<h2>Drinking games<\/h2>\n<div style=\"text-align: left;\">Here you can read about popular drinking games and their rules. You can always join even if you don\u2019t drink alcohol.<\/div>\n<p>[\/vc_column_text][vc_toggle title=&#8221;Beerpong&#8221; style=&#8221;arrow&#8221;]6 steady cups are placed in a triangular shape and are filled with optional liquid. You can play with one or two ping-pong balls per team. To settle who will start you play a round of rock paper siccors and the winner decides who will start.<\/p>\n<p>When you throw the ball, either your hand or your elbow (depending on the size of the table) is not allowed to go passed the tables edge. From that the ball has touched the cup and until the ball has touched the liquid, you are allowed to blow in the cup to get the ball out. If you bounce the ball on the table before it hits the opposite players cup, you get points for two cups. BUT the other player is allowed to hit away the ball after the first bounce.<\/p>\n<p>If you play with two balls and they both go into the same cup you also get point for two cups, plus you get to throw the balls again.<\/p>\n<p>Depending on the table you can descide what to do with balls that roll back on the table. Usually if it does, and you are able to catch it before the other player you can throw the ball again with a trickshot, which is some sort of throw where you stile and make it harder for yourself. For example: throw under your leg, behind your back or bounce it against the wall. If you hit with a trickshot you get points for two cups.<\/p>\n<p>If the player who started throwing wins (hits the last cup) the other player is allowed to play again since you both will have to play the same amount of rounds for it to count as a win. If the other player also hits your last cup, you will continue until someone wins the last round![\/vc_toggle][vc_toggle title=&#8221;Caps&#8221; style=&#8221;arrow&#8221;]Get bottle caps without foil, big glasses, a lot of drinks of your own choise and a bunch of friends. Sit down in a circle with a legs width apart from the glasses that are standing in a circle in the middle. Every player fills one glass with their choise of drink. There is also one glass in the middle with a bit of everyones drink in.<\/p>\n<p>The game is played like so that every player sits with their legs crossed and a bottle cap in their hand. The goal is to throw the cap in a optional glass. If you hit, the owner of the glass answeres with a return throw, if they miss they will drink and empty their glass.[\/vc_toggle][vc_toggle title=&#8221;Gas gas&#8221; style=&#8221;arrow&#8221;]Get a drink of your chosing, big plastic glasses, two ping-pong-balls and a bunch of friends. Fill all but two glasses with drinks and put them randomly across the table. All participants stand around the table. Two people on the opposite sides of the table start with one ping-pong-ball each and an empty glass.<\/p>\n<p>You are going to try to bounce the ping-pong-ball once on the table and then in the glass. If you get it in the glass on the first try you can send your glass to whoever you want. If you miss on the first try, you send the glass to the person on your left once you succeed to hit. If you were to hit one of the glasses on the table with drinks in them you need to finish that drink before you continue the game. Your goal is to set your empty glass in the other empty glass and this can only happen if the person on your left has the other empty glass. If someone puts their empty glass in your empty glass you need to quickly take one drink from the table and finish it. After that you continue with that empty glass and the other stack of glasses goes to the person across the table. Don\u2019t forget to play the song Gas Gas by Goran Bregovic while playing![\/vc_toggle][vc_toggle title=&#8221;Treman&#8221; style=&#8221;arrow&#8221;]Step 1: Make sure to get some amount of drinks, anything works.<\/p>\n<p>Step 2: Find someone who knows the game and join. Good luck learning.[\/vc_toggle][vc_toggle title=&#8221;Fia med punsch&#8221; style=&#8221;arrow&#8221;]Get a game of Ludo (the bigger the funnier). Change the game tokens to shotglasses or small glasses that fit on the board. Decide who goes first. Follow the rules of Ludo, but you drink what\u2019s in your glass when you get pushed or if you finish with the token. Tokens that go to start are filled up again and join the game when the opportunity comes. The game is over when all drinks are empty.[\/vc_toggle][\/vc_column_inner][vc_column_inner width=&#8221;1\/3&#8243;][vc_column_text]<\/p>\n<h2>Song book<\/h2>\n<div style=\"text-align: left;\">Press the book to find our digital song book! There you will find all programme associations songs and popular student songs. In Swedish.<\/div>\n<p>[\/vc_column_text][vc_single_image image=&#8221;18447&#8243; img_size=&#8221;large&#8221; alignment=&#8221;center&#8221; onclick=&#8221;custom_link&#8221; link=&#8221;https:\/\/mdsu.se\/sangbok&#8221;][\/vc_column_inner][\/vc_row_inner][vc_row_inner][vc_column_inner][vc_column_text]<\/p>\n<h1>Ovve rules at MDU<\/h1>\n<p>The student overalls are the student&#8217;s best friend and a natural part of your student life. It is present at every student event and other students can easily recognize what you are studying or where you are from. Ovvar can be found at most universities in Sweden and MDU is no exception. Below you can read about general rules when it comes to the ovve and changing parts on the ovve at M\u00e4lardalen University.[\/vc_column_text][\/vc_column_inner][\/vc_row_inner][vc_single_image image=&#8221;18463&#8243; img_size=&#8221;large&#8221; alignment=&#8221;center&#8221;][vc_row_inner][vc_column_inner width=&#8221;1\/2&#8243;][vc_column_text]<\/p>\n<h2>General rules<\/h2>\n<ul>\n<li>Don\u2019t wash your ovve. You are only allowed to clean it if you wear it, for example when you swim.<\/li>\n<li>Place your programme patch close to your heart.<\/li>\n<li>Wear your ovve down, but only after your initiation (Eskilstuna)<\/li>\n<\/ul>\n<p><em>Tip: Tie or sew your ovve arms to create big pockets.<\/em><\/p>\n<h3><span style=\"color: #777777; font-family: 'Open Sans', Helvetica, Arial, sans-serif; font-size: 13px;\">[\/vc_column_text][vc_column_text]Every programme has it\u2019s own rules for other stuff like placement of your name, so make sure to check with your programme association for more rules![\/vc_column_text][\/vc_column_inner][vc_column_inner width=&#8221;1\/2&#8243;][vc_column_text]<\/span><\/h3>\n<h2>Changing ovve parts<\/h2>\n<ul>\n<li>Pockets are changed between friends.<\/li>\n<li>Sleeves are changed with someone you have mixed bodily fluids with.<\/li>\n<li>Part of the right leg is changed with someone you have had sexual intercourse with.<\/li>\n<li>Part of the left leg is changed with your partner.<\/li>\n<li>The collar is changed with your steady parter (if you live together or are engaged).<\/li>\n<li>If you change programme you split the ovve in half.<\/li>\n<\/ul>\n<p>[\/vc_column_text][\/vc_column_inner][\/vc_row_inner][vc_row_inner][vc_column_inner width=&#8221;1\/3&#8243;][vc_single_image image=&#8221;18473&#8243; img_size=&#8221;medium&#8221; alignment=&#8221;center&#8221; style=&#8221;vc_box_rounded&#8221;][\/vc_column_inner][vc_column_inner width=&#8221;1\/3&#8243;][vc_single_image image=&#8221;18468&#8243; img_size=&#8221;medium&#8221; alignment=&#8221;center&#8221; style=&#8221;vc_box_rounded&#8221;][\/vc_column_inner][vc_column_inner width=&#8221;1\/3&#8243;][vc_single_image image=&#8221;18470&#8243; img_size=&#8221;medium&#8221; alignment=&#8221;center&#8221; style=&#8221;vc_box_rounded&#8221;][\/vc_column_inner][\/vc_row_inner][\/vc_column][\/vc_row][vc_row height=&#8221;30px&#8221;][vc_column][vc_empty_space height=&#8221;30px&#8221;][\/vc_column][\/vc_row]<\/p>\n<\/div>","protected":false},"excerpt":{"rendered":"<p>[vc_row][vc_column css=&#8221;.vc_custom_1689618109737{padding-right: 15px !important;padding-left: 15px !important;background-color: #ffffff !important;}&#8221;][vc_single_image image=&#8221;21438&#8243; img_size=&#8221;1920&#215;500&#8243; alignment=&#8221;center&#8221; style=&#8221;vc_box_rounded&#8221; css=&#8221;.vc_custom_1733830654065{margin-top: -20px !important;}&#8221;][vc_row_inner][vc_column_inner width=&#8221;1\/5&#8243;][vc_btn title=&#8221;New student&#8221; style=&#8221;custom&#8221; custom_background=&#8221;#15b9ed&#8221; custom_text=&#8221;#ffffff&#8221; size=&#8221;lg&#8221; align=&#8221;center&#8221; button_block=&#8221;true&#8221; link=&#8221;url:https%3A%2F%2Fmdsu.se%2Fen%2Fstudent%2Fnew-student%2F|title:New%20student&#8221;][\/vc_column_inner][vc_column_inner width=&#8221;1\/5&#8243;][vc_btn title=&#8221;Associations in Eskilstuna&#8221; style=&#8221;custom&#8221;&hellip;&nbsp;<a href=\"https:\/\/mdsu.se\/en\/student\/student-life\/\" class=\"\" rel=\"bookmark\">Read More &raquo;<span class=\"screen-reader-text\">Student life<\/span><\/a><\/p>\n","protected":false},"author":9,"featured_media":0,"parent":18873,"menu_order":0,"comment_status":"closed","ping_status":"closed","template":"","meta":{"neve_meta_sidebar":"","neve_meta_container":"","neve_meta_enable_content_width":"off","neve_meta_content_width":100,"neve_meta_title_alignment":"","neve_meta_author_avatar":"","neve_post_elements_order":"","neve_meta_disable_header":"","neve_meta_disable_footer":"","neve_meta_disable_title":"","_EventAllDay":false,"_EventTimezone":"","_EventStartDate":"","_EventEndDate":"","_EventStartDateUTC":"","_EventEndDateUTC":"","_EventShowMap":false,"_EventShowMapLink":false,"_EventURL":"","_EventCost":"","_EventCostDescription":"","_EventCurrencySymbol":"","_EventCurrencyCode":"","_EventCurrencyPosition":"","_EventDateTimeSeparator":"","_EventTimeRangeSeparator":"","_EventOrganizerID":[],"_EventVenueID":[],"_OrganizerEmail":"","_OrganizerPhone":"","_OrganizerWebsite":"","_VenueAddress":"","_VenueCity":"","_VenueCountry":"","_VenueProvince":"","_VenueState":"","_VenueZip":"","_VenuePhone":"","_VenueURL":"","_VenueStateProvince":"","_VenueLat":"","_VenueLng":"","_VenueShowMap":false,"_VenueShowMapLink":false,"footnotes":""},"yoast_head":"<!-- This site is optimized with the Yoast SEO plugin v21.6 - https:\/\/yoast.com\/wordpress\/plugins\/seo\/ -->\n<title>Student life - M\u00e4lardalens studentk\u00e5r<\/title>\n<meta name=\"robots\" content=\"index, follow, max-snippet:-1, max-image-preview:large, max-video-preview:-1\" \/>\n<link rel=\"canonical\" href=\"https:\/\/mdsu.se\/en\/student\/student-life\/\" \/>\n<meta property=\"og:locale\" content=\"en_US\" \/>\n<meta property=\"og:type\" content=\"article\" \/>\n<meta property=\"og:title\" content=\"Student life - M\u00e4lardalens studentk\u00e5r\" \/>\n<meta property=\"og:description\" content=\"[vc_row][vc_column css=&#8221;.vc_custom_1689618109737{padding-right: 15px !important;padding-left: 15px !important;background-color: #ffffff !important;}&#8221;][vc_single_image image=&#8221;21438&#8243; img_size=&#8221;1920&#215;500&#8243; alignment=&#8221;center&#8221; style=&#8221;vc_box_rounded&#8221; css=&#8221;.vc_custom_1733830654065{margin-top: -20px !important;}&#8221;][vc_row_inner][vc_column_inner width=&#8221;1\/5&#8243;][vc_btn title=&#8221;New student&#8221; style=&#8221;custom&#8221; custom_background=&#8221;#15b9ed&#8221; custom_text=&#8221;#ffffff&#8221; size=&#8221;lg&#8221; align=&#8221;center&#8221; button_block=&#8221;true&#8221; link=&#8221;url:https%3A%2F%2Fmdsu.se%2Fen%2Fstudent%2Fnew-student%2F|title:New%20student&#8221;][\/vc_column_inner][vc_column_inner width=&#8221;1\/5&#8243;][vc_btn title=&#8221;Associations in Eskilstuna&#8221; style=&#8221;custom&#8221;&hellip;&nbsp;Read More &raquo;Student life\" \/>\n<meta property=\"og:url\" content=\"https:\/\/mdsu.se\/en\/student\/student-life\/\" \/>\n<meta property=\"og:site_name\" content=\"M\u00e4lardalens studentk\u00e5r\" \/>\n<meta property=\"article:publisher\" content=\"https:\/\/www.facebook.com\/malardalens.studentkar\" \/>\n<meta property=\"article:modified_time\" content=\"2026-01-12T13:14:42+00:00\" \/>\n<meta name=\"twitter:card\" content=\"summary_large_image\" \/>\n<meta name=\"twitter:label1\" content=\"Est. reading time\" \/>\n\t<meta name=\"twitter:data1\" content=\"7 minutes\" \/>\n<script type=\"application\/ld+json\" class=\"yoast-schema-graph\">{\"@context\":\"https:\/\/schema.org\",\"@graph\":[{\"@type\":\"WebPage\",\"@id\":\"https:\/\/mdsu.se\/en\/student\/student-life\/\",\"url\":\"https:\/\/mdsu.se\/en\/student\/student-life\/\",\"name\":\"Student life - M\u00e4lardalens studentk\u00e5r\",\"isPartOf\":{\"@id\":\"https:\/\/mdsu.se\/#website\"},\"datePublished\":\"2020-09-16T09:05:20+00:00\",\"dateModified\":\"2026-01-12T13:14:42+00:00\",\"breadcrumb\":{\"@id\":\"https:\/\/mdsu.se\/en\/student\/student-life\/#breadcrumb\"},\"inLanguage\":\"en-US\",\"potentialAction\":[{\"@type\":\"ReadAction\",\"target\":[\"https:\/\/mdsu.se\/en\/student\/student-life\/\"]}]},{\"@type\":\"BreadcrumbList\",\"@id\":\"https:\/\/mdsu.se\/en\/student\/student-life\/#breadcrumb\",\"itemListElement\":[{\"@type\":\"ListItem\",\"position\":1,\"name\":\"Hem\",\"item\":\"https:\/\/mdsu.se\/\"},{\"@type\":\"ListItem\",\"position\":2,\"name\":\"Student\",\"item\":\"https:\/\/mdsu.se\/en\/student\/\"},{\"@type\":\"ListItem\",\"position\":3,\"name\":\"Student life\"}]},{\"@type\":\"WebSite\",\"@id\":\"https:\/\/mdsu.se\/#website\",\"url\":\"https:\/\/mdsu.se\/\",\"name\":\"M\u00e4lardalens studentk\u00e5r\",\"description\":\"Den officiella studentk\u00e5ren vid M\u00e4lardalens h\u00f6gskola (MDH)\",\"publisher\":{\"@id\":\"https:\/\/mdsu.se\/#organization\"},\"potentialAction\":[{\"@type\":\"SearchAction\",\"target\":{\"@type\":\"EntryPoint\",\"urlTemplate\":\"https:\/\/mdsu.se\/?s={search_term_string}\"},\"query-input\":\"required name=search_term_string\"}],\"inLanguage\":\"en-US\"},{\"@type\":\"Organization\",\"@id\":\"https:\/\/mdsu.se\/#organization\",\"name\":\"M\u00e4lardalens Studentk\u00e5r\",\"url\":\"https:\/\/mdsu.se\/\",\"logo\":{\"@type\":\"ImageObject\",\"inLanguage\":\"en-US\",\"@id\":\"https:\/\/mdsu.se\/#\/schema\/logo\/image\/\",\"url\":\"https:\/\/mdsu.se\/wp-content\/uploads\/2019\/06\/Rektangel-standard.png\",\"contentUrl\":\"https:\/\/mdsu.se\/wp-content\/uploads\/2019\/06\/Rektangel-standard.png\",\"width\":1397,\"height\":262,\"caption\":\"M\u00e4lardalens Studentk\u00e5r\"},\"image\":{\"@id\":\"https:\/\/mdsu.se\/#\/schema\/logo\/image\/\"},\"sameAs\":[\"https:\/\/www.facebook.com\/malardalens.studentkar\",\"https:\/\/www.instagram.com\/malardalensstudentkar\/\"]}]}<\/script>\n<!-- \/ Yoast SEO plugin. -->","yoast_head_json":{"title":"Student life - M\u00e4lardalens studentk\u00e5r","robots":{"index":"index","follow":"follow","max-snippet":"max-snippet:-1","max-image-preview":"max-image-preview:large","max-video-preview":"max-video-preview:-1"},"canonical":"https:\/\/mdsu.se\/en\/student\/student-life\/","og_locale":"en_US","og_type":"article","og_title":"Student life - M\u00e4lardalens studentk\u00e5r","og_description":"[vc_row][vc_column css=&#8221;.vc_custom_1689618109737{padding-right: 15px !important;padding-left: 15px !important;background-color: #ffffff !important;}&#8221;][vc_single_image image=&#8221;21438&#8243; img_size=&#8221;1920&#215;500&#8243; alignment=&#8221;center&#8221; style=&#8221;vc_box_rounded&#8221; css=&#8221;.vc_custom_1733830654065{margin-top: -20px !important;}&#8221;][vc_row_inner][vc_column_inner width=&#8221;1\/5&#8243;][vc_btn title=&#8221;New student&#8221; style=&#8221;custom&#8221; custom_background=&#8221;#15b9ed&#8221; custom_text=&#8221;#ffffff&#8221; size=&#8221;lg&#8221; align=&#8221;center&#8221; button_block=&#8221;true&#8221; link=&#8221;url:https%3A%2F%2Fmdsu.se%2Fen%2Fstudent%2Fnew-student%2F|title:New%20student&#8221;][\/vc_column_inner][vc_column_inner width=&#8221;1\/5&#8243;][vc_btn title=&#8221;Associations in Eskilstuna&#8221; style=&#8221;custom&#8221;&hellip;&nbsp;Read More &raquo;Student life","og_url":"https:\/\/mdsu.se\/en\/student\/student-life\/","og_site_name":"M\u00e4lardalens studentk\u00e5r","article_publisher":"https:\/\/www.facebook.com\/malardalens.studentkar","article_modified_time":"2026-01-12T13:14:42+00:00","twitter_card":"summary_large_image","twitter_misc":{"Est. reading time":"7 minutes"},"schema":{"@context":"https:\/\/schema.org","@graph":[{"@type":"WebPage","@id":"https:\/\/mdsu.se\/en\/student\/student-life\/","url":"https:\/\/mdsu.se\/en\/student\/student-life\/","name":"Student life - M\u00e4lardalens studentk\u00e5r","isPartOf":{"@id":"https:\/\/mdsu.se\/#website"},"datePublished":"2020-09-16T09:05:20+00:00","dateModified":"2026-01-12T13:14:42+00:00","breadcrumb":{"@id":"https:\/\/mdsu.se\/en\/student\/student-life\/#breadcrumb"},"inLanguage":"en-US","potentialAction":[{"@type":"ReadAction","target":["https:\/\/mdsu.se\/en\/student\/student-life\/"]}]},{"@type":"BreadcrumbList","@id":"https:\/\/mdsu.se\/en\/student\/student-life\/#breadcrumb","itemListElement":[{"@type":"ListItem","position":1,"name":"Hem","item":"https:\/\/mdsu.se\/"},{"@type":"ListItem","position":2,"name":"Student","item":"https:\/\/mdsu.se\/en\/student\/"},{"@type":"ListItem","position":3,"name":"Student life"}]},{"@type":"WebSite","@id":"https:\/\/mdsu.se\/#website","url":"https:\/\/mdsu.se\/","name":"M\u00e4lardalens studentk\u00e5r","description":"Den officiella studentk\u00e5ren vid M\u00e4lardalens h\u00f6gskola (MDH)","publisher":{"@id":"https:\/\/mdsu.se\/#organization"},"potentialAction":[{"@type":"SearchAction","target":{"@type":"EntryPoint","urlTemplate":"https:\/\/mdsu.se\/?s={search_term_string}"},"query-input":"required name=search_term_string"}],"inLanguage":"en-US"},{"@type":"Organization","@id":"https:\/\/mdsu.se\/#organization","name":"M\u00e4lardalens Studentk\u00e5r","url":"https:\/\/mdsu.se\/","logo":{"@type":"ImageObject","inLanguage":"en-US","@id":"https:\/\/mdsu.se\/#\/schema\/logo\/image\/","url":"https:\/\/mdsu.se\/wp-content\/uploads\/2019\/06\/Rektangel-standard.png","contentUrl":"https:\/\/mdsu.se\/wp-content\/uploads\/2019\/06\/Rektangel-standard.png","width":1397,"height":262,"caption":"M\u00e4lardalens Studentk\u00e5r"},"image":{"@id":"https:\/\/mdsu.se\/#\/schema\/logo\/image\/"},"sameAs":["https:\/\/www.facebook.com\/malardalens.studentkar","https:\/\/www.instagram.com\/malardalensstudentkar\/"]}]}},"_links":{"self":[{"href":"https:\/\/mdsu.se\/en\/wp-json\/wp\/v2\/pages\/12708"}],"collection":[{"href":"https:\/\/mdsu.se\/en\/wp-json\/wp\/v2\/pages"}],"about":[{"href":"https:\/\/mdsu.se\/en\/wp-json\/wp\/v2\/types\/page"}],"author":[{"embeddable":true,"href":"https:\/\/mdsu.se\/en\/wp-json\/wp\/v2\/users\/9"}],"replies":[{"embeddable":true,"href":"https:\/\/mdsu.se\/en\/wp-json\/wp\/v2\/comments?post=12708"}],"version-history":[{"count":58,"href":"https:\/\/mdsu.se\/en\/wp-json\/wp\/v2\/pages\/12708\/revisions"}],"predecessor-version":[{"id":22766,"href":"https:\/\/mdsu.se\/en\/wp-json\/wp\/v2\/pages\/12708\/revisions\/22766"}],"up":[{"embeddable":true,"href":"https:\/\/mdsu.se\/en\/wp-json\/wp\/v2\/pages\/18873"}],"wp:attachment":[{"href":"https:\/\/mdsu.se\/en\/wp-json\/wp\/v2\/media?parent=12708"}],"curies":[{"name":"wp","href":"https:\/\/api.w.org\/{rel}","templated":true}]}}