{"id":12545,"date":"2020-09-07T16:36:31","date_gmt":"2020-09-07T14:36:31","guid":{"rendered":"https:\/\/mdsu.se\/?page_id=12545"},"modified":"2023-08-01T11:16:15","modified_gmt":"2023-08-01T09:16:15","slug":"become-a-student-representant","status":"publish","type":"page","link":"https:\/\/mdsu.se\/en\/student\/your-education\/student-influence\/become-a-student-representant\/","title":{"rendered":"Become a student representative"},"content":{"rendered":"<div class=\"wpb-content-wrapper\"><p>[vc_row][vc_column width=&#8221;2\/3&#8243;][vc_column_text]<\/p>\n<div style=\"text-align: justify;\">\n<p>Site under construction<\/p>\n<p>Below you can fill in the information needed for you to be able to sit as a student representative in one of the councils or boards at the university. The student influence manager will contact you to schedule an interview as soon as possible.<\/p>\n<\/div>\n<div style=\"text-align: justify;\"><\/div>\n<p>[\/vc_column_text][\/vc_column][vc_column width=&#8221;1\/3&#8243;][vc_single_image image=&#8221;16586&#8243; img_size=&#8221;medium&#8221; alignment=&#8221;center&#8221; style=&#8221;vc_box_rounded&#8221;][vc_column_text]<\/p>\n<p style=\"text-align: center;\"><strong><a href=\"https:\/\/mdsu.se\/wp-content\/uploads\/2023\/08\/Jiranan01-1.jpg\"><img loading=\"lazy\" decoding=\"async\" class=\"alignnone size-medium wp-image-19533\" src=\"https:\/\/mdsu.se\/wp-content\/uploads\/2023\/08\/Jiranan01-1-232x300.jpg\" alt=\"\" width=\"232\" height=\"300\" srcset=\"https:\/\/mdsu.se\/wp-content\/uploads\/2023\/08\/Jiranan01-1-232x300.jpg 232w, https:\/\/mdsu.se\/wp-content\/uploads\/2023\/08\/Jiranan01-1.jpg 728w\" sizes=\"(max-width: 232px) 100vw, 232px\" \/><\/a><\/strong><\/p>\n<p style=\"text-align: center;\"><strong>JIRANAN KHAMPHAI<br \/>\nHead of education<\/strong><br \/>\nPhone: 073-059 70 81<br \/>\nE-mail: <a href=\"mailto:utbildning@mdsu.se\">utbildning@mdsu.se<\/a><\/p>\n<p>[\/vc_column_text][\/vc_column][\/vc_row]<\/p>\n<\/div>","protected":false},"excerpt":{"rendered":"<p>[vc_row][vc_column width=&#8221;2\/3&#8243;][vc_column_text] Site under construction Below you can fill in the information needed for you to be able to sit as a student representative in one of the councils or&hellip;&nbsp;<a href=\"https:\/\/mdsu.se\/en\/student\/your-education\/student-influence\/become-a-student-representant\/\" class=\"\" rel=\"bookmark\">Read More &raquo;<span class=\"screen-reader-text\">Become a student representative<\/span><\/a><\/p>\n","protected":false},"author":9,"featured_media":0,"parent":12206,"menu_order":0,"comment_status":"closed","ping_status":"closed","template":"","meta":{"neve_meta_sidebar":"","neve_meta_container":"","neve_meta_enable_content_width":"","neve_meta_content_width":0,"neve_meta_title_alignment":"","neve_meta_author_avatar":"","neve_post_elements_order":"","neve_meta_disable_header":"","neve_meta_disable_footer":"","neve_meta_disable_title":"","_EventAllDay":false,"_EventTimezone":"","_EventStartDate":"","_EventEndDate":"","_EventStartDateUTC":"","_EventEndDateUTC":"","_EventShowMap":false,"_EventShowMapLink":false,"_EventURL":"","_EventCost":"","_EventCostDescription":"","_EventCurrencySymbol":"","_EventCurrencyCode":"","_EventCurrencyPosition":"","_EventDateTimeSeparator":"","_EventTimeRangeSeparator":"","_EventOrganizerID":[],"_EventVenueID":[],"_OrganizerEmail":"","_OrganizerPhone":"","_OrganizerWebsite":"","_VenueAddress":"","_VenueCity":"","_VenueCountry":"","_VenueProvince":"","_VenueState":"","_VenueZip":"","_VenuePhone":"","_VenueURL":"","_VenueStateProvince":"","_VenueLat":"","_VenueLng":"","_VenueShowMap":false,"_VenueShowMapLink":false,"footnotes":""},"yoast_head":"<!-- This site is optimized with the Yoast SEO plugin v21.6 - https:\/\/yoast.com\/wordpress\/plugins\/seo\/ -->\n<title>Become a student representative - M\u00e4lardalens studentk\u00e5r<\/title>\n<meta name=\"robots\" content=\"index, follow, max-snippet:-1, max-image-preview:large, max-video-preview:-1\" \/>\n<link rel=\"canonical\" href=\"https:\/\/mdsu.se\/student\/din-utbildning\/studentinflytande\/studentrepresentation-formular\/\" \/>\n<meta property=\"og:locale\" content=\"en_US\" \/>\n<meta property=\"og:type\" content=\"article\" \/>\n<meta property=\"og:title\" content=\"Become a student representative - M\u00e4lardalens studentk\u00e5r\" \/>\n<meta property=\"og:description\" content=\"[vc_row][vc_column width=&#8221;2\/3&#8243;][vc_column_text] Site under construction Below you can fill in the information needed for you to be able to sit as a student representative in one of the councils or&hellip;&nbsp;Read More &raquo;Become a student representative\" \/>\n<meta property=\"og:url\" content=\"https:\/\/mdsu.se\/student\/din-utbildning\/studentinflytande\/studentrepresentation-formular\/\" \/>\n<meta property=\"og:site_name\" content=\"M\u00e4lardalens studentk\u00e5r\" \/>\n<meta property=\"article:publisher\" content=\"https:\/\/www.facebook.com\/malardalens.studentkar\" \/>\n<meta property=\"article:modified_time\" content=\"2023-08-01T09:16:15+00:00\" \/>\n<meta property=\"og:image\" content=\"https:\/\/mdsu.se\/wp-content\/uploads\/2023\/08\/Jiranan01-1-232x300.jpg\" \/>\n<meta name=\"twitter:card\" content=\"summary_large_image\" \/>\n<script type=\"application\/ld+json\" class=\"yoast-schema-graph\">{\"@context\":\"https:\/\/schema.org\",\"@graph\":[{\"@type\":\"WebPage\",\"@id\":\"https:\/\/mdsu.se\/student\/din-utbildning\/studentinflytande\/studentrepresentation-formular\/\",\"url\":\"https:\/\/mdsu.se\/student\/din-utbildning\/studentinflytande\/studentrepresentation-formular\/\",\"name\":\"Become a student representative - M\u00e4lardalens studentk\u00e5r\",\"isPartOf\":{\"@id\":\"https:\/\/mdsu.se\/#website\"},\"datePublished\":\"2020-09-07T14:36:31+00:00\",\"dateModified\":\"2023-08-01T09:16:15+00:00\",\"breadcrumb\":{\"@id\":\"https:\/\/mdsu.se\/student\/din-utbildning\/studentinflytande\/studentrepresentation-formular\/#breadcrumb\"},\"inLanguage\":\"en-US\",\"potentialAction\":[{\"@type\":\"ReadAction\",\"target\":[\"https:\/\/mdsu.se\/student\/din-utbildning\/studentinflytande\/studentrepresentation-formular\/\"]}]},{\"@type\":\"BreadcrumbList\",\"@id\":\"https:\/\/mdsu.se\/student\/din-utbildning\/studentinflytande\/studentrepresentation-formular\/#breadcrumb\",\"itemListElement\":[{\"@type\":\"ListItem\",\"position\":1,\"name\":\"Hem\",\"item\":\"https:\/\/mdsu.se\/\"},{\"@type\":\"ListItem\",\"position\":2,\"name\":\"Student\",\"item\":\"https:\/\/mdsu.se\/en\/student\/\"},{\"@type\":\"ListItem\",\"position\":3,\"name\":\"Your Education\",\"item\":\"https:\/\/mdsu.se\/en\/student\/your-education\/\"},{\"@type\":\"ListItem\",\"position\":4,\"name\":\"Student Influence\",\"item\":\"https:\/\/mdsu.se\/student\/din-utbildning\/studentinflytande\/\"},{\"@type\":\"ListItem\",\"position\":5,\"name\":\"Become a student representative\"}]},{\"@type\":\"WebSite\",\"@id\":\"https:\/\/mdsu.se\/#website\",\"url\":\"https:\/\/mdsu.se\/\",\"name\":\"M\u00e4lardalens studentk\u00e5r\",\"description\":\"Den officiella studentk\u00e5ren vid M\u00e4lardalens h\u00f6gskola (MDH)\",\"publisher\":{\"@id\":\"https:\/\/mdsu.se\/#organization\"},\"potentialAction\":[{\"@type\":\"SearchAction\",\"target\":{\"@type\":\"EntryPoint\",\"urlTemplate\":\"https:\/\/mdsu.se\/?s={search_term_string}\"},\"query-input\":\"required name=search_term_string\"}],\"inLanguage\":\"en-US\"},{\"@type\":\"Organization\",\"@id\":\"https:\/\/mdsu.se\/#organization\",\"name\":\"M\u00e4lardalens Studentk\u00e5r\",\"url\":\"https:\/\/mdsu.se\/\",\"logo\":{\"@type\":\"ImageObject\",\"inLanguage\":\"en-US\",\"@id\":\"https:\/\/mdsu.se\/#\/schema\/logo\/image\/\",\"url\":\"https:\/\/mdsu.se\/wp-content\/uploads\/2019\/06\/Rektangel-standard.png\",\"contentUrl\":\"https:\/\/mdsu.se\/wp-content\/uploads\/2019\/06\/Rektangel-standard.png\",\"width\":1397,\"height\":262,\"caption\":\"M\u00e4lardalens Studentk\u00e5r\"},\"image\":{\"@id\":\"https:\/\/mdsu.se\/#\/schema\/logo\/image\/\"},\"sameAs\":[\"https:\/\/www.facebook.com\/malardalens.studentkar\",\"https:\/\/www.instagram.com\/malardalensstudentkar\/\"]}]}<\/script>\n<!-- \/ Yoast SEO plugin. -->","yoast_head_json":{"title":"Become a student representative - M\u00e4lardalens studentk\u00e5r","robots":{"index":"index","follow":"follow","max-snippet":"max-snippet:-1","max-image-preview":"max-image-preview:large","max-video-preview":"max-video-preview:-1"},"canonical":"https:\/\/mdsu.se\/student\/din-utbildning\/studentinflytande\/studentrepresentation-formular\/","og_locale":"en_US","og_type":"article","og_title":"Become a student representative - M\u00e4lardalens studentk\u00e5r","og_description":"[vc_row][vc_column width=&#8221;2\/3&#8243;][vc_column_text] Site under construction Below you can fill in the information needed for you to be able to sit as a student representative in one of the councils or&hellip;&nbsp;Read More &raquo;Become a student representative","og_url":"https:\/\/mdsu.se\/student\/din-utbildning\/studentinflytande\/studentrepresentation-formular\/","og_site_name":"M\u00e4lardalens studentk\u00e5r","article_publisher":"https:\/\/www.facebook.com\/malardalens.studentkar","article_modified_time":"2023-08-01T09:16:15+00:00","og_image":[{"url":"https:\/\/mdsu.se\/wp-content\/uploads\/2023\/08\/Jiranan01-1-232x300.jpg"}],"twitter_card":"summary_large_image","schema":{"@context":"https:\/\/schema.org","@graph":[{"@type":"WebPage","@id":"https:\/\/mdsu.se\/student\/din-utbildning\/studentinflytande\/studentrepresentation-formular\/","url":"https:\/\/mdsu.se\/student\/din-utbildning\/studentinflytande\/studentrepresentation-formular\/","name":"Become a student representative - M\u00e4lardalens studentk\u00e5r","isPartOf":{"@id":"https:\/\/mdsu.se\/#website"},"datePublished":"2020-09-07T14:36:31+00:00","dateModified":"2023-08-01T09:16:15+00:00","breadcrumb":{"@id":"https:\/\/mdsu.se\/student\/din-utbildning\/studentinflytande\/studentrepresentation-formular\/#breadcrumb"},"inLanguage":"en-US","potentialAction":[{"@type":"ReadAction","target":["https:\/\/mdsu.se\/student\/din-utbildning\/studentinflytande\/studentrepresentation-formular\/"]}]},{"@type":"BreadcrumbList","@id":"https:\/\/mdsu.se\/student\/din-utbildning\/studentinflytande\/studentrepresentation-formular\/#breadcrumb","itemListElement":[{"@type":"ListItem","position":1,"name":"Hem","item":"https:\/\/mdsu.se\/"},{"@type":"ListItem","position":2,"name":"Student","item":"https:\/\/mdsu.se\/en\/student\/"},{"@type":"ListItem","position":3,"name":"Your Education","item":"https:\/\/mdsu.se\/en\/student\/your-education\/"},{"@type":"ListItem","position":4,"name":"Student Influence","item":"https:\/\/mdsu.se\/student\/din-utbildning\/studentinflytande\/"},{"@type":"ListItem","position":5,"name":"Become a student representative"}]},{"@type":"WebSite","@id":"https:\/\/mdsu.se\/#website","url":"https:\/\/mdsu.se\/","name":"M\u00e4lardalens studentk\u00e5r","description":"Den officiella studentk\u00e5ren vid M\u00e4lardalens h\u00f6gskola (MDH)","publisher":{"@id":"https:\/\/mdsu.se\/#organization"},"potentialAction":[{"@type":"SearchAction","target":{"@type":"EntryPoint","urlTemplate":"https:\/\/mdsu.se\/?s={search_term_string}"},"query-input":"required name=search_term_string"}],"inLanguage":"en-US"},{"@type":"Organization","@id":"https:\/\/mdsu.se\/#organization","name":"M\u00e4lardalens Studentk\u00e5r","url":"https:\/\/mdsu.se\/","logo":{"@type":"ImageObject","inLanguage":"en-US","@id":"https:\/\/mdsu.se\/#\/schema\/logo\/image\/","url":"https:\/\/mdsu.se\/wp-content\/uploads\/2019\/06\/Rektangel-standard.png","contentUrl":"https:\/\/mdsu.se\/wp-content\/uploads\/2019\/06\/Rektangel-standard.png","width":1397,"height":262,"caption":"M\u00e4lardalens Studentk\u00e5r"},"image":{"@id":"https:\/\/mdsu.se\/#\/schema\/logo\/image\/"},"sameAs":["https:\/\/www.facebook.com\/malardalens.studentkar","https:\/\/www.instagram.com\/malardalensstudentkar\/"]}]}},"_links":{"self":[{"href":"https:\/\/mdsu.se\/en\/wp-json\/wp\/v2\/pages\/12545"}],"collection":[{"href":"https:\/\/mdsu.se\/en\/wp-json\/wp\/v2\/pages"}],"about":[{"href":"https:\/\/mdsu.se\/en\/wp-json\/wp\/v2\/types\/page"}],"author":[{"embeddable":true,"href":"https:\/\/mdsu.se\/en\/wp-json\/wp\/v2\/users\/9"}],"replies":[{"embeddable":true,"href":"https:\/\/mdsu.se\/en\/wp-json\/wp\/v2\/comments?post=12545"}],"version-history":[{"count":12,"href":"https:\/\/mdsu.se\/en\/wp-json\/wp\/v2\/pages\/12545\/revisions"}],"predecessor-version":[{"id":19534,"href":"https:\/\/mdsu.se\/en\/wp-json\/wp\/v2\/pages\/12545\/revisions\/19534"}],"up":[{"embeddable":true,"href":"https:\/\/mdsu.se\/en\/wp-json\/wp\/v2\/pages\/12206"}],"wp:attachment":[{"href":"https:\/\/mdsu.se\/en\/wp-json\/wp\/v2\/media?parent=12545"}],"curies":[{"name":"wp","href":"https:\/\/api.w.org\/{rel}","templated":true}]}}