{"id":12223,"date":"2018-12-16T05:23:57","date_gmt":"2018-12-16T04:23:57","guid":{"rendered":"https:\/\/mdsu.se\/?page_id=12223"},"modified":"2023-07-22T15:28:50","modified_gmt":"2023-07-22T13:28:50","slug":"business-alumni","status":"publish","type":"page","link":"https:\/\/mdsu.se\/en\/business-alumni\/","title":{"rendered":"Businesses &#038; Alumni"},"content":{"rendered":"<div class=\"wpb-content-wrapper\"><p>[vc_row][vc_column css=&#8221;.vc_custom_1689971759439{padding-right: 15px !important;padding-left: 15px !important;background-color: #ffffff !important;}&#8221;][vc_single_image image=&#8221;18849&#8243; img_size=&#8221;1920&#215;500&#8243; alignment=&#8221;center&#8221; style=&#8221;vc_box_rounded&#8221; css=&#8221;.vc_custom_1689971788238{margin-top: -20px !important;}&#8221;][vc_column_text]<\/p>\n<h2>The Student Union&#8217;s proud partners<\/h2>\n<p>M\u00e4lardalen Student Union has partners we collaborate with to make student life as good as possible. Thanks to our partners, we can continue to offer students all the services of the Student Union, while our partners get a closer contact with all the wonderful students at MDU.<\/p>\n<p>Are you interested in becoming one of the Student Union&#8217;s partners? Contact our <a href=\"mailto:naringsliv@mdsu.se\">Business relations manager<\/a>.<\/p>\n<div style=\"text-align: justify;\">\n<h1 style=\"text-align: left;\">Collaborations<\/h1>\n<p style=\"text-align: left;\">M\u00e4lardalen Student Union is looking for collaborations with actors who in a sustainable and ethical way want to contribute to living campuses for our members in both Eskilstuna and V\u00e4ster\u00e5s. It is thanks to the student union&#8217;s members that the student union exists, and the idea is that benefits and offers will attract both old and new members to support the organisation.<\/p>\n<p style=\"text-align: left;\">We who work at M\u00e4lardalen&#8217;s Student Union are committed and passionate about what we do. The students&#8217; interests are always in the forefront for us and we are constantly working to develop student life on our campus locations. Since the student union works for increased student benefit, it is important that all the benefits we offer are useful and valuable from a student&#8217;s perspective. Thus, the benefits should appeal to as large a proportion as possible of the students at M\u00e4lardalen&#8217;s University.<\/p>\n<\/div>\n<p>[\/vc_column_text][vc_row_inner][vc_column_inner width=&#8221;1\/3&#8243;][vc_column_text]<\/p>\n<h2>Events<\/h2>\n<p>M\u00e4lardalen Student Union wants to be able to give students at M\u00e4lardalen University as many chances as possible to make contacts for the future. For you as a company, this means that it is possible to book different forms of events and activities through us.[\/vc_column_text][vc_toggle title=&#8221;Stands&#8221; style=&#8221;arrow&#8221;]On campuses in Eskilstuna and V\u00e4ster\u00e5s we have our K\u00e5rtorg that companies can rent. In connection with a visit, you can choose to add tables, chairs and also order coffee or snacks from our caf\u00e9 to your stand.[\/vc_toggle][vc_toggle title=&#8221;Breakfast event&#8221; style=&#8221;arrow&#8221;]If you would rather hold a presentation, lecture or other type of event in the morning, breakfast events are also offered.[\/vc_toggle][vc_toggle title=&#8221;Lunch lecture&#8221; style=&#8221;arrow&#8221;]The most requested type of event that we offer is lunch lectures. It has long been known that students love free stuff. In connection with a lecture or a company presentation, we therefore offer tasty and filling lunch baguettes from the caf\u00e9 in union house G6 or union house J3. The event is held over lunch and therefore rarely clashes with other lectures or seminars.[\/vc_toggle][vc_toggle title=&#8221;Night time events at the union house&#8221; style=&#8221;arrow&#8221;]In M\u00e4lardalen&#8217;s Student Union&#8217;s buildings there are several different options. For example, if you would like to organize a case evening with a taco buffet, a presentation or a larger event with stage opportunities we have unique premises that are suitable for both smaller and larger events.[\/vc_toggle][\/vc_column_inner][vc_column_inner width=&#8221;1\/3&#8243;][vc_column_text]<\/p>\n<h2>Our fairs<\/h2>\n<p>Thrugh collaboration with M\u00e4lardalen&#8217;s University, we at M\u00e4lardalen&#8217;s Student Union arrange several fairs. It gives students a unique opportunity to mingle with several different companies, unions and other traders.[\/vc_column_text][vc_toggle title=&#8221;H\u00f6gvarv&#8221; style=&#8221;arrow&#8221;]Our annual work fair H\u00f6gvarv is one of our oldest projects and has existed in one form or another since 1990. The fair is organized in V\u00e4ster\u00e5s and usually takes place at the end of February. The fair is attended by around fifty companies from different industries. Read more about the fair <a href=\"https:\/\/mdsu.se\/en\/hogvarv\/\">here! <\/a>[\/vc_toggle][vc_toggle title=&#8221;Intro fairs&#8221; style=&#8221;arrow&#8221;]In addition to the H\u00f6gvarv work fair, we also have smaller fairs. Our intro fairs are organized in both Eskilstuna and V\u00e4ster\u00e5s at the start of every semester. Their purpose is to inform and welcome new students to campus. At the fair there are a limited number of spots and we would like your company to primarily benefit students who are at the beginning of their studies. Those who usually attend these fairs are line associations, student associations and the University&#8217;s departments such as the Student Health Service. Unions and discount providers usually participate to reach out to new students at the University.[\/vc_toggle][\/vc_column_inner][vc_column_inner width=&#8221;1\/3&#8243;][vc_column_text]<\/p>\n<h2>Marketing<\/h2>\n<p>Do you want to get exposure to students at MDU physically and digitally? We marketing on campus and on the web.[\/vc_column_text][vc_toggle title=&#8221;Toiletpaper &#8211; news letter&#8221; style=&#8221;arrow&#8221;]Toiletpaper is our well-known newsletter that is put up in many bathrooms that students use at both campus Eskilstuna and V\u00e4ster\u00e5s. In the letter, we write about things that are happening right now and other small things that are good for students to know. You as a company can contact us if you would like to be seen here.[\/vc_toggle][vc_toggle title=&#8221;News e-mail&#8221; style=&#8221;arrow&#8221;]Every month, the student union sends out a news e-mail to students at MDU. You have the chance to be included in one of our news emails, but you can also send a request to receive your very own e-mail.[\/vc_toggle][vc_toggle title=&#8221;Posters&#8221; style=&#8221;arrow&#8221;]We have several places on both campuses in Eskilstuna and V\u00e4ster\u00e5s where we can put up posters, job ads or information that you want to get out to students at MDU.[\/vc_toggle][\/vc_column_inner][\/vc_row_inner][vc_row_inner][vc_column_inner][vc_column_text]<\/p>\n<h1>For students<\/h1>\n<p>M\u00e4lardalen Student Union works in close collaboration local business communities to create opportunities for our members. We collaborate with companies, interest groups and the public sector to build a network between students and the work market. In addition to laying the foundation for our members&#8217; future careers, we get them awesome offers and discounts![\/vc_column_text][\/vc_column_inner][\/vc_row_inner][vc_row_inner][vc_column_inner width=&#8221;1\/2&#8243;][vc_column_text]<\/p>\n<h2>Network for the future<\/h2>\n<p>Are you at the beginning of your education and are looking for qualifications to add to your CV? Or are soon finished with your education and want to find your dream job? Then <a href=\"https:\/\/mdsu.se\/en\/hogvarv\/\">H\u00f6gvarv<\/a> is\u00a0 for you. During H\u00f6gvarv you will have the opportunity to meet around fifty exhibitors from different industries in the business world. They all have one thing in common \u2013 they want to meet students. In other words, it is a great opportunity for you as a student to make invaluable contacts and mingle with potential future employers![\/vc_column_text][\/vc_column_inner][vc_column_inner width=&#8221;1\/2&#8243;][vc_column_text]<\/p>\n<h2>Get involved today!<\/h2>\n<p>Make sure not to miss a unique opportunity to connect even closer with the business communities. In order for H\u00f6gvarv to be carried out we need a happy group of students who work voluntarily as hosts for the companies during the fair. Read more about assignments for H\u00f6gvarv <a href=\"https:\/\/mdsu.se\/en\/hogvarv\/hogvarv-project-group\/\">here!<\/a><\/p>\n<p>The Student Union also needs committed people who work to better the students&#8217; time at M\u00e4lardalen&#8217;s University. Read more about which non-profit and paid assignments you can apply for within M\u00e4lardalen&#8217;s Student Union <a href=\"https:\/\/mdsu.se\/en\/om-oss\/engagera-dig\/\">here<\/a>.[\/vc_column_text][\/vc_column_inner][\/vc_row_inner][\/vc_column][\/vc_row][vc_row height=&#8221;30px&#8221;][vc_column][vc_empty_space height=&#8221;30px&#8221;][\/vc_column][\/vc_row]<\/p>\n<\/div>","protected":false},"excerpt":{"rendered":"<p>[vc_row][vc_column css=&#8221;.vc_custom_1689971759439{padding-right: 15px !important;padding-left: 15px !important;background-color: #ffffff !important;}&#8221;][vc_single_image image=&#8221;18849&#8243; img_size=&#8221;1920&#215;500&#8243; alignment=&#8221;center&#8221; style=&#8221;vc_box_rounded&#8221; css=&#8221;.vc_custom_1689971788238{margin-top: -20px !important;}&#8221;][vc_column_text] The Student Union&#8217;s proud partners M\u00e4lardalen Student Union has partners we collaborate with to make&hellip;&nbsp;<a href=\"https:\/\/mdsu.se\/en\/business-alumni\/\" class=\"\" rel=\"bookmark\">Read More &raquo;<span class=\"screen-reader-text\">Businesses &#038; Alumni<\/span><\/a><\/p>\n","protected":false},"author":27,"featured_media":0,"parent":0,"menu_order":0,"comment_status":"closed","ping_status":"closed","template":"","meta":{"neve_meta_sidebar":"","neve_meta_container":"","neve_meta_enable_content_width":"off","neve_meta_content_width":100,"neve_meta_title_alignment":"","neve_meta_author_avatar":"","neve_post_elements_order":"","neve_meta_disable_header":"","neve_meta_disable_footer":"","neve_meta_disable_title":"","_EventAllDay":false,"_EventTimezone":"","_EventStartDate":"","_EventEndDate":"","_EventStartDateUTC":"","_EventEndDateUTC":"","_EventShowMap":false,"_EventShowMapLink":false,"_EventURL":"","_EventCost":"","_EventCostDescription":"","_EventCurrencySymbol":"","_EventCurrencyCode":"","_EventCurrencyPosition":"","_EventDateTimeSeparator":"","_EventTimeRangeSeparator":"","_EventOrganizerID":[],"_EventVenueID":[],"_OrganizerEmail":"","_OrganizerPhone":"","_OrganizerWebsite":"","_VenueAddress":"","_VenueCity":"","_VenueCountry":"","_VenueProvince":"","_VenueState":"","_VenueZip":"","_VenuePhone":"","_VenueURL":"","_VenueStateProvince":"","_VenueLat":"","_VenueLng":"","_VenueShowMap":false,"_VenueShowMapLink":false,"footnotes":""},"yoast_head":"<!-- This site is optimized with the Yoast SEO plugin v21.6 - https:\/\/yoast.com\/wordpress\/plugins\/seo\/ -->\n<title>Businesses &amp; Alumni - M\u00e4lardalens studentk\u00e5r<\/title>\n<meta name=\"robots\" content=\"index, follow, max-snippet:-1, max-image-preview:large, max-video-preview:-1\" \/>\n<link rel=\"canonical\" href=\"https:\/\/mdsu.se\/en\/business-alumni\/\" \/>\n<meta property=\"og:locale\" content=\"en_US\" \/>\n<meta property=\"og:type\" content=\"article\" \/>\n<meta property=\"og:title\" content=\"Businesses &amp; Alumni - M\u00e4lardalens studentk\u00e5r\" \/>\n<meta property=\"og:description\" content=\"[vc_row][vc_column css=&#8221;.vc_custom_1689971759439{padding-right: 15px !important;padding-left: 15px !important;background-color: #ffffff !important;}&#8221;][vc_single_image image=&#8221;18849&#8243; img_size=&#8221;1920&#215;500&#8243; alignment=&#8221;center&#8221; style=&#8221;vc_box_rounded&#8221; css=&#8221;.vc_custom_1689971788238{margin-top: -20px !important;}&#8221;][vc_column_text] The Student Union&#8217;s proud partners M\u00e4lardalen Student Union has partners we collaborate with to make&hellip;&nbsp;Read More &raquo;Businesses &#038; Alumni\" \/>\n<meta property=\"og:url\" content=\"https:\/\/mdsu.se\/en\/business-alumni\/\" \/>\n<meta property=\"og:site_name\" content=\"M\u00e4lardalens studentk\u00e5r\" \/>\n<meta property=\"article:publisher\" content=\"https:\/\/www.facebook.com\/malardalens.studentkar\" \/>\n<meta property=\"article:modified_time\" content=\"2023-07-22T13:28:50+00:00\" \/>\n<meta name=\"twitter:card\" content=\"summary_large_image\" \/>\n<meta name=\"twitter:label1\" content=\"Est. reading time\" \/>\n\t<meta name=\"twitter:data1\" content=\"6 minutes\" \/>\n<script type=\"application\/ld+json\" class=\"yoast-schema-graph\">{\"@context\":\"https:\/\/schema.org\",\"@graph\":[{\"@type\":\"WebPage\",\"@id\":\"https:\/\/mdsu.se\/en\/business-alumni\/\",\"url\":\"https:\/\/mdsu.se\/en\/business-alumni\/\",\"name\":\"Businesses & Alumni - M\u00e4lardalens studentk\u00e5r\",\"isPartOf\":{\"@id\":\"https:\/\/mdsu.se\/#website\"},\"datePublished\":\"2018-12-16T04:23:57+00:00\",\"dateModified\":\"2023-07-22T13:28:50+00:00\",\"breadcrumb\":{\"@id\":\"https:\/\/mdsu.se\/en\/business-alumni\/#breadcrumb\"},\"inLanguage\":\"en-US\",\"potentialAction\":[{\"@type\":\"ReadAction\",\"target\":[\"https:\/\/mdsu.se\/en\/business-alumni\/\"]}]},{\"@type\":\"BreadcrumbList\",\"@id\":\"https:\/\/mdsu.se\/en\/business-alumni\/#breadcrumb\",\"itemListElement\":[{\"@type\":\"ListItem\",\"position\":1,\"name\":\"Hem\",\"item\":\"https:\/\/mdsu.se\/\"},{\"@type\":\"ListItem\",\"position\":2,\"name\":\"Businesses &#038; Alumni\"}]},{\"@type\":\"WebSite\",\"@id\":\"https:\/\/mdsu.se\/#website\",\"url\":\"https:\/\/mdsu.se\/\",\"name\":\"M\u00e4lardalens studentk\u00e5r\",\"description\":\"Den officiella studentk\u00e5ren vid M\u00e4lardalens h\u00f6gskola (MDH)\",\"publisher\":{\"@id\":\"https:\/\/mdsu.se\/#organization\"},\"potentialAction\":[{\"@type\":\"SearchAction\",\"target\":{\"@type\":\"EntryPoint\",\"urlTemplate\":\"https:\/\/mdsu.se\/?s={search_term_string}\"},\"query-input\":\"required name=search_term_string\"}],\"inLanguage\":\"en-US\"},{\"@type\":\"Organization\",\"@id\":\"https:\/\/mdsu.se\/#organization\",\"name\":\"M\u00e4lardalens Studentk\u00e5r\",\"url\":\"https:\/\/mdsu.se\/\",\"logo\":{\"@type\":\"ImageObject\",\"inLanguage\":\"en-US\",\"@id\":\"https:\/\/mdsu.se\/#\/schema\/logo\/image\/\",\"url\":\"https:\/\/mdsu.se\/wp-content\/uploads\/2019\/06\/Rektangel-standard.png\",\"contentUrl\":\"https:\/\/mdsu.se\/wp-content\/uploads\/2019\/06\/Rektangel-standard.png\",\"width\":1397,\"height\":262,\"caption\":\"M\u00e4lardalens Studentk\u00e5r\"},\"image\":{\"@id\":\"https:\/\/mdsu.se\/#\/schema\/logo\/image\/\"},\"sameAs\":[\"https:\/\/www.facebook.com\/malardalens.studentkar\",\"https:\/\/www.instagram.com\/malardalensstudentkar\/\"]}]}<\/script>\n<!-- \/ Yoast SEO plugin. -->","yoast_head_json":{"title":"Businesses & Alumni - M\u00e4lardalens studentk\u00e5r","robots":{"index":"index","follow":"follow","max-snippet":"max-snippet:-1","max-image-preview":"max-image-preview:large","max-video-preview":"max-video-preview:-1"},"canonical":"https:\/\/mdsu.se\/en\/business-alumni\/","og_locale":"en_US","og_type":"article","og_title":"Businesses & Alumni - M\u00e4lardalens studentk\u00e5r","og_description":"[vc_row][vc_column css=&#8221;.vc_custom_1689971759439{padding-right: 15px !important;padding-left: 15px !important;background-color: #ffffff !important;}&#8221;][vc_single_image image=&#8221;18849&#8243; img_size=&#8221;1920&#215;500&#8243; alignment=&#8221;center&#8221; style=&#8221;vc_box_rounded&#8221; css=&#8221;.vc_custom_1689971788238{margin-top: -20px !important;}&#8221;][vc_column_text] The Student Union&#8217;s proud partners M\u00e4lardalen Student Union has partners we collaborate with to make&hellip;&nbsp;Read More &raquo;Businesses &#038; Alumni","og_url":"https:\/\/mdsu.se\/en\/business-alumni\/","og_site_name":"M\u00e4lardalens studentk\u00e5r","article_publisher":"https:\/\/www.facebook.com\/malardalens.studentkar","article_modified_time":"2023-07-22T13:28:50+00:00","twitter_card":"summary_large_image","twitter_misc":{"Est. reading time":"6 minutes"},"schema":{"@context":"https:\/\/schema.org","@graph":[{"@type":"WebPage","@id":"https:\/\/mdsu.se\/en\/business-alumni\/","url":"https:\/\/mdsu.se\/en\/business-alumni\/","name":"Businesses & Alumni - M\u00e4lardalens studentk\u00e5r","isPartOf":{"@id":"https:\/\/mdsu.se\/#website"},"datePublished":"2018-12-16T04:23:57+00:00","dateModified":"2023-07-22T13:28:50+00:00","breadcrumb":{"@id":"https:\/\/mdsu.se\/en\/business-alumni\/#breadcrumb"},"inLanguage":"en-US","potentialAction":[{"@type":"ReadAction","target":["https:\/\/mdsu.se\/en\/business-alumni\/"]}]},{"@type":"BreadcrumbList","@id":"https:\/\/mdsu.se\/en\/business-alumni\/#breadcrumb","itemListElement":[{"@type":"ListItem","position":1,"name":"Hem","item":"https:\/\/mdsu.se\/"},{"@type":"ListItem","position":2,"name":"Businesses &#038; Alumni"}]},{"@type":"WebSite","@id":"https:\/\/mdsu.se\/#website","url":"https:\/\/mdsu.se\/","name":"M\u00e4lardalens studentk\u00e5r","description":"Den officiella studentk\u00e5ren vid M\u00e4lardalens h\u00f6gskola (MDH)","publisher":{"@id":"https:\/\/mdsu.se\/#organization"},"potentialAction":[{"@type":"SearchAction","target":{"@type":"EntryPoint","urlTemplate":"https:\/\/mdsu.se\/?s={search_term_string}"},"query-input":"required name=search_term_string"}],"inLanguage":"en-US"},{"@type":"Organization","@id":"https:\/\/mdsu.se\/#organization","name":"M\u00e4lardalens Studentk\u00e5r","url":"https:\/\/mdsu.se\/","logo":{"@type":"ImageObject","inLanguage":"en-US","@id":"https:\/\/mdsu.se\/#\/schema\/logo\/image\/","url":"https:\/\/mdsu.se\/wp-content\/uploads\/2019\/06\/Rektangel-standard.png","contentUrl":"https:\/\/mdsu.se\/wp-content\/uploads\/2019\/06\/Rektangel-standard.png","width":1397,"height":262,"caption":"M\u00e4lardalens Studentk\u00e5r"},"image":{"@id":"https:\/\/mdsu.se\/#\/schema\/logo\/image\/"},"sameAs":["https:\/\/www.facebook.com\/malardalens.studentkar","https:\/\/www.instagram.com\/malardalensstudentkar\/"]}]}},"_links":{"self":[{"href":"https:\/\/mdsu.se\/en\/wp-json\/wp\/v2\/pages\/12223"}],"collection":[{"href":"https:\/\/mdsu.se\/en\/wp-json\/wp\/v2\/pages"}],"about":[{"href":"https:\/\/mdsu.se\/en\/wp-json\/wp\/v2\/types\/page"}],"author":[{"embeddable":true,"href":"https:\/\/mdsu.se\/en\/wp-json\/wp\/v2\/users\/27"}],"replies":[{"embeddable":true,"href":"https:\/\/mdsu.se\/en\/wp-json\/wp\/v2\/comments?post=12223"}],"version-history":[{"count":34,"href":"https:\/\/mdsu.se\/en\/wp-json\/wp\/v2\/pages\/12223\/revisions"}],"predecessor-version":[{"id":19273,"href":"https:\/\/mdsu.se\/en\/wp-json\/wp\/v2\/pages\/12223\/revisions\/19273"}],"wp:attachment":[{"href":"https:\/\/mdsu.se\/en\/wp-json\/wp\/v2\/media?parent=12223"}],"curies":[{"name":"wp","href":"https:\/\/api.w.org\/{rel}","templated":true}]}}