{"id":12219,"date":"2020-08-11T11:53:36","date_gmt":"2020-08-11T09:53:36","guid":{"rendered":"https:\/\/mdsu.se\/?page_id=12219"},"modified":"2026-03-23T11:02:11","modified_gmt":"2026-03-23T10:02:11","slug":"the-doctoral-council","status":"publish","type":"page","link":"https:\/\/mdsu.se\/en\/about-mdsu\/the-doctoral-council\/","title":{"rendered":"The doctoral council"},"content":{"rendered":"<div class=\"wpb-content-wrapper\"><p>[vc_row][vc_column css=&#8221;.vc_custom_1690031465380{padding-right: 15px !important;padding-left: 15px !important;background-color: #ffffff !important;}&#8221;][vc_single_image image=&#8221;18802&#8243; img_size=&#8221;1920&#215;500&#8243; alignment=&#8221;center&#8221; style=&#8221;vc_box_rounded&#8221; css=&#8221;.vc_custom_1690031495132{margin-top: -20px !important;}&#8221;][vc_column_text]<\/p>\n<div style=\"text-align: justify;\">\n<p style=\"text-align: left;\">The Doctoral Council is a council located under the M\u00e4lardalen Student Union and represents the doctoral student collective.<strong> The goal of the Doctoral Student Council is for all doctoral students at M\u00e4lardalen University to be aware of their rights and obligations.<\/strong><\/p>\n<p><strong>What does Doctoral Student Council do?<\/strong><\/p>\n<p class=\"mdh-p\">The Doctoral Student Council is the voice of doctoral students at the University. The Doctoral Student Council consists of representatives from the two faculties and is responsible for student influence in doctoral education. Representatives in the Doctoral Student Council ensure that there are representatives from the doctoral student community in the central decision-making bodies at the University, such as the Board of the University and the Faculty Board&#8217;s. Doctoral student representatives are also members of the central research council, the work environment committee and the Facultys\u00b4s local councils. Through our work, we have for instance influenced how the requirements for supervision have been written in governing documents, the design of information for us doctoral students, both on the internal portal and here on the website. The Chair of the Doctoral Student Council meets with the central coordinator of doctoral education on a regular basis. We are also involved in the development of questions for the doctoral student survey.<\/p>\n<p class=\"mdh-p\"><strong>Our mission comes to life through four commitments:<\/strong><\/p>\n<ol class=\" env-text-list mdh-p\">\n<li>We are concerned with the quality of the research education.\u200b<\/li>\n<li>We are concerned with the quality of the working environment.\u200b<\/li>\n<li>We make people aware of the perspectives of doctoral students.\u200b<\/li>\n<li>We work to see that the rights of doctoral students are upheld.<\/li>\n<\/ol>\n<p><strong>How can I get involved in the Doctoral Student Council?<br \/>\n<\/strong>If you are interested in becoming a member of the Doctoral Student Council or would like to know more about how you can exert influence over your education, you are more than welcome to contact one of our members or email the Chair. The people who sit on the Doctoral Council work for the situation of doctoral students at M\u00e4lardalen University.<\/p>\n<\/div>\n<p>[\/vc_column_text][vc_empty_space][vc_row_inner][vc_column_inner][vc_column_text]<\/p>\n<p style=\"text-align: center;\"><strong><em>Chairman<\/em><br \/>\n<span data-teams=\"true\">Stephanie Liza Johansson<br \/>\n<a href=\"mailto:doktorandradet@mdsu.se\">doktorandradet@mdsu.se<\/a><br \/>\n<\/span><\/strong><span data-teams=\"true\"><a id=\"menur2ua\" class=\"fui-Link ___1q1shib f2hkw1w f3rmtva f1ewtqcl fyind8e f1k6fduh f1w7gpdv fk6fouc fjoy568 figsok6 f1s184ao f1mk8lai fnbmjn9 f1o700av f13mvf36 f1cmlufx f9n3di6 f1ids18y f1tx3yz7 f1deo86v f1eh06m1 f1iescvh fhgqx19 f1olyrje f1p93eir f1nev41a f1h8hb77 f1lqvz6u f10aw75t fsle3fq f17ae5zn\" title=\"mailto:stephanie.liza.johansson@mdu.se\" href=\"mailto:stephanie.liza.johansson@mdu.se\" target=\"_blank\" rel=\"noreferrer noopener\" aria-label=\"Link stephanie.liza.johansson@mdu.se\">stephanie.liza.johansson@mdu.se<\/a><\/span>[\/vc_column_text][\/vc_column_inner][\/vc_row_inner][vc_row_inner][vc_column_inner width=&#8221;1\/3&#8243;][vc_column_text]<\/p>\n<p style=\"text-align: center;\"><strong>Hiep Hanh Trinh (IDT)<\/strong><br \/>\n<a href=\"mailto:hiep.hanh.trinh@mdu.se\">hiep.hanh.trinh@mdu.se<\/a>[\/vc_column_text][\/vc_column_inner][vc_column_inner width=&#8221;1\/3&#8243;][vc_column_text]<\/p>\n<p style=\"text-align: center;\"><strong>Josefin David<\/strong><br \/>\n<a href=\"mailto:josefin.david@mdu.se\">josefin.david@mdu.se<\/a>[\/vc_column_text][\/vc_column_inner][vc_column_inner width=&#8221;1\/3&#8243;][vc_column_text]<\/p>\n<p style=\"text-align: center;\"><strong>Karin Str\u00f6mqvist B\u00e5\u00e5the<\/strong><br \/>\n<a class=\"mdh-text-link\" href=\"mailto:karin.stromqvist.baathe@mdu.se\">karin.stromqvist.baathe@mdu.se<\/a>[\/vc_column_text][\/vc_column_inner][\/vc_row_inner][vc_row_inner][vc_column_inner width=&#8221;1\/2&#8243;][vc_column_text]<\/p>\n<p style=\"text-align: center;\"><strong>Harry Tibbetts<\/strong><br \/>\n<a class=\"mdh-text-link\" href=\"mailto:harry.tibbetts@mdu.se\">harry.tibbetts@mdu.se<\/a>[\/vc_column_text][\/vc_column_inner][vc_column_inner width=&#8221;1\/2&#8243;][vc_column_text]<\/p>\n<p style=\"text-align: center;\"><strong>August Landerholm<\/strong><br \/>\n<a class=\"mdh-text-link\" href=\"mailto:august.landerholm@mdu.se\">august.landerholm@mdu.se<\/a>[\/vc_column_text][\/vc_column_inner][\/vc_row_inner][vc_row_inner][vc_column_inner][vc_column_text]<\/p>\n<div style=\"text-align: justify;\">\n<h1 style=\"text-align: center;\">Membership at the student union<\/h1>\n<p style=\"text-align: left;\">Doctoral students can also become members of M\u00e4lardalen&#8217;s Student Union and are entitled to the Mecenat card that contains travel discounts. Buy your membership on Hitract or from here: <a href=\"https:\/\/hitract.se\/hitclub\/malardalens-studentkar\/hitmemberships\/request-membership-ladok?id=1163\">K\u00f6p medlemskap till hitClub p\u00e5 hitract<\/a><\/p>\n<\/div>\n<p>[\/vc_column_text][\/vc_column_inner][\/vc_row_inner][\/vc_column][\/vc_row][vc_row][vc_column css=&#8221;.vc_custom_1774260079267{background-color: #ffffff !important;}&#8221;][vc_row_inner][vc_column_inner css=&#8221;.vc_custom_1774260121200{background-color: #ffffff !important;}&#8221;][vc_column_text]<\/p>\n<p style=\"text-align: center;\"><span style=\"font-size: 24pt;\">\u00a0<strong>Protocols<\/strong><\/span><\/p>\n<p>[\/vc_column_text][\/vc_column_inner][\/vc_row_inner][vc_toggle title=&#8221;2026\/2027&#8243;]<a href=\"https:\/\/mdsu.se\/wp-content\/uploads\/2026\/03\/2026.03.16-DSC-Meeting-Protocol-1.pdf\" target=\"_blank\" rel=\"noopener\">2026-03-16<\/a><\/p>\n<p><a href=\"https:\/\/mdsu.se\/wp-content\/uploads\/2026\/03\/2026.03.16-DSC-Meeting-Protocol-1.pdf\" target=\"_blank\" rel=\"noopener\">2026-01-29<\/a>[\/vc_toggle][\/vc_column][\/vc_row]<\/p>\n<\/div>","protected":false},"excerpt":{"rendered":"<p>[vc_row][vc_column css=&#8221;.vc_custom_1690031465380{padding-right: 15px !important;padding-left: 15px !important;background-color: #ffffff !important;}&#8221;][vc_single_image image=&#8221;18802&#8243; img_size=&#8221;1920&#215;500&#8243; alignment=&#8221;center&#8221; style=&#8221;vc_box_rounded&#8221; css=&#8221;.vc_custom_1690031495132{margin-top: -20px !important;}&#8221;][vc_column_text] The Doctoral Council is a council located under the M\u00e4lardalen Student Union and represents the&hellip;&nbsp;<a href=\"https:\/\/mdsu.se\/en\/about-mdsu\/the-doctoral-council\/\" class=\"\" rel=\"bookmark\">Read More &raquo;<span class=\"screen-reader-text\">The doctoral council<\/span><\/a><\/p>\n","protected":false},"author":9,"featured_media":0,"parent":6402,"menu_order":0,"comment_status":"closed","ping_status":"closed","template":"","meta":{"neve_meta_sidebar":"","neve_meta_container":"","neve_meta_enable_content_width":"off","neve_meta_content_width":100,"neve_meta_title_alignment":"","neve_meta_author_avatar":"","neve_post_elements_order":"","neve_meta_disable_header":"","neve_meta_disable_footer":"","neve_meta_disable_title":"","_EventAllDay":false,"_EventTimezone":"","_EventStartDate":"","_EventEndDate":"","_EventStartDateUTC":"","_EventEndDateUTC":"","_EventShowMap":false,"_EventShowMapLink":false,"_EventURL":"","_EventCost":"","_EventCostDescription":"","_EventCurrencySymbol":"","_EventCurrencyCode":"","_EventCurrencyPosition":"","_EventDateTimeSeparator":"","_EventTimeRangeSeparator":"","_EventOrganizerID":[],"_EventVenueID":[],"_OrganizerEmail":"","_OrganizerPhone":"","_OrganizerWebsite":"","_VenueAddress":"","_VenueCity":"","_VenueCountry":"","_VenueProvince":"","_VenueState":"","_VenueZip":"","_VenuePhone":"","_VenueURL":"","_VenueStateProvince":"","_VenueLat":"","_VenueLng":"","_VenueShowMap":false,"_VenueShowMapLink":false,"footnotes":""},"yoast_head":"<!-- This site is optimized with the Yoast SEO plugin v21.6 - https:\/\/yoast.com\/wordpress\/plugins\/seo\/ -->\n<title>The doctoral council - M\u00e4lardalens studentk\u00e5r<\/title>\n<meta name=\"robots\" content=\"index, follow, max-snippet:-1, max-image-preview:large, max-video-preview:-1\" \/>\n<link rel=\"canonical\" href=\"https:\/\/mdsu.se\/en\/about-mdsu\/the-doctoral-council\/\" \/>\n<meta property=\"og:locale\" content=\"en_US\" \/>\n<meta property=\"og:type\" content=\"article\" \/>\n<meta property=\"og:title\" content=\"The doctoral council - M\u00e4lardalens studentk\u00e5r\" \/>\n<meta property=\"og:description\" content=\"[vc_row][vc_column css=&#8221;.vc_custom_1690031465380{padding-right: 15px !important;padding-left: 15px !important;background-color: #ffffff !important;}&#8221;][vc_single_image image=&#8221;18802&#8243; img_size=&#8221;1920&#215;500&#8243; alignment=&#8221;center&#8221; style=&#8221;vc_box_rounded&#8221; css=&#8221;.vc_custom_1690031495132{margin-top: -20px !important;}&#8221;][vc_column_text] The Doctoral Council is a council located under the M\u00e4lardalen Student Union and represents the&hellip;&nbsp;Read More &raquo;The doctoral council\" \/>\n<meta property=\"og:url\" content=\"https:\/\/mdsu.se\/en\/about-mdsu\/the-doctoral-council\/\" \/>\n<meta property=\"og:site_name\" content=\"M\u00e4lardalens studentk\u00e5r\" \/>\n<meta property=\"article:publisher\" content=\"https:\/\/www.facebook.com\/malardalens.studentkar\" \/>\n<meta property=\"article:modified_time\" content=\"2026-03-23T10:02:11+00:00\" \/>\n<meta name=\"twitter:card\" content=\"summary_large_image\" \/>\n<meta name=\"twitter:label1\" content=\"Est. reading time\" \/>\n\t<meta name=\"twitter:data1\" content=\"1 minute\" \/>\n<script type=\"application\/ld+json\" class=\"yoast-schema-graph\">{\"@context\":\"https:\/\/schema.org\",\"@graph\":[{\"@type\":\"WebPage\",\"@id\":\"https:\/\/mdsu.se\/en\/about-mdsu\/the-doctoral-council\/\",\"url\":\"https:\/\/mdsu.se\/en\/about-mdsu\/the-doctoral-council\/\",\"name\":\"The doctoral council - M\u00e4lardalens studentk\u00e5r\",\"isPartOf\":{\"@id\":\"https:\/\/mdsu.se\/#website\"},\"datePublished\":\"2020-08-11T09:53:36+00:00\",\"dateModified\":\"2026-03-23T10:02:11+00:00\",\"breadcrumb\":{\"@id\":\"https:\/\/mdsu.se\/en\/about-mdsu\/the-doctoral-council\/#breadcrumb\"},\"inLanguage\":\"en-US\",\"potentialAction\":[{\"@type\":\"ReadAction\",\"target\":[\"https:\/\/mdsu.se\/en\/about-mdsu\/the-doctoral-council\/\"]}]},{\"@type\":\"BreadcrumbList\",\"@id\":\"https:\/\/mdsu.se\/en\/about-mdsu\/the-doctoral-council\/#breadcrumb\",\"itemListElement\":[{\"@type\":\"ListItem\",\"position\":1,\"name\":\"Hem\",\"item\":\"https:\/\/mdsu.se\/\"},{\"@type\":\"ListItem\",\"position\":2,\"name\":\"About MDSU\",\"item\":\"https:\/\/mdsu.se\/en\/about-mdsu\/\"},{\"@type\":\"ListItem\",\"position\":3,\"name\":\"The doctoral council\"}]},{\"@type\":\"WebSite\",\"@id\":\"https:\/\/mdsu.se\/#website\",\"url\":\"https:\/\/mdsu.se\/\",\"name\":\"M\u00e4lardalens studentk\u00e5r\",\"description\":\"Den officiella studentk\u00e5ren vid M\u00e4lardalens h\u00f6gskola (MDH)\",\"publisher\":{\"@id\":\"https:\/\/mdsu.se\/#organization\"},\"potentialAction\":[{\"@type\":\"SearchAction\",\"target\":{\"@type\":\"EntryPoint\",\"urlTemplate\":\"https:\/\/mdsu.se\/?s={search_term_string}\"},\"query-input\":\"required name=search_term_string\"}],\"inLanguage\":\"en-US\"},{\"@type\":\"Organization\",\"@id\":\"https:\/\/mdsu.se\/#organization\",\"name\":\"M\u00e4lardalens Studentk\u00e5r\",\"url\":\"https:\/\/mdsu.se\/\",\"logo\":{\"@type\":\"ImageObject\",\"inLanguage\":\"en-US\",\"@id\":\"https:\/\/mdsu.se\/#\/schema\/logo\/image\/\",\"url\":\"https:\/\/mdsu.se\/wp-content\/uploads\/2019\/06\/Rektangel-standard.png\",\"contentUrl\":\"https:\/\/mdsu.se\/wp-content\/uploads\/2019\/06\/Rektangel-standard.png\",\"width\":1397,\"height\":262,\"caption\":\"M\u00e4lardalens Studentk\u00e5r\"},\"image\":{\"@id\":\"https:\/\/mdsu.se\/#\/schema\/logo\/image\/\"},\"sameAs\":[\"https:\/\/www.facebook.com\/malardalens.studentkar\",\"https:\/\/www.instagram.com\/malardalensstudentkar\/\"]}]}<\/script>\n<!-- \/ Yoast SEO plugin. -->","yoast_head_json":{"title":"The doctoral council - M\u00e4lardalens studentk\u00e5r","robots":{"index":"index","follow":"follow","max-snippet":"max-snippet:-1","max-image-preview":"max-image-preview:large","max-video-preview":"max-video-preview:-1"},"canonical":"https:\/\/mdsu.se\/en\/about-mdsu\/the-doctoral-council\/","og_locale":"en_US","og_type":"article","og_title":"The doctoral council - M\u00e4lardalens studentk\u00e5r","og_description":"[vc_row][vc_column css=&#8221;.vc_custom_1690031465380{padding-right: 15px !important;padding-left: 15px !important;background-color: #ffffff !important;}&#8221;][vc_single_image image=&#8221;18802&#8243; img_size=&#8221;1920&#215;500&#8243; alignment=&#8221;center&#8221; style=&#8221;vc_box_rounded&#8221; css=&#8221;.vc_custom_1690031495132{margin-top: -20px !important;}&#8221;][vc_column_text] The Doctoral Council is a council located under the M\u00e4lardalen Student Union and represents the&hellip;&nbsp;Read More &raquo;The doctoral council","og_url":"https:\/\/mdsu.se\/en\/about-mdsu\/the-doctoral-council\/","og_site_name":"M\u00e4lardalens studentk\u00e5r","article_publisher":"https:\/\/www.facebook.com\/malardalens.studentkar","article_modified_time":"2026-03-23T10:02:11+00:00","twitter_card":"summary_large_image","twitter_misc":{"Est. reading time":"1 minute"},"schema":{"@context":"https:\/\/schema.org","@graph":[{"@type":"WebPage","@id":"https:\/\/mdsu.se\/en\/about-mdsu\/the-doctoral-council\/","url":"https:\/\/mdsu.se\/en\/about-mdsu\/the-doctoral-council\/","name":"The doctoral council - M\u00e4lardalens studentk\u00e5r","isPartOf":{"@id":"https:\/\/mdsu.se\/#website"},"datePublished":"2020-08-11T09:53:36+00:00","dateModified":"2026-03-23T10:02:11+00:00","breadcrumb":{"@id":"https:\/\/mdsu.se\/en\/about-mdsu\/the-doctoral-council\/#breadcrumb"},"inLanguage":"en-US","potentialAction":[{"@type":"ReadAction","target":["https:\/\/mdsu.se\/en\/about-mdsu\/the-doctoral-council\/"]}]},{"@type":"BreadcrumbList","@id":"https:\/\/mdsu.se\/en\/about-mdsu\/the-doctoral-council\/#breadcrumb","itemListElement":[{"@type":"ListItem","position":1,"name":"Hem","item":"https:\/\/mdsu.se\/"},{"@type":"ListItem","position":2,"name":"About MDSU","item":"https:\/\/mdsu.se\/en\/about-mdsu\/"},{"@type":"ListItem","position":3,"name":"The doctoral council"}]},{"@type":"WebSite","@id":"https:\/\/mdsu.se\/#website","url":"https:\/\/mdsu.se\/","name":"M\u00e4lardalens studentk\u00e5r","description":"Den officiella studentk\u00e5ren vid M\u00e4lardalens h\u00f6gskola (MDH)","publisher":{"@id":"https:\/\/mdsu.se\/#organization"},"potentialAction":[{"@type":"SearchAction","target":{"@type":"EntryPoint","urlTemplate":"https:\/\/mdsu.se\/?s={search_term_string}"},"query-input":"required name=search_term_string"}],"inLanguage":"en-US"},{"@type":"Organization","@id":"https:\/\/mdsu.se\/#organization","name":"M\u00e4lardalens Studentk\u00e5r","url":"https:\/\/mdsu.se\/","logo":{"@type":"ImageObject","inLanguage":"en-US","@id":"https:\/\/mdsu.se\/#\/schema\/logo\/image\/","url":"https:\/\/mdsu.se\/wp-content\/uploads\/2019\/06\/Rektangel-standard.png","contentUrl":"https:\/\/mdsu.se\/wp-content\/uploads\/2019\/06\/Rektangel-standard.png","width":1397,"height":262,"caption":"M\u00e4lardalens Studentk\u00e5r"},"image":{"@id":"https:\/\/mdsu.se\/#\/schema\/logo\/image\/"},"sameAs":["https:\/\/www.facebook.com\/malardalens.studentkar","https:\/\/www.instagram.com\/malardalensstudentkar\/"]}]}},"_links":{"self":[{"href":"https:\/\/mdsu.se\/en\/wp-json\/wp\/v2\/pages\/12219"}],"collection":[{"href":"https:\/\/mdsu.se\/en\/wp-json\/wp\/v2\/pages"}],"about":[{"href":"https:\/\/mdsu.se\/en\/wp-json\/wp\/v2\/types\/page"}],"author":[{"embeddable":true,"href":"https:\/\/mdsu.se\/en\/wp-json\/wp\/v2\/users\/9"}],"replies":[{"embeddable":true,"href":"https:\/\/mdsu.se\/en\/wp-json\/wp\/v2\/comments?post=12219"}],"version-history":[{"count":42,"href":"https:\/\/mdsu.se\/en\/wp-json\/wp\/v2\/pages\/12219\/revisions"}],"predecessor-version":[{"id":22975,"href":"https:\/\/mdsu.se\/en\/wp-json\/wp\/v2\/pages\/12219\/revisions\/22975"}],"up":[{"embeddable":true,"href":"https:\/\/mdsu.se\/en\/wp-json\/wp\/v2\/pages\/6402"}],"wp:attachment":[{"href":"https:\/\/mdsu.se\/en\/wp-json\/wp\/v2\/media?parent=12219"}],"curies":[{"name":"wp","href":"https:\/\/api.w.org\/{rel}","templated":true}]}}