{"id":12206,"date":"2020-08-11T11:45:22","date_gmt":"2020-08-11T09:45:22","guid":{"rendered":"https:\/\/mdsu.se\/?page_id=12206"},"modified":"2025-04-02T13:48:24","modified_gmt":"2025-04-02T11:48:24","slug":"student-influence","status":"publish","type":"page","link":"https:\/\/mdsu.se\/en\/student\/your-education\/student-influence\/","title":{"rendered":"Student Influence"},"content":{"rendered":"<div class=\"wpb-content-wrapper\"><p>[vc_row][vc_column css=&#8221;.vc_custom_1689613973229{padding-right: 15px !important;padding-left: 15px !important;background-color: #ffffff !important;}&#8221;][vc_btn title=&#8221;I WANT TO BECOME A STUDENT REPRESENTATIVE!&#8221; style=&#8221;3d&#8221; shape=&#8221;round&#8221; color=&#8221;primary&#8221; size=&#8221;lg&#8221; align=&#8221;center&#8221; button_block=&#8221;true&#8221; link=&#8221;url:https%3A%2F%2Fforms.office.com%2Fpages%2Fresponsepage.aspx%3Fid%3DyYYgzIVpd0mgac6EOQ5ZSUGX-OC2FWpFqFQBop6wyK5UOVlRMzUxODVMQ1ZaUldPRFpWMDZKOEI2Ni4u|title:Opens%20in%20new%20tab|target:_blank&#8221;][vc_column_text]<\/p>\n<h2>Student influence<\/h2>\n<p><span style=\"font-size: 14pt;\">M\u00e4lardalen Student union&#8217;s main purpose is to work with student influence towards M\u00e4lardalen University. It is your right as a student to have your opinions represented in preparatory and decision-making bodies at the university. As a result, we appoint student representatives who have the main task of bringing other students&#8217; voices to MDU&#8217;s councils.<br \/>\nDoes it sound like an assignment for you? Apply now by clicking the blue button above!<\/span><\/p>\n<p><span style=\"font-size: 14pt;\">There are two formal ways of exercising student influence: course evaluation \/ program evaluation and student representation. Read more about student representation and what it means to be a student representative in the FAQ section.<\/span><\/p>\n<p><span style=\"font-size: 14pt;\">We at the student union also help you pursue specific issues when it comes to your education.<\/span><\/p>\n<p><span style=\"font-size: 14pt;\">Read the policy, goals and rules reagrding student influence <a href=\"https:\/\/mdsu.se\/wp-content\/uploads\/2024\/01\/ENG-Policy-mal-och-regler-for-studentinflytande-vid-Malardalens-universitet.pdf\">here\u00a0<\/a><\/span><\/p>\n<p><span style=\"font-size: 14pt;\">If you have any questions regarding your assignment or other questions you can contact our head of education via e-mail: <a href=\"mailto:utbildning@mdsu.se\">utbildning@mdsu.se\u00a0<\/a><\/span><\/p>\n<p><strong><span style=\"font-size: 18pt;\">Course evaluations<\/span><\/strong><\/p>\n<p id=\"tw-target-text\" class=\"tw-data-text tw-text-large tw-ta\" dir=\"ltr\" data-placeholder=\"\u00d6vers\u00e4ttning\" data-ved=\"2ahUKEwipgPiG_IWEAxWcFhAIHQGSBngQ3ewLegQICBAU\"><span class=\"Y2IQFc\" lang=\"en\" style=\"font-size: 14pt;\">The most common way for you as a student to influence the university&#8217;s courses is through course evaluations. In the course evaluations, you can formally express your views on the courses you have studied and thus come up with suggestions for improvement and feedback. This gives you the opportunity to influence the content of the courses.<\/span><\/p>\n<p><span style=\"font-size: 18pt;\"><strong>Examination<\/strong><\/span><\/p>\n<p><span class=\"Y2IQFc\" lang=\"en\"><span style=\"font-size: 14pt;\">As a student, you have several rights when it comes to examinations. For example, an examination must be included in the syllabus for it to be valid, you have the right to take a re-examination in the event of a failed result and can apply to change the examiner if you have failed an assignment twice. You can read more about MDU&#8217;s examination rules <a href=\"https:\/\/www.mdu.se\/en\/malardalen-university\/student\/study-guide\/examination-regulations?\">here .<\/a><\/span><\/span><\/p>\n<p id=\"tw-target-text\" class=\"tw-data-text tw-text-large tw-ta\" dir=\"ltr\" data-placeholder=\"\u00d6vers\u00e4ttning\" data-ved=\"2ahUKEwipgPiG_IWEAxWcFhAIHQGSBngQ3ewLegQICBAU\"><strong><span class=\"Y2IQFc\" lang=\"en\" style=\"font-size: 18pt;\">Course plan and course literature<\/span><\/strong><\/p>\n<p class=\"tw-data-text tw-text-large tw-ta\" dir=\"ltr\" data-placeholder=\"\u00d6vers\u00e4ttning\" data-ved=\"2ahUKEwipgPiG_IWEAxWcFhAIHQGSBngQ3ewLegQICBAU\"><span class=\"Y2IQFc\" lang=\"en\" style=\"font-size: 14pt;\">In your course plan, it must be determined which examination elements are given in the course, how many points the course is worth and learning objectives that need to be met. In the syllabus there must also be a list of course literature which at MDU must be published no later than 3 weeks before the start of the course. Course plans are binding.<\/span><\/p>\n<p>[\/vc_column_text][vc_toggle title=&#8221;FAQ&#8221; style=&#8221;simple&#8221;]<span style=\"font-size: 14pt;\"><b>What is the Student Union?<br \/>\n<\/b><\/span><span style=\"font-size: 14pt;\">M\u00e4lardalen Student Union is the official student union at M\u00e4lardalen University established to work with student influence. The union works like a \u201clabour union\u201d for students and collaborates with many parties such as the university, municipalities and companies to enhance your university experience. We are a non-profit organisation that has the students as the main drivers. The members of the student union decide which issues to pursue and what to work towards. The more members there are, the more impact and change we can make together.\u00a0<\/span><\/p>\n<p><span style=\"font-size: 14pt;\"><b>What is Student Influence?<br \/>\n<\/b><\/span><i style=\"font-size: 14pt;\">\u201cStudent influence refers to the influence that students in education at first-cycle, second-cycle and third-cycle level have the right to exercise over their education and study situation, in accordance with laws and regulations. The formal student influence at MDU comprises two parts: course evaluations\/programme evaluations and student influence which is regulated by laws and regulation.\u201d<\/i><span style=\"font-weight: 400;\"> &#8211; Policy, goals and rules for student influence at M\u00e4lardalen University.<\/span><\/p>\n<p><span style=\"font-size: 14pt;\"><b>What Does a Student Representative do?<br \/>\n<\/b><\/span><span style=\"font-weight: 400; font-size: 14pt;\">A student representative meets with students to gather input regarding their education and present these insights at a council with the university. A student can wish to be a representative in a program, academy or general council and each council can differ in terms of structure and frequency. It is important that a student representative gathers as much input as possible from various people and can communicate this to the university in a well-mannered way.\u00a0<\/span><\/p>\n<p><span style=\"font-size: 14pt;\"><b>Why Should I Become Student Representative?<br \/>\n<\/b><\/span><span style=\"font-size: 14pt;\">This is a great opportunity to gain valuable work experience that makes you stand out from your peers. This is your chance to not only engage yourself and help others but it\u2019s a rich learning experience that will significantly enhance your future prospects. You will gain sought after soft-skills guaranteed to impress your future employers.\u00a0<\/span><\/p>\n<p><span style=\"font-size: 14pt;\"><b>How Much Do You Work As a Student Representative?<br \/>\n<\/b><\/span><span style=\"font-size: 14pt;\">The position as a student representative is developed to merge well with your studies that is why we estimate you to work around 20-25 hours per term. Most of your working hours will consist of attending council meetings, gathering input from students and attending the union\u2019s SIEC meetings.\u00a0<\/span><\/p>\n<p><span style=\"font-size: 14pt;\"><b>Do I get paid as a student representative?<br \/>\n<\/b><\/span><span style=\"font-size: 14pt;\">As a member of the student union you will get paid 130 SEK per hour as a student representative. You do not have to be a member of the student union to become a student representative however, you will thereby not get compensated.\u00a0<\/span><\/p>\n<p><b style=\"font-size: 14pt;\">How Do I Become a Student Representative?<br \/>\n<\/b><span style=\"font-size: 14pt;\"><span style=\"font-weight: 400;\">To become an official student representative you must apply through the student union only. Only the student union has the mandate to interview and appoint student representatives. To apply click the blue button below.<\/span><\/span>[\/vc_toggle][vc_row_inner][vc_column_inner width=&#8221;1\/2&#8243;][vc_btn title=&#8221;Handbook for student representatives&#8221; style=&#8221;custom&#8221; custom_background=&#8221;#15b9ed&#8221; custom_text=&#8221;#ffffff&#8221; size=&#8221;lg&#8221; align=&#8221;center&#8221; button_block=&#8221;true&#8221; link=&#8221;url:https%3A%2F%2Fmdsu.se%2Fwp-content%2Fuploads%2F2025%2F04%2FSR-Handbook-2.pdf|title:handbook%20(opens%20in%20new%20tab)|target:_blank&#8221;][vc_column_text]<\/p>\n<p id=\"tw-target-text\" class=\"tw-data-text tw-text-large tw-ta\" dir=\"ltr\" data-placeholder=\"\u00d6vers\u00e4ttning\" data-ved=\"2ahUKEwjMg-2fvq2EAxX8HRAIHQ3gApEQ3ewLegQIBRAU\"><span style=\"font-size: 18pt;\"><strong><span class=\"Y2IQFc\" lang=\"en\">SR Handbook<br \/>\n<\/span><\/strong><\/span><span style=\"font-size: 14pt;\">Here you will find the handbook for student representatives (in English). Here are valuable tips and important information in your role as a student representative.<\/span><\/p>\n<p class=\"tw-data-text tw-text-large tw-ta\" dir=\"ltr\" data-placeholder=\"\u00d6vers\u00e4ttning\" data-ved=\"2ahUKEwjMg-2fvq2EAxX8HRAIHQ3gApEQ3ewLegQIBRAU\"><span class=\"Y2IQFc\" lang=\"en\" style=\"font-size: 14pt;\"><strong>Note<\/strong>: The handbook is a living document that is constantly updated, so it is important to look at it on more than one occasion.<\/span><\/p>\n<p>[\/vc_column_text][\/vc_column_inner][vc_column_inner width=&#8221;1\/2&#8243;][vc_btn title=&#8221;Timereport for studentrepresentatives&#8221; style=&#8221;custom&#8221; custom_background=&#8221;#15b9ed&#8221; custom_text=&#8221;#ffffff&#8221; size=&#8221;lg&#8221; align=&#8221;center&#8221; button_block=&#8221;true&#8221; link=&#8221;url:https%3A%2F%2Fmdsu.se%2Fwp-content%2Fuploads%2F2023%2F11%2Ftidrapport-studentrepresentant.xlsx|title:Click%20to%20download&#8221;][vc_column_text]<\/p>\n<p dir=\"ltr\" data-placeholder=\"\u00d6vers\u00e4ttning\" data-ved=\"2ahUKEwjMg-2fvq2EAxX8HRAIHQ3gApEQ3ewLegQIBRAU\"><span style=\"font-size: 14pt;\"><span style=\"font-size: 18pt;\"><strong>SR Timereport<\/strong><\/span><br \/>\nAs a student representative and member of the student union, you earn SEK 130\/hour as you carry out your assignment. To get paid for the time you spent on your assignment, you need to fill in and submit your time report to the education manager.<\/span><\/p>\n<p id=\"tw-target-text\" class=\"tw-data-text tw-text-large tw-ta\" dir=\"ltr\" data-placeholder=\"\u00d6vers\u00e4ttning\" data-ved=\"2ahUKEwjMg-2fvq2EAxX8HRAIHQ3gApEQ3ewLegQIBRAU\"><span class=\"Y2IQFc\" lang=\"en\" style=\"font-size: 14pt;\">Download the time report for student representatives by clicking the button above.<\/span><\/p>\n<p>[\/vc_column_text][\/vc_column_inner][\/vc_row_inner][vc_btn title=&#8221;I WANT TO BECOME A STUDENT REPRESENTATIVE!&#8221; style=&#8221;3d&#8221; shape=&#8221;round&#8221; color=&#8221;primary&#8221; size=&#8221;lg&#8221; align=&#8221;center&#8221; button_block=&#8221;true&#8221; link=&#8221;url:https%3A%2F%2Fforms.office.com%2Fpages%2Fresponsepage.aspx%3Fid%3DyYYgzIVpd0mgac6EOQ5ZSUGX-OC2FWpFqFQBop6wyK5UOVlRMzUxODVMQ1ZaUldPRFpWMDZKOEI2Ni4u|title:Opens%20in%20new%20tab|target:_blank&#8221;][vc_single_image image=&#8221;20438&#8243; img_size=&#8221;full&#8221;][\/vc_column][\/vc_row]<\/p>\n<\/div>","protected":false},"excerpt":{"rendered":"<p>[vc_row][vc_column css=&#8221;.vc_custom_1689613973229{padding-right: 15px !important;padding-left: 15px !important;background-color: #ffffff !important;}&#8221;][vc_btn title=&#8221;I WANT TO BECOME A STUDENT REPRESENTATIVE!&#8221; style=&#8221;3d&#8221; shape=&#8221;round&#8221; color=&#8221;primary&#8221; size=&#8221;lg&#8221; align=&#8221;center&#8221; button_block=&#8221;true&#8221; link=&#8221;url:https%3A%2F%2Fforms.office.com%2Fpages%2Fresponsepage.aspx%3Fid%3DyYYgzIVpd0mgac6EOQ5ZSUGX-OC2FWpFqFQBop6wyK5UOVlRMzUxODVMQ1ZaUldPRFpWMDZKOEI2Ni4u|title:Opens%20in%20new%20tab|target:_blank&#8221;][vc_column_text] Student influence M\u00e4lardalen Student union&#8217;s main purpose is&hellip;&nbsp;<a href=\"https:\/\/mdsu.se\/en\/student\/your-education\/student-influence\/\" class=\"\" rel=\"bookmark\">Read More &raquo;<span class=\"screen-reader-text\">Student Influence<\/span><\/a><\/p>\n","protected":false},"author":9,"featured_media":0,"parent":18895,"menu_order":0,"comment_status":"closed","ping_status":"closed","template":"","meta":{"neve_meta_sidebar":"","neve_meta_container":"","neve_meta_enable_content_width":"off","neve_meta_content_width":100,"neve_meta_title_alignment":"","neve_meta_author_avatar":"","neve_post_elements_order":"","neve_meta_disable_header":"","neve_meta_disable_footer":"","neve_meta_disable_title":"","_EventAllDay":false,"_EventTimezone":"","_EventStartDate":"","_EventEndDate":"","_EventStartDateUTC":"","_EventEndDateUTC":"","_EventShowMap":false,"_EventShowMapLink":false,"_EventURL":"","_EventCost":"","_EventCostDescription":"","_EventCurrencySymbol":"","_EventCurrencyCode":"","_EventCurrencyPosition":"","_EventDateTimeSeparator":"","_EventTimeRangeSeparator":"","_EventOrganizerID":[],"_EventVenueID":[],"_OrganizerEmail":"","_OrganizerPhone":"","_OrganizerWebsite":"","_VenueAddress":"","_VenueCity":"","_VenueCountry":"","_VenueProvince":"","_VenueState":"","_VenueZip":"","_VenuePhone":"","_VenueURL":"","_VenueStateProvince":"","_VenueLat":"","_VenueLng":"","_VenueShowMap":false,"_VenueShowMapLink":false,"footnotes":""},"yoast_head":"<!-- This site is optimized with the Yoast SEO plugin v21.6 - https:\/\/yoast.com\/wordpress\/plugins\/seo\/ -->\n<title>Student Influence - M\u00e4lardalens studentk\u00e5r<\/title>\n<meta name=\"robots\" content=\"index, follow, max-snippet:-1, max-image-preview:large, max-video-preview:-1\" \/>\n<link rel=\"canonical\" href=\"https:\/\/mdsu.se\/student\/din-utbildning\/studentinflytande\/\" \/>\n<meta property=\"og:locale\" content=\"en_US\" \/>\n<meta property=\"og:type\" content=\"article\" \/>\n<meta property=\"og:title\" content=\"Student Influence - M\u00e4lardalens studentk\u00e5r\" \/>\n<meta property=\"og:description\" content=\"[vc_row][vc_column css=&#8221;.vc_custom_1689613973229{padding-right: 15px !important;padding-left: 15px !important;background-color: #ffffff !important;}&#8221;][vc_btn title=&#8221;I WANT TO BECOME A STUDENT REPRESENTATIVE!&#8221; style=&#8221;3d&#8221; shape=&#8221;round&#8221; color=&#8221;primary&#8221; size=&#8221;lg&#8221; align=&#8221;center&#8221; button_block=&#8221;true&#8221; link=&#8221;url:https%3A%2F%2Fforms.office.com%2Fpages%2Fresponsepage.aspx%3Fid%3DyYYgzIVpd0mgac6EOQ5ZSUGX-OC2FWpFqFQBop6wyK5UOVlRMzUxODVMQ1ZaUldPRFpWMDZKOEI2Ni4u|title:Opens%20in%20new%20tab|target:_blank&#8221;][vc_column_text] Student influence M\u00e4lardalen Student union&#8217;s main purpose is&hellip;&nbsp;Read More &raquo;Student Influence\" \/>\n<meta property=\"og:url\" content=\"https:\/\/mdsu.se\/student\/din-utbildning\/studentinflytande\/\" \/>\n<meta property=\"og:site_name\" content=\"M\u00e4lardalens studentk\u00e5r\" \/>\n<meta property=\"article:publisher\" content=\"https:\/\/www.facebook.com\/malardalens.studentkar\" \/>\n<meta property=\"article:modified_time\" content=\"2025-04-02T11:48:24+00:00\" \/>\n<meta name=\"twitter:card\" content=\"summary_large_image\" \/>\n<meta name=\"twitter:label1\" content=\"Est. reading time\" \/>\n\t<meta name=\"twitter:data1\" content=\"2 minutes\" \/>\n<script type=\"application\/ld+json\" class=\"yoast-schema-graph\">{\"@context\":\"https:\/\/schema.org\",\"@graph\":[{\"@type\":\"WebPage\",\"@id\":\"https:\/\/mdsu.se\/student\/din-utbildning\/studentinflytande\/\",\"url\":\"https:\/\/mdsu.se\/student\/din-utbildning\/studentinflytande\/\",\"name\":\"Student Influence - M\u00e4lardalens studentk\u00e5r\",\"isPartOf\":{\"@id\":\"https:\/\/mdsu.se\/#website\"},\"datePublished\":\"2020-08-11T09:45:22+00:00\",\"dateModified\":\"2025-04-02T11:48:24+00:00\",\"breadcrumb\":{\"@id\":\"https:\/\/mdsu.se\/student\/din-utbildning\/studentinflytande\/#breadcrumb\"},\"inLanguage\":\"en-US\",\"potentialAction\":[{\"@type\":\"ReadAction\",\"target\":[\"https:\/\/mdsu.se\/student\/din-utbildning\/studentinflytande\/\"]}]},{\"@type\":\"BreadcrumbList\",\"@id\":\"https:\/\/mdsu.se\/student\/din-utbildning\/studentinflytande\/#breadcrumb\",\"itemListElement\":[{\"@type\":\"ListItem\",\"position\":1,\"name\":\"Hem\",\"item\":\"https:\/\/mdsu.se\/\"},{\"@type\":\"ListItem\",\"position\":2,\"name\":\"Student\",\"item\":\"https:\/\/mdsu.se\/en\/student\/\"},{\"@type\":\"ListItem\",\"position\":3,\"name\":\"Your Education\",\"item\":\"https:\/\/mdsu.se\/en\/student\/your-education\/\"},{\"@type\":\"ListItem\",\"position\":4,\"name\":\"Student Influence\"}]},{\"@type\":\"WebSite\",\"@id\":\"https:\/\/mdsu.se\/#website\",\"url\":\"https:\/\/mdsu.se\/\",\"name\":\"M\u00e4lardalens studentk\u00e5r\",\"description\":\"Den officiella studentk\u00e5ren vid M\u00e4lardalens h\u00f6gskola (MDH)\",\"publisher\":{\"@id\":\"https:\/\/mdsu.se\/#organization\"},\"potentialAction\":[{\"@type\":\"SearchAction\",\"target\":{\"@type\":\"EntryPoint\",\"urlTemplate\":\"https:\/\/mdsu.se\/?s={search_term_string}\"},\"query-input\":\"required name=search_term_string\"}],\"inLanguage\":\"en-US\"},{\"@type\":\"Organization\",\"@id\":\"https:\/\/mdsu.se\/#organization\",\"name\":\"M\u00e4lardalens Studentk\u00e5r\",\"url\":\"https:\/\/mdsu.se\/\",\"logo\":{\"@type\":\"ImageObject\",\"inLanguage\":\"en-US\",\"@id\":\"https:\/\/mdsu.se\/#\/schema\/logo\/image\/\",\"url\":\"https:\/\/mdsu.se\/wp-content\/uploads\/2019\/06\/Rektangel-standard.png\",\"contentUrl\":\"https:\/\/mdsu.se\/wp-content\/uploads\/2019\/06\/Rektangel-standard.png\",\"width\":1397,\"height\":262,\"caption\":\"M\u00e4lardalens Studentk\u00e5r\"},\"image\":{\"@id\":\"https:\/\/mdsu.se\/#\/schema\/logo\/image\/\"},\"sameAs\":[\"https:\/\/www.facebook.com\/malardalens.studentkar\",\"https:\/\/www.instagram.com\/malardalensstudentkar\/\"]}]}<\/script>\n<!-- \/ Yoast SEO plugin. -->","yoast_head_json":{"title":"Student Influence - M\u00e4lardalens studentk\u00e5r","robots":{"index":"index","follow":"follow","max-snippet":"max-snippet:-1","max-image-preview":"max-image-preview:large","max-video-preview":"max-video-preview:-1"},"canonical":"https:\/\/mdsu.se\/student\/din-utbildning\/studentinflytande\/","og_locale":"en_US","og_type":"article","og_title":"Student Influence - M\u00e4lardalens studentk\u00e5r","og_description":"[vc_row][vc_column css=&#8221;.vc_custom_1689613973229{padding-right: 15px !important;padding-left: 15px !important;background-color: #ffffff !important;}&#8221;][vc_btn title=&#8221;I WANT TO BECOME A STUDENT REPRESENTATIVE!&#8221; style=&#8221;3d&#8221; shape=&#8221;round&#8221; color=&#8221;primary&#8221; size=&#8221;lg&#8221; align=&#8221;center&#8221; button_block=&#8221;true&#8221; link=&#8221;url:https%3A%2F%2Fforms.office.com%2Fpages%2Fresponsepage.aspx%3Fid%3DyYYgzIVpd0mgac6EOQ5ZSUGX-OC2FWpFqFQBop6wyK5UOVlRMzUxODVMQ1ZaUldPRFpWMDZKOEI2Ni4u|title:Opens%20in%20new%20tab|target:_blank&#8221;][vc_column_text] Student influence M\u00e4lardalen Student union&#8217;s main purpose is&hellip;&nbsp;Read More &raquo;Student Influence","og_url":"https:\/\/mdsu.se\/student\/din-utbildning\/studentinflytande\/","og_site_name":"M\u00e4lardalens studentk\u00e5r","article_publisher":"https:\/\/www.facebook.com\/malardalens.studentkar","article_modified_time":"2025-04-02T11:48:24+00:00","twitter_card":"summary_large_image","twitter_misc":{"Est. reading time":"2 minutes"},"schema":{"@context":"https:\/\/schema.org","@graph":[{"@type":"WebPage","@id":"https:\/\/mdsu.se\/student\/din-utbildning\/studentinflytande\/","url":"https:\/\/mdsu.se\/student\/din-utbildning\/studentinflytande\/","name":"Student Influence - M\u00e4lardalens studentk\u00e5r","isPartOf":{"@id":"https:\/\/mdsu.se\/#website"},"datePublished":"2020-08-11T09:45:22+00:00","dateModified":"2025-04-02T11:48:24+00:00","breadcrumb":{"@id":"https:\/\/mdsu.se\/student\/din-utbildning\/studentinflytande\/#breadcrumb"},"inLanguage":"en-US","potentialAction":[{"@type":"ReadAction","target":["https:\/\/mdsu.se\/student\/din-utbildning\/studentinflytande\/"]}]},{"@type":"BreadcrumbList","@id":"https:\/\/mdsu.se\/student\/din-utbildning\/studentinflytande\/#breadcrumb","itemListElement":[{"@type":"ListItem","position":1,"name":"Hem","item":"https:\/\/mdsu.se\/"},{"@type":"ListItem","position":2,"name":"Student","item":"https:\/\/mdsu.se\/en\/student\/"},{"@type":"ListItem","position":3,"name":"Your Education","item":"https:\/\/mdsu.se\/en\/student\/your-education\/"},{"@type":"ListItem","position":4,"name":"Student Influence"}]},{"@type":"WebSite","@id":"https:\/\/mdsu.se\/#website","url":"https:\/\/mdsu.se\/","name":"M\u00e4lardalens studentk\u00e5r","description":"Den officiella studentk\u00e5ren vid M\u00e4lardalens h\u00f6gskola (MDH)","publisher":{"@id":"https:\/\/mdsu.se\/#organization"},"potentialAction":[{"@type":"SearchAction","target":{"@type":"EntryPoint","urlTemplate":"https:\/\/mdsu.se\/?s={search_term_string}"},"query-input":"required name=search_term_string"}],"inLanguage":"en-US"},{"@type":"Organization","@id":"https:\/\/mdsu.se\/#organization","name":"M\u00e4lardalens Studentk\u00e5r","url":"https:\/\/mdsu.se\/","logo":{"@type":"ImageObject","inLanguage":"en-US","@id":"https:\/\/mdsu.se\/#\/schema\/logo\/image\/","url":"https:\/\/mdsu.se\/wp-content\/uploads\/2019\/06\/Rektangel-standard.png","contentUrl":"https:\/\/mdsu.se\/wp-content\/uploads\/2019\/06\/Rektangel-standard.png","width":1397,"height":262,"caption":"M\u00e4lardalens Studentk\u00e5r"},"image":{"@id":"https:\/\/mdsu.se\/#\/schema\/logo\/image\/"},"sameAs":["https:\/\/www.facebook.com\/malardalens.studentkar","https:\/\/www.instagram.com\/malardalensstudentkar\/"]}]}},"_links":{"self":[{"href":"https:\/\/mdsu.se\/en\/wp-json\/wp\/v2\/pages\/12206"}],"collection":[{"href":"https:\/\/mdsu.se\/en\/wp-json\/wp\/v2\/pages"}],"about":[{"href":"https:\/\/mdsu.se\/en\/wp-json\/wp\/v2\/types\/page"}],"author":[{"embeddable":true,"href":"https:\/\/mdsu.se\/en\/wp-json\/wp\/v2\/users\/9"}],"replies":[{"embeddable":true,"href":"https:\/\/mdsu.se\/en\/wp-json\/wp\/v2\/comments?post=12206"}],"version-history":[{"count":59,"href":"https:\/\/mdsu.se\/en\/wp-json\/wp\/v2\/pages\/12206\/revisions"}],"predecessor-version":[{"id":21867,"href":"https:\/\/mdsu.se\/en\/wp-json\/wp\/v2\/pages\/12206\/revisions\/21867"}],"up":[{"embeddable":true,"href":"https:\/\/mdsu.se\/en\/wp-json\/wp\/v2\/pages\/18895"}],"wp:attachment":[{"href":"https:\/\/mdsu.se\/en\/wp-json\/wp\/v2\/media?parent=12206"}],"curies":[{"name":"wp","href":"https:\/\/api.w.org\/{rel}","templated":true}]}}