{"id":12186,"date":"2020-08-11T11:37:15","date_gmt":"2020-08-11T09:37:15","guid":{"rendered":"https:\/\/mdsu.se\/?page_id=12186"},"modified":"2025-03-04T12:03:21","modified_gmt":"2025-03-04T11:03:21","slug":"member-discounts","status":"publish","type":"page","link":"https:\/\/mdsu.se\/en\/membership\/member-discounts\/","title":{"rendered":"Member discounts"},"content":{"rendered":"<div class=\"wpb-content-wrapper\"><p>[vc_row][vc_column css=&#8221;.vc_custom_1689971125469{padding-right: 15px !important;padding-left: 15px !important;background-color: #ffffff !important;}&#8221;][vc_row_inner][vc_column_inner width=&#8221;2\/3&#8243;][vc_column_text]<\/p>\n<h1>Member discounts<\/h1>\n<p>Us at the student union loves discounts! Our goal is to ensure our members wallets are a bit thicker than anybody else&#8217;s. Members get discounts through our collaborators, discounts here on the website you can use as many times as you want (if nothing else is noted) and we hand out discounts and offers throughout the year. We also have national and exclusive discounts through our partners\u00a0 <a href=\"http:\/\/www.mecenat.se\">Mecenat<\/a> and WeStudents. <strong>The dicounts can only be used by showing your membership card if nothing else is noted.\u00a0<\/strong><\/p>\n<p><em>Remember, the more members we are &#8211; the higher requirements we can have on our discounts. Thank you for being a member. Now, make sure to use these dicsounts!<\/em>[\/vc_column_text][\/vc_column_inner][vc_column_inner width=&#8221;1\/3&#8243;][vc_single_image image=&#8221;16155&#8243; img_size=&#8221;medium&#8221; alignment=&#8221;center&#8221; onclick=&#8221;custom_link&#8221; link=&#8221;https:\/\/mecenat.com\/se&#8221;][vc_single_image image=&#8221;16157&#8243; img_size=&#8221;medium&#8221; alignment=&#8221;center&#8221;][\/vc_column_inner][\/vc_row_inner][vc_row_inner][vc_column_inner width=&#8221;1\/2&#8243;][vc_single_image image=&#8221;20160&#8243; img_size=&#8221;full&#8221;][\/vc_column_inner][vc_column_inner width=&#8221;1\/2&#8243;][vc_column_text]<\/p>\n<p id=\"tw-target-text\" class=\"tw-data-text tw-text-large tw-ta\" dir=\"ltr\" data-placeholder=\"\u00d6vers\u00e4ttning\" data-ved=\"2ahUKEwjp2MaCz-uCAxU-LhAIHQ5pAQIQ3ewLegQIBRAQ\"><strong><span class=\"Y2IQFc\" lang=\"en\">For all MDU members: Luxury for everyday life at the Steam hotel <\/span><\/strong><\/p>\n<p class=\"tw-data-text tw-text-large tw-ta\" dir=\"ltr\" data-placeholder=\"\u00d6vers\u00e4ttning\" data-ved=\"2ahUKEwjp2MaCz-uCAxU-LhAIHQ5pAQIQ3ewLegQIBRAQ\"><span class=\"Y2IQFc\" lang=\"en\">Imagine just being able to skip school and exams for a while and hang out at Steam Hotels in their Pool Club. Bring your books, buy a cup of coffee and settle down in the wonderful environment of the Voltage Lounge. Here is everything from indoor pools, outdoor pools, various saunas and several different lounge areas where it is perfect to sit and study.<br \/>\nOr why not leave the computer at home, and celebrate that the exam was passed with a glass of bubbly?<\/span><\/p>\n<p>Check out this<a href=\"https:\/\/online.bookvisit.com\/R?channelId=0d623c5e-f78d-4466-93d0-807e362d412b&amp;initialPath=%2Fextras&amp;fbclid=IwAR14tFdEtKtsB9WBGQZX6hkMgeNGK7dJEsEoaNVYSJkwKlRONHJmDlhkrlM#\/extras?category=Pool+Club+dagsentr%C3%A9\"> link<\/a> and book your spot today.<\/p>\n<p><span style=\"font-size: 14pt;\">If you are a member of the studentunion, you also have 10% on food and drinks <\/span><\/p>\n<p class=\"tw-data-text tw-text-large tw-ta\" dir=\"ltr\" data-placeholder=\"\u00d6vers\u00e4ttning\" data-ved=\"2ahUKEwjp2MaCz-uCAxU-LhAIHQ5pAQIQ3ewLegQIBRAQ\"><strong><span class=\"Y2IQFc\" lang=\"en\">Psst&#8230; Don&#8217;t forget your MDU card when you arrive as it is a requirement to be able to present it.<\/span><\/strong><\/p>\n<p>[\/vc_column_text][\/vc_column_inner][\/vc_row_inner][vc_row_inner][vc_column_inner width=&#8221;1\/3&#8243;][vc_column_text]<\/p>\n<p style=\"text-align: center;\"><strong><img loading=\"lazy\" decoding=\"async\" class=\"aligncenter wp-image-19138 size-medium\" src=\"https:\/\/mdsu.se\/wp-content\/uploads\/2023\/07\/hedvig_logo-300x105.png\" alt=\"\" width=\"300\" height=\"105\" srcset=\"https:\/\/mdsu.se\/wp-content\/uploads\/2023\/07\/hedvig_logo-300x105.png 300w, https:\/\/mdsu.se\/wp-content\/uploads\/2023\/07\/hedvig_logo-768x269.png 768w, https:\/\/mdsu.se\/wp-content\/uploads\/2023\/07\/hedvig_logo.png 855w\" sizes=\"(max-width: 300px) 100vw, 300px\" \/><\/strong><strong>Home insurance: Hedvig<br \/>\n<\/strong>50% discount on your three first months on home insurance at Hedvig! Use code:malardalen50[\/vc_column_text][vc_empty_space height=&#8221;30px&#8221;][\/vc_column_inner][vc_column_inner width=&#8221;1\/3&#8243;][vc_single_image image=&#8221;19653&#8243; img_size=&#8221;medium&#8221;][vc_column_text]See 8 movies for SEK 250 at Royalcinema in Eskilstuna.<br \/>\nOnly on Thursdays 6.30 P:M.<br \/>\n<a href=\"http:\/\/www.eskilstuna.filmstudio.se\">Eskilstuna.filmstudio.se<\/a>[\/vc_column_text][\/vc_column_inner][vc_column_inner width=&#8221;1\/3&#8243;][vc_single_image image=&#8221;19781&#8243; img_size=&#8221;150&#215;150&#8243; alignment=&#8221;center&#8221;][vc_column_text]<\/p>\n<p style=\"text-align: center;\"><strong>Ryns skor<br \/>\n<\/strong>Members of the student union get 15 % discount when they are a member of Ryns customerclub.<br \/>\nIt is free and you can sign up <a href=\"https:\/\/www.ryns.se\/kundklubben\/\">here<\/a><br \/>\n<strong>Write &#8220;MDSU&#8221; after your lastname<\/strong><br \/>\nOnly on ordinary prices and only in the store in V\u00e4ster\u00e5s[\/vc_column_text][\/vc_column_inner][\/vc_row_inner][vc_row_inner][vc_column_inner width=&#8221;1\/3&#8243;][vc_single_image image=&#8221;19157&#8243; img_size=&#8221;150&#215;150&#8243; alignment=&#8221;center&#8221;][vc_column_text]<strong>Gym: Member24<br \/>\n<\/strong>50% discount on starting fee and membership cards at member24 gyms in V\u00e4ster\u00e5s and Eskilstuna[\/vc_column_text][\/vc_column_inner][vc_column_inner width=&#8221;1\/3&#8243;][vc_empty_space][vc_single_image image=&#8221;20861&#8243; img_size=&#8221;full&#8221;][vc_column_text]<span style=\"font-size: 14pt;\"><strong>30 % discount at Kayakomat, V\u00e4ster\u00e5s<\/strong><\/span><\/p>\n<p>30% discount for our members on the renting of sub and kayak.\u00a0 Use code STUDENT30 when booking (valid until October 31st 2024).<\/p>\n<p>Read more about Kayakomat <a href=\"https:\/\/www.kayakomat.com\/sv\/location\/62a20254a025b29e673345a5\">here<\/a>[\/vc_column_text][\/vc_column_inner][vc_column_inner width=&#8221;1\/3&#8243;][vc_single_image image=&#8221;20593&#8243; img_size=&#8221;full&#8221; alignment=&#8221;center&#8221;][vc_column_text]10% discount on food and drinks (no alcohol) at Glada g\u00e5sen , V\u00e4ster\u00e5s[\/vc_column_text][\/vc_column_inner][\/vc_row_inner][vc_row_inner][vc_column_inner width=&#8221;1\/3&#8243;][vc_single_image image=&#8221;21760&#8243; img_size=&#8221;medium&#8221; alignment=&#8221;center&#8221; onclick=&#8221;custom_link&#8221; link=&#8221;https:\/\/www.brighteducation.io\/en&#8221;][vc_column_text]15% discount on course litterature on <a href=\"https:\/\/www.brighteducation.io\/en\">Bright.<\/a><br \/>\nUse code XP15 in checkout.<\/p>\n<p>&nbsp;[\/vc_column_text][\/vc_column_inner][vc_column_inner width=&#8221;1\/3&#8243;][vc_empty_space][vc_single_image image=&#8221;19155&#8243; img_size=&#8221;200&#215;200&#8243; alignment=&#8221;center&#8221;][vc_column_text]<strong>Ice cream: Slagsta glass<br \/>\n<\/strong>25% discount on &#8220;sn\u00e4cka&#8221; of your choice from Slagsta Glass\u00b4menu, in Eskilstuna[\/vc_column_text][\/vc_column_inner][vc_column_inner width=&#8221;1\/3&#8243;][vc_single_image image=&#8221;19760&#8243; img_size=&#8221;medium&#8221; alignment=&#8221;center&#8221;][vc_column_text]<strong>Newspaper:<\/strong> Free subscription on Eskilstuna kuriren and Strengn\u00e4s tidning. No creditcard needed, just your student-email.<br \/>\nFind out more<a href=\"https:\/\/sormlandsmedia.se\/student\/\"> here<\/a>[\/vc_column_text][\/vc_column_inner][\/vc_row_inner][\/vc_column][\/vc_row]<\/p>\n<\/div>","protected":false},"excerpt":{"rendered":"<p>[vc_row][vc_column css=&#8221;.vc_custom_1689971125469{padding-right: 15px !important;padding-left: 15px !important;background-color: #ffffff !important;}&#8221;][vc_row_inner][vc_column_inner width=&#8221;2\/3&#8243;][vc_column_text] Member discounts Us at the student union loves discounts! Our goal is to ensure our members wallets are a bit thicker&hellip;&nbsp;<a href=\"https:\/\/mdsu.se\/en\/membership\/member-discounts\/\" class=\"\" rel=\"bookmark\">Read More &raquo;<span class=\"screen-reader-text\">Member discounts<\/span><\/a><\/p>\n","protected":false},"author":9,"featured_media":0,"parent":19523,"menu_order":0,"comment_status":"closed","ping_status":"closed","template":"","meta":{"neve_meta_sidebar":"","neve_meta_container":"","neve_meta_enable_content_width":"off","neve_meta_content_width":100,"neve_meta_title_alignment":"","neve_meta_author_avatar":"","neve_post_elements_order":"","neve_meta_disable_header":"","neve_meta_disable_footer":"","neve_meta_disable_title":"","_EventAllDay":false,"_EventTimezone":"","_EventStartDate":"","_EventEndDate":"","_EventStartDateUTC":"","_EventEndDateUTC":"","_EventShowMap":false,"_EventShowMapLink":false,"_EventURL":"","_EventCost":"","_EventCostDescription":"","_EventCurrencySymbol":"","_EventCurrencyCode":"","_EventCurrencyPosition":"","_EventDateTimeSeparator":"","_EventTimeRangeSeparator":"","_EventOrganizerID":[],"_EventVenueID":[],"_OrganizerEmail":"","_OrganizerPhone":"","_OrganizerWebsite":"","_VenueAddress":"","_VenueCity":"","_VenueCountry":"","_VenueProvince":"","_VenueState":"","_VenueZip":"","_VenuePhone":"","_VenueURL":"","_VenueStateProvince":"","_VenueLat":"","_VenueLng":"","_VenueShowMap":false,"_VenueShowMapLink":false,"footnotes":""},"yoast_head":"<!-- This site is optimized with the Yoast SEO plugin v21.6 - https:\/\/yoast.com\/wordpress\/plugins\/seo\/ -->\n<title>Member discounts - M\u00e4lardalens studentk\u00e5r<\/title>\n<meta name=\"robots\" content=\"index, follow, max-snippet:-1, max-image-preview:large, max-video-preview:-1\" \/>\n<link rel=\"canonical\" href=\"https:\/\/mdsu.se\/medlemskap\/medlemsrabatter\/\" \/>\n<meta property=\"og:locale\" content=\"en_US\" \/>\n<meta property=\"og:type\" content=\"article\" \/>\n<meta property=\"og:title\" content=\"Member discounts - M\u00e4lardalens studentk\u00e5r\" \/>\n<meta property=\"og:description\" content=\"[vc_row][vc_column css=&#8221;.vc_custom_1689971125469{padding-right: 15px !important;padding-left: 15px !important;background-color: #ffffff !important;}&#8221;][vc_row_inner][vc_column_inner width=&#8221;2\/3&#8243;][vc_column_text] Member discounts Us at the student union loves discounts! Our goal is to ensure our members wallets are a bit thicker&hellip;&nbsp;Read More &raquo;Member discounts\" \/>\n<meta property=\"og:url\" content=\"https:\/\/mdsu.se\/medlemskap\/medlemsrabatter\/\" \/>\n<meta property=\"og:site_name\" content=\"M\u00e4lardalens studentk\u00e5r\" \/>\n<meta property=\"article:publisher\" content=\"https:\/\/www.facebook.com\/malardalens.studentkar\" \/>\n<meta property=\"article:modified_time\" content=\"2025-03-04T11:03:21+00:00\" \/>\n<meta property=\"og:image\" content=\"https:\/\/mdsu.se\/wp-content\/uploads\/2023\/07\/hedvig_logo-300x105.png\" \/>\n<meta name=\"twitter:card\" content=\"summary_large_image\" \/>\n<meta name=\"twitter:label1\" content=\"Est. reading time\" \/>\n\t<meta name=\"twitter:data1\" content=\"3 minutes\" \/>\n<script type=\"application\/ld+json\" class=\"yoast-schema-graph\">{\"@context\":\"https:\/\/schema.org\",\"@graph\":[{\"@type\":\"WebPage\",\"@id\":\"https:\/\/mdsu.se\/medlemskap\/medlemsrabatter\/\",\"url\":\"https:\/\/mdsu.se\/medlemskap\/medlemsrabatter\/\",\"name\":\"Member discounts - M\u00e4lardalens studentk\u00e5r\",\"isPartOf\":{\"@id\":\"https:\/\/mdsu.se\/#website\"},\"datePublished\":\"2020-08-11T09:37:15+00:00\",\"dateModified\":\"2025-03-04T11:03:21+00:00\",\"breadcrumb\":{\"@id\":\"https:\/\/mdsu.se\/medlemskap\/medlemsrabatter\/#breadcrumb\"},\"inLanguage\":\"en-US\",\"potentialAction\":[{\"@type\":\"ReadAction\",\"target\":[\"https:\/\/mdsu.se\/medlemskap\/medlemsrabatter\/\"]}]},{\"@type\":\"BreadcrumbList\",\"@id\":\"https:\/\/mdsu.se\/medlemskap\/medlemsrabatter\/#breadcrumb\",\"itemListElement\":[{\"@type\":\"ListItem\",\"position\":1,\"name\":\"Hem\",\"item\":\"https:\/\/mdsu.se\/en\/\"},{\"@type\":\"ListItem\",\"position\":2,\"name\":\"Membership\",\"item\":\"https:\/\/mdsu.se\/medlemskap\/\"},{\"@type\":\"ListItem\",\"position\":3,\"name\":\"Member discounts\"}]},{\"@type\":\"WebSite\",\"@id\":\"https:\/\/mdsu.se\/#website\",\"url\":\"https:\/\/mdsu.se\/\",\"name\":\"M\u00e4lardalens studentk\u00e5r\",\"description\":\"Den officiella studentk\u00e5ren vid M\u00e4lardalens h\u00f6gskola (MDH)\",\"publisher\":{\"@id\":\"https:\/\/mdsu.se\/#organization\"},\"potentialAction\":[{\"@type\":\"SearchAction\",\"target\":{\"@type\":\"EntryPoint\",\"urlTemplate\":\"https:\/\/mdsu.se\/?s={search_term_string}\"},\"query-input\":\"required name=search_term_string\"}],\"inLanguage\":\"en-US\"},{\"@type\":\"Organization\",\"@id\":\"https:\/\/mdsu.se\/#organization\",\"name\":\"M\u00e4lardalens Studentk\u00e5r\",\"url\":\"https:\/\/mdsu.se\/\",\"logo\":{\"@type\":\"ImageObject\",\"inLanguage\":\"en-US\",\"@id\":\"https:\/\/mdsu.se\/#\/schema\/logo\/image\/\",\"url\":\"https:\/\/mdsu.se\/wp-content\/uploads\/2019\/06\/Rektangel-standard.png\",\"contentUrl\":\"https:\/\/mdsu.se\/wp-content\/uploads\/2019\/06\/Rektangel-standard.png\",\"width\":1397,\"height\":262,\"caption\":\"M\u00e4lardalens Studentk\u00e5r\"},\"image\":{\"@id\":\"https:\/\/mdsu.se\/#\/schema\/logo\/image\/\"},\"sameAs\":[\"https:\/\/www.facebook.com\/malardalens.studentkar\",\"https:\/\/www.instagram.com\/malardalensstudentkar\/\"]}]}<\/script>\n<!-- \/ Yoast SEO plugin. -->","yoast_head_json":{"title":"Member discounts - M\u00e4lardalens studentk\u00e5r","robots":{"index":"index","follow":"follow","max-snippet":"max-snippet:-1","max-image-preview":"max-image-preview:large","max-video-preview":"max-video-preview:-1"},"canonical":"https:\/\/mdsu.se\/medlemskap\/medlemsrabatter\/","og_locale":"en_US","og_type":"article","og_title":"Member discounts - M\u00e4lardalens studentk\u00e5r","og_description":"[vc_row][vc_column css=&#8221;.vc_custom_1689971125469{padding-right: 15px !important;padding-left: 15px !important;background-color: #ffffff !important;}&#8221;][vc_row_inner][vc_column_inner width=&#8221;2\/3&#8243;][vc_column_text] Member discounts Us at the student union loves discounts! Our goal is to ensure our members wallets are a bit thicker&hellip;&nbsp;Read More &raquo;Member discounts","og_url":"https:\/\/mdsu.se\/medlemskap\/medlemsrabatter\/","og_site_name":"M\u00e4lardalens studentk\u00e5r","article_publisher":"https:\/\/www.facebook.com\/malardalens.studentkar","article_modified_time":"2025-03-04T11:03:21+00:00","og_image":[{"url":"https:\/\/mdsu.se\/wp-content\/uploads\/2023\/07\/hedvig_logo-300x105.png"}],"twitter_card":"summary_large_image","twitter_misc":{"Est. reading time":"3 minutes"},"schema":{"@context":"https:\/\/schema.org","@graph":[{"@type":"WebPage","@id":"https:\/\/mdsu.se\/medlemskap\/medlemsrabatter\/","url":"https:\/\/mdsu.se\/medlemskap\/medlemsrabatter\/","name":"Member discounts - M\u00e4lardalens studentk\u00e5r","isPartOf":{"@id":"https:\/\/mdsu.se\/#website"},"datePublished":"2020-08-11T09:37:15+00:00","dateModified":"2025-03-04T11:03:21+00:00","breadcrumb":{"@id":"https:\/\/mdsu.se\/medlemskap\/medlemsrabatter\/#breadcrumb"},"inLanguage":"en-US","potentialAction":[{"@type":"ReadAction","target":["https:\/\/mdsu.se\/medlemskap\/medlemsrabatter\/"]}]},{"@type":"BreadcrumbList","@id":"https:\/\/mdsu.se\/medlemskap\/medlemsrabatter\/#breadcrumb","itemListElement":[{"@type":"ListItem","position":1,"name":"Hem","item":"https:\/\/mdsu.se\/en\/"},{"@type":"ListItem","position":2,"name":"Membership","item":"https:\/\/mdsu.se\/medlemskap\/"},{"@type":"ListItem","position":3,"name":"Member discounts"}]},{"@type":"WebSite","@id":"https:\/\/mdsu.se\/#website","url":"https:\/\/mdsu.se\/","name":"M\u00e4lardalens studentk\u00e5r","description":"Den officiella studentk\u00e5ren vid M\u00e4lardalens h\u00f6gskola (MDH)","publisher":{"@id":"https:\/\/mdsu.se\/#organization"},"potentialAction":[{"@type":"SearchAction","target":{"@type":"EntryPoint","urlTemplate":"https:\/\/mdsu.se\/?s={search_term_string}"},"query-input":"required name=search_term_string"}],"inLanguage":"en-US"},{"@type":"Organization","@id":"https:\/\/mdsu.se\/#organization","name":"M\u00e4lardalens Studentk\u00e5r","url":"https:\/\/mdsu.se\/","logo":{"@type":"ImageObject","inLanguage":"en-US","@id":"https:\/\/mdsu.se\/#\/schema\/logo\/image\/","url":"https:\/\/mdsu.se\/wp-content\/uploads\/2019\/06\/Rektangel-standard.png","contentUrl":"https:\/\/mdsu.se\/wp-content\/uploads\/2019\/06\/Rektangel-standard.png","width":1397,"height":262,"caption":"M\u00e4lardalens Studentk\u00e5r"},"image":{"@id":"https:\/\/mdsu.se\/#\/schema\/logo\/image\/"},"sameAs":["https:\/\/www.facebook.com\/malardalens.studentkar","https:\/\/www.instagram.com\/malardalensstudentkar\/"]}]}},"_links":{"self":[{"href":"https:\/\/mdsu.se\/en\/wp-json\/wp\/v2\/pages\/12186"}],"collection":[{"href":"https:\/\/mdsu.se\/en\/wp-json\/wp\/v2\/pages"}],"about":[{"href":"https:\/\/mdsu.se\/en\/wp-json\/wp\/v2\/types\/page"}],"author":[{"embeddable":true,"href":"https:\/\/mdsu.se\/en\/wp-json\/wp\/v2\/users\/9"}],"replies":[{"embeddable":true,"href":"https:\/\/mdsu.se\/en\/wp-json\/wp\/v2\/comments?post=12186"}],"version-history":[{"count":52,"href":"https:\/\/mdsu.se\/en\/wp-json\/wp\/v2\/pages\/12186\/revisions"}],"predecessor-version":[{"id":21763,"href":"https:\/\/mdsu.se\/en\/wp-json\/wp\/v2\/pages\/12186\/revisions\/21763"}],"up":[{"embeddable":true,"href":"https:\/\/mdsu.se\/en\/wp-json\/wp\/v2\/pages\/19523"}],"wp:attachment":[{"href":"https:\/\/mdsu.se\/en\/wp-json\/wp\/v2\/media?parent=12186"}],"curies":[{"name":"wp","href":"https:\/\/api.w.org\/{rel}","templated":true}]}}